{"id":4103,"date":"2022-10-27T12:40:46","date_gmt":"2022-10-27T12:40:46","guid":{"rendered":"https:\/\/www.oxygenworldwide.com\/?page_id=4103"},"modified":"2024-12-09T17:10:36","modified_gmt":"2024-12-09T17:10:36","slug":"welcome-to-oxygenworldwide","status":"publish","type":"page","link":"https:\/\/www.oxygenworldwide.com\/de\/","title":{"rendered":"Welcome to OxygenWorldwide"},"content":{"rendered":"<div class=\"wpb-content-wrapper\"><div data-parent=\"true\" class=\"vc_row row-container mobile-hidden\" id=\"row-unique-0\"><div class=\"row-background background-element\">\n\t\t\t\t\t\t\t\t\t\t\t<div class=\"background-wrapper\">\n\t\t\t\t\t\t\t\t\t\t\t\t<div class=\"background-inner self-video uncode-video-container\" style=\"background-repeat: no-repeat;background-position: center bottom;background-attachment: scroll;background-size: cover;\"><div style=\"width: 640px;\" class=\"wp-video\"><video onloadeddata=\"this.play();\" loop playsinline muted aria-hidden=\"true\" role=\"presentation\" data-keepplaying class =\"background-video-shortcode\" data-ratio=\"1.7777777777778\" id=\"video-4103-1\" width=\"640\" height=\"360\" preload=\"metadata\" ><source type=\"video\/mp4\" src=\"https:\/\/www.oxygenworldwide.com\/wp-content\/uploads\/2023\/07\/Ani.-2OWW.mp4?_=1\" \/><\/video><\/div><\/div>\n\t\t\t\t\t\t\t\t\t\t\t\t<div class=\"block-bg-overlay style-color-vyce-bg\" style=\"opacity: 0.3;\"><\/div>\n\t\t\t\t\t\t\t\t\t\t\t<\/div>\n\t\t\t\t\t\t\t\t\t\t<\/div><div class=\"row full-width row-parent\" data-height-ratio=\"75\"><div class=\"wpb_row row-inner\"><div class=\"wpb_column pos-middle pos-center align_center column_parent col-lg-12 half-internal-gutter\"><div class=\"uncol style-light\"  ><div class=\"uncoltable\"><div class=\"uncell no-block-padding\" ><div class=\"uncont\" ><div class=\"vc_custom_heading_wrap\"><div class=\"heading-text el-text\" ><h1 class=\"fontsize-696914 text-color-xsdn-color\" ><span>Oxygen Worldwide<\/span><\/h1><\/div><div class=\"clear\"><\/div><\/div><div class=\"vc_custom_heading_wrap\"><div class=\"heading-text el-text\" ><h2 class=\"fontsize-111796 text-color-xsdn-color\" ><span><span class=\"split-word uncode-rotating-span uncode-rotating-text-start\" data-text=\"wir helfen Ihnen beim Reisen mit Sauerstoff|Ma\u00dfgeschneiderte Preise|bei uns sind Sie in guten H\u00e4nden\" data-fx=\"zoom\" data-wait=\"4000\">&nbsp;<\/span><span class=\"split-word word1\"><span class=\"split-word-flow\"><span class=\"split-word-inner\"><span class=\"split-char char92\">b<\/span><span class=\"split-char char93\">e<\/span><span class=\"split-char char94\">i<\/span><\/span><\/span><\/span><span class=\"split-word word2\"><span class=\"split-word-flow\"><span class=\"split-word-inner split-empty-inner\"><span class=\"split-word-empty\">&nbsp;<\/span><span class=\"split-char char269\">u<\/span><span class=\"split-char char270\">n<\/span><span class=\"split-char char271\">s<\/span><\/span><\/span><\/span><span class=\"split-word word3\"><span class=\"split-word-flow\"><span class=\"split-word-inner split-empty-inner\"><span class=\"split-word-empty\">&nbsp;<\/span><span class=\"split-char char446\">s<\/span><span class=\"split-char char447\">i<\/span><span class=\"split-char char448\">n<\/span><span class=\"split-char char449\">d<\/span><\/span><\/span><\/span><span class=\"split-word word4\"><span class=\"split-word-flow\"><span class=\"split-word-inner split-empty-inner\"><span class=\"split-word-empty\">&nbsp;<\/span><span class=\"split-char char624\">S<\/span><span class=\"split-char char625\">i<\/span><span class=\"split-char char626\">e<\/span><\/span><\/span><\/span><span class=\"split-word word5\"><span class=\"split-word-flow\"><span class=\"split-word-inner split-empty-inner\"><span class=\"split-word-empty\">&nbsp;<\/span><span class=\"split-char char801\">i<\/span><span class=\"split-char char802\">n<\/span><\/span><\/span><\/span><span class=\"split-word word6\"><span class=\"split-word-flow\"><span class=\"split-word-inner split-empty-inner\"><span class=\"split-word-empty\">&nbsp;<\/span><span class=\"split-char char977\">g<\/span><span class=\"split-char char978\">u<\/span><span class=\"split-char char979\">t<\/span><span class=\"split-char char980\">e<\/span><span class=\"split-char char981\">n<\/span><\/span><\/span><\/span><span class=\"split-word word7\"><span class=\"split-word-flow\"><span class=\"split-word-inner split-empty-inner\"><span class=\"split-word-empty\">&nbsp;<\/span><span class=\"split-char char1156\">H<\/span><span class=\"split-char char1157\">\u00e4<\/span><span class=\"split-char char1158\">n<\/span><span class=\"split-char char1159\">d<\/span><span class=\"split-char char1160\">e<\/span><span class=\"split-char char1161\">n<\/span><\/span><\/span><\/span><span class=\"split-word uncode-rotating-span uncode-rotating-text-end\">&nbsp;<\/span><\/span><\/h2><\/div><div class=\"clear\"><\/div><\/div><div class=\"empty-space empty-single\" ><span class=\"empty-space-inner\"><\/span><\/div>\n<span class=\"btn-container\" ><a role=\"button\"  href=\"https:\/\/www.oxygenworldwide.com\/de\/kontakt\/anfragen\/\" class=\"custom-link btn btn-xl btn-custom-typo font-555555 font-weight-600 text-uppercase no-letterspace border-width-0 btn-color-133983 btn-icon-left btn-ripple-in btn-border-animated\" title=\"Oxygen for holidays\" target=\"_blank\"><i class=\"fa fa-world\"><\/i>ICH BRAUCHE SAUERSTOFF F\u00dcR MEINEN URLAUB<\/a><\/span><\/div><\/div><\/div><\/div><\/div><script id=\"script-row-unique-0\" data-row=\"script-row-unique-0\" type=\"text\/javascript\" class=\"vc_controls\">UNCODE.initRow(document.getElementById(\"row-unique-0\"));<\/script><\/div><\/div><\/div><div data-parent=\"true\" class=\"vc_row row-container desktop-hidden tablet-hidden\" id=\"row-unique-1\"><div class=\"row-background background-element\">\n\t\t\t\t\t\t\t\t\t\t\t<div class=\"background-wrapper\">\n\t\t\t\t\t\t\t\t\t\t\t\t<div class=\"background-inner self-video uncode-video-container\" style=\"background-repeat: no-repeat;background-position: center bottom;background-attachment: scroll;background-size: cover;\"><div style=\"width: 640px;\" class=\"wp-video\"><video onloadeddata=\"this.play();\" loop playsinline muted aria-hidden=\"true\" role=\"presentation\" data-keepplaying class =\"background-video-shortcode\" data-ratio=\"1.7777777777778\" id=\"video-4103-2\" width=\"640\" height=\"360\" preload=\"metadata\" ><source type=\"video\/mp4\" src=\"https:\/\/www.oxygenworldwide.com\/wp-content\/uploads\/2023\/07\/Ani.-2OWW.mp4?_=2\" \/><\/video><\/div><\/div>\n\t\t\t\t\t\t\t\t\t\t\t\t<div class=\"block-bg-overlay style-color-vyce-bg\" style=\"opacity: 0.3;\"><\/div>\n\t\t\t\t\t\t\t\t\t\t\t<\/div>\n\t\t\t\t\t\t\t\t\t\t<\/div><div class=\"row full-width row-parent\" data-height-ratio=\"75\"><div class=\"wpb_row row-inner\"><div class=\"wpb_column pos-middle pos-center align_center column_parent col-lg-12 half-internal-gutter\"><div class=\"uncol style-light\"  ><div class=\"uncoltable\"><div class=\"uncell no-block-padding\" ><div class=\"uncont\" ><div class=\"vc_custom_heading_wrap\"><div class=\"heading-text el-text\" ><h1 class=\"fontsize-696914 text-color-xsdn-color\" ><span>Oxygen Worldwide<\/span><\/h1><\/div><div class=\"clear\"><\/div><\/div><div class=\"vc_custom_heading_wrap\"><div class=\"heading-text el-text\" ><h2 class=\"fontsize-111796 text-color-xsdn-color\" ><span>wir helfen Ihnen beim Reisen mit Sauerstoff<\/span><\/h2><\/div><div class=\"clear\"><\/div><\/div><div class=\"empty-space empty-single\" ><span class=\"empty-space-inner\"><\/span><\/div>\n<span class=\"btn-container\" ><a role=\"button\"  href=\"https:\/\/www.oxygenworldwide.com\/de\/kontakt\/anfragen\/\" class=\"custom-link btn btn-lg btn-custom-typo font-555555 font-weight-600 text-uppercase no-letterspace border-width-0 btn-color-133983 btn-icon-left btn-ripple-in btn-border-animated\" title=\"Oxygen for holidays\" target=\"_blank\"><i class=\"fa fa-world\"><\/i>ICH BRAUCHE SAUERSTOFF F\u00dcR MEINEN URLAUB<\/a><\/span><\/div><\/div><\/div><\/div><\/div><script id=\"script-row-unique-1\" data-row=\"script-row-unique-1\" type=\"text\/javascript\" class=\"vc_controls\">UNCODE.initRow(document.getElementById(\"row-unique-1\"));<\/script><\/div><\/div><\/div><div data-parent=\"true\" class=\"vc_row has-bg need-focus style-color-382999-bg row-container\" id=\"row-unique-2\"><div class=\"row quad-top-padding quad-bottom-padding single-h-padding limit-width row-parent\" data-height-ratio=\"50\"><div class=\"wpb_row row-inner\"><div class=\"wpb_column pos-middle pos-center align_center column_parent col-lg-12 single-internal-gutter\"><div class=\"uncol style-light\"  ><div class=\"uncoltable\"><div class=\"uncell no-block-padding\" ><div class=\"uncont\" ><div class=\"un-media-gallery owl-carousel-wrapper textual-carousel\">\n\t\t\n\t\n\t<div class=\"owl-carousel-container owl-carousel-loading no-gutter\" >\n\t\t\t\t\t\t\t\t\t<div id=\"gallery-518005619\" class=\"owl-carousel owl-element owl-height-auto owl-dots-outside owl-dots-single-block-padding owl-dots-align-center\" data-fade=\"true\" data-loop=\"true\" data-dots=\"true\" data-navmobile=\"false\" data-navspeed=\"200\" data-autoplay=\"true\" data-timeout=\"5000\" data-autoheight=\"true\" data-stagepadding=\"0\" data-lg=\"1\" data-md=\"1\" data-sm=\"1\">\n<div class=\"tmb tmb-carousel tmb-iso-h4 tmb-dark tmb-overlay-middle tmb-overlay-text-center tmb-id-5730  tmb-media-first tmb-media-last tmb-content-overlay tmb-no-bg tmb-lightbox\" ><div class=\"t-inside animate_when_almost_visible zoom-in\" data-delay=\"200\"><div class=\"t-entry-visual\"><div class=\"t-entry-visual-tc\"><div class=\"t-entry-visual-cont\"><div class=\"t-entry-visual-overlay\"><div class=\"t-entry-visual-overlay-in style-light-bg\" style=\"opacity: 0.5;\"><\/div><\/div><div class=\"h4 title-scale regular-text object-size fluid-object\" style=\"padding-top: 100%\"><blockquote class=\"pullquote\"><figure class=\"gravatar\"><img decoding=\"async\" width=\"150\" height=\"150\" src=\"https:\/\/www.oxygenworldwide.com\/wp-content\/uploads\/2023\/03\/why-oww-150x150.jpg\" class=\"avatar\" alt=\"Gr\u00fcnde f\u00fcr OxygenWorldwide\" srcset=\"https:\/\/www.oxygenworldwide.com\/wp-content\/uploads\/2023\/03\/why-oww-150x150.jpg 150w, https:\/\/www.oxygenworldwide.com\/wp-content\/uploads\/2023\/03\/why-oww-300x300.jpg 300w, https:\/\/www.oxygenworldwide.com\/wp-content\/uploads\/2023\/03\/why-oww-768x768.jpg 768w, https:\/\/www.oxygenworldwide.com\/wp-content\/uploads\/2023\/03\/why-oww-12x12.jpg 12w, https:\/\/www.oxygenworldwide.com\/wp-content\/uploads\/2023\/03\/why-oww-60x60.jpg 60w, https:\/\/www.oxygenworldwide.com\/wp-content\/uploads\/2023\/03\/why-oww-350x350.jpg 350w, https:\/\/www.oxygenworldwide.com\/wp-content\/uploads\/2023\/03\/why-oww-348x348.jpg 348w, https:\/\/www.oxygenworldwide.com\/wp-content\/uploads\/2023\/03\/why-oww.jpg 1000w\" sizes=\"(max-width: 150px) 100vw, 150px\" \/><\/figure><span class=\"pullquote__content\">Ich w\u00fcrde es auf jeden Fall wieder in Anspruch nehmen. Die Antworten, die ich auf meine Fragen und Bedenken erhielt, wurden schnell beantwortet und bearbeitet, und ich hatte die Gewissheit, dass ich bei meiner Ankunft die Sauerstoffflasche bereithalten w\u00fcrde. Wunderbarer Dienstleister<\/span><span><small>April 2023<\/small><\/span><\/blockquote><\/div><\/div>\n\t\t\t\t\t<\/div>\n\t\t\t\t<\/div><\/div><\/div><div class=\"tmb tmb-carousel tmb-iso-h4 tmb-dark tmb-overlay-middle tmb-overlay-text-center tmb-id-5729  tmb-media-first tmb-media-last tmb-content-overlay tmb-no-bg tmb-lightbox\" ><div class=\"t-inside animate_when_almost_visible zoom-in\" data-delay=\"200\"><div class=\"t-entry-visual\"><div class=\"t-entry-visual-tc\"><div class=\"t-entry-visual-cont\"><div class=\"t-entry-visual-overlay\"><div class=\"t-entry-visual-overlay-in style-light-bg\" style=\"opacity: 0.5;\"><\/div><\/div><div class=\"h4 title-scale regular-text object-size fluid-object\" style=\"padding-top: 100%\"><blockquote class=\"pullquote\"><figure class=\"gravatar\"><img decoding=\"async\" width=\"150\" height=\"150\" src=\"https:\/\/www.oxygenworldwide.com\/wp-content\/uploads\/2023\/03\/what-we-do-150x150.jpg\" class=\"avatar\" alt=\"OxygenWorldwide (Was wir tun)\" srcset=\"https:\/\/www.oxygenworldwide.com\/wp-content\/uploads\/2023\/03\/what-we-do-150x150.jpg 150w, https:\/\/www.oxygenworldwide.com\/wp-content\/uploads\/2023\/03\/what-we-do-300x300.jpg 300w, https:\/\/www.oxygenworldwide.com\/wp-content\/uploads\/2023\/03\/what-we-do-12x12.jpg 12w, https:\/\/www.oxygenworldwide.com\/wp-content\/uploads\/2023\/03\/what-we-do-60x60.jpg 60w, https:\/\/www.oxygenworldwide.com\/wp-content\/uploads\/2023\/03\/what-we-do-350x350.jpg 350w, https:\/\/www.oxygenworldwide.com\/wp-content\/uploads\/2023\/03\/what-we-do-348x348.jpg 348w, https:\/\/www.oxygenworldwide.com\/wp-content\/uploads\/2023\/03\/what-we-do.jpg 500w\" sizes=\"(max-width: 150px) 100vw, 150px\" \/><\/figure><span class=\"pullquote__content\">Super Service! Gerne wieder! Sch\u00f6n ein Partner zu haben auf den man sich verlassen kann. Ist ja nun auch wichtig versorgt zu sein<\/span><span><small>August 2022<\/small><\/span><\/blockquote><\/div><\/div>\n\t\t\t\t\t<\/div>\n\t\t\t\t<\/div><\/div><\/div><div class=\"tmb tmb-carousel tmb-iso-h4 tmb-dark tmb-overlay-middle tmb-overlay-text-center tmb-id-5728  tmb-media-first tmb-media-last tmb-content-overlay tmb-no-bg tmb-lightbox\" ><div class=\"t-inside animate_when_almost_visible zoom-in\" data-delay=\"200\"><div class=\"t-entry-visual\"><div class=\"t-entry-visual-tc\"><div class=\"t-entry-visual-cont\"><div class=\"t-entry-visual-overlay\"><div class=\"t-entry-visual-overlay-in style-light-bg\" style=\"opacity: 0.5;\"><\/div><\/div><div class=\"h4 title-scale regular-text object-size fluid-object\" style=\"padding-top: 100%\"><blockquote class=\"pullquote\"><figure class=\"gravatar\"><img decoding=\"async\" width=\"150\" height=\"150\" src=\"https:\/\/www.oxygenworldwide.com\/wp-content\/uploads\/2023\/03\/why-oww-150x150.jpg\" class=\"avatar\" alt=\"Gr\u00fcnde f\u00fcr OxygenWorldwide\" srcset=\"https:\/\/www.oxygenworldwide.com\/wp-content\/uploads\/2023\/03\/why-oww-150x150.jpg 150w, https:\/\/www.oxygenworldwide.com\/wp-content\/uploads\/2023\/03\/why-oww-300x300.jpg 300w, https:\/\/www.oxygenworldwide.com\/wp-content\/uploads\/2023\/03\/why-oww-768x768.jpg 768w, https:\/\/www.oxygenworldwide.com\/wp-content\/uploads\/2023\/03\/why-oww-12x12.jpg 12w, https:\/\/www.oxygenworldwide.com\/wp-content\/uploads\/2023\/03\/why-oww-60x60.jpg 60w, https:\/\/www.oxygenworldwide.com\/wp-content\/uploads\/2023\/03\/why-oww-350x350.jpg 350w, https:\/\/www.oxygenworldwide.com\/wp-content\/uploads\/2023\/03\/why-oww-348x348.jpg 348w, https:\/\/www.oxygenworldwide.com\/wp-content\/uploads\/2023\/03\/why-oww.jpg 1000w\" sizes=\"(max-width: 150px) 100vw, 150px\" \/><\/figure><span class=\"pullquote__content\">Dies ist das erste Mal, dass es uns gelungen ist, Sauerstoff f\u00fcr meinen Mann zu besorgen, und es war eine erstaunliche Verbesserung unserer Reise. Sie haben uns einen hervorragenden und professionellen Service geboten, und wir wissen das wirklich zu sch\u00e4tzen!<\/span><span><small>August 2022<\/small><\/span><\/blockquote><\/div><\/div>\n\t\t\t\t\t<\/div>\n\t\t\t\t<\/div><\/div><\/div><div class=\"tmb tmb-carousel tmb-iso-h4 tmb-dark tmb-overlay-middle tmb-overlay-text-center tmb-id-5727  tmb-media-first tmb-media-last tmb-content-overlay tmb-no-bg tmb-lightbox\" ><div class=\"t-inside animate_when_almost_visible zoom-in\" data-delay=\"200\"><div class=\"t-entry-visual\"><div class=\"t-entry-visual-tc\"><div class=\"t-entry-visual-cont\"><div class=\"t-entry-visual-overlay\"><div class=\"t-entry-visual-overlay-in style-light-bg\" style=\"opacity: 0.5;\"><\/div><\/div><div class=\"h4 title-scale regular-text object-size fluid-object\" style=\"padding-top: 100%\"><blockquote class=\"pullquote\"><figure class=\"gravatar\"><img decoding=\"async\" width=\"150\" height=\"150\" src=\"https:\/\/www.oxygenworldwide.com\/wp-content\/uploads\/2023\/03\/what-we-do-150x150.jpg\" class=\"avatar\" alt=\"OxygenWorldwide (Was wir tun)\" srcset=\"https:\/\/www.oxygenworldwide.com\/wp-content\/uploads\/2023\/03\/what-we-do-150x150.jpg 150w, https:\/\/www.oxygenworldwide.com\/wp-content\/uploads\/2023\/03\/what-we-do-300x300.jpg 300w, https:\/\/www.oxygenworldwide.com\/wp-content\/uploads\/2023\/03\/what-we-do-12x12.jpg 12w, https:\/\/www.oxygenworldwide.com\/wp-content\/uploads\/2023\/03\/what-we-do-60x60.jpg 60w, https:\/\/www.oxygenworldwide.com\/wp-content\/uploads\/2023\/03\/what-we-do-350x350.jpg 350w, https:\/\/www.oxygenworldwide.com\/wp-content\/uploads\/2023\/03\/what-we-do-348x348.jpg 348w, https:\/\/www.oxygenworldwide.com\/wp-content\/uploads\/2023\/03\/what-we-do.jpg 500w\" sizes=\"(max-width: 150px) 100vw, 150px\" \/><\/figure><span class=\"pullquote__content\">Der Service war effizient und zuverl\u00e4ssig<\/span><span><small>Juli 2022<\/small><\/span><\/blockquote><\/div><\/div>\n\t\t\t\t\t<\/div>\n\t\t\t\t<\/div><\/div><\/div><div class=\"tmb tmb-carousel tmb-iso-h4 tmb-dark tmb-overlay-middle tmb-overlay-text-center tmb-id-5726  tmb-media-first tmb-media-last tmb-content-overlay tmb-no-bg tmb-lightbox\" ><div class=\"t-inside animate_when_almost_visible zoom-in\" data-delay=\"200\"><div class=\"t-entry-visual\"><div class=\"t-entry-visual-tc\"><div class=\"t-entry-visual-cont\"><div class=\"t-entry-visual-overlay\"><div class=\"t-entry-visual-overlay-in style-light-bg\" style=\"opacity: 0.5;\"><\/div><\/div><div class=\"h4 title-scale regular-text object-size fluid-object\" style=\"padding-top: 100%\"><blockquote class=\"pullquote\"><figure class=\"gravatar\"><img decoding=\"async\" width=\"150\" height=\"150\" src=\"https:\/\/www.oxygenworldwide.com\/wp-content\/uploads\/2023\/03\/why-oww-150x150.jpg\" class=\"avatar\" alt=\"Gr\u00fcnde f\u00fcr OxygenWorldwide\" srcset=\"https:\/\/www.oxygenworldwide.com\/wp-content\/uploads\/2023\/03\/why-oww-150x150.jpg 150w, https:\/\/www.oxygenworldwide.com\/wp-content\/uploads\/2023\/03\/why-oww-300x300.jpg 300w, https:\/\/www.oxygenworldwide.com\/wp-content\/uploads\/2023\/03\/why-oww-768x768.jpg 768w, https:\/\/www.oxygenworldwide.com\/wp-content\/uploads\/2023\/03\/why-oww-12x12.jpg 12w, https:\/\/www.oxygenworldwide.com\/wp-content\/uploads\/2023\/03\/why-oww-60x60.jpg 60w, https:\/\/www.oxygenworldwide.com\/wp-content\/uploads\/2023\/03\/why-oww-350x350.jpg 350w, https:\/\/www.oxygenworldwide.com\/wp-content\/uploads\/2023\/03\/why-oww-348x348.jpg 348w, https:\/\/www.oxygenworldwide.com\/wp-content\/uploads\/2023\/03\/why-oww.jpg 1000w\" sizes=\"(max-width: 150px) 100vw, 150px\" \/><\/figure><span class=\"pullquote__content\">Ich werde Sie jedem empfehlen, den ich kenne, der Ihren Service ben\u00f6tigt<\/span><span><small>Juni 2022<\/small><\/span><\/blockquote><\/div><\/div>\n\t\t\t\t\t<\/div>\n\t\t\t\t<\/div><\/div><\/div>\t\t\t<\/div>\n\t\t\t\t\t<\/div>\n\n\t\n\t\n\t\n<\/div>\n\n<\/div><\/div><\/div><\/div><\/div><script id=\"script-row-unique-2\" data-row=\"script-row-unique-2\" type=\"text\/javascript\" class=\"vc_controls\">UNCODE.initRow(document.getElementById(\"row-unique-2\"));<\/script><\/div><\/div><\/div>\n<\/div>","protected":false},"excerpt":{"rendered":"Oxygen Worldwide&nbsp;bei&nbsp;uns&nbsp;sind&nbsp;Sie&nbsp;in&nbsp;guten&nbsp;H\u00e4nden&nbsp; ICH BRAUCHE SAUERSTOFF F\u00dcR MEINEN URLAUB Oxygen Worldwidewir helfen Ihnen beim Reisen mit Sauerstoff ICH BRAUCHE SAUERSTOFF F\u00dcR [...]","protected":false},"author":6,"featured_media":4961,"parent":0,"menu_order":0,"comment_status":"closed","ping_status":"closed","template":"","meta":{"iawp_total_views":31500,"footnotes":""},"class_list":["post-4103","page","type-page","status-publish","has-post-thumbnail","hentry"],"_links":{"self":[{"href":"https:\/\/www.oxygenworldwide.com\/de\/wp-json\/wp\/v2\/pages\/4103","targetHints":{"allow":["GET"]}}],"collection":[{"href":"https:\/\/www.oxygenworldwide.com\/de\/wp-json\/wp\/v2\/pages"}],"about":[{"href":"https:\/\/www.oxygenworldwide.com\/de\/wp-json\/wp\/v2\/types\/page"}],"author":[{"embeddable":true,"href":"https:\/\/www.oxygenworldwide.com\/de\/wp-json\/wp\/v2\/users\/6"}],"replies":[{"embeddable":true,"href":"https:\/\/www.oxygenworldwide.com\/de\/wp-json\/wp\/v2\/comments?post=4103"}],"version-history":[{"count":80,"href":"https:\/\/www.oxygenworldwide.com\/de\/wp-json\/wp\/v2\/pages\/4103\/revisions"}],"predecessor-version":[{"id":6677,"href":"https:\/\/www.oxygenworldwide.com\/de\/wp-json\/wp\/v2\/pages\/4103\/revisions\/6677"}],"wp:featuredmedia":[{"embeddable":true,"href":"https:\/\/www.oxygenworldwide.com\/de\/wp-json\/wp\/v2\/media\/4961"}],"wp:attachment":[{"href":"https:\/\/www.oxygenworldwide.com\/de\/wp-json\/wp\/v2\/media?parent=4103"}],"curies":[{"name":"wp","href":"https:\/\/api.w.org\/{rel}","templated":true}]}}