{"id":4107,"date":"2022-10-27T12:43:02","date_gmt":"2022-10-27T12:43:02","guid":{"rendered":"https:\/\/www.oxygenworldwide.com\/?page_id=4107"},"modified":"2025-11-07T11:22:14","modified_gmt":"2025-11-07T11:22:14","slug":"ehic","status":"publish","type":"page","link":"https:\/\/www.oxygenworldwide.com\/de\/ehic\/","title":{"rendered":"EHIC"},"content":{"rendered":"<div class=\"wpb-content-wrapper\"><div data-parent=\"true\" class=\"vc_row has-bg need-focus style-color-lxmt-bg row-container\" id=\"row-unique-0\"><div class=\"row one-top-padding single-bottom-padding single-h-padding limit-width row-parent\"><div class=\"wpb_row row-inner\"><div class=\"wpb_column pos-top pos-center align_center column_parent col-lg-12 single-internal-gutter\"><div class=\"uncol style-light animate_when_almost_visible zoom-in\"  ><div class=\"uncoltable\"><div class=\"uncell no-block-padding\" ><div class=\"uncont\" ><div class=\"vc_custom_heading_wrap\"><div class=\"heading-text el-text\" ><h1 class=\"h1 text-accent-color\" ><span>EHIC<\/span><\/h1><\/div><div class=\"clear\"><\/div><\/div><\/div><\/div><\/div><\/div><\/div><script id=\"script-row-unique-0\" data-row=\"script-row-unique-0\" type=\"text\/javascript\" class=\"vc_controls\">UNCODE.initRow(document.getElementById(\"row-unique-0\"));<\/script><\/div><\/div><\/div><div data-parent=\"true\" class=\"vc_row inverted-device-order row-container\" id=\"row-unique-1\"><div class=\"row single-top-padding double-bottom-padding single-h-padding limit-width row-parent\"><div class=\"wpb_row row-inner\"><div class=\"wpb_column pos-top pos-center align_left column_parent col-lg-8 single-internal-gutter\"><div class=\"uncol style-light sticky-element sticky-sidebar animate_when_almost_visible left-t-right\"  ><div class=\"uncoltable\"><div class=\"uncell no-block-padding\" ><div class=\"uncont\" ><div class=\"vc_row hide row-internal row-container\"><div class=\"row row-child\"><div class=\"wpb_row row-inner\"><div class=\"wpb_column pos-top pos-center align_center column_child col-lg-12 single-internal-gutter\"><div class=\"uncol style-light\" ><div class=\"uncoltable\"><div class=\"uncell single-block-padding style-back_color-140240-bg  unradius-lg\" ><div class=\"uncont\" ><div class=\"vc_custom_heading_wrap hide\"><div class=\"heading-text el-text\" ><h2 class=\"h4 text-color-xsdn-color\" ><span>ZURZEIT SIND WIR DABEI UNTERSTEHENDE INFORMATION ZU REVIDIEREN.<br \/><\/span><span>Bitte kontaktieren Sie uns f\u00fcr die neueste Revisionen<\/span><\/h2><\/div><div class=\"clear\"><\/div><\/div><\/div><\/div><\/div><\/div><\/div><\/div><\/div><\/div><div class=\"uncode_text_column\" ><p><b>Bitte beachten Sie:<\/b>\u00a0In den EU L\u00e4ndern und Norwegen, Island, Liechtenstein, der Schweiz, Makedonien und Australien haben Sie mit einer EHIC Karte grunds\u00e4tzlich Recht auf kostenlose \u00e4rztliche Hilfe in Notf\u00e4llen sowie in einigen F\u00e4llen von chronischen Krankheiten, w\u00e4hrend Ihres Verbleibs.<\/p>\n<p><strong>OxygenWorldwide<\/strong> kann keinen medizinischen Sauerstoff arrangieren unter dem EHIC System. Bis auf Heute wurden wir aber mehrmals um Hilfe gebeten wenn Urlauber auf ihrer Bestimmung ankamen und es sich herausstellte das der Sauerstoff nicht wie versprochen geliefert war.<\/p>\n<p>Darum haben wir einen Sonderservice eingef\u00fchrt f\u00fcr die Anfangsinstallierung von Ihrem Sauerstoffger\u00e4t f\u00fcr Ort Ihres Verbleibs, damit Sie beruhigt abreisen k\u00f6nnen. (bitte beachten Sie dass ein Anfangstarif immer berechnet wird).<\/p>\n<\/div><div class=\"vc_row row-internal row-container\"><div class=\"row row-child\"><div class=\"wpb_row row-inner\"><div class=\"wpb_column pos-top pos-center align_center column_child col-lg-12 single-internal-gutter\"><div class=\"uncol style-light\" ><div class=\"uncoltable\"><div class=\"uncell one-block-padding style-color-183698-bg  unradius-lg\" ><div class=\"uncont\" >\n\t<div class=\"wpb_raw_code wpb_raw_html\" >\n\t\t<div class=\"wpb_wrapper\">\n\t\t\t<div style=\"margin-top:10px;padding-top:10px;margin-bottom:7px;font-size:22px;color:white;font-weight:700;\">Szenario A<\/div>\n\t\t<\/div>\n\t<\/div>\n<\/div><\/div><\/div><\/div><\/div><\/div><\/div><\/div><div class=\"uncode_text_column\" ><p>Auch wenn die Lieferung von Sauerstoff von Ihrem eigenen Lieferanten, Ihrer Versicherung oder einer Sanit\u00e4tswache angefordert wird an Ihrem Urlaubsziel, muss man h\u00e4ufig doch noch vor Ort einen Arzt und\/oder Spezialist besuchen, bevor man den Sauerstoff auch wirklich bekommt. Dies ist zur\u00fcckzuf\u00fchren auf \u00f6rtliche Gesetze die von Land bis Land differieren. Das hei\u00dft das Sie Tage und manchmal sogar Wochen, warten m\u00fcssen bevor Sie Ihren Sauerstoff auch tats\u00e4chlich bekommen<\/p>\n<p>kann Ihnen diese Sorge wegnehmen und Sauerstoff f\u00fcr Sie organisieren noch bevor Sie angekommen sind. Alles was Sie tun m\u00fcssen ist die Anfrage auf unserer Website ausf\u00fcllen oder eine E-mail schicken an<a href=\"mailto:info@oxygenworldwide.com\">info@oxygenworldwide.com<\/a>. Wir machen Ihnen eine Preisangabe und wenn Sie diese akzeptieren und zahlen, sorgen wir daf\u00fcr das Ihren Sauerstoff ein Tag bevor Sie ankommen an Ihrem Urlaubsziel geliefert wird.<\/p>\n<p>Sie k\u00f6nnen dann in alle Ruhe die Formalit\u00e4ten erledigen und sobald Sie uns die \u00e4rztliche Verordnung vom \u00f6rtlichen Arzt f\u00fcr den Sauerstofflieferung schicken (bitte \u00fcber E-Mail), \u00fcbergeben wir die Lieferung einem \u00f6rtlichen Lieferanten. Meistens behalten Sie die Apparatur die Sie schon haben.<\/p>\n<p>An diesem Moment wird <strong>OxygenWorldwide<\/strong> Ihnen einen Teil der Summe zur\u00fcckzahlen (Totalsumme minus des Anfangstarifs und der Zahl der Tage schon verbraucht.<\/p>\n<\/div><div class=\"vc_row row-internal row-container\"><div class=\"row row-child\"><div class=\"wpb_row row-inner\"><div class=\"wpb_column pos-top pos-center align_center column_child col-lg-12 single-internal-gutter\"><div class=\"uncol style-light\" ><div class=\"uncoltable\"><div class=\"uncell one-block-padding style-color-183698-bg  unradius-lg\" ><div class=\"uncont\" >\n\t<div class=\"wpb_raw_code wpb_raw_html\" >\n\t\t<div class=\"wpb_wrapper\">\n\t\t\t<div style=\"margin-top:10px;padding-top:10px;margin-bottom:7px;font-size:22px;color:white;font-weight:700;\">Szenario B<\/div>\n\t\t<\/div>\n\t<\/div>\n<\/div><\/div><\/div><\/div><\/div><\/div><\/div><\/div><div class=\"uncode_text_column\" ><p>Ein anderer Grund warum den versprochenen Sauerstoff nicht vor Ort ist an Ihrem Anreisetag k\u00f6nnte sein eine Fehlkommunikation wegen der Sprachbarriere zwischen den Leuten in Ihrem Heimatland und den Leuten im Reiseland. Wir bei <strong>OxygenWorldwide<\/strong> sprechen f\u00fcnf Sprachen um Ihnen zur Seite zu stehen, 24 Stunden am Tag, 7 Tage der Woche. Rufen Sie uns an und wir sorgen daf\u00fcr dass Sie Ihren Sauerstoff baldigst bekommen. Wir belasten Ihre Kreditkarte, wir k\u00f6nnen in dieser Situation keine R\u00fcckgabe machen, aber wir schicken Ihnen eine Rechnung, mit der Sie, sobald Sie wieder zu Hause sind, eine Forderung einreichen k\u00f6nnen bei Ihrer Versicherung, Sauerstoffversorger usw.<br \/>\nWenn Sie uns von Ihrem Urlaubsort anrufen k\u00f6nnen wir Ihnen zur\u00fcckrufen (auf Anfrage), um Fernsprechgeb\u00fchr zu sparen.<\/p>\n<p>In manche L\u00e4ndern kann <strong>OxygenWorldwide<\/strong> auch einen Flughafenservice versorgen; wir \u00fcbergeben Ihnen dann Ihren Sauerstoff sobald Sie aussteigen (am T\u00fcr des Flugzeugs!). Wenn Sie wissen m\u00f6chten ob so ein Service auch am Flughafen Ihrer Bestimmung m\u00f6glich ist, dann bitte clicken Sie die Flughafenservicebox auf dem Antragsformular an (&#8216;<a href=\"https:\/\/www.oxygenworldwide.com\/de\/kontakt\/anfragen\">Erkundigung<\/a>&#8216;).<\/p>\n<\/div><div class=\"vc_row row-internal row-container\"><div class=\"row row-child\"><div class=\"wpb_row row-inner\"><div class=\"wpb_column pos-top pos-center align_left column_parent col-lg-12 single-internal-gutter\"><div class=\"uncol style-light\"  ><div class=\"uncoltable\"><div class=\"uncell no-block-padding\" ><div class=\"uncont\" ><span class=\"btn-container btn-block\" ><a role=\"button\"  href=\"https:\/\/www.oxygenworldwide.com\/de\/kontakt\/anfragen\/\" class=\"custom-link btn btn-lg border-width-0 btn-color-133983 btn-block btn-no-scale btn-icon-left\">Senden Sie hier Ihre unverbindliche Anfrage<\/a><\/span><\/div><\/div><\/div><\/div><\/div><\/div><\/div><\/div><\/div><\/div><\/div><\/div><\/div><div class=\"wpb_column pos-top pos-center align_left column_parent col-lg-4 single-internal-gutter\"><div class=\"uncol style-light sticky-element sticky-sidebar animate_when_almost_visible right-t-left\"  ><div class=\"uncoltable\"><div class=\"uncell no-block-padding\" ><div class=\"uncont\" ><div class=\"vc_row row-internal row-container tablet-hidden mobile-hidden\"><div class=\"row row-child\"><div class=\"wpb_row row-inner\"><div class=\"wpb_column pos-top pos-center align_left column_child col-lg-12 single-internal-gutter\"><div class=\"uncol style-light\" ><div class=\"uncoltable\"><div class=\"uncell no-block-padding\" ><div class=\"uncont\" ><div class=\"uncode-single-media  text-left\"><div class=\"single-wrapper\" style=\"max-width: 100%;\"><div class=\"tmb tmb-light  img-circle tmb-media-first tmb-media-last tmb-content-overlay tmb-no-bg\"><div class=\"t-inside\"><div class=\"t-entry-visual\"><div class=\"t-entry-visual-tc\"><div class=\"uncode-single-media-wrapper img-circle\"><img decoding=\"async\" class=\"wp-image-4786\" src=\"https:\/\/www.oxygenworldwide.com\/wp-content\/uploads\/2023\/03\/ehic.jpg\" width=\"500\" height=\"500\" alt=\"EHIC - Oxygen Worldwide\" srcset=\"https:\/\/www.oxygenworldwide.com\/wp-content\/uploads\/2023\/03\/ehic.jpg 500w, https:\/\/www.oxygenworldwide.com\/wp-content\/uploads\/2023\/03\/ehic-300x300.jpg 300w, https:\/\/www.oxygenworldwide.com\/wp-content\/uploads\/2023\/03\/ehic-150x150.jpg 150w, https:\/\/www.oxygenworldwide.com\/wp-content\/uploads\/2023\/03\/ehic-12x12.jpg 12w, https:\/\/www.oxygenworldwide.com\/wp-content\/uploads\/2023\/03\/ehic-60x60.jpg 60w, https:\/\/www.oxygenworldwide.com\/wp-content\/uploads\/2023\/03\/ehic-350x350.jpg 350w, https:\/\/www.oxygenworldwide.com\/wp-content\/uploads\/2023\/03\/ehic-348x348.jpg 348w\" sizes=\"(max-width: 500px) 100vw, 500px\" \/><\/div>\n\t\t\t\t\t<\/div>\n\t\t\t\t<\/div><\/div><\/div><\/div><\/div><\/div><\/div><\/div><\/div><\/div><\/div><\/div><\/div><div class=\"vc_row inverted-device-order vc_custom_1670241764634 row-internal row-container desktop-hidden mobile-hidden\" style=\"margin-top: -20px ;\"><div class=\"row row-child\"><div class=\"wpb_row row-inner\"><div class=\"wpb_column pos-top pos-center align_center column_child col-lg-12 single-internal-gutter\"><div class=\"uncol style-light\" ><div class=\"uncoltable\"><div class=\"uncell no-block-padding\" ><div class=\"uncont\" ><div class=\"uncode-single-media  text-center\"><div class=\"single-wrapper\" style=\"max-width: 57%;\"><div class=\"tmb tmb-light  img-circle tmb-media-first tmb-media-last tmb-content-overlay tmb-no-bg\"><div class=\"t-inside\"><div class=\"t-entry-visual\"><div class=\"t-entry-visual-tc\"><div class=\"uncode-single-media-wrapper img-circle\"><img decoding=\"async\" class=\"wp-image-4786\" src=\"https:\/\/www.oxygenworldwide.com\/wp-content\/uploads\/2023\/03\/ehic.jpg\" width=\"500\" height=\"500\" alt=\"EHIC - Oxygen Worldwide\" srcset=\"https:\/\/www.oxygenworldwide.com\/wp-content\/uploads\/2023\/03\/ehic.jpg 500w, https:\/\/www.oxygenworldwide.com\/wp-content\/uploads\/2023\/03\/ehic-300x300.jpg 300w, https:\/\/www.oxygenworldwide.com\/wp-content\/uploads\/2023\/03\/ehic-150x150.jpg 150w, https:\/\/www.oxygenworldwide.com\/wp-content\/uploads\/2023\/03\/ehic-12x12.jpg 12w, https:\/\/www.oxygenworldwide.com\/wp-content\/uploads\/2023\/03\/ehic-60x60.jpg 60w, https:\/\/www.oxygenworldwide.com\/wp-content\/uploads\/2023\/03\/ehic-350x350.jpg 350w, https:\/\/www.oxygenworldwide.com\/wp-content\/uploads\/2023\/03\/ehic-348x348.jpg 348w\" sizes=\"(max-width: 500px) 100vw, 500px\" \/><\/div>\n\t\t\t\t\t<\/div>\n\t\t\t\t<\/div><\/div><\/div><\/div><\/div><\/div><\/div><\/div><\/div><\/div><\/div><\/div><\/div><div class=\"vc_row vc_custom_1670241417802 row-internal row-container desktop-hidden tablet-hidden\" style=\"margin-top: -15px ;\"><div class=\"row row-child\"><div class=\"wpb_row row-inner\"><div class=\"wpb_column pos-top pos-center align_left column_child col-lg-12 single-internal-gutter\"><div class=\"uncol style-light\" ><div class=\"uncoltable\"><div class=\"uncell no-block-padding\" ><div class=\"uncont\" ><div class=\"uncode-single-media  text-left\"><div class=\"single-wrapper\" style=\"max-width: 100%;\"><div class=\"tmb tmb-light  img-circle tmb-media-first tmb-media-last tmb-content-overlay tmb-no-bg\"><div class=\"t-inside\"><div class=\"t-entry-visual\"><div class=\"t-entry-visual-tc\"><div class=\"uncode-single-media-wrapper img-circle\"><img decoding=\"async\" class=\"wp-image-4786\" src=\"https:\/\/www.oxygenworldwide.com\/wp-content\/uploads\/2023\/03\/ehic.jpg\" width=\"500\" height=\"500\" alt=\"EHIC - Oxygen Worldwide\" srcset=\"https:\/\/www.oxygenworldwide.com\/wp-content\/uploads\/2023\/03\/ehic.jpg 500w, https:\/\/www.oxygenworldwide.com\/wp-content\/uploads\/2023\/03\/ehic-300x300.jpg 300w, https:\/\/www.oxygenworldwide.com\/wp-content\/uploads\/2023\/03\/ehic-150x150.jpg 150w, https:\/\/www.oxygenworldwide.com\/wp-content\/uploads\/2023\/03\/ehic-12x12.jpg 12w, https:\/\/www.oxygenworldwide.com\/wp-content\/uploads\/2023\/03\/ehic-60x60.jpg 60w, https:\/\/www.oxygenworldwide.com\/wp-content\/uploads\/2023\/03\/ehic-350x350.jpg 350w, https:\/\/www.oxygenworldwide.com\/wp-content\/uploads\/2023\/03\/ehic-348x348.jpg 348w\" sizes=\"(max-width: 500px) 100vw, 500px\" \/><\/div>\n\t\t\t\t\t<\/div>\n\t\t\t\t<\/div><\/div><\/div><\/div><\/div><\/div><\/div><\/div><\/div><\/div><\/div><\/div><\/div><\/div><\/div><\/div><\/div><\/div><script id=\"script-row-unique-1\" data-row=\"script-row-unique-1\" type=\"text\/javascript\" class=\"vc_controls\">UNCODE.initRow(document.getElementById(\"row-unique-1\"));<\/script><\/div><\/div><\/div><div data-parent=\"true\" class=\"vc_row has-bg need-focus style-color-108971-bg row-container\" id=\"row-unique-6\"><div class=\"row double-top-padding double-bottom-padding single-h-padding limit-width row-parent\"><div class=\"wpb_row row-inner\"><div class=\"wpb_column pos-top pos-center align_left column_parent col-lg-4 half-internal-gutter\"><div class=\"uncol style-light\"  ><div class=\"uncoltable\"><div class=\"uncell no-block-padding\" ><div class=\"uncont\" ><div class=\"animate_when_almost_visible bottom-t-top icon-box icon-box-top\" ><div class=\"icon-box-icon fa-container\" ><a role=\"button\" href=\"https:\/\/www.oxygenworldwide.com\/de\/kontakt\/anfragen\/\" target=\"_blank\" class=\"text-accent-color custom-link\"><i class=\"fa fa-world fa-4x fa-fw\"><\/i><\/a><\/div><div class=\"icon-box-content\"><div class=\"icon-box-heading icon-box-fa-4x\"><h3 class=\"h2\"><a role=\"button\" href=\"https:\/\/www.oxygenworldwide.com\/de\/kontakt\/anfragen\/\" target=\"_blank\">OXYGEN f\u00fcr meinen Urlaub<\/a><\/h3><\/div><p>Sie k\u00f6nnen ein unverbindliches Angebot f\u00fcr Sauerstoffdienstleistungen im Ausland anfordern.Puede solicitar un presupuesto sin compromiso para servicios de ox\u00edgeno en el extranjero.<\/p>\n<\/div><\/div><\/div><\/div><\/div><\/div><\/div><div class=\"wpb_column pos-top pos-center align_left column_parent col-lg-4 single-internal-gutter\"><div class=\"uncol style-light\"  ><div class=\"uncoltable\"><div class=\"uncell no-block-padding\" ><div class=\"uncont\" ><div class=\"animate_when_almost_visible bottom-t-top icon-box icon-box-top\" ><div class=\"icon-box-icon fa-container\" ><a role=\"button\" href=\"https:\/\/www.oxygenworldwide.com\/de\/ehic\/\" class=\"text-accent-color custom-link\"><i class=\"fa fa-medkit fa-4x fa-fw\"><\/i><\/a><\/div><div class=\"icon-box-content\"><div class=\"icon-box-heading icon-box-fa-4x\"><h3 class=\"h2\"><a role=\"button\" href=\"https:\/\/www.oxygenworldwide.com\/de\/ehic\/\">EHIC<\/a><\/h3><\/div><p>Wir haben einen speziellen Service f\u00fcr die Erstausstattung des medizinischen Sauerstoffs an Ihrem Reiseziel eingerichtet, damit Sie sich keine Sorgen machen m\u00fcssen.<\/p>\n<\/div><\/div><\/div><\/div><\/div><\/div><\/div><div class=\"wpb_column pos-top pos-center align_left column_parent col-lg-4 single-internal-gutter\"><div class=\"uncol style-light animate_when_almost_visible bottom-t-top\"  ><div class=\"uncoltable\"><div class=\"uncell no-block-padding\" ><div class=\"uncont\" ><div class=\"icon-box icon-box-top\" ><div class=\"icon-box-icon fa-container\" ><a role=\"button\" href=\"https:\/\/www.oxygenworldwide.com\/de\/blog\/\" class=\"text-accent-color custom-link\"><i class=\"fa fa-bubble fa-4x fa-fw\"><\/i><\/a><\/div><div class=\"icon-box-content\"><div class=\"icon-box-heading icon-box-fa-4x\"><h3 class=\"h2\"><a role=\"button\" href=\"https:\/\/www.oxygenworldwide.com\/de\/blog\/\">Lesen Sie unseren Blog<\/a><\/h3><\/div><p>Erfahren Sie alle Neuigkeiten und Updates \u00fcber Reisen mit Sauerstoff.<\/p>\n<\/div><\/div><\/div><\/div><\/div><\/div><\/div><script id=\"script-row-unique-6\" data-row=\"script-row-unique-6\" type=\"text\/javascript\" class=\"vc_controls\">UNCODE.initRow(document.getElementById(\"row-unique-6\"));<\/script><\/div><\/div><\/div>\n<\/div>","protected":false},"excerpt":{"rendered":"EHICZURZEIT SIND WIR DABEI UNTERSTEHENDE INFORMATION ZU REVIDIEREN.Bitte kontaktieren Sie uns f\u00fcr die neueste RevisionenBitte beachten Sie:\u00a0In den EU L\u00e4ndern [...]","protected":false},"author":6,"featured_media":4786,"parent":0,"menu_order":0,"comment_status":"closed","ping_status":"closed","template":"","meta":{"iawp_total_views":4432,"footnotes":""},"class_list":["post-4107","page","type-page","status-publish","has-post-thumbnail","hentry"],"_links":{"self":[{"href":"https:\/\/www.oxygenworldwide.com\/de\/wp-json\/wp\/v2\/pages\/4107","targetHints":{"allow":["GET"]}}],"collection":[{"href":"https:\/\/www.oxygenworldwide.com\/de\/wp-json\/wp\/v2\/pages"}],"about":[{"href":"https:\/\/www.oxygenworldwide.com\/de\/wp-json\/wp\/v2\/types\/page"}],"author":[{"embeddable":true,"href":"https:\/\/www.oxygenworldwide.com\/de\/wp-json\/wp\/v2\/users\/6"}],"replies":[{"embeddable":true,"href":"https:\/\/www.oxygenworldwide.com\/de\/wp-json\/wp\/v2\/comments?post=4107"}],"version-history":[{"count":40,"href":"https:\/\/www.oxygenworldwide.com\/de\/wp-json\/wp\/v2\/pages\/4107\/revisions"}],"predecessor-version":[{"id":5699,"href":"https:\/\/www.oxygenworldwide.com\/de\/wp-json\/wp\/v2\/pages\/4107\/revisions\/5699"}],"wp:featuredmedia":[{"embeddable":true,"href":"https:\/\/www.oxygenworldwide.com\/de\/wp-json\/wp\/v2\/media\/4786"}],"wp:attachment":[{"href":"https:\/\/www.oxygenworldwide.com\/de\/wp-json\/wp\/v2\/media?parent=4107"}],"curies":[{"name":"wp","href":"https:\/\/api.w.org\/{rel}","templated":true}]}}