{"id":4113,"date":"2022-10-27T12:43:32","date_gmt":"2022-10-27T12:43:32","guid":{"rendered":"https:\/\/www.oxygenworldwide.com\/?page_id=4113"},"modified":"2026-03-20T11:15:00","modified_gmt":"2026-03-20T11:15:00","slug":"news","status":"publish","type":"page","link":"https:\/\/www.oxygenworldwide.com\/de\/news\/","title":{"rendered":"News"},"content":{"rendered":"<div class=\"wpb-content-wrapper\"><div data-parent=\"true\" class=\"vc_row row-container\" id=\"row-unique-0\"><div class=\"row one-top-padding double-bottom-padding single-h-padding limit-width row-parent\"><div class=\"wpb_row row-inner\"><div class=\"wpb_column pos-top pos-center align_left column_parent col-lg-12 single-internal-gutter\"><div class=\"uncol style-light sticky-element sticky-sidebar animate_when_almost_visible right-t-left\"  ><div class=\"uncoltable\"><div class=\"uncell no-block-padding\" ><div class=\"uncont\" ><div class=\"vc_row row-internal row-container\"><div class=\"row row-child\"><div class=\"wpb_row row-inner\"><div class=\"wpb_column pos-top pos-center align_left column_child col-lg-3 single-internal-gutter\"><div class=\"uncol style-light\" ><div class=\"uncoltable\"><div class=\"uncell no-block-padding\" ><div class=\"uncont\" ><\/div><\/div><\/div><\/div><\/div><div class=\"wpb_column pos-top pos-center align_left column_child col-lg-6 single-internal-gutter\"><div class=\"uncol style-light\" ><div class=\"uncoltable\"><div class=\"uncell no-block-padding\" ><div class=\"uncont\" ><div class=\"animate_when_almost_visible left-t-right icon-box icon-box-top\" data-delay=\"800\"><div class=\"icon-box-icon fa-container\" ><span class=\"text-color-133983-color btn-disable-hover\"><i class=\"fa fa-world fa-5x fa-fw\"><\/i><\/span><\/div><div class=\"icon-box-content\"><p class=\"text-top-reduced text-lead\">OxygenWorldwide hat eine deutliche Ver\u00e4nderung im Buchungsverhalten festgestellt: Der Konflikt im Nahen Osten veranlasst immer mehr Kunden dazu, <strong>sich f\u00fcr Urlaubsziele in Europa zu entscheiden<\/strong>.<\/p>\n<\/div><\/div><\/div><\/div><\/div><\/div><\/div><div class=\"wpb_column pos-top pos-center align_left column_child col-lg-3 single-internal-gutter\"><div class=\"uncol style-light\" ><div class=\"uncoltable\"><div class=\"uncell no-block-padding\" ><div class=\"uncont\" ><\/div><\/div><\/div><\/div><\/div><\/div><\/div><\/div><div class=\"vc_row row-internal row-container\"><div class=\"row row-child\"><div class=\"wpb_row row-inner\"><div class=\"wpb_column pos-top pos-center align_left column_child col-lg-6 single-internal-gutter\"><div class=\"uncol style-light\" ><div class=\"uncoltable\"><div class=\"uncell no-block-padding\" ><div class=\"uncont\" ><div class=\"animate_when_almost_visible left-t-right icon-box icon-box-top\" data-delay=\"800\"><div class=\"icon-box-icon fa-container\" ><span class=\"text-color-133983-color btn-disable-hover\"><i class=\"fa fa-world fa-5x fa-fw\"><\/i><\/span><\/div><div class=\"icon-box-content\"><p class=\"text-top-reduced text-lead\"><strong>Seit nunmehr 18 Jahren unterst\u00fctzt OxygenWorldwide KIVA.<\/strong> Kiva ist eine internationale gemeinn\u00fctzige Organisation, die sich gegen diese Ungleichheit einsetzt. Durch die Vernetzung von Menschen \u00fcber crowdfunded finanzierte Kredite gibt Kiva uns allen die M\u00f6glichkeit, finanziell Teilhabe zu erlangen.<\/p>\n<\/div><\/div><\/div><\/div><\/div><\/div><\/div><div class=\"wpb_column pos-top pos-center align_left column_child col-lg-6 single-internal-gutter\"><div class=\"uncol style-light\" ><div class=\"uncoltable\"><div class=\"uncell no-block-padding\" ><div class=\"uncont\" ><div class=\"animate_when_almost_visible right-t-left icon-box icon-box-top\" data-delay=\"1200\"><div class=\"icon-box-icon fa-container\" ><span class=\"text-color-108971-color btn-disable-hover\"><i class=\"fa fa-world fa-5x fa-fw\"><\/i><\/span><\/div><div class=\"icon-box-content\"><p class=\"text-top-reduced text-lead\">19.02.2026 \u2013 Sehen Sie sich <a title=\"New vlog page\" href=\"https:\/\/www.oxygenworldwide.com\/de\/vlog\/\">hier<\/a> unsere neue Vlog-Seite an<\/p>\n<\/div><\/div><\/div><\/div><\/div><\/div><\/div><\/div><\/div><\/div><\/div><\/div><\/div><\/div><\/div><script id=\"script-row-unique-0\" data-row=\"script-row-unique-0\" type=\"text\/javascript\" class=\"vc_controls\">UNCODE.initRow(document.getElementById(\"row-unique-0\"));<\/script><\/div><\/div><\/div><div data-parent=\"true\" class=\"vc_row hide row-container\" id=\"row-unique-1\"><div class=\"row double-top-padding double-bottom-padding single-h-padding limit-width row-parent\"><div class=\"wpb_row row-inner\"><div class=\"wpb_column pos-top pos-center align_left column_parent col-lg-12 single-internal-gutter\"><div class=\"uncol style-light\"  ><div class=\"uncoltable\"><div class=\"uncell no-block-padding\" ><div class=\"uncont\" ><div id=\"gallery-182102\" class=\"un-media-gallery isotope-system isotope-general-light grid-general-light\">\n\t\t\t\t\t\n\t\n\t<div class=\"isotope-wrapper grid-wrapper single-gutter\" >\n\t\t\t\t\t\t\t\t\t<div class=\"isotope-container isotope-layout style-masonry\" data-type=\"masonry\" data-layout=\"masonry\" data-lg=\"1000\" data-md=\"600\" data-sm=\"480\">\n<div class=\"tmb tmb-iso-w4 tmb-iso-h4 img-round img-round-lg tmb-light tmb-text-showed tmb-overlay-text-anim tmb-overlay-showed tmb-overlay-anim tmb-overlay-middle tmb-overlay-text-center tmb-image-anim tmb-bordered tmb-id-4533  tmb-img-ratio tmb-media-first tmb-media-last tmb-content-overlay tmb-no-bg\" ><div class=\"t-inside no-anim\" ><div class=\"t-entry-visual\"><div class=\"t-entry-visual-tc\"><div class=\"t-entry-visual-cont\"><div class=\"dummy\" style=\"padding-top: 100%;\"><\/div><a href=\"https:\/\/www.oxygenworldwide.com\/staging\/de\/news\/pure-breath\/\"  class=\"pushed\" data-lb-index=\"0\"><div class=\"t-entry-visual-overlay\"><div class=\"t-entry-visual-overlay-in style-color-183698-bg\" style=\"opacity: 0.4;\"><\/div><\/div><div class=\"t-overlay-wrap\"><div class=\"t-overlay-inner\">\n\t\t\t\t\t\t\t\t\t\t\t\t\t\t<div class=\"t-overlay-content\">\n\t\t\t\t\t\t\t\t\t\t\t\t\t\t\t<div class=\"t-overlay-text single-block-padding\"><div class=\"t-entry\"><h2 class=\"t-entry-title h2 font-weight-700 title-scale\">Pure Breath<\/h2><\/div><\/div><\/div><\/div><\/div><img decoding=\"async\" class=\"wp-image-4533\" src=\"https:\/\/www.oxygenworldwide.com\/wp-content\/uploads\/2022\/11\/breath.jpg\" width=\"1000\" height=\"1000\" alt=\"\" srcset=\"https:\/\/www.oxygenworldwide.com\/wp-content\/uploads\/2022\/11\/breath.jpg 1000w, https:\/\/www.oxygenworldwide.com\/wp-content\/uploads\/2022\/11\/breath-300x300.jpg 300w, https:\/\/www.oxygenworldwide.com\/wp-content\/uploads\/2022\/11\/breath-150x150.jpg 150w, https:\/\/www.oxygenworldwide.com\/wp-content\/uploads\/2022\/11\/breath-768x768.jpg 768w, https:\/\/www.oxygenworldwide.com\/wp-content\/uploads\/2022\/11\/breath-60x60.jpg 60w, https:\/\/www.oxygenworldwide.com\/wp-content\/uploads\/2022\/11\/breath-350x350.jpg 350w, https:\/\/www.oxygenworldwide.com\/wp-content\/uploads\/2022\/11\/breath-348x348.jpg 348w\" sizes=\"(max-width: 1000px) 100vw, 1000px\" \/><\/a><\/div>\n\t\t\t\t\t<\/div>\n\t\t\t\t<\/div><\/div><\/div>\t\t\t<\/div>\n\t\t\t\t\t<\/div>\n\n\t\n\t\n\t\n<\/div>\n\n<\/div><\/div><\/div><\/div><\/div><script id=\"script-row-unique-1\" data-row=\"script-row-unique-1\" type=\"text\/javascript\" class=\"vc_controls\">UNCODE.initRow(document.getElementById(\"row-unique-1\"));<\/script><\/div><\/div><\/div>\n<\/div>","protected":false},"excerpt":{"rendered":"OxygenWorldwide hat eine deutliche Ver\u00e4nderung im Buchungsverhalten festgestellt: Der Konflikt im Nahen Osten veranlasst immer mehr Kunden dazu, sich f\u00fcr [...]","protected":false},"author":6,"featured_media":4524,"parent":0,"menu_order":0,"comment_status":"closed","ping_status":"closed","template":"","meta":{"iawp_total_views":2413,"footnotes":""},"class_list":["post-4113","page","type-page","status-publish","has-post-thumbnail","hentry","page_category-news"],"_links":{"self":[{"href":"https:\/\/www.oxygenworldwide.com\/de\/wp-json\/wp\/v2\/pages\/4113","targetHints":{"allow":["GET"]}}],"collection":[{"href":"https:\/\/www.oxygenworldwide.com\/de\/wp-json\/wp\/v2\/pages"}],"about":[{"href":"https:\/\/www.oxygenworldwide.com\/de\/wp-json\/wp\/v2\/types\/page"}],"author":[{"embeddable":true,"href":"https:\/\/www.oxygenworldwide.com\/de\/wp-json\/wp\/v2\/users\/6"}],"replies":[{"embeddable":true,"href":"https:\/\/www.oxygenworldwide.com\/de\/wp-json\/wp\/v2\/comments?post=4113"}],"version-history":[{"count":21,"href":"https:\/\/www.oxygenworldwide.com\/de\/wp-json\/wp\/v2\/pages\/4113\/revisions"}],"predecessor-version":[{"id":8426,"href":"https:\/\/www.oxygenworldwide.com\/de\/wp-json\/wp\/v2\/pages\/4113\/revisions\/8426"}],"wp:featuredmedia":[{"embeddable":true,"href":"https:\/\/www.oxygenworldwide.com\/de\/wp-json\/wp\/v2\/media\/4524"}],"wp:attachment":[{"href":"https:\/\/www.oxygenworldwide.com\/de\/wp-json\/wp\/v2\/media?parent=4113"}],"curies":[{"name":"wp","href":"https:\/\/api.w.org\/{rel}","templated":true}]}}