{"id":4372,"date":"2022-11-15T12:00:21","date_gmt":"2022-11-15T12:00:21","guid":{"rendered":"https:\/\/www.oxygenworldwide.com\/?page_id=4372"},"modified":"2025-11-07T11:28:18","modified_gmt":"2025-11-07T11:28:18","slug":"kundenmeinungen","status":"publish","type":"page","link":"https:\/\/www.oxygenworldwide.com\/de\/services\/what-our-clients-say\/","title":{"rendered":"Kundenmeinungen"},"content":{"rendered":"<div class=\"wpb-content-wrapper\"><div data-parent=\"true\" class=\"vc_row has-bg need-focus style-color-lxmt-bg row-container\" id=\"row-unique-0\"><div class=\"row one-top-padding single-bottom-padding single-h-padding limit-width row-parent\"><div class=\"wpb_row row-inner\"><div class=\"wpb_column pos-top pos-center align_center column_parent col-lg-12 single-internal-gutter\"><div class=\"uncol style-light animate_when_almost_visible zoom-in\"  ><div class=\"uncoltable\"><div class=\"uncell no-block-padding\" ><div class=\"uncont\" ><div class=\"vc_custom_heading_wrap\"><div class=\"heading-text el-text\" ><h1 class=\"h1 text-accent-color\" ><span>Kundenmeinungen<\/span><\/h1><\/div><div class=\"clear\"><\/div><\/div><\/div><\/div><\/div><\/div><\/div><script id=\"script-row-unique-0\" data-row=\"script-row-unique-0\" type=\"text\/javascript\" class=\"vc_controls\">UNCODE.initRow(document.getElementById(\"row-unique-0\"));<\/script><\/div><\/div><\/div><div data-parent=\"true\" class=\"vc_row row-container\" id=\"row-unique-1\"><div class=\"row single-top-padding single-bottom-padding single-h-padding limit-width row-parent\" data-height-ratio=\"5\"><div class=\"wpb_row row-inner\"><div class=\"wpb_column pos-top pos-center align_left column_parent col-lg-12 single-internal-gutter\"><div class=\"uncol style-light sticky-element sticky-sidebar animate_when_almost_visible top-t-bottom\"  ><div class=\"uncoltable\"><div class=\"uncell no-block-padding\" ><div class=\"uncont\" ><div class=\"uncode-single-media  text-left\"><div class=\"single-wrapper\" style=\"max-width: 100%;\"><div class=\"tmb tmb-light  img-round img-round-xl tmb-media-first tmb-media-last tmb-content-overlay tmb-no-bg\"><div class=\"t-inside\"><div class=\"t-entry-visual\"><div class=\"t-entry-visual-tc\"><div class=\"uncode-single-media-wrapper img-round img-round-xl\"><img decoding=\"async\" class=\"wp-image-4778\" src=\"https:\/\/www.oxygenworldwide.com\/wp-content\/uploads\/2023\/03\/clients-say.jpg\" width=\"1333\" height=\"333\" alt=\"Kundenmeinungen\" srcset=\"https:\/\/www.oxygenworldwide.com\/wp-content\/uploads\/2023\/03\/clients-say.jpg 1333w, https:\/\/www.oxygenworldwide.com\/wp-content\/uploads\/2023\/03\/clients-say-300x75.jpg 300w, https:\/\/www.oxygenworldwide.com\/wp-content\/uploads\/2023\/03\/clients-say-1024x256.jpg 1024w, https:\/\/www.oxygenworldwide.com\/wp-content\/uploads\/2023\/03\/clients-say-768x192.jpg 768w, https:\/\/www.oxygenworldwide.com\/wp-content\/uploads\/2023\/03\/clients-say-18x4.jpg 18w, https:\/\/www.oxygenworldwide.com\/wp-content\/uploads\/2023\/03\/clients-say-350x87.jpg 350w\" sizes=\"(max-width: 1333px) 100vw, 1333px\" \/><\/div>\n\t\t\t\t\t<\/div>\n\t\t\t\t<\/div><\/div><\/div><\/div><\/div><\/div><\/div><\/div><\/div><\/div><script id=\"script-row-unique-1\" data-row=\"script-row-unique-1\" type=\"text\/javascript\" class=\"vc_controls\">UNCODE.initRow(document.getElementById(\"row-unique-1\"));<\/script><\/div><\/div><\/div><div data-parent=\"true\" class=\"vc_row row-container\" id=\"row-unique-2\"><div class=\"row one-top-padding single-bottom-padding single-h-padding limit-width row-parent\"><div class=\"wpb_row row-inner\"><div class=\"wpb_column pos-top pos-center align_left column_parent col-lg-12 single-internal-gutter\"><div class=\"uncol style-light sticky-element sticky-sidebar animate_when_almost_visible left-t-right\"  ><div class=\"uncoltable\"><div class=\"uncell no-block-padding\" ><div class=\"uncont\" ><div class=\"uncode-wrapper uncode-list spacingworld\" >\n<ul class=\"icons\">\n<li><i class=\"fa fa-world text-color-108971-color\"><\/i><em>Die Versorgung war optimal, ich darf mich f\u00fcr den guten Service bei Ihnen recht herzlich bedanken. &#8211; October 2023\u201e<\/em><\/li>\n<li><i class=\"fa fa-world text-color-108971-color\"><\/i><em>&#8220;Ich w\u00fcrde es auf jeden Fall wieder in Anspruch nehmen. Die Antworten, die ich auf meine Fragen und Bedenken erhielt, wurden schnell beantwortet und bearbeitet, und ich hatte die Gewissheit, dass ich bei meiner Ankunft die Sauerstoffflasche bereithalten w\u00fcrde. Wunderbarer Dienstleister.\u201c<\/em> &#8211; April 2023<\/li>\n<li><i class=\"fa fa-world text-color-108971-color\"><\/i><em>&#8220;Super Service! Gerne wieder! Sch\u00f6n ein Partner zu haben auf den man sich verlassen kann. Ist ja nun auch wichtig versorgt zu sein. &#8220;<\/em> &#8211; August 2022<\/li>\n<li><i class=\"fa fa-world text-color-108971-color\"><\/i><em>\u201eDies ist das erste Mal, dass es uns gelungen ist, Sauerstoff f\u00fcr meinen Mann zu besorgen, und es war eine erstaunliche Verbesserung unserer Reise. Sie haben uns einen hervorragenden und professionellen Service geboten, und wir wissen das wirklich zu sch\u00e4tzen!\u201c<\/em> &#8211; August 2022<\/li>\n<li><i class=\"fa fa-world text-color-108971-color\"><\/i><em>\u201eDer Service war effizient und zuverl\u00e4ssig\u201c<\/em> &#8211; Juli 2022<\/li>\n<li><i class=\"fa fa-world text-color-108971-color\"><\/i><em>\u201eIch werde Sie jedem empfehlen, den ich kenne, der Ihren Service ben\u00f6tigt\u201c<\/em> &#8211; Juni 2022<\/li>\n<\/ul>\n<\/div><\/div><\/div><\/div><\/div><\/div><script id=\"script-row-unique-2\" data-row=\"script-row-unique-2\" type=\"text\/javascript\" class=\"vc_controls\">UNCODE.initRow(document.getElementById(\"row-unique-2\"));<\/script><\/div><\/div><\/div><div data-parent=\"true\" class=\"vc_row row-container\" id=\"row-unique-3\"><div class=\"row single-top-padding single-bottom-padding single-h-padding limit-width row-parent\" data-height-ratio=\"5\"><div class=\"wpb_row row-inner\"><div class=\"wpb_column pos-top pos-center align_left column_parent col-lg-12 single-internal-gutter\"><div class=\"uncol style-light sticky-element sticky-sidebar animate_when_almost_visible top-t-bottom\"  ><div class=\"uncoltable\"><div class=\"uncell no-block-padding\" ><div class=\"uncont\" ><div class=\"vc_row row-internal row-container\"><div class=\"row row-child\"><div class=\"wpb_row row-inner\"><div class=\"wpb_column pos-top pos-center align_left column_parent col-lg-12 single-internal-gutter\"><div class=\"uncol style-light\"  ><div class=\"uncoltable\"><div class=\"uncell no-block-padding\" ><div class=\"uncont\" ><span class=\"btn-container btn-block\" ><a role=\"button\"  href=\"https:\/\/www.oxygenworldwide.com\/de\/kontakt\/anfragen\/\" class=\"custom-link btn btn-lg border-width-0 btn-color-133983 btn-block btn-no-scale btn-icon-left\">Senden Sie hier Ihre unverbindliche Anfrage<\/a><\/span><\/div><\/div><\/div><\/div><\/div><\/div><\/div><\/div><\/div><\/div><\/div><\/div><\/div><script id=\"script-row-unique-3\" data-row=\"script-row-unique-3\" type=\"text\/javascript\" class=\"vc_controls\">UNCODE.initRow(document.getElementById(\"row-unique-3\"));<\/script><\/div><\/div><\/div><div data-parent=\"true\" class=\"vc_row has-bg need-focus style-color-108971-bg row-container\" id=\"row-unique-8\"><div class=\"row double-top-padding double-bottom-padding single-h-padding limit-width row-parent\"><div class=\"wpb_row row-inner\"><div class=\"wpb_column pos-top pos-center align_left column_parent col-lg-4 half-internal-gutter\"><div class=\"uncol style-light\"  ><div class=\"uncoltable\"><div class=\"uncell no-block-padding\" ><div class=\"uncont\" ><div class=\"animate_when_almost_visible bottom-t-top icon-box icon-box-top\" ><div class=\"icon-box-icon fa-container\" ><a role=\"button\" href=\"https:\/\/www.oxygenworldwide.com\/de\/kontakt\/anfragen\/\" target=\"_blank\" class=\"text-accent-color custom-link\"><i class=\"fa fa-world fa-4x fa-fw\"><\/i><\/a><\/div><div class=\"icon-box-content\"><div class=\"icon-box-heading icon-box-fa-4x\"><h3 class=\"h2\"><a role=\"button\" href=\"https:\/\/www.oxygenworldwide.com\/de\/kontakt\/anfragen\/\" target=\"_blank\">OXYGEN f\u00fcr meinen Urlaub<\/a><\/h3><\/div><p>Sie k\u00f6nnen ein unverbindliches Angebot f\u00fcr Sauerstoffdienstleistungen im Ausland anfordern.Puede solicitar un presupuesto sin compromiso para servicios de ox\u00edgeno en el extranjero.<\/p>\n<\/div><\/div><\/div><\/div><\/div><\/div><\/div><div class=\"wpb_column pos-top pos-center align_left column_parent col-lg-4 single-internal-gutter\"><div class=\"uncol style-light\"  ><div class=\"uncoltable\"><div class=\"uncell no-block-padding\" ><div class=\"uncont\" ><div class=\"animate_when_almost_visible bottom-t-top icon-box icon-box-top\" ><div class=\"icon-box-icon fa-container\" ><a role=\"button\" href=\"https:\/\/www.oxygenworldwide.com\/de\/ehic\/\" class=\"text-accent-color custom-link\"><i class=\"fa fa-medkit fa-4x fa-fw\"><\/i><\/a><\/div><div class=\"icon-box-content\"><div class=\"icon-box-heading icon-box-fa-4x\"><h3 class=\"h2\"><a role=\"button\" href=\"https:\/\/www.oxygenworldwide.com\/de\/ehic\/\">EHIC<\/a><\/h3><\/div><p>Wir haben einen speziellen Service f\u00fcr die Erstausstattung des medizinischen Sauerstoffs an Ihrem Reiseziel eingerichtet, damit Sie sich keine Sorgen machen m\u00fcssen.<\/p>\n<\/div><\/div><\/div><\/div><\/div><\/div><\/div><div class=\"wpb_column pos-top pos-center align_left column_parent col-lg-4 single-internal-gutter\"><div class=\"uncol style-light animate_when_almost_visible bottom-t-top\"  ><div class=\"uncoltable\"><div class=\"uncell no-block-padding\" ><div class=\"uncont\" ><div class=\"icon-box icon-box-top\" ><div class=\"icon-box-icon fa-container\" ><a role=\"button\" href=\"https:\/\/www.oxygenworldwide.com\/de\/blog\/\" class=\"text-accent-color custom-link\"><i class=\"fa fa-bubble fa-4x fa-fw\"><\/i><\/a><\/div><div class=\"icon-box-content\"><div class=\"icon-box-heading icon-box-fa-4x\"><h3 class=\"h2\"><a role=\"button\" href=\"https:\/\/www.oxygenworldwide.com\/de\/blog\/\">Lesen Sie unseren Blog<\/a><\/h3><\/div><p>Erfahren Sie alle Neuigkeiten und Updates \u00fcber Reisen mit Sauerstoff.<\/p>\n<\/div><\/div><\/div><\/div><\/div><\/div><\/div><script id=\"script-row-unique-8\" data-row=\"script-row-unique-8\" type=\"text\/javascript\" class=\"vc_controls\">UNCODE.initRow(document.getElementById(\"row-unique-8\"));<\/script><\/div><\/div><\/div>\n<\/div>","protected":false},"excerpt":{"rendered":"What Our Clients Say Die Versorgung war optimal, ich darf mich f\u00fcr den guten Service bei Ihnen recht herzlich bedanken. [...]","protected":false},"author":6,"featured_media":4778,"parent":4105,"menu_order":0,"comment_status":"closed","ping_status":"closed","template":"","meta":{"iawp_total_views":375,"footnotes":""},"class_list":["post-4372","page","type-page","status-publish","has-post-thumbnail","hentry","page_category-services"],"_links":{"self":[{"href":"https:\/\/www.oxygenworldwide.com\/de\/wp-json\/wp\/v2\/pages\/4372","targetHints":{"allow":["GET"]}}],"collection":[{"href":"https:\/\/www.oxygenworldwide.com\/de\/wp-json\/wp\/v2\/pages"}],"about":[{"href":"https:\/\/www.oxygenworldwide.com\/de\/wp-json\/wp\/v2\/types\/page"}],"author":[{"embeddable":true,"href":"https:\/\/www.oxygenworldwide.com\/de\/wp-json\/wp\/v2\/users\/6"}],"replies":[{"embeddable":true,"href":"https:\/\/www.oxygenworldwide.com\/de\/wp-json\/wp\/v2\/comments?post=4372"}],"version-history":[{"count":25,"href":"https:\/\/www.oxygenworldwide.com\/de\/wp-json\/wp\/v2\/pages\/4372\/revisions"}],"predecessor-version":[{"id":6434,"href":"https:\/\/www.oxygenworldwide.com\/de\/wp-json\/wp\/v2\/pages\/4372\/revisions\/6434"}],"up":[{"embeddable":true,"href":"https:\/\/www.oxygenworldwide.com\/de\/wp-json\/wp\/v2\/pages\/4105"}],"wp:featuredmedia":[{"embeddable":true,"href":"https:\/\/www.oxygenworldwide.com\/de\/wp-json\/wp\/v2\/media\/4778"}],"wp:attachment":[{"href":"https:\/\/www.oxygenworldwide.com\/de\/wp-json\/wp\/v2\/media?parent=4372"}],"curies":[{"name":"wp","href":"https:\/\/api.w.org\/{rel}","templated":true}]}}