{"id":4483,"date":"2022-11-21T09:47:26","date_gmt":"2022-11-21T09:47:26","guid":{"rendered":"https:\/\/www.oxygenworldwide.com\/?page_id=4483"},"modified":"2025-11-07T11:25:09","modified_gmt":"2025-11-07T11:25:09","slug":"faq","status":"publish","type":"page","link":"https:\/\/www.oxygenworldwide.com\/de\/help\/faq\/","title":{"rendered":"FAQ"},"content":{"rendered":"<div class=\"wpb-content-wrapper\"><div data-parent=\"true\" class=\"vc_row has-bg need-focus style-color-lxmt-bg row-container\" id=\"row-unique-0\"><div class=\"row one-top-padding single-bottom-padding single-h-padding limit-width row-parent\"><div class=\"wpb_row row-inner\"><div class=\"wpb_column pos-top pos-center align_center column_parent col-lg-12 single-internal-gutter\"><div class=\"uncol style-light animate_when_almost_visible zoom-in\"  ><div class=\"uncoltable\"><div class=\"uncell no-block-padding\" ><div class=\"uncont\" ><div class=\"vc_custom_heading_wrap\"><div class=\"heading-text el-text\" ><h1 class=\"h1 text-accent-color\" ><span>FAQ<\/span><\/h1><\/div><div class=\"clear\"><\/div><\/div><\/div><\/div><\/div><\/div><\/div><script id=\"script-row-unique-0\" data-row=\"script-row-unique-0\" type=\"text\/javascript\" class=\"vc_controls\">UNCODE.initRow(document.getElementById(\"row-unique-0\"));<\/script><\/div><\/div><\/div><div data-parent=\"true\" class=\"vc_row inverted-device-order row-container\" id=\"row-unique-1\"><div class=\"row single-top-padding double-bottom-padding single-h-padding limit-width row-parent\"><div class=\"wpb_row row-inner\"><div class=\"wpb_column pos-top pos-center align_left column_parent col-lg-8 single-internal-gutter\"><div class=\"uncol style-light sticky-element sticky-sidebar animate_when_almost_visible left-t-right\"  ><div class=\"uncoltable\"><div class=\"uncell no-block-padding\" ><div class=\"uncont\" ><div class=\"uncode-accordion wpb_accordion wpb_content_element  sign-size-rg default-typography w-border\" data-collapsible=\"no\" data-target=\"\" data-active-tab=\"0\" >\n\t\t<div class=\"panel-group wpb_wrapper wpb_accordion_wrapper\" id=\"accordion_870930301\" data-no-toggle=\"\">\n\n<div class=\"panel panel-default wpb_accordion_section group  no-block-padding\"><div class=\"panel-heading wpb_accordion_header ui-accordion-header\"><p class=\"panel-title font-weight- text-   icon-size-rg\"><a data-toggle=\"collapse\" data-parent=\"#accordion_870930301\" href=\"#1669023947-1-65\"><span>Wohin k\u00f6nnen Sie Sauerstoff liefern?<\/span><\/a><\/p><\/div><div id=\"1669023947-1-65\" class=\"panel-collapse collapse\"><div class=\"panel-body wpb_accordion_content ui-accordion-content half-internal-gutter single-block-padding\">\n\t\t\t\t\t\t<div class=\"uncode_text_column\" ><p>Grunds\u00e4tzlich k\u00f6nnen wir weltweit Sauerstoff liefern, angesichts der verschiedenen Sicherheitsstandards m\u00f6chten wir Sie jedoch dringend bitten, uns zu kontaktieren, bevor Sie Reisepl\u00e4ne machen oder Ihre Reise buchen, um sicherzugehen, dass der Sauerstoff auch an das von Ihnen gew\u00fcnschte Ziel geliefert werden kann.<\/p>\n<\/div><\/div><\/div><\/div><div class=\"panel panel-default wpb_accordion_section group  no-block-padding\"><div class=\"panel-heading wpb_accordion_header ui-accordion-header\"><p class=\"panel-title font-weight- text-   icon-size-rg\"><a data-toggle=\"collapse\" data-parent=\"#accordion_870930301\" href=\"#1669023947-2-52\"><span>Was sind die Kosten?<\/span><\/a><\/p><\/div><div id=\"1669023947-2-52\" class=\"panel-collapse collapse\"><div class=\"panel-body wpb_accordion_content ui-accordion-content half-internal-gutter single-block-padding\">\n\t\t\t\t\t\t<div class=\"uncode_text_column\" ><p>Sie erhalten ein Angebot mit einem ma\u00dfgeschneiderten Preis abh\u00e4ngig vom Ziel, von der Art des Sauerstoffs und den anderen Diensten, die Sie eventuell ben\u00f6tigen. Bitte faxen oder mailen Sie uns die erforderlichen Details, wir werden Ihnen dann eine Preisangabe auf Grundlage Ihrer besonderen Bed\u00fcrfnisse zukommen lassen.<\/p>\n<\/div><\/div><\/div><\/div><div class=\"panel panel-default wpb_accordion_section group  no-block-padding\"><div class=\"panel-heading wpb_accordion_header ui-accordion-header\"><p class=\"panel-title font-weight- text-   icon-size-rg\"><a data-toggle=\"collapse\" data-parent=\"#accordion_870930301\" href=\"#1669024137214-2-0\"><span>Welche Details ben\u00f6tigen Sie, um mir ein Angebot zu machen?<\/span><\/a><\/p><\/div><div id=\"1669024137214-2-0\" class=\"panel-collapse collapse\"><div class=\"panel-body wpb_accordion_content ui-accordion-content half-internal-gutter single-block-padding\">\n\t\t\t\t\t\t<div class=\"uncode_text_column\" ><p>Um ein unverbindliches Angebot zu erhalten, f\u00fcllen Sie einfach das Formular auf dieser Website aus (\u201e<a href=\"https:\/\/www.oxygenworldwide.com\/de\/kontakt\/anfragen\">Anfragen<\/a>&#8220;). Wenn Sie sich dann entscheiden, einen Auftrag zu erteilen, werden wir Sie um weitere Informationen bitten.<\/p>\n<\/div><\/div><\/div><\/div><div class=\"panel panel-default wpb_accordion_section group  no-block-padding\"><div class=\"panel-heading wpb_accordion_header ui-accordion-header\"><p class=\"panel-title font-weight- text-   icon-size-rg\"><a data-toggle=\"collapse\" data-parent=\"#accordion_870930301\" href=\"#1669024288642-3-0\"><span>Kann ich meine eigenen kleinen Sauerstoffzylinder mit mir auf die Reise nehmen und kann OxygenWorldwide.com diese dann am Ziel auff\u00fcllen?<\/span><\/a><\/p><\/div><div id=\"1669024288642-3-0\" class=\"panel-collapse collapse\"><div class=\"panel-body wpb_accordion_content ui-accordion-content half-internal-gutter single-block-padding\">\n\t\t\t\t\t\t<div class=\"uncode_text_column\" ><p>Das Bef\u00fcllen von Flaschen oder Beh\u00e4ltern Dritter ist nirgendwo m\u00f6glich.<\/p>\n<\/div><\/div><\/div><\/div><div class=\"panel panel-default wpb_accordion_section group  no-block-padding\"><div class=\"panel-heading wpb_accordion_header ui-accordion-header\"><p class=\"panel-title font-weight- text-   icon-size-rg\"><a data-toggle=\"collapse\" data-parent=\"#accordion_870930301\" href=\"#1669024323204-4-4\"><span>Was, wenn ich fr\u00fcher oder sp\u00e4ter als urspr\u00fcnglich geplant an- oder abreise?<\/span><\/a><\/p><\/div><div id=\"1669024323204-4-4\" class=\"panel-collapse collapse\"><div class=\"panel-body wpb_accordion_content ui-accordion-content half-internal-gutter single-block-padding\">\n\t\t\t\t\t\t<div class=\"uncode_text_column\" ><p>Wenn Sie sich dazu entscheiden, wenden Sie sich bitte an uns, sobald Sie Ihre neuen Reisedaten kennen. So k\u00f6nnen wir Ihre Versicherung und\/oder Ihre Sauerstofflieferanten informieren.<\/p>\n<\/div><\/div><\/div><\/div><div class=\"panel panel-default wpb_accordion_section group  no-block-padding\"><div class=\"panel-heading wpb_accordion_header ui-accordion-header\"><p class=\"panel-title font-weight- text-   icon-size-rg\"><a data-toggle=\"collapse\" data-parent=\"#accordion_870930301\" href=\"#1669024352565-5-3\"><span>Ich leide unter der Horton-Neuralgie und ben\u00f6tige mehr Sauerstoff als \u00fcblich (7 - 15 l\/min.). Kann das arrangiert werden?<\/span><\/a><\/p><\/div><div id=\"1669024352565-5-3\" class=\"panel-collapse collapse\"><div class=\"panel-body wpb_accordion_content ui-accordion-content half-internal-gutter single-block-padding\">\n\t\t\t\t\t\t<div class=\"uncode_text_column\" ><p>Wenn Sie dies bei Ihrer Anfrage angeben, wird es kein Problem geben.<\/p>\n<\/div><\/div><\/div><\/div><div class=\"panel panel-default wpb_accordion_section group  no-block-padding\"><div class=\"panel-heading wpb_accordion_header ui-accordion-header\"><p class=\"panel-title font-weight- text-   icon-size-rg\"><a data-toggle=\"collapse\" data-parent=\"#accordion_870930301\" href=\"#1669024382278-6-7\"><span>Wie finde ich Sie am Flughafen?<\/span><\/a><\/p><\/div><div id=\"1669024382278-6-7\" class=\"panel-collapse collapse\"><div class=\"panel-body wpb_accordion_content ui-accordion-content half-internal-gutter single-block-padding\">\n\t\t\t\t\t\t<div class=\"uncode_text_column\" ><p>Sie m\u00fcssen uns nicht suchen. Wir warten an der Flugzeugt\u00fcre auf Sie.<\/p>\n<\/div><\/div><\/div><\/div><div class=\"panel panel-default wpb_accordion_section group  no-block-padding\"><div class=\"panel-heading wpb_accordion_header ui-accordion-header\"><p class=\"panel-title font-weight- text-   icon-size-rg\"><a data-toggle=\"collapse\" data-parent=\"#accordion_870930301\" href=\"#1669024477022-9-2\"><span>Stimmt es, dass eine Trommel mit fl\u00fcssigem Sauerstoff nach einiger Zeit von selbst leer wird und dass das nicht f\u00fcr Zylinder gilt?<\/span><\/a><\/p><\/div><div id=\"1669024477022-9-2\" class=\"panel-collapse collapse\"><div class=\"panel-body wpb_accordion_content ui-accordion-content half-internal-gutter single-block-padding\">\n\t\t\t\t\t\t<div class=\"uncode_text_column\" ><p>Trommeln mit Fl\u00fcssigsauerstoff verf\u00fcgen \u00fcber ein \u00dcberdruckventil. Bewegung, Temperatur\u00e4nderung usw. verwandeln den fl\u00fcssigen Sauerstoff in Gas (O2), das \u00fcber das \u00dcberdruckventil aus der Trommel entweichen kann. Das passiert bei Zylindern nicht.<\/p>\n<\/div><\/div><\/div><\/div><div class=\"panel panel-default wpb_accordion_section group  no-block-padding\"><div class=\"panel-heading wpb_accordion_header ui-accordion-header\"><p class=\"panel-title font-weight- text-   icon-size-rg\"><a data-toggle=\"collapse\" data-parent=\"#accordion_870930301\" href=\"#1669024508031-10-0\"><span>Ich benutze zuhause einen so genannten Top-Loader (Top-Fill, ein Tank mit fl\u00fcssigem Sauerstoff, in den das mobile Set gef\u00fcllt werden kann). Ich m\u00f6chte per Bus nach Spanien reisen und meine eigene mobile Sauerstoffeinheit mitnehmen. Kann ich diese Sauerstoffeinheit in Spanien auff\u00fcllen, bevor ich nach Hause fahre?<\/span><\/a><\/p><\/div><div id=\"1669024508031-10-0\" class=\"panel-collapse collapse\"><div class=\"panel-body wpb_accordion_content ui-accordion-content half-internal-gutter single-block-padding\">\n\t\t\t\t\t\t<div class=\"uncode_text_column\" ><p>Grunds\u00e4tzlich ist das m\u00f6glich, dies ist jedoch vom Lieferanten und der Region, in die Sie reisen, abh\u00e4ngig.<\/p>\n<\/div><\/div><\/div><\/div><div class=\"panel panel-default wpb_accordion_section group  no-block-padding\"><div class=\"panel-heading wpb_accordion_header ui-accordion-header\"><p class=\"panel-title font-weight- text-   icon-size-rg\"><a data-toggle=\"collapse\" data-parent=\"#accordion_870930301\" href=\"#1678893427061-9-10\"><span>Mir wurde gesagt, dass es in Spanien h\u00e4ufig Stromausf\u00e4lle gibt. Ich verwende Sauerstoffger\u00e4te mit einem Konzentrator (einem elektrischen Ger\u00e4t, das Sauerstoff aus der Luft extrahiert oder konzentriert). Welche L\u00f6sung bieten Sie an, sollte es einen Stromausfall geben?<\/span><\/a><\/p><\/div><div id=\"1678893427061-9-10\" class=\"panel-collapse collapse\"><div class=\"panel-body wpb_accordion_content ui-accordion-content half-internal-gutter single-block-padding\">\n\t\t\t\t\t\t<div class=\"uncode_text_column\" ><p>Zus\u00e4tzlich zu dem Konzentrator liefern wir einen Notfallzylinder, genauso, wie es auch bei fl\u00fcssigem Sauerstoff erfolgt.<\/p>\n<\/div><\/div><\/div><\/div><div class=\"panel panel-default wpb_accordion_section group  no-block-padding\"><div class=\"panel-heading wpb_accordion_header ui-accordion-header\"><p class=\"panel-title font-weight- text-   icon-size-rg\"><a data-toggle=\"collapse\" data-parent=\"#accordion_870930301\" href=\"#1678893489475-10-5\"><span>Gibt es eine spezielle Telefonnummer von OxygenWorldwide, die ich im Fall eines Notfalls w\u00e4hrend meines Auslandsaufenthaltes w\u00e4hlen kann?<\/span><\/a><\/p><\/div><div id=\"1678893489475-10-5\" class=\"panel-collapse collapse\"><div class=\"panel-body wpb_accordion_content ui-accordion-content half-internal-gutter single-block-padding\">\n\t\t\t\t\t\t<div class=\"uncode_text_column\" ><p>Nat\u00fcrlich. Wir haben eine Notfallnummer, die wir Ihnen vor Ihrer Abreise geben werden. Wir sind unter dieser Nummer 24 Stunden am Tag, 7 Tage in der Woche erreichbar.<\/p>\n<\/div><\/div><\/div><\/div>\n\t\t<\/div><\/div><div class=\"vc_row row-internal row-container\"><div class=\"row row-child\"><div class=\"wpb_row row-inner\"><div class=\"wpb_column pos-top pos-center align_left column_parent col-lg-12 single-internal-gutter\"><div class=\"uncol style-light\"  ><div class=\"uncoltable\"><div class=\"uncell no-block-padding\" ><div class=\"uncont\" ><span class=\"btn-container btn-block\" ><a role=\"button\"  href=\"https:\/\/www.oxygenworldwide.com\/de\/kontakt\/anfragen\/\" class=\"custom-link btn btn-lg border-width-0 btn-color-133983 btn-block btn-no-scale btn-icon-left\">Senden Sie hier Ihre unverbindliche Anfrage<\/a><\/span><\/div><\/div><\/div><\/div><\/div><\/div><\/div><\/div><\/div><\/div><\/div><\/div><\/div><div class=\"wpb_column pos-top pos-center align_left column_parent col-lg-4 single-internal-gutter\"><div class=\"uncol style-light sticky-element sticky-sidebar animate_when_almost_visible right-t-left\"  ><div class=\"uncoltable\"><div class=\"uncell no-block-padding\" ><div class=\"uncont\" ><div class=\"vc_row row-internal row-container tablet-hidden mobile-hidden\"><div class=\"row row-child\"><div class=\"wpb_row row-inner\"><div class=\"wpb_column pos-top pos-center align_left column_child col-lg-12 single-internal-gutter\"><div class=\"uncol style-light\" ><div class=\"uncoltable\"><div class=\"uncell no-block-padding\" ><div class=\"uncont\" ><div class=\"uncode-single-media  text-left\"><div class=\"single-wrapper\" style=\"max-width: 100%;\"><div class=\"tmb tmb-light  img-circle tmb-media-first tmb-media-last tmb-content-overlay tmb-no-bg\"><div class=\"t-inside\"><div class=\"t-entry-visual\"><div class=\"t-entry-visual-tc\"><div class=\"uncode-single-media-wrapper img-circle\"><img decoding=\"async\" class=\"wp-image-4808\" src=\"https:\/\/www.oxygenworldwide.com\/wp-content\/uploads\/2023\/03\/faq.jpg\" width=\"667\" height=\"667\" alt=\"\" srcset=\"https:\/\/www.oxygenworldwide.com\/wp-content\/uploads\/2023\/03\/faq.jpg 667w, https:\/\/www.oxygenworldwide.com\/wp-content\/uploads\/2023\/03\/faq-300x300.jpg 300w, https:\/\/www.oxygenworldwide.com\/wp-content\/uploads\/2023\/03\/faq-150x150.jpg 150w, https:\/\/www.oxygenworldwide.com\/wp-content\/uploads\/2023\/03\/faq-12x12.jpg 12w, https:\/\/www.oxygenworldwide.com\/wp-content\/uploads\/2023\/03\/faq-60x60.jpg 60w, https:\/\/www.oxygenworldwide.com\/wp-content\/uploads\/2023\/03\/faq-350x350.jpg 350w, https:\/\/www.oxygenworldwide.com\/wp-content\/uploads\/2023\/03\/faq-348x348.jpg 348w\" sizes=\"(max-width: 667px) 100vw, 667px\" \/><\/div>\n\t\t\t\t\t<\/div>\n\t\t\t\t<\/div><\/div><\/div><\/div><\/div><\/div><\/div><\/div><\/div><\/div><\/div><\/div><\/div><div class=\"vc_row inverted-device-order vc_custom_1670241764634 row-internal row-container desktop-hidden mobile-hidden\" style=\"margin-top: -20px ;\"><div class=\"row row-child\"><div class=\"wpb_row row-inner\"><div class=\"wpb_column pos-top pos-center align_center column_child col-lg-12 single-internal-gutter\"><div class=\"uncol style-light\" ><div class=\"uncoltable\"><div class=\"uncell no-block-padding\" ><div class=\"uncont\" ><div class=\"uncode-single-media  text-center\"><div class=\"single-wrapper\" style=\"max-width: 57%;\"><div class=\"tmb tmb-light  img-circle tmb-media-first tmb-media-last tmb-content-overlay tmb-no-bg\"><div class=\"t-inside\"><div class=\"t-entry-visual\"><div class=\"t-entry-visual-tc\"><div class=\"uncode-single-media-wrapper img-circle\"><img decoding=\"async\" class=\"wp-image-4808\" src=\"https:\/\/www.oxygenworldwide.com\/wp-content\/uploads\/2023\/03\/faq.jpg\" width=\"667\" height=\"667\" alt=\"\" srcset=\"https:\/\/www.oxygenworldwide.com\/wp-content\/uploads\/2023\/03\/faq.jpg 667w, https:\/\/www.oxygenworldwide.com\/wp-content\/uploads\/2023\/03\/faq-300x300.jpg 300w, https:\/\/www.oxygenworldwide.com\/wp-content\/uploads\/2023\/03\/faq-150x150.jpg 150w, https:\/\/www.oxygenworldwide.com\/wp-content\/uploads\/2023\/03\/faq-12x12.jpg 12w, https:\/\/www.oxygenworldwide.com\/wp-content\/uploads\/2023\/03\/faq-60x60.jpg 60w, https:\/\/www.oxygenworldwide.com\/wp-content\/uploads\/2023\/03\/faq-350x350.jpg 350w, https:\/\/www.oxygenworldwide.com\/wp-content\/uploads\/2023\/03\/faq-348x348.jpg 348w\" sizes=\"(max-width: 667px) 100vw, 667px\" \/><\/div>\n\t\t\t\t\t<\/div>\n\t\t\t\t<\/div><\/div><\/div><\/div><\/div><\/div><\/div><\/div><\/div><\/div><\/div><\/div><\/div><div class=\"vc_row vc_custom_1670241417802 row-internal row-container desktop-hidden tablet-hidden\" style=\"margin-top: -15px ;\"><div class=\"row row-child\"><div class=\"wpb_row row-inner\"><div class=\"wpb_column pos-top pos-center align_left column_child col-lg-12 single-internal-gutter\"><div class=\"uncol style-light\" ><div class=\"uncoltable\"><div class=\"uncell no-block-padding\" ><div class=\"uncont\" ><div class=\"uncode-single-media  text-left\"><div class=\"single-wrapper\" style=\"max-width: 100%;\"><div class=\"tmb tmb-light  img-circle tmb-media-first tmb-media-last tmb-content-overlay tmb-no-bg\"><div class=\"t-inside\"><div class=\"t-entry-visual\"><div class=\"t-entry-visual-tc\"><div class=\"uncode-single-media-wrapper img-circle\"><img decoding=\"async\" class=\"wp-image-4808\" src=\"https:\/\/www.oxygenworldwide.com\/wp-content\/uploads\/2023\/03\/faq.jpg\" width=\"667\" height=\"667\" alt=\"\" srcset=\"https:\/\/www.oxygenworldwide.com\/wp-content\/uploads\/2023\/03\/faq.jpg 667w, https:\/\/www.oxygenworldwide.com\/wp-content\/uploads\/2023\/03\/faq-300x300.jpg 300w, https:\/\/www.oxygenworldwide.com\/wp-content\/uploads\/2023\/03\/faq-150x150.jpg 150w, https:\/\/www.oxygenworldwide.com\/wp-content\/uploads\/2023\/03\/faq-12x12.jpg 12w, https:\/\/www.oxygenworldwide.com\/wp-content\/uploads\/2023\/03\/faq-60x60.jpg 60w, https:\/\/www.oxygenworldwide.com\/wp-content\/uploads\/2023\/03\/faq-350x350.jpg 350w, https:\/\/www.oxygenworldwide.com\/wp-content\/uploads\/2023\/03\/faq-348x348.jpg 348w\" sizes=\"(max-width: 667px) 100vw, 667px\" \/><\/div>\n\t\t\t\t\t<\/div>\n\t\t\t\t<\/div><\/div><\/div><\/div><\/div><\/div><\/div><\/div><\/div><\/div><\/div><\/div><\/div><\/div><\/div><\/div><\/div><\/div><script id=\"script-row-unique-1\" data-row=\"script-row-unique-1\" type=\"text\/javascript\" class=\"vc_controls\">UNCODE.initRow(document.getElementById(\"row-unique-1\"));<\/script><\/div><\/div><\/div><div data-parent=\"true\" class=\"vc_row has-bg need-focus style-color-108971-bg row-container\" id=\"row-unique-6\"><div class=\"row double-top-padding double-bottom-padding single-h-padding limit-width row-parent\"><div class=\"wpb_row row-inner\"><div class=\"wpb_column pos-top pos-center align_left column_parent col-lg-4 half-internal-gutter\"><div class=\"uncol style-light\"  ><div class=\"uncoltable\"><div class=\"uncell no-block-padding\" ><div class=\"uncont\" ><div class=\"animate_when_almost_visible bottom-t-top icon-box icon-box-top\" ><div class=\"icon-box-icon fa-container\" ><a role=\"button\" href=\"https:\/\/www.oxygenworldwide.com\/de\/kontakt\/anfragen\/\" target=\"_blank\" class=\"text-accent-color custom-link\"><i class=\"fa fa-world fa-4x fa-fw\"><\/i><\/a><\/div><div class=\"icon-box-content\"><div class=\"icon-box-heading icon-box-fa-4x\"><h3 class=\"h2\"><a role=\"button\" href=\"https:\/\/www.oxygenworldwide.com\/de\/kontakt\/anfragen\/\" target=\"_blank\">OXYGEN f\u00fcr meinen Urlaub<\/a><\/h3><\/div><p>Sie k\u00f6nnen ein unverbindliches Angebot f\u00fcr Sauerstoffdienstleistungen im Ausland anfordern.Puede solicitar un presupuesto sin compromiso para servicios de ox\u00edgeno en el extranjero.<\/p>\n<\/div><\/div><\/div><\/div><\/div><\/div><\/div><div class=\"wpb_column pos-top pos-center align_left column_parent col-lg-4 single-internal-gutter\"><div class=\"uncol style-light\"  ><div class=\"uncoltable\"><div class=\"uncell no-block-padding\" ><div class=\"uncont\" ><div class=\"animate_when_almost_visible bottom-t-top icon-box icon-box-top\" ><div class=\"icon-box-icon fa-container\" ><a role=\"button\" href=\"https:\/\/www.oxygenworldwide.com\/de\/ehic\/\" class=\"text-accent-color custom-link\"><i class=\"fa fa-medkit fa-4x fa-fw\"><\/i><\/a><\/div><div class=\"icon-box-content\"><div class=\"icon-box-heading icon-box-fa-4x\"><h3 class=\"h2\"><a role=\"button\" href=\"https:\/\/www.oxygenworldwide.com\/de\/ehic\/\">EHIC<\/a><\/h3><\/div><p>Wir haben einen speziellen Service f\u00fcr die Erstausstattung des medizinischen Sauerstoffs an Ihrem Reiseziel eingerichtet, damit Sie sich keine Sorgen machen m\u00fcssen.<\/p>\n<\/div><\/div><\/div><\/div><\/div><\/div><\/div><div class=\"wpb_column pos-top pos-center align_left column_parent col-lg-4 single-internal-gutter\"><div class=\"uncol style-light animate_when_almost_visible bottom-t-top\"  ><div class=\"uncoltable\"><div class=\"uncell no-block-padding\" ><div class=\"uncont\" ><div class=\"icon-box icon-box-top\" ><div class=\"icon-box-icon fa-container\" ><a role=\"button\" href=\"https:\/\/www.oxygenworldwide.com\/de\/blog\/\" class=\"text-accent-color custom-link\"><i class=\"fa fa-bubble fa-4x fa-fw\"><\/i><\/a><\/div><div class=\"icon-box-content\"><div class=\"icon-box-heading icon-box-fa-4x\"><h3 class=\"h2\"><a role=\"button\" href=\"https:\/\/www.oxygenworldwide.com\/de\/blog\/\">Lesen Sie unseren Blog<\/a><\/h3><\/div><p>Erfahren Sie alle Neuigkeiten und Updates \u00fcber Reisen mit Sauerstoff.<\/p>\n<\/div><\/div><\/div><\/div><\/div><\/div><\/div><script id=\"script-row-unique-6\" data-row=\"script-row-unique-6\" type=\"text\/javascript\" class=\"vc_controls\">UNCODE.initRow(document.getElementById(\"row-unique-6\"));<\/script><\/div><\/div><\/div>\n<\/div>","protected":false},"excerpt":{"rendered":"FAQ Wohin k\u00f6nnen Sie Sauerstoff liefern? Grunds\u00e4tzlich k\u00f6nnen wir weltweit Sauerstoff liefern, angesichts der verschiedenen Sicherheitsstandards m\u00f6chten wir Sie jedoch [...]","protected":false},"author":6,"featured_media":4808,"parent":4111,"menu_order":0,"comment_status":"closed","ping_status":"closed","template":"","meta":{"iawp_total_views":343,"footnotes":""},"class_list":["post-4483","page","type-page","status-publish","has-post-thumbnail","hentry","page_category-help"],"_links":{"self":[{"href":"https:\/\/www.oxygenworldwide.com\/de\/wp-json\/wp\/v2\/pages\/4483","targetHints":{"allow":["GET"]}}],"collection":[{"href":"https:\/\/www.oxygenworldwide.com\/de\/wp-json\/wp\/v2\/pages"}],"about":[{"href":"https:\/\/www.oxygenworldwide.com\/de\/wp-json\/wp\/v2\/types\/page"}],"author":[{"embeddable":true,"href":"https:\/\/www.oxygenworldwide.com\/de\/wp-json\/wp\/v2\/users\/6"}],"replies":[{"embeddable":true,"href":"https:\/\/www.oxygenworldwide.com\/de\/wp-json\/wp\/v2\/comments?post=4483"}],"version-history":[{"count":15,"href":"https:\/\/www.oxygenworldwide.com\/de\/wp-json\/wp\/v2\/pages\/4483\/revisions"}],"predecessor-version":[{"id":5690,"href":"https:\/\/www.oxygenworldwide.com\/de\/wp-json\/wp\/v2\/pages\/4483\/revisions\/5690"}],"up":[{"embeddable":true,"href":"https:\/\/www.oxygenworldwide.com\/de\/wp-json\/wp\/v2\/pages\/4111"}],"wp:featuredmedia":[{"embeddable":true,"href":"https:\/\/www.oxygenworldwide.com\/de\/wp-json\/wp\/v2\/media\/4808"}],"wp:attachment":[{"href":"https:\/\/www.oxygenworldwide.com\/de\/wp-json\/wp\/v2\/media?parent=4483"}],"curies":[{"name":"wp","href":"https:\/\/api.w.org\/{rel}","templated":true}]}}