{"id":4576,"date":"2022-11-24T12:29:05","date_gmt":"2022-11-24T12:29:05","guid":{"rendered":"https:\/\/www.oxygenworldwide.com\/?page_id=4576"},"modified":"2025-11-07T11:24:17","modified_gmt":"2025-11-07T11:24:17","slug":"reisetipps","status":"publish","type":"page","link":"https:\/\/www.oxygenworldwide.com\/de\/general\/travel-tips\/","title":{"rendered":"Reisetipps"},"content":{"rendered":"<div class=\"wpb-content-wrapper\"><div data-parent=\"true\" class=\"vc_row has-bg need-focus style-color-lxmt-bg row-container\" id=\"row-unique-0\"><div class=\"row one-top-padding single-bottom-padding single-h-padding limit-width row-parent\"><div class=\"wpb_row row-inner\"><div class=\"wpb_column pos-top pos-center align_center column_parent col-lg-12 single-internal-gutter\"><div class=\"uncol style-light animate_when_almost_visible zoom-in\"  ><div class=\"uncoltable\"><div class=\"uncell no-block-padding\" ><div class=\"uncont\" ><div class=\"vc_custom_heading_wrap\"><div class=\"heading-text el-text\" ><h1 class=\"h1 text-accent-color\" ><span>Reisetipps<\/span><\/h1><\/div><div class=\"clear\"><\/div><\/div><\/div><\/div><\/div><\/div><\/div><script id=\"script-row-unique-0\" data-row=\"script-row-unique-0\" type=\"text\/javascript\" class=\"vc_controls\">UNCODE.initRow(document.getElementById(\"row-unique-0\"));<\/script><\/div><\/div><\/div><div data-parent=\"true\" class=\"vc_row row-container\" id=\"row-unique-1\"><div class=\"row single-top-padding single-bottom-padding single-h-padding limit-width row-parent\"><div class=\"wpb_row row-inner\"><div class=\"wpb_column pos-top pos-center align_left column_parent col-lg-12 single-internal-gutter\"><div class=\"uncol style-light animate_when_almost_visible top-t-bottom\"  ><div class=\"uncoltable\"><div class=\"uncell no-block-padding\" ><div class=\"uncont\" ><div class=\"uncode-single-media  text-center\"><div class=\"single-wrapper\" style=\"max-width: 100%;\"><div class=\"tmb tmb-light  img-round img-round-lg tmb-media-first tmb-media-last tmb-content-overlay tmb-no-bg\"><div class=\"t-inside\"><div class=\"t-entry-visual\"><div class=\"t-entry-visual-tc\"><div class=\"uncode-single-media-wrapper img-round img-round-lg\"><img decoding=\"async\" class=\"wp-image-4864\" src=\"https:\/\/www.oxygenworldwide.com\/wp-content\/uploads\/2023\/03\/travel-tips-2-copia-2-scaled.jpg\" width=\"2560\" height=\"640\" alt=\"\" srcset=\"https:\/\/www.oxygenworldwide.com\/wp-content\/uploads\/2023\/03\/travel-tips-2-copia-2-scaled.jpg 2560w, https:\/\/www.oxygenworldwide.com\/wp-content\/uploads\/2023\/03\/travel-tips-2-copia-2-300x75.jpg 300w, https:\/\/www.oxygenworldwide.com\/wp-content\/uploads\/2023\/03\/travel-tips-2-copia-2-1024x256.jpg 1024w, https:\/\/www.oxygenworldwide.com\/wp-content\/uploads\/2023\/03\/travel-tips-2-copia-2-768x192.jpg 768w, https:\/\/www.oxygenworldwide.com\/wp-content\/uploads\/2023\/03\/travel-tips-2-copia-2-1536x384.jpg 1536w, https:\/\/www.oxygenworldwide.com\/wp-content\/uploads\/2023\/03\/travel-tips-2-copia-2-2048x512.jpg 2048w, https:\/\/www.oxygenworldwide.com\/wp-content\/uploads\/2023\/03\/travel-tips-2-copia-2-18x5.jpg 18w, https:\/\/www.oxygenworldwide.com\/wp-content\/uploads\/2023\/03\/travel-tips-2-copia-2-350x88.jpg 350w\" sizes=\"(max-width: 2560px) 100vw, 2560px\" \/><\/div>\n\t\t\t\t\t<\/div>\n\t\t\t\t<\/div><\/div><\/div><\/div><\/div><div class=\"uncode_text_column\" ><p>Als Sauerstoffnutzer k\u00f6nnen Sie heutzutage an viele Ziele weltweit reisen. <strong>OxygenWorldwide<\/strong> hilft Ihnen dabei, Ihren Urlaub so sorglos wie m\u00f6glich zu gestalten.<\/p>\n<p>Wie dem auch sei, eine gute Vorbereitung vor dem Urlaub ist wichtig. Hier sind ein paar Tipps:<\/p>\n<\/div><\/div><\/div><\/div><\/div><\/div><script id=\"script-row-unique-1\" data-row=\"script-row-unique-1\" type=\"text\/javascript\" class=\"vc_controls\">UNCODE.initRow(document.getElementById(\"row-unique-1\"));<\/script><\/div><\/div><\/div><div data-parent=\"true\" class=\"vc_row row-container\" id=\"row-unique-2\"><div class=\"row one-top-padding double-bottom-padding single-h-padding limit-width row-parent\"><div class=\"wpb_row row-inner\"><div class=\"wpb_column pos-top pos-center align_left column_parent col-lg-12 single-internal-gutter\"><div class=\"uncol style-light sticky-element sticky-sidebar animate_when_almost_visible right-t-left\"  ><div class=\"uncoltable\"><div class=\"uncell no-block-padding\" ><div class=\"uncont\" ><div class=\"vc_row row-internal row-container\"><div class=\"row row-child\"><div class=\"wpb_row row-inner\"><div class=\"wpb_column pos-top pos-center align_left column_child col-lg-6 single-internal-gutter\"><div class=\"uncol style-light\" ><div class=\"uncoltable\"><div class=\"uncell no-block-padding\" ><div class=\"uncont\" ><div class=\"animate_when_almost_visible left-t-right icon-box icon-box-top\" ><div class=\"icon-box-icon fa-container\" ><span class=\"text-color-213556-color btn-disable-hover\"><i class=\"fa fa-world fa-5x fa-fw\"><\/i><\/span><\/div><div class=\"icon-box-content\"><p class=\"text-top-reduced\">Finden Sie heraus, ob das Klima Ihres Urlaubsziels Ihre Gesundheit beeinflusst. Sonnige und trockene Ziele reduzieren Ihren Sauerstoffbedarf und verbessern die Qualit\u00e4t Ihres Aufenthalts, w\u00e4hrend feuchte Ziele oder St\u00e4dte mit Smog Ihre Atmungsprobleme verschlechtern werden. Auch die Jahreszeit kann wichtig sein. Im Fr\u00fchling, zum Beispiel, ist das Allergierisiko aufgrund der Pollen h\u00f6her. Informationen \u00fcber Urlaubsziele erhalten Sie in Reiseb\u00fcros und Fremdenverkehrs\u00e4mtern.<\/p>\n<\/div><\/div><\/div><\/div><\/div><\/div><\/div><div class=\"wpb_column pos-top pos-center align_left column_child col-lg-6 single-internal-gutter\"><div class=\"uncol style-light\" ><div class=\"uncoltable\"><div class=\"uncell no-block-padding\" ><div class=\"uncont\" ><div class=\"animate_when_almost_visible right-t-left icon-box icon-box-top\" data-delay=\"400\"><div class=\"icon-box-icon fa-container\" ><span class=\"text-color-108971-color btn-disable-hover\"><i class=\"fa fa-world fa-5x fa-fw\"><\/i><\/span><\/div><div class=\"icon-box-content\"><p class=\"text-top-reduced\">Finden Sie heraus, ob Ihre Versicherung f\u00fcr Ihren Sauerstoff w\u00e4hrend Ihres Aufenthalts im Ausland aufkommt.<\/p>\n<\/div><\/div><\/div><\/div><\/div><\/div><\/div><\/div><\/div><\/div><div class=\"vc_row row-internal row-container\"><div class=\"row row-child\"><div class=\"wpb_row row-inner\"><div class=\"wpb_column pos-top pos-center align_left column_child col-lg-6 single-internal-gutter\"><div class=\"uncol style-light\" ><div class=\"uncoltable\"><div class=\"uncell no-block-padding\" ><div class=\"uncont\" ><div class=\"animate_when_almost_visible left-t-right icon-box icon-box-top\" data-delay=\"800\"><div class=\"icon-box-icon fa-container\" ><span class=\"text-color-108971-color btn-disable-hover\"><i class=\"fa fa-world fa-5x fa-fw\"><\/i><\/span><\/div><div class=\"icon-box-content\"><p class=\"text-top-reduced\">Vergewissern Sie sich, dass Ihr Arzt Ihren Trip genehmigt. Gehen Sie zwei Wochen vor der Abreise zu Ihrem Arzt und sprechen Sie mit ihm \u00fcber die Medikamente, die Sie w\u00e4hrend Ihrer Reise ben\u00f6tigen werden. Machen Sie eine Liste der Medikamentennamen und Dosierungen und nehmen Sie die Liste mit. Es ist am besten, wenn Ihr Arzt die Liste mit seiner\/ihrer Unterschrift autorisiert und stempelt, um Probleme mit dem Zoll zu vermeiden. Vergewissern Sie sich, dass Sie eine ausreichende Menge der vertrauten Medikamente mitnehmen. Die Medikamentenzusammensetzung kann in anderen L\u00e4ndern variieren.<\/p>\n<\/div><\/div><\/div><\/div><\/div><\/div><\/div><div class=\"wpb_column pos-top pos-center align_left column_child col-lg-6 single-internal-gutter\"><div class=\"uncol style-light\" ><div class=\"uncoltable\"><div class=\"uncell no-block-padding\" ><div class=\"uncont\" ><div class=\"animate_when_almost_visible right-t-left icon-box icon-box-top\" data-delay=\"1200\"><div class=\"icon-box-icon fa-container\" ><span class=\"text-color-133983-color btn-disable-hover\"><i class=\"fa fa-world fa-5x fa-fw\"><\/i><\/span><\/div><div class=\"icon-box-content\"><p class=\"text-top-reduced\">Informieren Sie die Personen, die mit Ihnen reisen, \u00fcber Ihre medizinische Situation.<\/p>\n<\/div><\/div><\/div><\/div><\/div><\/div><\/div><\/div><\/div><\/div><div class=\"vc_row row-internal row-container\"><div class=\"row row-child\"><div class=\"wpb_row row-inner\"><div class=\"wpb_column pos-top pos-center align_left column_child col-lg-6 single-internal-gutter\"><div class=\"uncol style-light\" ><div class=\"uncoltable\"><div class=\"uncell no-block-padding\" ><div class=\"uncont\" ><div class=\"animate_when_almost_visible left-t-right icon-box icon-box-top\" data-delay=\"1600\"><div class=\"icon-box-icon fa-container\" ><span class=\"text-color-213556-color btn-disable-hover\"><i class=\"fa fa-world fa-5x fa-fw\"><\/i><\/span><\/div><div class=\"icon-box-content\"><p class=\"text-top-reduced\">Wenn Sie mit dem Flugzeug fliegen, \u00fcberpr\u00fcfen Sie bei der Luftfahrtgesellschaft ob es m\u00f6glich ist, w\u00e4hrend des Fluges Sauerstoff zu bekommen und\/oder ob es m\u00f6glich ist, die eigenen Sauerstoffger\u00e4te mitzunehmen.<\/p>\n<\/div><\/div><\/div><\/div><\/div><\/div><\/div><div class=\"wpb_column pos-top pos-center align_left column_child col-lg-6 single-internal-gutter\"><div class=\"uncol style-light\" ><div class=\"uncoltable\"><div class=\"uncell no-block-padding\" ><div class=\"uncont\" ><div class=\"animate_when_almost_visible right-t-left icon-box icon-box-top\" data-delay=\"2000\"><div class=\"icon-box-icon fa-container\" ><span class=\"text-color-108971-color btn-disable-hover\"><i class=\"fa fa-world fa-5x fa-fw\"><\/i><\/span><\/div><div class=\"icon-box-content\"><p class=\"text-top-reduced\">Erkundigen Sie sich bei der Buchung eines Hotels oder Appartements, ob das Management Probleme damit hat, wenn Sie Ihre Sauerstoffger\u00e4te im Zimmer oder Appartement aufbewahren.<\/p>\n<\/div><\/div><\/div><\/div><\/div><\/div><\/div><\/div><\/div><\/div><div class=\"vc_row row-internal row-container\"><div class=\"row row-child\"><div class=\"wpb_row row-inner\"><div class=\"wpb_column pos-top pos-center align_left column_child col-lg-6 single-internal-gutter\"><div class=\"uncol style-light\" ><div class=\"uncoltable\"><div class=\"uncell no-block-padding\" ><div class=\"uncont\" ><div class=\"animate_when_almost_visible left-t-right icon-box icon-box-top\" data-delay=\"2000\"><div class=\"icon-box-icon fa-container\" ><span class=\"text-color-108971-color btn-disable-hover\"><i class=\"fa fa-world fa-5x fa-fw\"><\/i><\/span><\/div><div class=\"icon-box-content\"><p class=\"text-top-reduced\">Vergewissern Sie sich, dass die Unterkunft Ihren besonderen Bed\u00fcrfnissen entspricht. Gibt es einen Aufzug im Hotel? Wie weit ist es zu Fu\u00df zum Strand, zu interessanten Orten und zu \u00f6ffentlichen Verkehrsmitteln? Gibt es eine rund um die Uhr ge\u00f6ffnete Rezeption, an die Sie sich bei Problemen wenden k\u00f6nnen? L\u00e4sst sich Ihr Appartement heizen? Wenn Sie campen, ist Ihr Campingplatz zu feucht oder zu sonnig? Vergewissern Sie sich, dass Ihre Unterkunft nicht von Personen mit Tieren genutzt wurde.<\/p>\n<\/div><\/div><\/div><\/div><\/div><\/div><\/div><div class=\"wpb_column pos-top pos-center align_left column_child col-lg-6 single-internal-gutter\"><div class=\"uncol style-light\" ><div class=\"uncoltable\"><div class=\"uncell no-block-padding\" ><div class=\"uncont\" ><div class=\"animate_when_almost_visible right-t-left icon-box icon-box-top\" data-delay=\"2000\"><div class=\"icon-box-icon fa-container\" ><span class=\"text-color-133983-color btn-disable-hover\"><i class=\"fa fa-world fa-5x fa-fw\"><\/i><\/span><\/div><div class=\"icon-box-content\"><p class=\"text-top-reduced\">Nehmen Sie immer die Telefonnummer von <strong>OxygenWorldwide<\/strong> mit und hinterlassen Sie diese Nummer auch bei Ihrer Familie und\/oder Ihren Freunden zuhause.<\/p>\n<\/div><\/div><\/div><\/div><\/div><\/div><\/div><\/div><\/div><\/div><div class=\"vc_row row-internal row-container\"><div class=\"row row-child\"><div class=\"wpb_row row-inner\"><div class=\"wpb_column pos-top pos-center align_left column_parent col-lg-12 single-internal-gutter\"><div class=\"uncol style-light\"  ><div class=\"uncoltable\"><div class=\"uncell no-block-padding\" ><div class=\"uncont\" ><span class=\"btn-container btn-block\" ><a role=\"button\"  href=\"https:\/\/www.oxygenworldwide.com\/de\/kontakt\/anfragen\/\" class=\"custom-link btn btn-lg border-width-0 btn-color-133983 btn-block btn-no-scale btn-icon-left\">Senden Sie hier Ihre unverbindliche Anfrage<\/a><\/span><\/div><\/div><\/div><\/div><\/div><\/div><\/div><\/div><\/div><\/div><\/div><\/div><\/div><script id=\"script-row-unique-2\" data-row=\"script-row-unique-2\" type=\"text\/javascript\" class=\"vc_controls\">UNCODE.initRow(document.getElementById(\"row-unique-2\"));<\/script><\/div><\/div><\/div><div data-parent=\"true\" class=\"vc_row has-bg need-focus style-color-108971-bg row-container\" id=\"row-unique-7\"><div class=\"row double-top-padding double-bottom-padding single-h-padding limit-width row-parent\"><div class=\"wpb_row row-inner\"><div class=\"wpb_column pos-top pos-center align_left column_parent col-lg-4 half-internal-gutter\"><div class=\"uncol style-light\"  ><div class=\"uncoltable\"><div class=\"uncell no-block-padding\" ><div class=\"uncont\" ><div class=\"animate_when_almost_visible bottom-t-top icon-box icon-box-top\" ><div class=\"icon-box-icon fa-container\" ><a role=\"button\" href=\"https:\/\/www.oxygenworldwide.com\/de\/kontakt\/anfragen\/\" target=\"_blank\" class=\"text-accent-color custom-link\"><i class=\"fa fa-world fa-4x fa-fw\"><\/i><\/a><\/div><div class=\"icon-box-content\"><div class=\"icon-box-heading icon-box-fa-4x\"><h3 class=\"h2\"><a role=\"button\" href=\"https:\/\/www.oxygenworldwide.com\/de\/kontakt\/anfragen\/\" target=\"_blank\">OXYGEN f\u00fcr meinen Urlaub<\/a><\/h3><\/div><p>Sie k\u00f6nnen ein unverbindliches Angebot f\u00fcr Sauerstoffdienstleistungen im Ausland anfordern.Puede solicitar un presupuesto sin compromiso para servicios de ox\u00edgeno en el extranjero.<\/p>\n<\/div><\/div><\/div><\/div><\/div><\/div><\/div><div class=\"wpb_column pos-top pos-center align_left column_parent col-lg-4 single-internal-gutter\"><div class=\"uncol style-light\"  ><div class=\"uncoltable\"><div class=\"uncell no-block-padding\" ><div class=\"uncont\" ><div class=\"animate_when_almost_visible bottom-t-top icon-box icon-box-top\" ><div class=\"icon-box-icon fa-container\" ><a role=\"button\" href=\"https:\/\/www.oxygenworldwide.com\/de\/ehic\/\" class=\"text-accent-color custom-link\"><i class=\"fa fa-medkit fa-4x fa-fw\"><\/i><\/a><\/div><div class=\"icon-box-content\"><div class=\"icon-box-heading icon-box-fa-4x\"><h3 class=\"h2\"><a role=\"button\" href=\"https:\/\/www.oxygenworldwide.com\/de\/ehic\/\">EHIC<\/a><\/h3><\/div><p>Wir haben einen speziellen Service f\u00fcr die Erstausstattung des medizinischen Sauerstoffs an Ihrem Reiseziel eingerichtet, damit Sie sich keine Sorgen machen m\u00fcssen.<\/p>\n<\/div><\/div><\/div><\/div><\/div><\/div><\/div><div class=\"wpb_column pos-top pos-center align_left column_parent col-lg-4 single-internal-gutter\"><div class=\"uncol style-light animate_when_almost_visible bottom-t-top\"  ><div class=\"uncoltable\"><div class=\"uncell no-block-padding\" ><div class=\"uncont\" ><div class=\"icon-box icon-box-top\" ><div class=\"icon-box-icon fa-container\" ><a role=\"button\" href=\"https:\/\/www.oxygenworldwide.com\/de\/blog\/\" class=\"text-accent-color custom-link\"><i class=\"fa fa-bubble fa-4x fa-fw\"><\/i><\/a><\/div><div class=\"icon-box-content\"><div class=\"icon-box-heading icon-box-fa-4x\"><h3 class=\"h2\"><a role=\"button\" href=\"https:\/\/www.oxygenworldwide.com\/de\/blog\/\">Lesen Sie unseren Blog<\/a><\/h3><\/div><p>Erfahren Sie alle Neuigkeiten und Updates \u00fcber Reisen mit Sauerstoff.<\/p>\n<\/div><\/div><\/div><\/div><\/div><\/div><\/div><script id=\"script-row-unique-7\" data-row=\"script-row-unique-7\" type=\"text\/javascript\" class=\"vc_controls\">UNCODE.initRow(document.getElementById(\"row-unique-7\"));<\/script><\/div><\/div><\/div>\n<\/div>","protected":false},"excerpt":{"rendered":"Travel Tips Als Sauerstoffnutzer k\u00f6nnen Sie heutzutage an viele Ziele weltweit reisen. OxygenWorldwide hilft Ihnen dabei, Ihren Urlaub so sorglos [...]","protected":false},"author":6,"featured_media":4864,"parent":4115,"menu_order":0,"comment_status":"closed","ping_status":"closed","template":"","meta":{"iawp_total_views":468,"footnotes":""},"class_list":["post-4576","page","type-page","status-publish","has-post-thumbnail","hentry","page_category-general"],"_links":{"self":[{"href":"https:\/\/www.oxygenworldwide.com\/de\/wp-json\/wp\/v2\/pages\/4576","targetHints":{"allow":["GET"]}}],"collection":[{"href":"https:\/\/www.oxygenworldwide.com\/de\/wp-json\/wp\/v2\/pages"}],"about":[{"href":"https:\/\/www.oxygenworldwide.com\/de\/wp-json\/wp\/v2\/types\/page"}],"author":[{"embeddable":true,"href":"https:\/\/www.oxygenworldwide.com\/de\/wp-json\/wp\/v2\/users\/6"}],"replies":[{"embeddable":true,"href":"https:\/\/www.oxygenworldwide.com\/de\/wp-json\/wp\/v2\/comments?post=4576"}],"version-history":[{"count":7,"href":"https:\/\/www.oxygenworldwide.com\/de\/wp-json\/wp\/v2\/pages\/4576\/revisions"}],"predecessor-version":[{"id":4926,"href":"https:\/\/www.oxygenworldwide.com\/de\/wp-json\/wp\/v2\/pages\/4576\/revisions\/4926"}],"up":[{"embeddable":true,"href":"https:\/\/www.oxygenworldwide.com\/de\/wp-json\/wp\/v2\/pages\/4115"}],"wp:featuredmedia":[{"embeddable":true,"href":"https:\/\/www.oxygenworldwide.com\/de\/wp-json\/wp\/v2\/media\/4864"}],"wp:attachment":[{"href":"https:\/\/www.oxygenworldwide.com\/de\/wp-json\/wp\/v2\/media?parent=4576"}],"curies":[{"name":"wp","href":"https:\/\/api.w.org\/{rel}","templated":true}]}}