{"id":4737,"date":"2023-01-05T12:16:41","date_gmt":"2023-01-05T12:16:41","guid":{"rendered":"https:\/\/www.oxygenworldwide.com\/?page_id=4737"},"modified":"2025-11-07T11:20:26","modified_gmt":"2025-11-07T11:20:26","slug":"ihre-bemerkungen","status":"publish","type":"page","link":"https:\/\/www.oxygenworldwide.com\/de\/contact\/your-comments\/","title":{"rendered":"Ihre Bemerkungen"},"content":{"rendered":"<div class=\"wpb-content-wrapper\"><div data-parent=\"true\" class=\"vc_row has-bg need-focus style-color-lxmt-bg row-container\" id=\"row-unique-0\"><div class=\"row one-top-padding single-bottom-padding single-h-padding limit-width row-parent\"><div class=\"wpb_row row-inner\"><div class=\"wpb_column pos-top pos-center align_center column_parent col-lg-12 single-internal-gutter\"><div class=\"uncol style-light animate_when_almost_visible zoom-in\"  ><div class=\"uncoltable\"><div class=\"uncell no-block-padding\" ><div class=\"uncont\" ><div class=\"vc_custom_heading_wrap\"><div class=\"heading-text el-text\" ><h1 class=\"h1 text-accent-color\" ><span>Ihre Bemerkungen<\/span><\/h1><\/div><div class=\"clear\"><\/div><\/div><\/div><\/div><\/div><\/div><\/div><script id=\"script-row-unique-0\" data-row=\"script-row-unique-0\" type=\"text\/javascript\" class=\"vc_controls\">UNCODE.initRow(document.getElementById(\"row-unique-0\"));<\/script><\/div><\/div><\/div><div data-parent=\"true\" class=\"vc_row inverted-device-order row-container\" id=\"row-unique-1\"><div class=\"row single-top-padding double-bottom-padding single-h-padding limit-width row-parent\"><div class=\"wpb_row row-inner\"><div class=\"wpb_column pos-top pos-center align_left column_parent col-lg-8 single-internal-gutter\"><div class=\"uncol style-light sticky-element sticky-sidebar animate_when_almost_visible left-t-right\"  ><div class=\"uncoltable\"><div class=\"uncell no-block-padding\" ><div class=\"uncont\" ><div class=\"uncode_text_column\" ><p>Das Geheimnis einer besseren Dienstleistung sind Ihre Kommentare.<br \/>\nLieber Kunde, wir m\u00f6chten Ihnen f\u00fcr Ihre wertvollen Gedanken mit hilfreicher Kritik \u00fcber die Dienste von\u00a0<b>OxygenWorldwide<\/b>\u00a0danken. Zur Verbesserung unseres Services m\u00f6chten wir Sie bitten, diesen Fragebogen auszuf\u00fcllen. Vielen Dank f\u00fcr Ihr Interesse.<\/p>\n<\/div>\n<div class=\"wpcf7 no-js\" id=\"wpcf7-f4765-o4\" lang=\"en-US\" dir=\"ltr\" data-wpcf7-id=\"4765\">\n<div class=\"screen-reader-response\"><p role=\"status\" aria-live=\"polite\" aria-atomic=\"true\"><\/p> <ul><\/ul><\/div>\n<form action=\"\/de\/wp-json\/wp\/v2\/pages\/4737#wpcf7-f4765-o4\" method=\"post\" class=\"wpcf7-form init wpcf7-acceptance-as-validation cf7mls-no-scroll cf7mls-no-moving-animation\" aria-label=\"Contact form\" novalidate=\"novalidate\" data-status=\"init\" data-trp-original-action=\"\/de\/wp-json\/wp\/v2\/pages\/4737#wpcf7-f4765-o4\">\n<fieldset class=\"hidden-fields-container\"><input type=\"hidden\" name=\"_wpcf7\" value=\"4765\" \/><input type=\"hidden\" name=\"_wpcf7_version\" value=\"6.1.5\" \/><input type=\"hidden\" name=\"_wpcf7_locale\" value=\"en_US\" \/><input type=\"hidden\" name=\"_wpcf7_unit_tag\" value=\"wpcf7-f4765-o4\" \/><input type=\"hidden\" name=\"_wpcf7_container_post\" value=\"0\" \/><input type=\"hidden\" name=\"_wpcf7_posted_data_hash\" value=\"\" \/>\n<\/fieldset>\n<div class=\"wpcf7-turnstile cf-turnstile\" data-sitekey=\"0x4AAAAAADBwnccs6M2oPJ3i\" data-response-field-name=\"_wpcf7_turnstile_response\"><\/div>\n\n<div class=\"wpcf7-inline-wrapper\">\n\t<p class=\"wpcf7-inline-field\">Telefondienst: <span class=\"wpcf7-form-control-wrap\" data-name=\"menu-600\"><select class=\"wpcf7-form-control wpcf7-select\" aria-invalid=\"false\" name=\"menu-600\"><option value=\"Select\">Select<\/option><option value=\"Sehr zufriedenstellend\">Sehr zufriedenstellend<\/option><option value=\"Zufriedenstellend\">Zufriedenstellend<\/option><option value=\"Normal\">Normal<\/option><option value=\"Schlecht\">Schlecht<\/option><\/select><\/span>\n\t<\/p>\n\t<p class=\"wpcf7-inline-field\">Freundlichkeit: <span class=\"wpcf7-form-control-wrap\" data-name=\"menu-601\"><select class=\"wpcf7-form-control wpcf7-select\" aria-invalid=\"false\" name=\"menu-601\"><option value=\"Select\">Select<\/option><option value=\"Sehr zufriedenstellend\">Sehr zufriedenstellend<\/option><option value=\"Zufriedenstellend\">Zufriedenstellend<\/option><option value=\"Normal\">Normal<\/option><option value=\"Schlecht\">Schlecht<\/option><\/select><\/span>\n\t<\/p>\n<\/div>\n<div class=\"wpcf7-inline-wrapper\">\n\t<p class=\"wpcf7-inline-field\">Serviceeffizienz: <span class=\"wpcf7-form-control-wrap\" data-name=\"menu-602\"><select class=\"wpcf7-form-control wpcf7-select\" aria-invalid=\"false\" name=\"menu-602\"><option value=\"Select\">Select<\/option><option value=\"Sehr zufriedenstellend\">Sehr zufriedenstellend<\/option><option value=\"Zufriedenstellend\">Zufriedenstellend<\/option><option value=\"Normal\">Normal<\/option><option value=\"Schlecht\">Schlecht<\/option><\/select><\/span>\n\t<\/p>\n\t<p class=\"wpcf7-inline-field\">Technischer Standard der gelieferten Ger\u00e4te: <span class=\"wpcf7-form-control-wrap\" data-name=\"menu-603\"><select class=\"wpcf7-form-control wpcf7-select\" aria-invalid=\"false\" name=\"menu-603\"><option value=\"Select\">Select<\/option><option value=\"Sehr zufriedenstellend\">Sehr zufriedenstellend<\/option><option value=\"Zufriedenstellend\">Zufriedenstellend<\/option><option value=\"Normal\">Normal<\/option><option value=\"Schlecht\">Schlecht<\/option><\/select><\/span>\n\t<\/p>\n<\/div>\n<div class=\"wpcf7-inline-wrapper\">\n\t<p class=\"wpcf7-inline-field\">Preis: <span class=\"wpcf7-form-control-wrap\" data-name=\"menu-604\"><select class=\"wpcf7-form-control wpcf7-select\" aria-invalid=\"false\" name=\"menu-604\"><option value=\"Select\">Select<\/option><option value=\"Sehr zufriedenstellend\">Sehr zufriedenstellend<\/option><option value=\"Zufriedenstellend\">Zufriedenstellend<\/option><option value=\"Normal\">Normal<\/option><option value=\"Schlecht\">Schlecht<\/option><\/select><\/span>\n\t<\/p>\n\t<p class=\"wpcf7-inline-field\">W\u00fcrden Sie unseren Dienst erneut in Anspruch nehmen? <span class=\"wpcf7-form-control-wrap\" data-name=\"menu-605\"><select class=\"wpcf7-form-control wpcf7-select\" aria-invalid=\"false\" name=\"menu-605\"><option value=\"Select\">Select<\/option><option value=\"Ja\">Ja<\/option><option value=\"Nein\">Nein<\/option><\/select><\/span>\n\t<\/p>\n<\/div>\n<div class=\"wpcf7-inline-wrapper\">\n\t<p class=\"wpcf7-inline-field\">W\u00fcrden Sie uns empfehlen? <span class=\"wpcf7-form-control-wrap\" data-name=\"menu-606\"><select class=\"wpcf7-form-control wpcf7-select\" aria-invalid=\"false\" name=\"menu-606\"><option value=\"Select\">Select<\/option><option value=\"Ja\">Ja<\/option><option value=\"Nein\">Nein<\/option><\/select><\/span>\n\t<\/p>\n\t<p class=\"wpcf7-inline-field\">Wie haben Sie von uns erfahren? <span class=\"wpcf7-form-control-wrap\" data-name=\"menu-607\"><select class=\"wpcf7-form-control wpcf7-select\" aria-invalid=\"false\" name=\"menu-607\"><option value=\"Select\">Select<\/option><option value=\"Internet\">Internet<\/option><option value=\"Freunde\">Freunde<\/option><option value=\"Werbung\">Werbung<\/option><option value=\"Ihr Arzt\">Ihr Arzt<\/option><\/select><\/span>\n\t<\/p>\n<\/div>\n<p><span class=\"wpcf7-form-control-wrap\" data-name=\"acceptance-517\"><span class=\"wpcf7-form-control wpcf7-acceptance optional\"><span class=\"wpcf7-list-item\"><label><input type=\"checkbox\" name=\"acceptance-517\" value=\"1\" aria-invalid=\"false\" \/><span class=\"wpcf7-list-item-label\">Der letzte Service hat mir sehr gefallen<\/span><\/label><\/span><\/span><\/span>\n<\/p>\n<div class=\"wpcf7-inline-wrapper\">\n\t<p class=\"wpcf7-inline-field\"><span class=\"wpcf7-form-control-wrap\" data-name=\"your-email\"><input size=\"40\" maxlength=\"400\" class=\"wpcf7-form-control wpcf7-email wpcf7-validates-as-required wpcf7-text wpcf7-validates-as-email\" aria-required=\"true\" aria-invalid=\"false\" placeholder=\"EMAIL\" value=\"\" type=\"email\" name=\"your-email\" \/><\/span>\n\t<\/p>\n\t<p class=\"wpcf7-inline-field\"><span class=\"wpcf7-form-control-wrap\" data-name=\"your-surname\"><input size=\"40\" maxlength=\"400\" class=\"wpcf7-form-control wpcf7-text wpcf7-validates-as-required form-fluid\" aria-required=\"true\" aria-invalid=\"false\" placeholder=\"NAME\" value=\"\" type=\"text\" name=\"your-surname\" \/><\/span>\n\t<\/p>\n<\/div>\n<p><span class=\"wpcf7-form-control-wrap\" data-name=\"acceptance-8\"><span class=\"wpcf7-form-control wpcf7-acceptance\"><span class=\"wpcf7-list-item\"><label><input type=\"checkbox\" name=\"acceptance-8\" value=\"1\" aria-invalid=\"false\" \/><span class=\"wpcf7-list-item-label\"><a href=\"https:\/\/www.oxygenworldwide.com\/de\/allgemeines\/datenschutzrichtlinie\/\" target=\"_blank\">Ich habe gelesen und akzeptiere die Datenschutzerkl\u00e4rung<\/a><\/span><\/label><\/span><\/span><\/span><br \/>\n<input class=\"wpcf7-form-control wpcf7-submit has-spinner btn btn-accent\" type=\"submit\" value=\"SENDEN\" \/>\n<\/p><div class=\"wpcf7-response-output\" aria-hidden=\"true\"><\/div>\n<input type=\"hidden\" name=\"trp-form-language\" value=\"de\"\/><\/form>\n<\/div>\n<\/div><\/div><\/div><\/div><\/div><div class=\"wpb_column pos-top pos-center align_left column_parent col-lg-4 single-internal-gutter\"><div class=\"uncol style-light sticky-element sticky-sidebar animate_when_almost_visible right-t-left\"  ><div class=\"uncoltable\"><div class=\"uncell single-block-padding style-color-382999-bg has-bg  unradius-std\" ><div class=\"uncont\" ><div class=\"uncode_text_column\" ><p><strong>Adresse<\/strong><br \/>\nApartado de Correos 421<br \/>\n03590 Altea<br \/>\nAlicante, Spanien<\/p>\n<p><strong>Telefon<\/strong><\/p>\n<h4 style=\"margin-top: 5px !important;\"><a href=\"tel:0034966882873\">+34 96 688 28 73<\/a><\/h4>\n<p>+34 609 657 727<br \/>\n(nur in Notf\u00e4llen)<\/p>\n<p><strong>Information<\/strong><br \/>\n<a href=\"mailto:info@oxygenworldwide.com\">info@oxygenworldwide.com<\/a><\/p>\n<\/div><\/div><\/div><\/div><\/div><\/div><script id=\"script-row-unique-1\" data-row=\"script-row-unique-1\" type=\"text\/javascript\" class=\"vc_controls\">UNCODE.initRow(document.getElementById(\"row-unique-1\"));<\/script><\/div><\/div><\/div><div data-parent=\"true\" class=\"vc_row has-bg need-focus style-color-108971-bg row-container\" id=\"row-unique-6\"><div class=\"row double-top-padding double-bottom-padding single-h-padding limit-width row-parent\"><div class=\"wpb_row row-inner\"><div class=\"wpb_column pos-top pos-center align_left column_parent col-lg-4 half-internal-gutter\"><div class=\"uncol style-light\"  ><div class=\"uncoltable\"><div class=\"uncell no-block-padding\" ><div class=\"uncont\" ><div class=\"animate_when_almost_visible bottom-t-top icon-box icon-box-top\" ><div class=\"icon-box-icon fa-container\" ><a role=\"button\" href=\"https:\/\/www.oxygenworldwide.com\/de\/kontakt\/anfragen\/\" target=\"_blank\" class=\"text-accent-color custom-link\"><i class=\"fa fa-world fa-4x fa-fw\"><\/i><\/a><\/div><div class=\"icon-box-content\"><div class=\"icon-box-heading icon-box-fa-4x\"><h3 class=\"h2\"><a role=\"button\" href=\"https:\/\/www.oxygenworldwide.com\/de\/kontakt\/anfragen\/\" target=\"_blank\">OXYGEN f\u00fcr meinen Urlaub<\/a><\/h3><\/div><p>Sie k\u00f6nnen ein unverbindliches Angebot f\u00fcr Sauerstoffdienstleistungen im Ausland anfordern.Puede solicitar un presupuesto sin compromiso para servicios de ox\u00edgeno en el extranjero.<\/p>\n<\/div><\/div><\/div><\/div><\/div><\/div><\/div><div class=\"wpb_column pos-top pos-center align_left column_parent col-lg-4 single-internal-gutter\"><div class=\"uncol style-light\"  ><div class=\"uncoltable\"><div class=\"uncell no-block-padding\" ><div class=\"uncont\" ><div class=\"animate_when_almost_visible bottom-t-top icon-box icon-box-top\" ><div class=\"icon-box-icon fa-container\" ><a role=\"button\" href=\"https:\/\/www.oxygenworldwide.com\/de\/ehic\/\" class=\"text-accent-color custom-link\"><i class=\"fa fa-medkit fa-4x fa-fw\"><\/i><\/a><\/div><div class=\"icon-box-content\"><div class=\"icon-box-heading icon-box-fa-4x\"><h3 class=\"h2\"><a role=\"button\" href=\"https:\/\/www.oxygenworldwide.com\/de\/ehic\/\">EHIC<\/a><\/h3><\/div><p>Wir haben einen speziellen Service f\u00fcr die Erstausstattung des medizinischen Sauerstoffs an Ihrem Reiseziel eingerichtet, damit Sie sich keine Sorgen machen m\u00fcssen.<\/p>\n<\/div><\/div><\/div><\/div><\/div><\/div><\/div><div class=\"wpb_column pos-top pos-center align_left column_parent col-lg-4 single-internal-gutter\"><div class=\"uncol style-light animate_when_almost_visible bottom-t-top\"  ><div class=\"uncoltable\"><div class=\"uncell no-block-padding\" ><div class=\"uncont\" ><div class=\"icon-box icon-box-top\" ><div class=\"icon-box-icon fa-container\" ><a role=\"button\" href=\"https:\/\/www.oxygenworldwide.com\/de\/blog\/\" class=\"text-accent-color custom-link\"><i class=\"fa fa-bubble fa-4x fa-fw\"><\/i><\/a><\/div><div class=\"icon-box-content\"><div class=\"icon-box-heading icon-box-fa-4x\"><h3 class=\"h2\"><a role=\"button\" href=\"https:\/\/www.oxygenworldwide.com\/de\/blog\/\">Lesen Sie unseren Blog<\/a><\/h3><\/div><p>Erfahren Sie alle Neuigkeiten und Updates \u00fcber Reisen mit Sauerstoff.<\/p>\n<\/div><\/div><\/div><\/div><\/div><\/div><\/div><script id=\"script-row-unique-6\" data-row=\"script-row-unique-6\" type=\"text\/javascript\" class=\"vc_controls\">UNCODE.initRow(document.getElementById(\"row-unique-6\"));<\/script><\/div><\/div><\/div>\n<\/div>","protected":false},"excerpt":{"rendered":"Your CommentsDas Geheimnis einer besseren Dienstleistung sind Ihre Kommentare. Lieber Kunde, wir m\u00f6chten Ihnen f\u00fcr Ihre wertvollen Gedanken mit hilfreicher [...]","protected":false},"author":6,"featured_media":4961,"parent":4119,"menu_order":0,"comment_status":"closed","ping_status":"closed","template":"","meta":{"iawp_total_views":1225,"footnotes":""},"class_list":["post-4737","page","type-page","status-publish","has-post-thumbnail","hentry","page_category-contact"],"_links":{"self":[{"href":"https:\/\/www.oxygenworldwide.com\/de\/wp-json\/wp\/v2\/pages\/4737","targetHints":{"allow":["GET"]}}],"collection":[{"href":"https:\/\/www.oxygenworldwide.com\/de\/wp-json\/wp\/v2\/pages"}],"about":[{"href":"https:\/\/www.oxygenworldwide.com\/de\/wp-json\/wp\/v2\/types\/page"}],"author":[{"embeddable":true,"href":"https:\/\/www.oxygenworldwide.com\/de\/wp-json\/wp\/v2\/users\/6"}],"replies":[{"embeddable":true,"href":"https:\/\/www.oxygenworldwide.com\/de\/wp-json\/wp\/v2\/comments?post=4737"}],"version-history":[{"count":5,"href":"https:\/\/www.oxygenworldwide.com\/de\/wp-json\/wp\/v2\/pages\/4737\/revisions"}],"predecessor-version":[{"id":5007,"href":"https:\/\/www.oxygenworldwide.com\/de\/wp-json\/wp\/v2\/pages\/4737\/revisions\/5007"}],"up":[{"embeddable":true,"href":"https:\/\/www.oxygenworldwide.com\/de\/wp-json\/wp\/v2\/pages\/4119"}],"wp:featuredmedia":[{"embeddable":true,"href":"https:\/\/www.oxygenworldwide.com\/de\/wp-json\/wp\/v2\/media\/4961"}],"wp:attachment":[{"href":"https:\/\/www.oxygenworldwide.com\/de\/wp-json\/wp\/v2\/media?parent=4737"}],"curies":[{"name":"wp","href":"https:\/\/api.w.org\/{rel}","templated":true}]}}