{"id":6355,"date":"2024-03-07T08:34:58","date_gmt":"2024-03-07T08:34:58","guid":{"rendered":"https:\/\/www.oxygenworldwide.com\/?page_id=6355"},"modified":"2024-03-07T08:34:58","modified_gmt":"2024-03-07T08:34:58","slug":"online-payment-portal-terms-conditions","status":"publish","type":"page","link":"https:\/\/www.oxygenworldwide.com\/de\/online-payment-portal-terms-conditions\/","title":{"rendered":"Online payment portal Terms &#038; Conditions"},"content":{"rendered":"<div class=\"wpb-content-wrapper\"><div data-parent=\"true\" class=\"vc_row has-bg need-focus style-color-lxmt-bg row-container\" id=\"row-unique-0\"><div class=\"row one-top-padding single-bottom-padding single-h-padding limit-width row-parent\"><div class=\"wpb_row row-inner\"><div class=\"wpb_column pos-top pos-center align_center column_parent col-lg-12 single-internal-gutter\"><div class=\"uncol style-light animate_when_almost_visible zoom-in\"  ><div class=\"uncoltable\"><div class=\"uncell no-block-padding\" ><div class=\"uncont\" ><div class=\"vc_custom_heading_wrap \"><div class=\"heading-text el-text\" ><h1 class=\"h1 text-accent-color\" ><span>Allgemeine Gesch\u00e4ftsbedingungen f\u00fcr das Online-Zahlungsportal<\/span><\/h1><\/div><div class=\"clear\"><\/div><\/div><\/div><\/div><\/div><\/div><\/div><script id=\"script-row-unique-0\" data-row=\"script-row-unique-0\" type=\"text\/javascript\" class=\"vc_controls\">UNCODE.initRow(document.getElementById(\"row-unique-0\"));<\/script><\/div><\/div><\/div><div data-parent=\"true\" class=\"vc_row inverted-device-order row-container\" id=\"row-unique-1\"><div class=\"row single-top-padding double-bottom-padding single-h-padding limit-width row-parent\"><div class=\"wpb_row row-inner\"><div class=\"wpb_column pos-top pos-center align_left column_parent col-lg-8 single-internal-gutter\"><div class=\"uncol style-light sticky-element sticky-sidebar animate_when_almost_visible left-t-right\"  ><div class=\"uncoltable\"><div class=\"uncell no-block-padding\" ><div class=\"uncont\" ><div class=\"uncode_text_column\" ><p><span style=\"font-weight: 400;\">Diese Online-Zahlungsbedingungen (\u201eBedingungen\u201c) gelten f\u00fcr Ihre Nutzung des Online-Zahlungstransaktionsdienstes (der \u201eDienst\u201c), der von OxygenWorldwide s.l. zur Verf\u00fcgung gestellt wird. Bitte lesen Sie sie sorgf\u00e4ltig durch. Diese Bedingungen k\u00f6nnen von uns jederzeit mit oder ohne Vorank\u00fcndigung ge\u00e4ndert oder erg\u00e4nzt werden. [Indem Sie bei jeder Nutzung des Dienstes das entsprechende K\u00e4stchen ankreuzen] erkl\u00e4ren Sie sich mit den Bestimmungen dieser Bedingungen einverstanden.<\/span><\/p>\n<h3><b>1. Bedingungen<\/b><\/h3>\n<p><span style=\"font-weight: 400;\">1.1. Diese Bedingungen sind Teil der <\/span><a href=\"https:\/\/www.oxygenworldwide.com\/de\/privacy-policy\/\"><span style=\"font-weight: 400;\">hier verf\u00fcgbaren Nutzungsbedingungen<\/span><\/a><span style=\"font-weight: 400;\"> f\u00fcr die Website von OxygenWorldwide, die Ihren Zugriff auf die Website von OxygenWorldwide und deren Nutzung regeln.<\/span><\/p>\n<h3><b>2. Gew\u00e4hrung von Rechten<\/b><\/h3>\n<p><span style=\"font-weight: 400;\">2.1. Sie k\u00f6nnen den Dienst nutzen, um Zahlungen an OxygenWorldwide per Online-Kreditkartentransaktion vorzunehmen, sofern:<\/span><\/p>\n<p><span style=\"font-weight: 400;\">2.1.1. Sie besch\u00e4digen oder st\u00f6ren den Dienst und\/oder den Betrieb des Dienstes in keiner Weise;<\/span><\/p>\n<p><span style=\"font-weight: 400;\">2.1.2. Sie nutzen den Dienst nicht f\u00fcr unbefugte oder rechtswidrige Zwecke.<\/span><\/p>\n<p><span style=\"font-weight: 400;\">2.2. Die Bezahlung der von uns erstellten Rechnungen erfolgt \u00fcber den Dienst.<\/span><\/p>\n<p><span style=\"font-weight: 400;\">2.3. Sie nutzen den Dienst nicht, um Zahlungen im Namen Dritter zu t\u00e4tigen.<\/span><\/p>\n<p><span style=\"font-weight: 400;\">2.4. Wir behalten uns das Recht vor, den Dienst jederzeit vor\u00fcbergehend oder dauerhaft auszusetzen, zu \u00e4ndern oder zu k\u00fcndigen.<\/span><\/p>\n<h3><b>3. Zahlung<\/b><\/h3>\n<p><span style=\"font-weight: 400;\">3.1. Zahlungen \u00fcber den Dienst k\u00f6nnen nur mit Visa- oder MasterCard-Kreditkarten erfolgen.<\/span><\/p>\n<p><span style=\"font-weight: 400;\">3.2. Wir sind nicht direkt an der Online-Zahlung beteiligt, sondern \u00fcber einen Drittanbieter.<\/span><\/p>\n<p><span style=\"font-weight: 400;\">3.3. Alle Zahlungen sind in Euro (EUR) zu leisten.<\/span><\/p>\n<p><span style=\"font-weight: 400;\">3.4. Wir akzeptieren Teilzahlungen von Kundenkonten nur, wenn die vollst\u00e4ndige Zahlung des Kontos bis zum im Angebot angegebenen F\u00e4lligkeitsdatum erfolgt. Alle anderen Zahlungen m\u00fcssen vollst\u00e4ndig und sp\u00e4testens bis zu dem im Angebot genannten Zahlungsziel erfolgen.<\/span><\/p>\n<p><span style=\"font-weight: 400;\">3.5. Nach Abschluss einer Transaktion \u00fcber den Dienst wird Ihnen ein Best\u00e4tigungsbildschirm angezeigt, in dem die Transaktionsdetails \u00fcberpr\u00fcft werden, die Sie verarbeiten m\u00f6chten. Es liegt in Ihrer Verantwortung, zu \u00fcberpr\u00fcfen, ob alle Transaktionsinformationen und andere Details korrekt sind.<\/span><\/p>\n<p><span style=\"font-weight: 400;\">3.6. Wir \u00fcbernehmen keine Haftung f\u00fcr Transaktionen, die aufgrund einer fehlerhaften Dateneingabe im Rahmen der Nutzung des Dienstes fehlerhaft sind, oder f\u00fcr Daten- oder Informationsverluste, die durch Faktoren verursacht werden, die au\u00dferhalb unserer Kontrolle liegen.<\/span><\/p>\n<p><span style=\"font-weight: 400;\">3.7. Sie erhalten eine Best\u00e4tigungs-E-Mail, sobald die Zahlung bei uns eingegangen ist.<\/span><\/p>\n<p><span style=\"font-weight: 400;\">3.8. Sobald eine Zahlung erfolgt ist, kann diese nicht mehr storniert werden. Wir \u00fcbernehmen keine Verantwortung f\u00fcr die Ablehnung oder Stornierung von Zahlungen, die Sache zwischen Ihnen und Ihrem Kreditkartenaussteller ist.<\/span><\/p>\n<h3><b>4. Geb\u00fchren<\/b><\/h3>\n<p><span style=\"font-weight: 400;\">4.1. Bei Zahlungen per Kreditkarte f\u00e4llt eine H\u00e4ndlerservicegeb\u00fchr an, die vom Transaktionsbetrag und der W\u00e4hrung abh\u00e4ngt.<\/span><\/p>\n<p><span style=\"font-weight: 400;\">4.2. F\u00fcr internationale Karteninhaber, die den Service nutzen, k\u00f6nnen zus\u00e4tzlich zur H\u00e4ndlerservicegeb\u00fchr die internationalen Servicegeb\u00fchren ihrer eigenen Bank anfallen.<\/span><\/p>\n<p><span style=\"font-weight: 400;\">4.3. Wir k\u00f6nnen Ihre Zahlung oder einen Teil Ihrer Zahlung gem\u00e4\u00df Ziffer 5 zur\u00fcckerstatten.<\/span><\/p>\n<h3><b>5. R\u00fcckerstattungen<\/b><\/h3>\n<p><span style=\"font-weight: 400;\">5.1. R\u00fcckerstattungsantr\u00e4ge m\u00fcssen schriftlich gestellt werden, zusammen mit dem Nachweis, dass Sie mehr als den ausstehenden Betrag auf dem Konto bezahlt haben. R\u00fcckerstattungsantr\u00e4ge m\u00fcssen an accounts@oxygenworldwide.com gesendet werden.<\/span><\/p>\n<h3><b>6. Gew\u00e4hrleistungen und Haftungsausschl\u00fcsse<\/b><\/h3>\n<p><span style=\"font-weight: 400;\">6.1. Sie garantieren, dass:<\/span><\/p>\n<p><span style=\"font-weight: 400;\">6.1.1. Sie sind mindestens 18 Jahre alt;<\/span><\/p>\n<p><span style=\"font-weight: 400;\">6.1.2. Sie verf\u00fcgen \u00fcber die entsprechende Befugnis, die Bedingungen wirksam zu akzeptieren, und sind in der Lage und werden Ihren Verpflichtungen in Bezug auf die Bedingungen nachkommen.<\/span><\/p>\n<p><span style=\"font-weight: 400;\">6.1.3. Die im Zusammenhang mit dem Service verwendete Kreditkarte wird auf Ihren Namen ausgestellt.<\/span><\/p>\n<p><span style=\"font-weight: 400;\">6.1.4. Sie zahlen dem Kreditkartenaussteller alle Geb\u00fchren, die bei der Nutzung des Dienstes anfallen.<\/span><\/p>\n<p><span style=\"font-weight: 400;\">6.1.5. Die von Ihnen gemachten Angaben sind wahrheitsgem\u00e4\u00df und korrekt.<\/span><\/p>\n<p><span style=\"font-weight: 400;\">6.2. Soweit gesetzlich zul\u00e4ssig, \u00fcbernehmen wir keine Haftung f\u00fcr Sch\u00e4den, Verluste, Kosten (einschlie\u00dflich Rechtskosten), Ausgaben, indirekte Verluste oder Folgesch\u00e4den jeglicher Art, die Ihnen durch die Nutzung des Dienstes entstehen oder entstehen.<\/span><\/p>\n<p><span style=\"font-weight: 400;\">6.3. Wir \u00fcbernehmen keine Gew\u00e4hr oder Garantie daf\u00fcr, dass der Dienst und\/oder Ihre Nutzung des Dienstes fehlerfrei, sofort und\/oder kontinuierlich verf\u00fcgbar ist oder dass die \u00fcber den Dienst bereitgestellten Informationen vollst\u00e4ndig, genau und\/oder auf dem neuesten Stand sind.\u00a0<\/span><\/p>\n<h3><b>7. Entsch\u00e4digung<\/b><\/h3>\n<p><span style=\"font-weight: 400;\">7.1. Sie erkl\u00e4ren sich damit einverstanden, uns f\u00fcr alle Verluste, Kosten oder Ausgaben zu entsch\u00e4digen, die Ihnen durch Folgendes entstehen:<\/span><\/p>\n<p><span style=\"font-weight: 400;\">7.1.1. Ihr Versto\u00df gegen Ihre Verpflichtungen gem\u00e4\u00df den Bedingungen;<\/span><\/p>\n<p><span style=\"font-weight: 400;\">7.1.2. Vors\u00e4tzlicher Missbrauch des Dienstes;<\/span><\/p>\n<p><span style=\"font-weight: 400;\">7.1.3. Ihre fahrl\u00e4ssigen Handlungen oder Unterlassungen bei der Nutzung des Dienstes;<\/span><\/p>\n<p><span style=\"font-weight: 400;\">7.1.4. Jeglicher Anspruch, der von einem Dritten im Zusammenhang mit Ihrer Nutzung des Dienstes gegen uns erhoben wird.<\/span><\/p>\n<h3><b>8. Datenschutz und Nutzung von Informationen<\/b><\/h3>\n<p><span style=\"font-weight: 400;\">8.1. Ihre Daten werden gem\u00e4\u00df unserer Datenschutzrichtlinie gespeichert, die Sie <\/span><a href=\"https:\/\/www.oxygenworldwide.com\/de\/privacy-policy\/\"><span style=\"font-weight: 400;\">hier unter Abschnitt C finden<\/span><\/a><span style=\"font-weight: 400;\">.<\/span><\/p>\n<p><span style=\"font-weight: 400;\">8.2. Alle von Ihnen bereitgestellten personenbezogenen Daten k\u00f6nnen von uns aufbewahrt werden, bis Sie die L\u00f6schung der Daten beantragen.<\/span><\/p>\n<p><span style=\"font-weight: 400;\">8.3. Wir werden alle Informationen, die Sie uns zur Verf\u00fcgung stellen und die Sie identifizieren, nur f\u00fcr den Zweck verwenden, f\u00fcr den sie uns zur Verf\u00fcgung gestellt werden, einschlie\u00dflich der Kontaktaufnahme mit Ihnen zur \u00dcberpr\u00fcfung Ihrer Kreditkarteninformationen, und werden sie nicht f\u00fcr andere Zwecke verwenden oder an Dritte weitergeben es sei denn, dies ist gesetzlich vorgeschrieben, von Ihnen genehmigt oder in diesen Bedingungen dargelegt.<\/span><\/p>\n<p><span style=\"font-weight: 400;\">8.4. Sie erkennen an, dass die von Ihnen im Zusammenhang mit der Nutzung des Dienstes angegebenen Kreditkarteninformationen \u00fcber das 3D-sichere Ogone-Zahlungssystem verarbeitet werden. Alle f\u00fcr wiederkehrende Zahlungen gespeicherten Kreditkartendaten werden im Ogone-System gespeichert. Auf unseren Servern werden keine Kreditkarteninformationen gespeichert.<\/span><\/p>\n<p><span style=\"font-weight: 400;\">8.5. Zahlungen \u00fcber den Dienst erfolgen \u00fcber eine sichere Website eines Drittanbieters. Wir werden alle angemessenen Anstrengungen unternehmen, um den unbefugten Zugriff auf Ihre pers\u00f6nlichen Daten zu verhindern. Wir haften jedoch nicht f\u00fcr direkte oder indirekte Sch\u00e4den oder Verluste jeglicher Art, die durch das Abfangen oder sonstigen unbefugten Zugriff auf von Ihnen zum Zwecke der Nutzung des Dienstes bereitgestellte Informationen entstehen.<\/span><\/p>\n<h3><b>9. Anwendbares Recht<\/b><\/h3>\n<p><span style=\"font-weight: 400;\">9.1. Diese Website unterliegt der Gesetzgebung, die ausschlie\u00dflich in Spanien und einem Gebiet der Europ\u00e4ischen Union gilt, und sowohl inl\u00e4ndische als auch ausl\u00e4ndische Personen, die diese Website nutzen, unterliegen ihr.<\/span><\/p>\n<\/div><div class=\"vc_row row-internal row-container\"><div class=\"row row-child\"><div class=\"wpb_row row-inner\"><div class=\"wpb_column pos-top pos-center align_left column_parent col-lg-12 single-internal-gutter\"><div class=\"uncol style-light\"  ><div class=\"uncoltable\"><div class=\"uncell no-block-padding\" ><div class=\"uncont\" ><span class=\"btn-container btn-block\" ><a role=\"button\"  href=\"https:\/\/www.oxygenworldwide.com\/de\/kontakt\/anfragen\/\" class=\"custom-link btn btn-lg border-width-0 btn-color-133983 btn-block btn-no-scale btn-icon-left\">Senden Sie hier Ihre unverbindliche Anfrage<\/a><\/span><\/div><\/div><\/div><\/div><\/div><\/div><\/div><\/div><\/div><\/div><\/div><\/div><\/div><div class=\"wpb_column pos-top pos-center align_left column_parent col-lg-4 single-internal-gutter\"><div class=\"uncol style-light sticky-element sticky-sidebar animate_when_almost_visible right-t-left\"  ><div class=\"uncoltable\"><div class=\"uncell no-block-padding\" ><div class=\"uncont\" ><div class=\"vc_row row-internal row-container tablet-hidden mobile-hidden\"><div class=\"row row-child\"><div class=\"wpb_row row-inner\"><div class=\"wpb_column pos-top pos-center align_left column_child col-lg-12 single-internal-gutter\"><div class=\"uncol style-light\" ><div class=\"uncoltable\"><div class=\"uncell no-block-padding\" ><div class=\"uncont\" ><div class=\"uncode-single-media  text-left\"><div class=\"single-wrapper\" style=\"max-width: 100%;\"><div class=\"tmb tmb-light  img-circle tmb-media-first tmb-media-last tmb-content-overlay tmb-no-bg\"><div class=\"t-inside\"><div class=\"t-entry-visual\"><div class=\"t-entry-visual-tc\"><div class=\"uncode-single-media-wrapper img-circle\"><img decoding=\"async\" class=\"wp-image-4857\" src=\"https:\/\/www.oxygenworldwide.com\/wp-content\/uploads\/2023\/03\/privacy-copia-2.jpg\" width=\"500\" height=\"500\" alt=\"\" srcset=\"https:\/\/www.oxygenworldwide.com\/wp-content\/uploads\/2023\/03\/privacy-copia-2.jpg 500w, https:\/\/www.oxygenworldwide.com\/wp-content\/uploads\/2023\/03\/privacy-copia-2-300x300.jpg 300w, https:\/\/www.oxygenworldwide.com\/wp-content\/uploads\/2023\/03\/privacy-copia-2-150x150.jpg 150w, https:\/\/www.oxygenworldwide.com\/wp-content\/uploads\/2023\/03\/privacy-copia-2-12x12.jpg 12w, https:\/\/www.oxygenworldwide.com\/wp-content\/uploads\/2023\/03\/privacy-copia-2-60x60.jpg 60w, https:\/\/www.oxygenworldwide.com\/wp-content\/uploads\/2023\/03\/privacy-copia-2-350x350.jpg 350w, https:\/\/www.oxygenworldwide.com\/wp-content\/uploads\/2023\/03\/privacy-copia-2-348x348.jpg 348w\" sizes=\"(max-width: 500px) 100vw, 500px\" \/><\/div>\n\t\t\t\t\t<\/div>\n\t\t\t\t<\/div><\/div><\/div><\/div><\/div><\/div><\/div><\/div><\/div><\/div><\/div><\/div><\/div><div class=\"vc_row inverted-device-order vc_custom_1670241764634 row-internal row-container desktop-hidden mobile-hidden\" style=\"margin-top: -20px ;\"><div class=\"row row-child\"><div class=\"wpb_row row-inner\"><div class=\"wpb_column pos-top pos-center align_center column_child col-lg-12 single-internal-gutter\"><div class=\"uncol style-light\" ><div class=\"uncoltable\"><div class=\"uncell no-block-padding\" ><div class=\"uncont\" ><div class=\"uncode-single-media  text-center\"><div class=\"single-wrapper\" style=\"max-width: 57%;\"><div class=\"tmb tmb-light  img-circle tmb-media-first tmb-media-last tmb-content-overlay tmb-no-bg\"><div class=\"t-inside\"><div class=\"t-entry-visual\"><div class=\"t-entry-visual-tc\"><div class=\"uncode-single-media-wrapper img-circle\"><img decoding=\"async\" class=\"wp-image-4857\" src=\"https:\/\/www.oxygenworldwide.com\/wp-content\/uploads\/2023\/03\/privacy-copia-2.jpg\" width=\"500\" height=\"500\" alt=\"\" srcset=\"https:\/\/www.oxygenworldwide.com\/wp-content\/uploads\/2023\/03\/privacy-copia-2.jpg 500w, https:\/\/www.oxygenworldwide.com\/wp-content\/uploads\/2023\/03\/privacy-copia-2-300x300.jpg 300w, https:\/\/www.oxygenworldwide.com\/wp-content\/uploads\/2023\/03\/privacy-copia-2-150x150.jpg 150w, https:\/\/www.oxygenworldwide.com\/wp-content\/uploads\/2023\/03\/privacy-copia-2-12x12.jpg 12w, https:\/\/www.oxygenworldwide.com\/wp-content\/uploads\/2023\/03\/privacy-copia-2-60x60.jpg 60w, https:\/\/www.oxygenworldwide.com\/wp-content\/uploads\/2023\/03\/privacy-copia-2-350x350.jpg 350w, https:\/\/www.oxygenworldwide.com\/wp-content\/uploads\/2023\/03\/privacy-copia-2-348x348.jpg 348w\" sizes=\"(max-width: 500px) 100vw, 500px\" \/><\/div>\n\t\t\t\t\t<\/div>\n\t\t\t\t<\/div><\/div><\/div><\/div><\/div><\/div><\/div><\/div><\/div><\/div><\/div><\/div><\/div><div class=\"vc_row vc_custom_1670241417802 row-internal row-container desktop-hidden tablet-hidden\" style=\"margin-top: -15px ;\"><div class=\"row row-child\"><div class=\"wpb_row row-inner\"><div class=\"wpb_column pos-top pos-center align_left column_child col-lg-12 single-internal-gutter\"><div class=\"uncol style-light\" ><div class=\"uncoltable\"><div class=\"uncell no-block-padding\" ><div class=\"uncont\" ><div class=\"uncode-single-media  text-left\"><div class=\"single-wrapper\" style=\"max-width: 100%;\"><div class=\"tmb tmb-light  img-circle tmb-media-first tmb-media-last tmb-content-overlay tmb-no-bg\"><div class=\"t-inside\"><div class=\"t-entry-visual\"><div class=\"t-entry-visual-tc\"><div class=\"uncode-single-media-wrapper img-circle\"><img decoding=\"async\" class=\"wp-image-4857\" src=\"https:\/\/www.oxygenworldwide.com\/wp-content\/uploads\/2023\/03\/privacy-copia-2.jpg\" width=\"500\" height=\"500\" alt=\"\" srcset=\"https:\/\/www.oxygenworldwide.com\/wp-content\/uploads\/2023\/03\/privacy-copia-2.jpg 500w, https:\/\/www.oxygenworldwide.com\/wp-content\/uploads\/2023\/03\/privacy-copia-2-300x300.jpg 300w, https:\/\/www.oxygenworldwide.com\/wp-content\/uploads\/2023\/03\/privacy-copia-2-150x150.jpg 150w, https:\/\/www.oxygenworldwide.com\/wp-content\/uploads\/2023\/03\/privacy-copia-2-12x12.jpg 12w, https:\/\/www.oxygenworldwide.com\/wp-content\/uploads\/2023\/03\/privacy-copia-2-60x60.jpg 60w, https:\/\/www.oxygenworldwide.com\/wp-content\/uploads\/2023\/03\/privacy-copia-2-350x350.jpg 350w, https:\/\/www.oxygenworldwide.com\/wp-content\/uploads\/2023\/03\/privacy-copia-2-348x348.jpg 348w\" sizes=\"(max-width: 500px) 100vw, 500px\" \/><\/div>\n\t\t\t\t\t<\/div>\n\t\t\t\t<\/div><\/div><\/div><\/div><\/div><\/div><\/div><\/div><\/div><\/div><\/div><\/div><\/div><\/div><\/div><\/div><\/div><\/div><script id=\"script-row-unique-1\" data-row=\"script-row-unique-1\" type=\"text\/javascript\" class=\"vc_controls\">UNCODE.initRow(document.getElementById(\"row-unique-1\"));<\/script><\/div><\/div><\/div><div data-parent=\"true\" class=\"vc_row has-bg need-focus style-color-108971-bg row-container\" id=\"row-unique-6\"><div class=\"row double-top-padding double-bottom-padding single-h-padding limit-width row-parent\"><div class=\"wpb_row row-inner\"><div class=\"wpb_column pos-top pos-center align_left column_parent col-lg-4 half-internal-gutter\"><div class=\"uncol style-light\"  ><div class=\"uncoltable\"><div class=\"uncell no-block-padding\" ><div class=\"uncont\" ><div class=\"animate_when_almost_visible bottom-t-top icon-box icon-box-top\" ><div class=\"icon-box-icon fa-container\" ><a role=\"button\" href=\"https:\/\/www.oxygenworldwide.com\/de\/kontakt\/anfragen\/\" target=\"_blank\" class=\"text-accent-color custom-link\"><i class=\"fa fa-world fa-4x fa-fw\"><\/i><\/a><\/div><div class=\"icon-box-content\"><div class=\"icon-box-heading icon-box-fa-4x\"><h3 class=\"h2\"><a role=\"button\" href=\"https:\/\/www.oxygenworldwide.com\/de\/kontakt\/anfragen\/\" target=\"_blank\">OXYGEN f\u00fcr meinen Urlaub<\/a><\/h3><\/div><p>Sie k\u00f6nnen ein unverbindliches Angebot f\u00fcr Sauerstoffdienstleistungen im Ausland anfordern.Puede solicitar un presupuesto sin compromiso para servicios de ox\u00edgeno en el extranjero.<\/p>\n<\/div><\/div><\/div><\/div><\/div><\/div><\/div><div class=\"wpb_column pos-top pos-center align_left column_parent col-lg-4 single-internal-gutter\"><div class=\"uncol style-light\"  ><div class=\"uncoltable\"><div class=\"uncell no-block-padding\" ><div class=\"uncont\" ><div class=\"animate_when_almost_visible bottom-t-top icon-box icon-box-top\" ><div class=\"icon-box-icon fa-container\" ><a role=\"button\" href=\"https:\/\/www.oxygenworldwide.com\/de\/ehic\/\" class=\"text-accent-color custom-link\"><i class=\"fa fa-medkit fa-4x fa-fw\"><\/i><\/a><\/div><div class=\"icon-box-content\"><div class=\"icon-box-heading icon-box-fa-4x\"><h3 class=\"h2\"><a role=\"button\" href=\"https:\/\/www.oxygenworldwide.com\/de\/ehic\/\">EHIC<\/a><\/h3><\/div><p>Wir haben einen speziellen Service f\u00fcr die Erstausstattung des medizinischen Sauerstoffs an Ihrem Reiseziel eingerichtet, damit Sie sich keine Sorgen machen m\u00fcssen.<\/p>\n<\/div><\/div><\/div><\/div><\/div><\/div><\/div><div class=\"wpb_column pos-top pos-center align_left column_parent col-lg-4 single-internal-gutter\"><div class=\"uncol style-light animate_when_almost_visible bottom-t-top\"  ><div class=\"uncoltable\"><div class=\"uncell no-block-padding\" ><div class=\"uncont\" ><div class=\"icon-box icon-box-top\" ><div class=\"icon-box-icon fa-container\" ><a role=\"button\" href=\"https:\/\/www.oxygenworldwide.com\/de\/blog\/\" class=\"text-accent-color custom-link\"><i class=\"fa fa-bubble fa-4x fa-fw\"><\/i><\/a><\/div><div class=\"icon-box-content\"><div class=\"icon-box-heading icon-box-fa-4x\"><h3 class=\"h2\"><a role=\"button\" href=\"https:\/\/www.oxygenworldwide.com\/de\/blog\/\">Lesen Sie unseren Blog<\/a><\/h3><\/div><p>Erfahren Sie alle Neuigkeiten und Updates \u00fcber Reisen mit Sauerstoff.<\/p>\n<\/div><\/div><\/div><\/div><\/div><\/div><\/div><script id=\"script-row-unique-6\" data-row=\"script-row-unique-6\" type=\"text\/javascript\" class=\"vc_controls\">UNCODE.initRow(document.getElementById(\"row-unique-6\"));<\/script><\/div><\/div><\/div>\n<\/div>","protected":false},"excerpt":{"rendered":"Allgemeine Gesch\u00e4ftsbedingungen f\u00fcr das Online-ZahlungsportalDiese Online-Zahlungsbedingungen (\u201eBedingungen\u201c) gelten f\u00fcr Ihre Nutzung des Online-Zahlungstransaktionsdienstes (der \u201eDienst\u201c), der von OxygenWorldwide s.l. zur [...]","protected":false},"author":1,"featured_media":4857,"parent":0,"menu_order":0,"comment_status":"closed","ping_status":"closed","template":"","meta":{"iawp_total_views":52,"footnotes":""},"class_list":["post-6355","page","type-page","status-publish","has-post-thumbnail","hentry"],"_links":{"self":[{"href":"https:\/\/www.oxygenworldwide.com\/de\/wp-json\/wp\/v2\/pages\/6355","targetHints":{"allow":["GET"]}}],"collection":[{"href":"https:\/\/www.oxygenworldwide.com\/de\/wp-json\/wp\/v2\/pages"}],"about":[{"href":"https:\/\/www.oxygenworldwide.com\/de\/wp-json\/wp\/v2\/types\/page"}],"author":[{"embeddable":true,"href":"https:\/\/www.oxygenworldwide.com\/de\/wp-json\/wp\/v2\/users\/1"}],"replies":[{"embeddable":true,"href":"https:\/\/www.oxygenworldwide.com\/de\/wp-json\/wp\/v2\/comments?post=6355"}],"version-history":[{"count":3,"href":"https:\/\/www.oxygenworldwide.com\/de\/wp-json\/wp\/v2\/pages\/6355\/revisions"}],"predecessor-version":[{"id":6358,"href":"https:\/\/www.oxygenworldwide.com\/de\/wp-json\/wp\/v2\/pages\/6355\/revisions\/6358"}],"wp:featuredmedia":[{"embeddable":true,"href":"https:\/\/www.oxygenworldwide.com\/de\/wp-json\/wp\/v2\/media\/4857"}],"wp:attachment":[{"href":"https:\/\/www.oxygenworldwide.com\/de\/wp-json\/wp\/v2\/media?parent=6355"}],"curies":[{"name":"wp","href":"https:\/\/api.w.org\/{rel}","templated":true}]}}