{"id":8546,"date":"2026-04-17T08:18:59","date_gmt":"2026-04-17T08:18:59","guid":{"rendered":"https:\/\/www.oxygenworldwide.com\/?page_id=8546"},"modified":"2026-04-17T08:18:59","modified_gmt":"2026-04-17T08:18:59","slug":"enq-djd9nfnb","status":"publish","type":"page","link":"https:\/\/www.oxygenworldwide.com\/de\/contact\/enq-djd9nfnb\/","title":{"rendered":"Oxygen Request Form for Travellers #2"},"content":{"rendered":"<div class=\"wpb-content-wrapper\"><div data-parent=\"true\" class=\"vc_row has-bg need-focus style-color-lxmt-bg row-container\" id=\"row-unique-0\"><div class=\"row one-top-padding single-bottom-padding single-h-padding limit-width row-parent\"><div class=\"wpb_row row-inner\"><div class=\"wpb_column pos-top pos-center align_center column_parent col-lg-12 single-internal-gutter\"><div class=\"uncol style-light animate_when_almost_visible zoom-in\"  ><div class=\"uncoltable\"><div class=\"uncell no-block-padding\" ><div class=\"uncont\" ><div class=\"vc_custom_heading_wrap\"><div class=\"heading-text el-text\" ><h1 class=\"h1 text-accent-color\" ><span>Sauerstoffanforderungsformular f\u00fcr Reisende<\/span><\/h1><\/div><div class=\"clear\"><\/div><\/div><\/div><\/div><\/div><\/div><\/div><script id=\"script-row-unique-0\" data-row=\"script-row-unique-0\" type=\"text\/javascript\" class=\"vc_controls\">UNCODE.initRow(document.getElementById(\"row-unique-0\"));<\/script><\/div><\/div><\/div><div data-parent=\"true\" class=\"vc_row inverted-device-order row-container\" id=\"row-unique-1\"><div class=\"row single-top-padding double-bottom-padding single-h-padding limit-width row-parent\"><div class=\"wpb_row row-inner\"><div class=\"wpb_column pos-top pos-center align_left column_parent col-lg-8 single-internal-gutter\"><div class=\"uncol style-light sticky-element sticky-sidebar animate_when_almost_visible left-t-right\"  ><div class=\"uncoltable\"><div class=\"uncell no-block-padding\" ><div class=\"uncont\" ><div class=\"uncode_text_column\" ><p><strong>Hier ko\u0308nnen Sie ein unverbindliches Angebot fu\u0308r Sauerstoffdienstleistungen im Ausland anfordern.<\/strong><\/p>\n<p>Bitte geben Sie so viele Details wie mo\u0308glich an &#8211; die mit (*) gekennzeichneten Felder sind Pflichtfelder.<\/p>\n<p>Fu\u0308r Kommentare zu fru\u0308her bezogenen Dienstleistungen verwenden Sie bitte das Formular\u00a0<a href=\"https:\/\/www.oxygenworldwide.com\/de\/kontakt\/ihre-bemerkungen\">Kommentare<\/a>.<\/p>\n<p>Fu\u0308r allgemeine Fragen nutzen Sie bitte unser\u00a0<a href=\"https:\/\/www.oxygenworldwide.com\/de\/kontakt\/allgemeine-anfrage\">Kontaktformular<\/a>.<\/p>\n<\/div>\n<div class=\"wpcf7 no-js\" id=\"wpcf7-f4766-o4\" lang=\"en-US\" dir=\"ltr\" data-wpcf7-id=\"4766\">\n<div class=\"screen-reader-response\"><p role=\"status\" aria-live=\"polite\" aria-atomic=\"true\"><\/p> <ul><\/ul><\/div>\n<form action=\"\/de\/wp-json\/wp\/v2\/pages\/8546#wpcf7-f4766-o4\" method=\"post\" class=\"wpcf7-form init wpcf7-acceptance-as-validation cf7mls-no-scroll cf7mls-no-moving-animation\" aria-label=\"Contact form\" novalidate=\"novalidate\" data-status=\"init\" data-trp-original-action=\"\/de\/wp-json\/wp\/v2\/pages\/8546#wpcf7-f4766-o4\">\n<fieldset class=\"hidden-fields-container\"><input type=\"hidden\" name=\"_wpcf7\" value=\"4766\" \/><input type=\"hidden\" name=\"_wpcf7_version\" value=\"6.1.5\" \/><input type=\"hidden\" name=\"_wpcf7_locale\" value=\"en_US\" \/><input type=\"hidden\" name=\"_wpcf7_unit_tag\" value=\"wpcf7-f4766-o4\" \/><input type=\"hidden\" name=\"_wpcf7_container_post\" value=\"0\" \/><input type=\"hidden\" name=\"_wpcf7_posted_data_hash\" value=\"\" \/><input type=\"hidden\" name=\"_wpcf7_recaptcha_response\" value=\"\" \/>\n<\/fieldset>\n<h3 style=\"color:#50accf;\">Ihre Kontaktinformationen\n<\/h3>\n<p><span class=\"wpcf7-form-control-wrap\" data-name=\"person-filling\"><input size=\"40\" maxlength=\"400\" class=\"wpcf7-form-control wpcf7-text wpcf7-validates-as-required form-fluid\" aria-required=\"true\" aria-invalid=\"false\" placeholder=\"Name der Person, die dieses Formular ausfu\u0308llt (*)\" value=\"\" type=\"text\" name=\"person-filling\" \/><\/span>\n<\/p>\n<p><span class=\"wpcf7-form-control-wrap\" data-name=\"your-fullname\"><input size=\"40\" maxlength=\"400\" class=\"wpcf7-form-control wpcf7-text wpcf7-validates-as-required form-fluid\" aria-required=\"true\" aria-invalid=\"false\" placeholder=\"Vor- und Nachname des Sauerstoffnutzers (*)\" value=\"\" type=\"text\" name=\"your-fullname\" \/><\/span>\n<\/p>\n<p><span class=\"wpcf7-form-control-wrap\" data-name=\"nationality\"><input size=\"40\" maxlength=\"400\" class=\"wpcf7-form-control wpcf7-text form-fluid\" aria-invalid=\"false\" placeholder=\"Nationalita\u0308t des Sauerstoffnutzers\" value=\"\" type=\"text\" name=\"nationality\" \/><\/span>\n<\/p>\n<p><span class=\"wpcf7-form-control-wrap\" data-name=\"date-birth\"><input size=\"40\" maxlength=\"400\" class=\"wpcf7-form-control wpcf7-text form-fluid\" aria-invalid=\"false\" placeholder=\"Geburtsdatum des Sauerstoffnutzers (TT-MM-JJ)\" value=\"\" type=\"text\" name=\"date-birth\" \/><\/span>\n<\/p>\n<p><span class=\"wpcf7-form-control-wrap\" data-name=\"home-number\"><input size=\"40\" maxlength=\"400\" class=\"wpcf7-form-control wpcf7-text wpcf7-validates-as-required form-fluid\" aria-required=\"true\" aria-invalid=\"false\" placeholder=\"Festnetznummer einschlie\u00dflich Landesvorwahl (*)\" value=\"\" type=\"text\" name=\"home-number\" \/><\/span>\n<\/p>\n<p><span class=\"wpcf7-form-control-wrap\" data-name=\"mobile-number\"><input size=\"40\" maxlength=\"400\" class=\"wpcf7-form-control wpcf7-text form-fluid\" aria-invalid=\"false\" placeholder=\"Handynummer wa\u0308hrend der Reise\" value=\"\" type=\"text\" name=\"mobile-number\" \/><\/span>\n<\/p>\n<div class=\"wpcf7-inline-wrapper\">\n\t<p class=\"wpcf7-inline-field\"><span class=\"wpcf7-form-control-wrap\" data-name=\"your-email\"><input size=\"40\" maxlength=\"400\" class=\"wpcf7-form-control wpcf7-email wpcf7-validates-as-required wpcf7-text wpcf7-validates-as-email\" aria-required=\"true\" aria-invalid=\"false\" placeholder=\"Ihre Emailadresse (*)\" value=\"\" type=\"email\" name=\"your-email\" \/><\/span>\n\t<\/p>\n\t<p class=\"wpcf7-inline-field\"><span class=\"wpcf7-form-control-wrap\" data-name=\"your-email2\"><input size=\"40\" maxlength=\"400\" class=\"wpcf7-form-control wpcf7-email wpcf7-validates-as-required wpcf7-text wpcf7-validates-as-email form-fluid\" aria-required=\"true\" aria-invalid=\"false\" placeholder=\"Besta\u0308tigen Sie Ihre E-Mail-Adresse (*)\" value=\"\" type=\"email\" name=\"your-email2\" \/><\/span>\n\t<\/p>\n<\/div>\n<h3 style=\"color:#50accf;\">Ihre Reiseinformationen\n<\/h3>\n<p><span class=\"wpcf7-form-control-wrap\" data-name=\"travel-start\"><input size=\"40\" maxlength=\"400\" class=\"wpcf7-form-control wpcf7-text wpcf7-validates-as-required form-fluid\" aria-required=\"true\" aria-invalid=\"false\" placeholder=\"Reisestartdatum (TT-MM-JJ) (*)\" value=\"\" type=\"text\" name=\"travel-start\" \/><\/span>\n<\/p>\n<p><span class=\"wpcf7-form-control-wrap\" data-name=\"travel-end\"><input size=\"40\" maxlength=\"400\" class=\"wpcf7-form-control wpcf7-text wpcf7-validates-as-required form-fluid\" aria-required=\"true\" aria-invalid=\"false\" placeholder=\"Enddatum der Reise (TT-MM-JJ) (*)\" value=\"\" type=\"text\" name=\"travel-end\" \/><\/span>\n<\/p>\n<p style=\"color:red;font-weight:400;\"><small><u>In den folgenden L\u00e4ndern und Regionen ist eine \u00e4rztliche Verordnung erforderlich:<\/u><br \/>\n- Frankreich + Korsika + Monaco<br \/>\n- Irland + Vereinigtes K\u00f6nigreich<br \/>\n- USA und Kanada<br \/>\n- Indonesien<br \/>\n- Malta<br \/>\n- Portugal<br \/>\n- Ibiza<br \/>\n- Kreuzfahrten Spanien<br \/>\n- Norwegen<br \/>\n- Zypern<br \/>\nDie Liste der L\u00e4nder und Regionen kann ohne Vorank\u00fcndigung ge\u00e4ndert werden.<br \/>\n<span style=\"font-weight:600\">\"Angeforderte Materialien m\u00fcssen zu Ihrer verschriebenen Sauerstofftherapie passen. Falls die Materialien an Ihrem Zielort nicht verf\u00fcgbar sind, wird OxygenWorldwide alternative Materialien vorschlagen, die f\u00fcr Ihre Sauerstofftherapie geeignet sind.\"<\/span><br \/>\n<\/small>\n<\/p>\n<p><span class=\"wpcf7-form-control-wrap\" data-name=\"destination-country\"><input size=\"40\" maxlength=\"400\" class=\"wpcf7-form-control wpcf7-text wpcf7-validates-as-required form-fluid\" autocomplete=\"off\" aria-required=\"true\" aria-invalid=\"false\" placeholder=\"Zielland (*)\" value=\"\" type=\"text\" name=\"destination-country\" \/><\/span>\n<\/p>\n<p><span class=\"wpcf7-form-control-wrap\" data-name=\"destination-city\"><input size=\"40\" maxlength=\"400\" class=\"wpcf7-form-control wpcf7-text wpcf7-validates-as-required form-fluid\" autocomplete=\"off\" aria-required=\"true\" aria-invalid=\"false\" placeholder=\"Zielstadt (*)\" value=\"\" type=\"text\" name=\"destination-city\" \/><\/span>\n<\/p>\n<p><span class=\"wpcf7-form-control-wrap\" data-name=\"postal-code\"><input size=\"40\" maxlength=\"400\" class=\"wpcf7-form-control wpcf7-text wpcf7-validates-as-required form-fluid\" autocomplete=\"off\" aria-required=\"true\" aria-invalid=\"false\" placeholder=\"Postleitzahl (*)\" value=\"\" type=\"text\" name=\"postal-code\" \/><\/span>\n<\/p>\n<p><span class=\"wpcf7-form-control-wrap\" data-name=\"street\"><input size=\"40\" maxlength=\"400\" class=\"wpcf7-form-control wpcf7-text form-fluid\" autocomplete=\"off\" aria-invalid=\"false\" placeholder=\"Stra\u00dfe und Hausnummer\" value=\"\" type=\"text\" name=\"street\" \/><\/span>\n<\/p>\n<p style=\"color:red;font-weight:400;\"><small><span style=\"font-weight:600\">WICHTIG: (Ansprechpartner vor Ort\/Airbnb-Buchungen etc.)<\/span><br \/>\nOxygenWorldwide arrangiert die Lieferung von Sauerstoff vor Ihrer Ankunft und holt ihn nach Ihrer Abreise wieder ab. Dazu ben\u00f6tigen wir immer einen nachweisbaren Ansprechpartner vor Ort, der die Materialien f\u00fcr Sie entgegennehmen kann. Falls Sie keinen Ansprechpartner vor Ort haben, weil Sie z.B. Airbnb gebucht haben und Sie sich mit einem Schl\u00fcssel oder mit einem Code einlassen m\u00fcssen, k\u00f6nnen wir in einigen F\u00e4llen am Anreisetag oder am Tag danach liefern.<br \/>\nDie Materialien werden dann auch vor Ihrer Abreise abgeholt.<br \/>\n<span style=\"font-weight:600\">Wichtig: Diese letzte Option ist nicht in allen L\u00e4ndern verf\u00fcgbar.<\/span><br \/>\n<\/small>\n<\/p>\n<p><span class=\"wpcf7-form-control-wrap\" data-name=\"local-contact\"><input size=\"40\" maxlength=\"400\" class=\"wpcf7-form-control wpcf7-text form-fluid\" aria-invalid=\"false\" placeholder=\"Lokale Kontaktperson an der Zieladresse\" value=\"\" type=\"text\" name=\"local-contact\" \/><\/span>\n<\/p>\n<p><span class=\"wpcf7-form-control-wrap\" data-name=\"local-phone\"><input size=\"40\" maxlength=\"400\" class=\"wpcf7-form-control wpcf7-text form-fluid\" aria-invalid=\"false\" placeholder=\"Lokale Kontakttelefonnummer an der Zieladresse\" value=\"\" type=\"text\" name=\"local-phone\" \/><\/span>\n<\/p>\n<p><span class=\"wpcf7-form-control-wrap\" data-name=\"reservation\"><input size=\"40\" maxlength=\"400\" class=\"wpcf7-form-control wpcf7-text form-fluid\" aria-invalid=\"false\" placeholder=\"Name auf der Reservierung und \/ oder Reservierungsnummer\" value=\"\" type=\"text\" name=\"reservation\" \/><\/span>\n<\/p>\n<p><b>Wenn Sie zu verschiedenen Orten reisen, geben Sie bitte unten an.<\/b>\n<\/p>\n<h3 style=\"color:#50accf;\">Wie hoch ist Ihr maximaler Sauerstoffverbrauch in Litern pro Minute und Stunden pro Tag? (*)\n<\/h3>\n<div class=\"wpcf7-inline-wrapper\">\n\t<p class=\"wpcf7-inline-field\">Liter pro Minute: <span class=\"wpcf7-form-control-wrap\" data-name=\"menu-600\"><select class=\"wpcf7-form-control wpcf7-select\" aria-invalid=\"false\" name=\"menu-600\"><option value=\"Select\">Select<\/option><option value=\"&lt;0.5\">&lt;0.5<\/option><option value=\"0.5\">0.5<\/option><option value=\"1\">1<\/option><option value=\"2\">2<\/option><option value=\"3\">3<\/option><option value=\"4\">4<\/option><option value=\"5\">5<\/option><option value=\"6\">6<\/option><option value=\"7\">7<\/option><option value=\"8\">8<\/option><option value=\"9\">9<\/option><option value=\"10\">10<\/option><option value=\"11\">11<\/option><option value=\"12\">12<\/option><option value=\"13\">13<\/option><option value=\"14\">14<\/option><option value=\"15\">15<\/option><option value=\"&gt;15\">&gt;15<\/option><\/select><\/span>\n\t<\/p>\n\t<p class=\"wpcf7-inline-field\">Stunden pro Tag: <span class=\"wpcf7-form-control-wrap\" data-name=\"menu-601\"><select class=\"wpcf7-form-control wpcf7-select\" aria-invalid=\"false\" name=\"menu-601\"><option value=\"Select\">Select<\/option><option value=\"1\">1<\/option><option value=\"2\">2<\/option><option value=\"3\">3<\/option><option value=\"4\">4<\/option><option value=\"5\">5<\/option><option value=\"6\">6<\/option><option value=\"7\">7<\/option><option value=\"8\">8<\/option><option value=\"9\">9<\/option><option value=\"10\">10<\/option><option value=\"11\">11<\/option><option value=\"12\">12<\/option><option value=\"13\">13<\/option><option value=\"14\">14<\/option><option value=\"15\">15<\/option><option value=\"16\">16<\/option><option value=\"17\">17<\/option><option value=\"18\">18<\/option><option value=\"19\">19<\/option><option value=\"20\">20<\/option><option value=\"21\">21<\/option><option value=\"22\">22<\/option><option value=\"23\">23<\/option><option value=\"24\">24<\/option><\/select><\/span>\n\t<\/p>\n<\/div>\n<p><b>Wenn Sie eine variable oder spezielle Sauerstofftherapie haben, geben Sie das bitte unten an.<\/b>\n<\/p>\n<h3 style=\"color:#50accf;\">Angeforderte Sauerstoffausru\u0308stung (*)\n<\/h3>\n<p><span class=\"wpcf7-form-control-wrap\" data-name=\"checkbox-588\"><span class=\"wpcf7-form-control wpcf7-checkbox\"><span class=\"wpcf7-list-item first last\"><label><input type=\"checkbox\" name=\"checkbox-588[]\" value=\"Flu\u0308ssiger Sauerstoff mit tragbarem Gera\u0308t\" \/><span class=\"wpcf7-list-item-label\">Flu\u0308ssiger Sauerstoff mit tragbarem Gera\u0308t<\/span><\/label><\/span><\/span><\/span><br \/>\n<span class=\"wpcf7-form-control-wrap\" data-name=\"checkbox-589\"><span class=\"wpcf7-form-control wpcf7-checkbox\"><span class=\"wpcf7-list-item first last\"><label><input type=\"checkbox\" name=\"checkbox-589[]\" value=\"Stationa\u0308rer Zylinder\" \/><span class=\"wpcf7-list-item-label\">Stationa\u0308rer Zylinder<\/span><\/label><\/span><\/span><\/span><br \/>\n<span class=\"wpcf7-form-control-wrap\" data-name=\"checkbox-590\"><span class=\"wpcf7-form-control wpcf7-checkbox\"><span class=\"wpcf7-list-item first last\"><label><input type=\"checkbox\" name=\"checkbox-590[]\" value=\"Stationa\u0308rer Konzentrator\" \/><span class=\"wpcf7-list-item-label\">Stationa\u0308rer Konzentrator<\/span><\/label><\/span><\/span><\/span><br \/>\n<span class=\"wpcf7-form-control-wrap\" data-name=\"checkbox-591\"><span class=\"wpcf7-form-control wpcf7-checkbox\"><span class=\"wpcf7-list-item first last\"><label><input type=\"checkbox\" name=\"checkbox-591[]\" value=\"Tragbarer Zylinder\" \/><span class=\"wpcf7-list-item-label\">Tragbarer Zylinder<\/span><\/label><\/span><\/span><\/span><br \/>\n<span class=\"wpcf7-form-control-wrap\" data-name=\"checkbox-592\"><span class=\"wpcf7-form-control wpcf7-checkbox\"><span class=\"wpcf7-list-item first last\"><label><input type=\"checkbox\" name=\"checkbox-592[]\" value=\"Tragbarer Konzentrator\" \/><span class=\"wpcf7-list-item-label\">Tragbarer Konzentrator<\/span><\/label><\/span><\/span><\/span>\n<\/p>\n<p><b>Flusstyp:<\/b><br \/>\n<span class=\"wpcf7-form-control-wrap\" data-name=\"radio-384\"><span class=\"wpcf7-form-control wpcf7-radio\"><span class=\"wpcf7-list-item first\"><label><input type=\"radio\" name=\"radio-384\" value=\"Pulsmodus (On demand)\" \/><span class=\"wpcf7-list-item-label\">Pulsmodus (On demand)<\/span><\/label><\/span><span class=\"wpcf7-list-item last\"><label><input type=\"radio\" name=\"radio-384\" value=\"Dauerflow\" \/><span class=\"wpcf7-list-item-label\">Dauerflow<\/span><\/label><\/span><\/span><\/span>\n<\/p>\n<p><b>Wenn Sie einen speziellen Sauerstoffbedarf haben, geben Sie bitte unten an.<\/b>\n<\/p>\n<h3 style=\"color:#50accf;\">Ihre Bemerkungen \/ Sonderwu\u0308nsche:\n<\/h3>\n<p><span class=\"wpcf7-form-control-wrap\" data-name=\"your-message\"><textarea cols=\"40\" rows=\"4\" maxlength=\"2000\" class=\"wpcf7-form-control wpcf7-textarea\" aria-invalid=\"false\" placeholder=\"Message\" name=\"your-message\"><\/textarea><\/span>\n<\/p>\n<h3 style=\"color:#50accf;\">Wie haben Sie unsere Website gefunden?\n<\/h3>\n<p><span class=\"wpcf7-form-control-wrap\" data-name=\"select-485\"><select class=\"wpcf7-form-control wpcf7-select\" aria-invalid=\"false\" name=\"select-485\"><option value=\"\">Bitte w\u00e4hlen Sie<\/option><option value=\"Suchmaschine (z. B. Google)\">Suchmaschine (z. B. Google)<\/option><option value=\"Online-Werbung\">Online-Werbung<\/option><option value=\"Zeitschrift oder Brosch\u00fcre\">Zeitschrift oder Brosch\u00fcre<\/option><option value=\"Ihr Sauerstofflieferant f\u00fcr die h\u00e4usliche Pflege\">Ihr Sauerstofflieferant f\u00fcr die h\u00e4usliche Pflege<\/option><option value=\"Versicherungsgesellschaft\">Versicherungsgesellschaft<\/option><option value=\"Freund oder Verwandter\">Freund oder Verwandter<\/option><option value=\"Sonstiges\">Sonstiges<\/option><\/select><\/span>\n<\/p>\n<p><span class=\"wpcf7-form-control-wrap\" data-name=\"acceptance-8\"><span class=\"wpcf7-form-control wpcf7-acceptance\"><span class=\"wpcf7-list-item\"><label><input type=\"checkbox\" name=\"acceptance-8\" value=\"1\" aria-invalid=\"false\" \/><span class=\"wpcf7-list-item-label\"><a href=\"https:\/\/www.oxygenworldwide.com\/de\/allgemeines\/datenschutzrichtlinie\/\" target=\"_blank\">Ich habe gelesen und akzeptiere die Datenschutzerkl\u00e4rung<\/a><\/span><\/label><\/span><\/span><\/span><br \/>\n<input class=\"wpcf7-form-control wpcf7-submit has-spinner btn btn-accent\" type=\"submit\" value=\"SENDEN\" \/>\n<\/p><div class=\"wpcf7-response-output\" aria-hidden=\"true\"><\/div>\n<input type=\"hidden\" name=\"trp-form-language\" value=\"de\"\/><\/form>\n<\/div>\n<\/div><\/div><\/div><\/div><\/div><div class=\"wpb_column pos-top pos-center align_left column_parent col-lg-4 single-internal-gutter\"><div class=\"uncol style-light sticky-element sticky-sidebar animate_when_almost_visible right-t-left\"  ><div class=\"uncoltable\"><div class=\"uncell single-block-padding style-color-382999-bg has-bg  unradius-std\" ><div class=\"uncont\" ><div class=\"uncode_text_column\" ><p><strong>Adresse<\/strong><br \/>\nApartado de Correos 421<br \/>\n03590 Altea<br \/>\nAlicante, Spanien<\/p>\n<p><strong>Telefon<\/strong><\/p>\n<h4 style=\"margin-top: 5px !important;\"><a href=\"tel:0034966882873\">+34 96 688 28 73<\/a><\/h4>\n<p>+34 609 657 727<br \/>\n(nur in Notf\u00e4llen)<\/p>\n<p><strong>Information<\/strong><br \/>\n<a href=\"mailto:info@oxygenworldwide.com\">info@oxygenworldwide.com<\/a><\/p>\n<\/div><\/div><\/div><\/div><\/div><\/div><script id=\"script-row-unique-1\" data-row=\"script-row-unique-1\" type=\"text\/javascript\" class=\"vc_controls\">UNCODE.initRow(document.getElementById(\"row-unique-1\"));<\/script><\/div><\/div><\/div><div data-parent=\"true\" class=\"vc_row has-bg need-focus style-color-108971-bg row-container\" id=\"row-unique-6\"><div class=\"row double-top-padding double-bottom-padding single-h-padding limit-width row-parent\"><div class=\"wpb_row row-inner\"><div class=\"wpb_column pos-top pos-center align_left column_parent col-lg-4 half-internal-gutter\"><div class=\"uncol style-light\"  ><div class=\"uncoltable\"><div class=\"uncell no-block-padding\" ><div class=\"uncont\" ><div class=\"animate_when_almost_visible bottom-t-top icon-box icon-box-top\" ><div class=\"icon-box-icon fa-container\" ><a role=\"button\" href=\"https:\/\/www.oxygenworldwide.com\/de\/kontakt\/anfragen\/\" target=\"_blank\" class=\"text-accent-color custom-link\"><i class=\"fa fa-world fa-4x fa-fw\"><\/i><\/a><\/div><div class=\"icon-box-content\"><div class=\"icon-box-heading icon-box-fa-4x\"><h3 class=\"h2\"><a role=\"button\" href=\"https:\/\/www.oxygenworldwide.com\/de\/kontakt\/anfragen\/\" target=\"_blank\">OXYGEN f\u00fcr meinen Urlaub<\/a><\/h3><\/div><p>Sie k\u00f6nnen ein unverbindliches Angebot f\u00fcr Sauerstoffdienstleistungen im Ausland anfordern.Puede solicitar un presupuesto sin compromiso para servicios de ox\u00edgeno en el extranjero.<\/p>\n<\/div><\/div><\/div><\/div><\/div><\/div><\/div><div class=\"wpb_column pos-top pos-center align_left column_parent col-lg-4 single-internal-gutter\"><div class=\"uncol style-light\"  ><div class=\"uncoltable\"><div class=\"uncell no-block-padding\" ><div class=\"uncont\" ><div class=\"animate_when_almost_visible bottom-t-top icon-box icon-box-top\" ><div class=\"icon-box-icon fa-container\" ><a role=\"button\" href=\"https:\/\/www.oxygenworldwide.com\/de\/ehic\/\" class=\"text-accent-color custom-link\"><i class=\"fa fa-medkit fa-4x fa-fw\"><\/i><\/a><\/div><div class=\"icon-box-content\"><div class=\"icon-box-heading icon-box-fa-4x\"><h3 class=\"h2\"><a role=\"button\" href=\"https:\/\/www.oxygenworldwide.com\/de\/ehic\/\">EHIC<\/a><\/h3><\/div><p>Wir haben einen speziellen Service f\u00fcr die Erstausstattung des medizinischen Sauerstoffs an Ihrem Reiseziel eingerichtet, damit Sie sich keine Sorgen machen m\u00fcssen.<\/p>\n<\/div><\/div><\/div><\/div><\/div><\/div><\/div><div class=\"wpb_column pos-top pos-center align_left column_parent col-lg-4 single-internal-gutter\"><div class=\"uncol style-light animate_when_almost_visible bottom-t-top\"  ><div class=\"uncoltable\"><div class=\"uncell no-block-padding\" ><div class=\"uncont\" ><div class=\"icon-box icon-box-top\" ><div class=\"icon-box-icon fa-container\" ><a role=\"button\" href=\"https:\/\/www.oxygenworldwide.com\/de\/blog\/\" class=\"text-accent-color custom-link\"><i class=\"fa fa-bubble fa-4x fa-fw\"><\/i><\/a><\/div><div class=\"icon-box-content\"><div class=\"icon-box-heading icon-box-fa-4x\"><h3 class=\"h2\"><a role=\"button\" href=\"https:\/\/www.oxygenworldwide.com\/de\/blog\/\">Lesen Sie unseren Blog<\/a><\/h3><\/div><p>Erfahren Sie alle Neuigkeiten und Updates \u00fcber Reisen mit Sauerstoff.<\/p>\n<\/div><\/div><\/div><\/div><\/div><\/div><\/div><script id=\"script-row-unique-6\" data-row=\"script-row-unique-6\" type=\"text\/javascript\" class=\"vc_controls\">UNCODE.initRow(document.getElementById(\"row-unique-6\"));<\/script><\/div><\/div><\/div>\n<\/div>","protected":false},"excerpt":{"rendered":"Oxygen Request Form for TravellersHier ko\u0308nnen Sie ein unverbindliches Angebot fu\u0308r Sauerstoffdienstleistungen im Ausland anfordern. Bitte geben Sie so viele [...]","protected":false},"author":6,"featured_media":4961,"parent":4119,"menu_order":0,"comment_status":"closed","ping_status":"closed","template":"","meta":{"iawp_total_views":7,"footnotes":""},"class_list":["post-8546","page","type-page","status-publish","has-post-thumbnail","hentry","page_category-contact"],"_links":{"self":[{"href":"https:\/\/www.oxygenworldwide.com\/de\/wp-json\/wp\/v2\/pages\/8546","targetHints":{"allow":["GET"]}}],"collection":[{"href":"https:\/\/www.oxygenworldwide.com\/de\/wp-json\/wp\/v2\/pages"}],"about":[{"href":"https:\/\/www.oxygenworldwide.com\/de\/wp-json\/wp\/v2\/types\/page"}],"author":[{"embeddable":true,"href":"https:\/\/www.oxygenworldwide.com\/de\/wp-json\/wp\/v2\/users\/6"}],"replies":[{"embeddable":true,"href":"https:\/\/www.oxygenworldwide.com\/de\/wp-json\/wp\/v2\/comments?post=8546"}],"version-history":[{"count":2,"href":"https:\/\/www.oxygenworldwide.com\/de\/wp-json\/wp\/v2\/pages\/8546\/revisions"}],"predecessor-version":[{"id":8548,"href":"https:\/\/www.oxygenworldwide.com\/de\/wp-json\/wp\/v2\/pages\/8546\/revisions\/8548"}],"up":[{"embeddable":true,"href":"https:\/\/www.oxygenworldwide.com\/de\/wp-json\/wp\/v2\/pages\/4119"}],"wp:featuredmedia":[{"embeddable":true,"href":"https:\/\/www.oxygenworldwide.com\/de\/wp-json\/wp\/v2\/media\/4961"}],"wp:attachment":[{"href":"https:\/\/www.oxygenworldwide.com\/de\/wp-json\/wp\/v2\/media?parent=8546"}],"curies":[{"name":"wp","href":"https:\/\/api.w.org\/{rel}","templated":true}]}}