{"id":4266,"date":"2022-11-09T12:47:26","date_gmt":"2022-11-09T12:47:26","guid":{"rendered":"https:\/\/www.oxygenworldwide.com\/?page_id=4266"},"modified":"2025-11-26T07:53:10","modified_gmt":"2025-11-26T07:53:10","slug":"servicio-apoyo","status":"publish","type":"page","link":"https:\/\/www.oxygenworldwide.com\/es\/services\/service-and-support\/","title":{"rendered":"Servicio &amp; Apoyo"},"content":{"rendered":"<div class=\"wpb-content-wrapper\"><div data-parent=\"true\" class=\"vc_row has-bg need-focus style-color-lxmt-bg row-container\" id=\"row-unique-0\"><div class=\"row one-top-padding single-bottom-padding single-h-padding limit-width row-parent\"><div class=\"wpb_row row-inner\"><div class=\"wpb_column pos-top pos-center align_center column_parent col-lg-12 single-internal-gutter\"><div class=\"uncol style-light animate_when_almost_visible zoom-in\"  ><div class=\"uncoltable\"><div class=\"uncell no-block-padding\" ><div class=\"uncont\" ><div class=\"vc_custom_heading_wrap \"><div class=\"heading-text el-text\" ><h1 class=\"h1 text-accent-color\" ><span>Asistencia de ox\u00edgeno durante viajes y asistencia de emergencia las 24 horas, los 7 d\u00edas de la semana.<\/span><\/h1><\/div><div class=\"clear\"><\/div><\/div><\/div><\/div><\/div><\/div><\/div><script id=\"script-row-unique-0\" data-row=\"script-row-unique-0\" type=\"text\/javascript\" class=\"vc_controls\">UNCODE.initRow(document.getElementById(\"row-unique-0\"));<\/script><\/div><\/div><\/div><div data-parent=\"true\" class=\"vc_row row-container\" id=\"row-unique-1\"><div class=\"row single-top-padding single-bottom-padding single-h-padding limit-width row-parent\" data-height-ratio=\"5\"><div class=\"wpb_row row-inner\"><div class=\"wpb_column pos-top pos-center align_left column_parent col-lg-12 single-internal-gutter\"><div class=\"uncol style-light sticky-element sticky-sidebar animate_when_almost_visible top-t-bottom\"  ><div class=\"uncoltable\"><div class=\"uncell no-block-padding\" ><div class=\"uncont\" ><div class=\"uncode-single-media  text-left\"><div class=\"single-wrapper\" style=\"max-width: 100%;\"><div class=\"tmb tmb-light  img-round img-round-xl tmb-media-first tmb-media-last tmb-content-overlay tmb-no-bg\"><div class=\"t-inside\"><div class=\"t-entry-visual\"><div class=\"t-entry-visual-tc\"><div class=\"uncode-single-media-wrapper img-round img-round-xl\"><img decoding=\"async\" class=\"wp-image-4775\" src=\"https:\/\/www.oxygenworldwide.com\/wp-content\/uploads\/2023\/03\/service-support.jpg\" width=\"1333\" height=\"333\" alt=\"Service &amp; Support Oxygen WorldWide\" srcset=\"https:\/\/www.oxygenworldwide.com\/wp-content\/uploads\/2023\/03\/service-support.jpg 1333w, https:\/\/www.oxygenworldwide.com\/wp-content\/uploads\/2023\/03\/service-support-300x75.jpg 300w, https:\/\/www.oxygenworldwide.com\/wp-content\/uploads\/2023\/03\/service-support-1024x256.jpg 1024w, https:\/\/www.oxygenworldwide.com\/wp-content\/uploads\/2023\/03\/service-support-768x192.jpg 768w, https:\/\/www.oxygenworldwide.com\/wp-content\/uploads\/2023\/03\/service-support-18x4.jpg 18w, https:\/\/www.oxygenworldwide.com\/wp-content\/uploads\/2023\/03\/service-support-350x87.jpg 350w\" sizes=\"(max-width: 1333px) 100vw, 1333px\" \/><\/div>\n\t\t\t\t\t<\/div>\n\t\t\t\t<\/div><\/div><\/div><\/div><\/div><\/div><\/div><\/div><\/div><\/div><script id=\"script-row-unique-1\" data-row=\"script-row-unique-1\" type=\"text\/javascript\" class=\"vc_controls\">UNCODE.initRow(document.getElementById(\"row-unique-1\"));<\/script><\/div><\/div><\/div><div data-parent=\"true\" class=\"vc_row row-container\" id=\"row-unique-2\"><div class=\"row one-top-padding double-bottom-padding single-h-padding limit-width row-parent\"><div class=\"wpb_row row-inner\"><div class=\"wpb_column pos-top pos-center align_left column_parent col-lg-12 single-internal-gutter\"><div class=\"uncol style-light sticky-element sticky-sidebar animate_when_almost_visible left-t-right\"  ><div class=\"uncoltable\"><div class=\"uncell no-block-padding\" ><div class=\"uncont\" ><div class=\"animate_when_almost_visible left-t-right icon-box icon-box-top\" ><div class=\"icon-box-icon fa-container\" ><span class=\"text-color-213556-color btn-disable-hover\"><i class=\"fa fa-world fa-5x fa-fw\"><\/i><\/span><\/div><div class=\"icon-box-content\"><p class=\"text-top-reduced text-lead\"><b>OxygenWorldwide<\/b>\u00a0considera que la atenci\u00f3n al cliente es de extrema importancia.<\/p>\n<\/div><\/div><div class=\"uncode_text_column\" ><p><span style=\"font-weight: 400;\">OxygenWorldwide ofrece asistencia multiling\u00fce y de emergencia las 24 horas del d\u00eda, los 7 d\u00edas de la semana, para personas que viajan con ox\u00edgeno medicinal. Desde recargas y reparaciones hasta coordinaci\u00f3n con hoteles y referencias m\u00e9dicas, el equipo garantiza viajes seguros y confiables a cualquier parte del mundo.<\/span><\/p>\n<p><span style=\"font-weight: 400;\">Viajar con ox\u00edgeno nunca deber\u00eda generar incertidumbre. Sin embargo, cualquiera que dependa de \u00e9l sabe que las dudas surgen en cuanto se empieza a planificar un viaje.<\/span><\/p>\n<p><span style=\"font-weight: 400;\">\u00bfQu\u00e9 ocurre si hay un retraso? \u00bfQu\u00e9 ocurre si el equipo deja de funcionar? \u00bfA qui\u00e9n llamas si algo no funciona correctamente?<\/span><\/p>\n<p><span style=\"font-weight: 400;\">Ah\u00ed es donde entra OxygenWorldwide. Desde 1993, hemos ayudado a los viajeros a moverse con libertad y confianza, ofreci\u00e9ndoles asistencia personalizada las 24 horas, dondequiera que vayan. Tanto si se trata de una escapada, un invierno en el extranjero o un crucero, nuestro equipo multiling\u00fce est\u00e1 listo para ayudarle, de d\u00eda o de noche.<\/span><\/p>\n<p><span style=\"font-weight: 400;\">Todos los clientes de OxygenWorldwide tienen acceso a nuestra <\/span><b>l\u00ednea de emergencia multiling\u00fce disponible las 24 horas, los 7 d\u00edas de la semana <\/b><span style=\"font-weight: 400;\">. Un solo n\u00famero le conecta directamente con nuestro experimentado equipo de soporte, quienes le guiar\u00e1n con calma ante cualquier problema, coordinar\u00e1n las reparaciones o los reemplazos y le acompa\u00f1ar\u00e1n hasta que se resuelva. Nunca se quedar\u00e1 sin saber qu\u00e9 hacer a continuaci\u00f3n.<\/span><\/p>\n<h2><span style=\"font-weight: 400;\">Por qu\u00e9 es importante contar con un suministro de ox\u00edgeno fiable cuando viaja<\/span><\/h2>\n<p><span style=\"font-weight: 400;\">Viajar con ox\u00edgeno no se limita solo a llevarlo a tu destino. Cada pa\u00eds tiene sus propias normas, proveedores locales y sistemas de suministro el\u00e9ctrico. Las aerol\u00edneas, las compa\u00f1\u00edas de cruceros y los hoteles gestionan el ox\u00edgeno de maneras distintas. Estas peque\u00f1as diferencias pueden resultar abrumadoras, sobre todo cuando tu salud depende de la estabilidad.<\/span><\/p>\n<p><span style=\"font-weight: 400;\">Por eso, contar con un soporte t\u00e9cnico fiable es fundamental. No se trata solo de solucionar problemas, sino de tener tranquilidad. Cuando surge alg\u00fan imprevisto \u2014un vuelo retrasado, un cilindro perdido, un adaptador de enchufe defectuoso\u2014, necesitas un equipo que sepa actuar con rapidez, sin importar el idioma ni las fronteras.<\/span><\/p>\n<p><span style=\"font-weight: 400;\">El servicio de OxygenWorldwide te libera del estr\u00e9s: un equipo se encarga de todo. Colaboramos con proveedores locales de confianza en m\u00e1s de 120 pa\u00edses, coordinamos directamente con hoteles y hospitales y nos comunicamos en tu idioma. Es una red de seguridad que te permite concentrarte en lo m\u00e1s importante: disfrutar de tu tiempo libre.<\/span><\/p>\n<h2><span style=\"font-weight: 400;\">C\u00f3mo funciona en la pr\u00e1ctica nuestro soporte 24\/7.<\/span><\/h2>\n<p><span style=\"font-weight: 400;\">Esto es lo que sucede entre bastidores cuando llama a nuestro n\u00famero de emergencia.<\/span><\/p>\n<ol>\n<li style=\"font-weight: 400;\" aria-level=\"1\"><b>Respuesta humana inmediata. <\/b><span style=\"font-weight: 400;\">Hablar\u00e1s con uno de los miembros de nuestro equipo multiling\u00fce; no utilizamos sistemas automatizados.<\/span><\/li>\n<li style=\"font-weight: 400;\" aria-level=\"1\"><b>Verificaci\u00f3n de la situaci\u00f3n. <\/b><span style=\"font-weight: 400;\">Escuchamos atentamente, confirmamos su ubicaci\u00f3n e identificamos el tipo de ox\u00edgeno o equipo involucrado.<\/span><\/li>\n<li style=\"font-weight: 400;\" aria-level=\"1\"><b>Soluci\u00f3n de problemas de primer nivel. <\/b><span style=\"font-weight: 400;\">Si se trata de un problema menor (como la configuraci\u00f3n de la tuber\u00eda o el flujo), a menudo lo resolvemos juntos por tel\u00e9fono.<\/span><\/li>\n<li style=\"font-weight: 400;\" aria-level=\"1\"><b>Coordinaci\u00f3n local. <\/b><span style=\"font-weight: 400;\">Si se necesita un t\u00e9cnico o reponer el stock, nos ponemos en contacto con nuestro socio m\u00e1s cercano y organizamos una visita in situ.<\/span><\/li>\n<li style=\"font-weight: 400;\" aria-level=\"1\"><b>Seguimiento. <\/b><span style=\"font-weight: 400;\">Una vez resuelto el problema, volvemos a comprobar que todo funciona correctamente.<\/span><\/li>\n<\/ol>\n<p><span style=\"font-weight: 400;\">Nuestro objetivo es simple: mantener el flujo de ox\u00edgeno y que sus planes de viaje no se vean interrumpidos.<\/span><\/p>\n<h2><span style=\"font-weight: 400;\">Preguntas frecuentes sobre el apoyo de viaje con ox\u00edgeno<\/span><\/h2>\n<p><script type=\"application\/ld+json\">\n{\n  \"@context\": \"https:\/\/schema.org\",\n  \"@type\": \"FAQPage\",\n  \"mainEntity\": [\n    {\n      \"@type\": \"Question\",\n      \"name\": \"\u00bfQu\u00e9 idiomas habla su equipo de soporte?\",\n      \"acceptedAnswer\": {\n        \"@type\": \"Answer\",\n        \"text\": \"Nuestro equipo habla ingl\u00e9s, franc\u00e9s, alem\u00e1n, neerland\u00e9s y espa\u00f1ol. No necesita aplicaciones de traducci\u00f3n, simplemente ll\u00e1menos y hablaremos directamente con usted.\"\n      }\n    },\n    {\n      \"@type\": \"Question\",\n      \"name\": \"\u00bfPuedo obtener un manual de usuario en mi idioma?\",\n      \"acceptedAnswer\": {\n        \"@type\": \"Answer\",\n        \"text\": \"S\u00ed. Podemos enviarle por correo electr\u00f3nico un manual digital para su dispositivo de ox\u00edgeno en el idioma que prefiera.\"\n      }\n    },\n    {\n      \"@type\": \"Question\",\n      \"name\": \"Traje mi propio concentrador y est\u00e1 defectuoso. \u00bfPueden repararlo?\",\n      \"acceptedAnswer\": {\n        \"@type\": \"Answer\",\n        \"text\": \"No podemos reparar equipos que no se hayan alquilado con nosotros, pero podemos conseguirle un concentrador de reemplazo r\u00e1pidamente para que nunca se quede sin ox\u00edgeno.\"\n      }\n    },\n    {\n      \"@type\": \"Question\",\n      \"name\": \"Me estoy quedando sin ox\u00edgeno. \u00bfC\u00f3mo solicito una recarga?\",\n      \"acceptedAnswer\": {\n        \"@type\": \"Answer\",\n        \"text\": \"Llame a nuestro n\u00famero de emergencia. Por favor, cont\u00e1ctenos al menos dos d\u00edas antes de que se le acabe el ox\u00edgeno para que podamos planificar la entrega sin problemas.\"\n      }\n    },\n    {\n      \"@type\": \"Question\",\n      \"name\": \"Tengo un problema con mi concentrador, \u00bfme pueden ayudar?\",\n      \"acceptedAnswer\": {\n        \"@type\": \"Answer\",\n        \"text\": \"Por supuesto. Ofrecemos asistencia completa las 24 horas, todos los d\u00edas, para cualquier equipo de ox\u00edgeno que hayamos suministrado. Nuestro equipo le ayudar\u00e1 a solucionar el problema por tel\u00e9fono o le enviar\u00e1 un t\u00e9cnico para repararlo o reemplazarlo.\"\n      }\n    },\n    {\n      \"@type\": \"Question\",\n      \"name\": \"\u00bfCon qu\u00e9 rapidez responden a las emergencias?\",\n      \"acceptedAnswer\": {\n        \"@type\": \"Answer\",\n        \"text\": \"La mayor\u00eda de los problemas se resuelven de inmediato por tel\u00e9fono. Si se requiere la visita de un t\u00e9cnico, solemos solucionarlo el mismo d\u00eda, siempre que sea posible.\"\n      }\n    },\n    {\n      \"@type\": \"Question\",\n      \"name\": \"Llegu\u00e9 temprano y a\u00fan no me han tra\u00eddo el ox\u00edgeno. \u00bfQu\u00e9 debo hacer?\",\n      \"acceptedAnswer\": {\n        \"@type\": \"Answer\",\n        \"text\": \"Ll\u00e1menos. Consultaremos con nuestro socio log\u00edstico y le daremos una hora de entrega exacta.\"\n      }\n    },\n    {\n      \"@type\": \"Question\",\n      \"name\": \"\u00bfPuedo solicitar un tubo m\u00e1s largo para mi concentrador?\",\n      \"acceptedAnswer\": {\n        \"@type\": \"Answer\",\n        \"text\": \"S\u00ed, solo av\u00edsenos. Le proporcionaremos uno lo antes posible, aunque en climas muy c\u00e1lidos un tubo m\u00e1s largo puede causar condensaci\u00f3n ocasionalmente.\"\n      }\n    },\n    {\n      \"@type\": \"Question\",\n      \"name\": \"\u00bfQu\u00e9 debo hacer durante un corte de luz?\",\n      \"acceptedAnswer\": {\n        \"@type\": \"Answer\",\n        \"text\": \"Use su cilindro de reserva mientras no haya electricidad y luego ll\u00e1menos. Si no tiene uno o se est\u00e1 agotando, le proporcionaremos uno de inmediato.\"\n      }\n    },\n    {\n      \"@type\": \"Question\",\n      \"name\": \"Mi tanque de ox\u00edgeno parece tener una fuga. \u00bfSe puede reemplazar?\",\n      \"acceptedAnswer\": {\n        \"@type\": \"Answer\",\n        \"text\": \"S\u00ed. Llame a nuestro n\u00famero de emergencia y enviaremos un t\u00e9cnico para que lo reemplace de forma segura.\"\n      }\n    },\n    {\n      \"@type\": \"Question\",\n      \"name\": \"Me cambio de hotel. \u00bfC\u00f3mo traslado mi ox\u00edgeno?\",\n      \"acceptedAnswer\": {\n        \"@type\": \"Answer\",\n        \"text\": \"Llame cuanto antes y organizaremos la entrega a su nuevo alojamiento.\"\n      }\n    },\n    {\n      \"@type\": \"Question\",\n      \"name\": \"Necesito ver a un m\u00e9dico durante mi viaje. \u00bfMe pueden ayudar?\",\n      \"acceptedAnswer\": {\n        \"@type\": \"Answer\",\n        \"text\": \"Si su alojamiento tiene recepci\u00f3n, pregunte all\u00ed primero. Si no, o si el idioma es un problema, ll\u00e1menos y le ayudaremos a contactar con un m\u00e9dico r\u00e1pidamente.\"\n      }\n    }\n  ]\n}\n<\/script><\/p>\n<p><b>\u00bfQu\u00e9 idiomas habla su equipo de soporte? <\/b><b><br \/>\n<\/b><span style=\"font-weight: 400;\">Nuestro equipo habla ingl\u00e9s, franc\u00e9s, alem\u00e1n, neerland\u00e9s y espa\u00f1ol. No necesita aplicaciones de traducci\u00f3n; simplemente ll\u00e1menos y hablaremos directamente con usted.<\/span><\/p>\n<p><b>\u00bfPuedo obtener un manual de usuario en mi idioma? <\/b><b><br \/>\n<\/b><span style=\"font-weight: 400;\">S\u00ed. Podemos enviarle por correo electr\u00f3nico un manual digital para su dispositivo de ox\u00edgeno en el idioma que prefiera.<\/span><\/p>\n<p><b>Traje mi propio concentrador y est\u00e1 defectuoso. \u00bfPueden repararlo? <\/b><b><br \/>\n<\/b><span style=\"font-weight: 400;\">No podemos reparar equipos que no se hayan alquilado con nosotros, pero podemos conseguirle un concentrador de reemplazo r\u00e1pidamente para que nunca se quede sin ox\u00edgeno.<\/span><\/p>\n<p><b>Me estoy quedando sin ox\u00edgeno. \u00bfC\u00f3mo solicito una recarga? <\/b><b><br \/>\n<\/b><span style=\"font-weight: 400;\">Llame a nuestro n\u00famero de emergencia. Por favor, cont\u00e1ctenos al menos dos d\u00edas antes de que se le acabe el ox\u00edgeno para que podamos planificar la entrega sin problemas.<\/span><\/p>\n<p><b>Tengo un problema con mi concentrador, \u00bfme pueden ayudar? <\/b><b><br \/>\n<\/b><span style=\"font-weight: 400;\">Por supuesto. Ofrecemos asistencia completa las 24 horas, todos los d\u00edas, para cualquier equipo de ox\u00edgeno que hayamos suministrado. Nuestro equipo le ayudar\u00e1 a solucionar el problema por tel\u00e9fono o le enviar\u00e1 un t\u00e9cnico para repararlo o reemplazarlo.<\/span><\/p>\n<p><b>\u00bfCon qu\u00e9 rapidez responden a las emergencias? <\/b><b><br \/>\n<\/b><span style=\"font-weight: 400;\">La mayor\u00eda de los problemas se resuelven de inmediato por tel\u00e9fono. Si se requiere la visita de un t\u00e9cnico, solemos solucionarlo el mismo d\u00eda, siempre que sea posible.<\/span><\/p>\n<p><b>Llegu\u00e9 temprano y a\u00fan no me han tra\u00eddo el ox\u00edgeno. \u00bfQu\u00e9 debo hacer? <\/b><b><br \/>\n<\/b><span style=\"font-weight: 400;\">Ll\u00e1menos. Consultaremos con nuestro socio log\u00edstico y le daremos una hora de entrega exacta.<\/span><\/p>\n<p><b>\u00bfPuedo solicitar un tubo m\u00e1s largo para mi concentrador? <\/b><b><br \/>\n<\/b><span style=\"font-weight: 400;\">S\u00ed, solo av\u00edsenos. Le proporcionaremos uno lo antes posible, aunque en climas muy c\u00e1lidos, un tubo m\u00e1s largo puede causar condensaci\u00f3n ocasionalmente.<\/span><\/p>\n<p><b>\u00bfQu\u00e9 debo hacer durante un corte de luz? <\/b><b><br \/>\n<\/b><span style=\"font-weight: 400;\">Use su cilindro de reserva mientras no haya electricidad y luego ll\u00e1menos. Si no tiene uno o se est\u00e1 agotando, le proporcionaremos uno de inmediato.<\/span><\/p>\n<p><b>Mi tanque de ox\u00edgeno parece tener una fuga. \u00bfSe puede reemplazar? <\/b><b><br \/>\n<\/b><span style=\"font-weight: 400;\">S\u00ed. Llame a nuestro n\u00famero de emergencia y enviaremos un t\u00e9cnico para que lo reemplace de forma segura.<\/span><\/p>\n<p><b>Me cambio de hotel. \u00bfC\u00f3mo traslado mi ox\u00edgeno? <\/b><b><br \/>\n<\/b><span style=\"font-weight: 400;\">Llame cuanto antes y organizaremos la entrega a su nuevo alojamiento.<\/span><\/p>\n<p><b>Necesito ver a un m\u00e9dico durante mi viaje. \u00bfMe pueden ayudar? <\/b><b><br \/>\n<\/b><span style=\"font-weight: 400;\">Si su alojamiento tiene recepci\u00f3n, pregunte all\u00ed primero. Si no, o si el idioma es un problema, ll\u00e1menos y le ayudaremos a contactar con un m\u00e9dico r\u00e1pidamente.<\/span><\/p>\n<p><b>Siempre aqu\u00ed, dondequiera que viajes<\/b><\/p>\n<p><span style=\"font-weight: 400;\">Desde 1993, OxygenWorldwide ha apoyado a viajeros que dependen del ox\u00edgeno en m\u00e1s de 120 pa\u00edses.<\/span><\/p>\n<p><span style=\"font-weight: 400;\">Nuestro personal multiling\u00fce, nuestra s\u00f3lida red de socios y nuestra experiencia pr\u00e1ctica le permiten viajar con confianza.<\/span><\/p>\n<p><span style=\"font-weight: 400;\">No solo suministramos ox\u00edgeno, suministramos tranquilidad.<\/span><\/p>\n<p><b>Rellena el formulario de viaje <\/b><span style=\"font-weight: 400;\">y nosotros nos encargamos del resto. Vayas donde vayas, vamos contigo.<\/span><\/p>\n<\/div><div class=\"vc_row row-internal row-container\"><div class=\"row row-child\"><div class=\"wpb_row row-inner\"><div class=\"wpb_column pos-top pos-center align_left column_parent col-lg-12 single-internal-gutter\"><div class=\"uncol style-light\"  ><div class=\"uncoltable\"><div class=\"uncell no-block-padding\" ><div class=\"uncont\" ><span class=\"btn-container btn-block\" ><a role=\"button\"  href=\"https:\/\/www.oxygenworldwide.com\/es\/contacto\/consultas\/\" class=\"custom-link btn btn-lg border-width-0 btn-color-133983 btn-block btn-no-scale btn-icon-left\">Env\u00ede su solicitud sin compromiso aqu\u00ed<\/a><\/span><\/div><\/div><\/div><\/div><\/div><\/div><\/div><\/div><\/div><\/div><\/div><\/div><\/div><script id=\"script-row-unique-2\" data-row=\"script-row-unique-2\" type=\"text\/javascript\" class=\"vc_controls\">UNCODE.initRow(document.getElementById(\"row-unique-2\"));<\/script><\/div><\/div><\/div><div data-parent=\"true\" class=\"vc_row has-bg need-focus style-color-108971-bg row-container\" id=\"row-unique-6\"><div class=\"row double-top-padding double-bottom-padding single-h-padding limit-width row-parent\"><div class=\"wpb_row row-inner\"><div class=\"wpb_column pos-top pos-center align_left column_parent col-lg-4 half-internal-gutter\"><div class=\"uncol style-light\"  ><div class=\"uncoltable\"><div class=\"uncell no-block-padding\" ><div class=\"uncont\" ><div class=\"animate_when_almost_visible bottom-t-top icon-box icon-box-top\" ><div class=\"icon-box-icon fa-container\" ><a role=\"button\" href=\"https:\/\/www.oxygenworldwide.com\/es\/contacto\/consultas\/\" target=\"_blank\" class=\"text-accent-color custom-link\"><i class=\"fa fa-world fa-4x fa-fw\"><\/i><\/a><\/div><div class=\"icon-box-content\"><div class=\"icon-box-heading icon-box-fa-4x\"><h3 class=\"h2\"><a role=\"button\" href=\"https:\/\/www.oxygenworldwide.com\/es\/contacto\/consultas\/\" target=\"_blank\">OX\u00cdGENO para mis vacaciones<\/a><\/h3><\/div><p>Puede solicitar un presupuesto sin compromiso para servicios de ox\u00edgeno en el extranjero.<\/p>\n<\/div><\/div><\/div><\/div><\/div><\/div><\/div><div class=\"wpb_column pos-top pos-center align_left column_parent col-lg-4 single-internal-gutter\"><div class=\"uncol style-light\"  ><div class=\"uncoltable\"><div class=\"uncell no-block-padding\" ><div class=\"uncont\" ><div class=\"animate_when_almost_visible bottom-t-top icon-box icon-box-top\" ><div class=\"icon-box-icon fa-container\" ><a role=\"button\" href=\"https:\/\/www.oxygenworldwide.com\/es\/e111e112-espana\/\" class=\"text-accent-color custom-link\"><i class=\"fa fa-medkit fa-4x fa-fw\"><\/i><\/a><\/div><div class=\"icon-box-content\"><div class=\"icon-box-heading icon-box-fa-4x\"><h3 class=\"h2\"><a role=\"button\" href=\"https:\/\/www.oxygenworldwide.com\/es\/e111e112-espana\/\">E111-E112<\/a><\/h3><\/div><p>Hemos puesto en marcha un servicio especial para la puesta en marcha inicial del ox\u00edgeno medicinal en su destino para su tranquilidad.<\/p>\n<\/div><\/div><\/div><\/div><\/div><\/div><\/div><div class=\"wpb_column pos-top pos-center align_left column_parent col-lg-4 single-internal-gutter\"><div class=\"uncol style-light animate_when_almost_visible bottom-t-top\"  ><div class=\"uncoltable\"><div class=\"uncell no-block-padding\" ><div class=\"uncont\" ><div class=\"icon-box icon-box-top\" ><div class=\"icon-box-icon fa-container\" ><a role=\"button\" href=\"https:\/\/www.oxygenworldwide.com\/es\/blog\/\" class=\"text-accent-color custom-link\"><i class=\"fa fa-bubble fa-4x fa-fw\"><\/i><\/a><\/div><div class=\"icon-box-content\"><div class=\"icon-box-heading icon-box-fa-4x\"><h3 class=\"h2\"><a role=\"button\" href=\"https:\/\/www.oxygenworldwide.com\/es\/blog\/\">Lea nuestro blog<\/a><\/h3><\/div><p>Descubra todas las novedades y actualizaciones sobre viajar con ox\u00edgeno.<\/p>\n<\/div><\/div><\/div><\/div><\/div><\/div><\/div><script id=\"script-row-unique-6\" data-row=\"script-row-unique-6\" type=\"text\/javascript\" class=\"vc_controls\">UNCODE.initRow(document.getElementById(\"row-unique-6\"));<\/script><\/div><\/div><\/div>\n<\/div>","protected":false},"excerpt":{"rendered":"Asistencia de ox\u00edgeno durante viajes y asistencia de emergencia las 24 horas, los 7 d\u00edas de la semana. OxygenWorldwide\u00a0considera que [...]","protected":false},"author":6,"featured_media":4775,"parent":4105,"menu_order":0,"comment_status":"closed","ping_status":"closed","template":"","meta":{"iawp_total_views":1391,"footnotes":""},"class_list":["post-4266","page","type-page","status-publish","has-post-thumbnail","hentry","page_category-services"],"_links":{"self":[{"href":"https:\/\/www.oxygenworldwide.com\/es\/wp-json\/wp\/v2\/pages\/4266","targetHints":{"allow":["GET"]}}],"collection":[{"href":"https:\/\/www.oxygenworldwide.com\/es\/wp-json\/wp\/v2\/pages"}],"about":[{"href":"https:\/\/www.oxygenworldwide.com\/es\/wp-json\/wp\/v2\/types\/page"}],"author":[{"embeddable":true,"href":"https:\/\/www.oxygenworldwide.com\/es\/wp-json\/wp\/v2\/users\/6"}],"replies":[{"embeddable":true,"href":"https:\/\/www.oxygenworldwide.com\/es\/wp-json\/wp\/v2\/comments?post=4266"}],"version-history":[{"count":29,"href":"https:\/\/www.oxygenworldwide.com\/es\/wp-json\/wp\/v2\/pages\/4266\/revisions"}],"predecessor-version":[{"id":7921,"href":"https:\/\/www.oxygenworldwide.com\/es\/wp-json\/wp\/v2\/pages\/4266\/revisions\/7921"}],"up":[{"embeddable":true,"href":"https:\/\/www.oxygenworldwide.com\/es\/wp-json\/wp\/v2\/pages\/4105"}],"wp:featuredmedia":[{"embeddable":true,"href":"https:\/\/www.oxygenworldwide.com\/es\/wp-json\/wp\/v2\/media\/4775"}],"wp:attachment":[{"href":"https:\/\/www.oxygenworldwide.com\/es\/wp-json\/wp\/v2\/media?parent=4266"}],"curies":[{"name":"wp","href":"https:\/\/api.w.org\/{rel}","templated":true}]}}