{"id":4344,"date":"2022-11-15T11:18:27","date_gmt":"2022-11-15T11:18:27","guid":{"rendered":"https:\/\/www.oxygenworldwide.com\/?page_id=4344"},"modified":"2025-11-07T11:26:57","modified_gmt":"2025-11-07T11:26:57","slug":"entregas-urgentes","status":"publish","type":"page","link":"https:\/\/www.oxygenworldwide.com\/es\/services\/urgent-deliveries\/","title":{"rendered":"Entregas Urgentes"},"content":{"rendered":"<div class=\"wpb-content-wrapper\"><div data-parent=\"true\" class=\"vc_row has-bg need-focus style-color-lxmt-bg row-container\" id=\"row-unique-0\"><div class=\"row one-top-padding single-bottom-padding single-h-padding limit-width row-parent\"><div class=\"wpb_row row-inner\"><div class=\"wpb_column pos-top pos-center align_center column_parent col-lg-12 single-internal-gutter\"><div class=\"uncol style-light animate_when_almost_visible zoom-in\"  ><div class=\"uncoltable\"><div class=\"uncell no-block-padding\" ><div class=\"uncont\" ><div class=\"vc_custom_heading_wrap\"><div class=\"heading-text el-text\" ><h1 class=\"h1 text-accent-color\" ><span>Entregas Urgentes<\/span><\/h1><\/div><div class=\"clear\"><\/div><\/div><\/div><\/div><\/div><\/div><\/div><script id=\"script-row-unique-0\" data-row=\"script-row-unique-0\" type=\"text\/javascript\" class=\"vc_controls\">UNCODE.initRow(document.getElementById(\"row-unique-0\"));<\/script><\/div><\/div><\/div><div data-parent=\"true\" class=\"vc_row inverted-device-order row-container\" id=\"row-unique-1\"><div class=\"row single-top-padding single-bottom-padding single-h-padding limit-width row-parent\" data-height-ratio=\"5\"><div class=\"wpb_row row-inner\"><div class=\"wpb_column pos-top pos-center align_left column_parent col-lg-8 half-internal-gutter\"><div class=\"uncol style-light sticky-element sticky-sidebar animate_when_almost_visible left-t-right\"  ><div class=\"uncoltable\"><div class=\"uncell no-block-padding\" ><div class=\"uncont\" ><div class=\"uncode_text_column\" ><p>En los casos en los que se necesite ox\u00edgeno m\u00e9dico con urgencia, puede llamar a nuestro n\u00famero de emergencia 24\/7 y comprobaremos r\u00e1pidamente las posibilidades de llevar el ox\u00edgeno lo antes posible a su ubicaci\u00f3n. Nuestro equipo puede atenderle en ingl\u00e9s, espa\u00f1ol, alem\u00e1n, franc\u00e9s u holand\u00e9s.<\/p>\n<\/div><div class=\"vc_row row-internal row-container\"><div class=\"row row-child\"><div class=\"wpb_row row-inner\"><div class=\"wpb_column pos-top pos-center align_center column_child col-lg-12 half-internal-gutter\"><div class=\"uncol style-light\" ><div class=\"uncoltable\"><div class=\"uncell no-block-padding\" ><div class=\"uncont\" ><div class=\"animate_when_almost_visible left-t-right icon-box icon-box-top\" ><div class=\"icon-box-icon fa-container\" ><span class=\"text-color-213556-color btn-disable-hover\"><i class=\"fa fa-world fa-5x fa-fw\"><\/i><\/span><\/div><div class=\"icon-box-content\"><p class=\"text-top-reduced text-lead\" style=\"text-align: center;\"><strong>Nuestro n\u00famero de urgencias es<\/strong><\/p>\n<\/div><\/div><div class=\"vc_custom_heading_wrap\"><div class=\"heading-text el-text\" ><h2 class=\"h1 text-color-133983-color\" ><span>+34 609 657 727<\/span><\/h2><\/div><div class=\"clear\"><\/div><\/div><div class=\"empty-space empty-single\" ><span class=\"empty-space-inner\"><\/span><\/div>\n<\/div><\/div><\/div><\/div><\/div><\/div><\/div><\/div><div class=\"vc_row row-internal row-container\"><div class=\"row row-child\"><div class=\"wpb_row row-inner\"><div class=\"wpb_column pos-top pos-center align_left column_parent col-lg-12 single-internal-gutter\"><div class=\"uncol style-light\"  ><div class=\"uncoltable\"><div class=\"uncell no-block-padding\" ><div class=\"uncont\" ><span class=\"btn-container btn-block\" ><a role=\"button\"  href=\"https:\/\/www.oxygenworldwide.com\/es\/contacto\/consultas\/\" class=\"custom-link btn btn-lg border-width-0 btn-color-133983 btn-block btn-no-scale btn-icon-left\">Env\u00ede su solicitud sin compromiso aqu\u00ed<\/a><\/span><\/div><\/div><\/div><\/div><\/div><\/div><\/div><\/div><\/div><\/div><\/div><\/div><\/div><div class=\"wpb_column pos-top pos-center align_left column_parent col-lg-4 single-internal-gutter\"><div class=\"uncol style-light animate_when_almost_visible right-t-left\"  ><div class=\"uncoltable\"><div class=\"uncell no-block-padding\" ><div class=\"uncont\" ><div class=\"uncode-single-media  text-left\"><div class=\"single-wrapper\" style=\"max-width: 100%;\"><div class=\"tmb tmb-light  img-round img-round-xl tmb-media-first tmb-media-last tmb-content-overlay tmb-no-bg\"><div class=\"t-inside\"><div class=\"t-entry-visual\"><div class=\"t-entry-visual-tc\"><div class=\"uncode-single-media-wrapper img-round img-round-xl\"><img decoding=\"async\" class=\"wp-image-4776\" src=\"https:\/\/www.oxygenworldwide.com\/wp-content\/uploads\/2023\/03\/urgent-deliveries.jpg\" width=\"700\" height=\"1000\" alt=\"Oxygen Urgent Deliveries\" srcset=\"https:\/\/www.oxygenworldwide.com\/wp-content\/uploads\/2023\/03\/urgent-deliveries.jpg 700w, https:\/\/www.oxygenworldwide.com\/wp-content\/uploads\/2023\/03\/urgent-deliveries-210x300.jpg 210w, https:\/\/www.oxygenworldwide.com\/wp-content\/uploads\/2023\/03\/urgent-deliveries-8x12.jpg 8w, https:\/\/www.oxygenworldwide.com\/wp-content\/uploads\/2023\/03\/urgent-deliveries-350x500.jpg 350w\" sizes=\"(max-width: 700px) 100vw, 700px\" \/><\/div>\n\t\t\t\t\t<\/div>\n\t\t\t\t<\/div><\/div><\/div><\/div><\/div><\/div><\/div><\/div><\/div><\/div><script id=\"script-row-unique-1\" data-row=\"script-row-unique-1\" type=\"text\/javascript\" class=\"vc_controls\">UNCODE.initRow(document.getElementById(\"row-unique-1\"));<\/script><\/div><\/div><\/div><div data-parent=\"true\" class=\"vc_row has-bg need-focus style-color-108971-bg row-container\" id=\"row-unique-5\"><div class=\"row double-top-padding double-bottom-padding single-h-padding limit-width row-parent\"><div class=\"wpb_row row-inner\"><div class=\"wpb_column pos-top pos-center align_left column_parent col-lg-4 half-internal-gutter\"><div class=\"uncol style-light\"  ><div class=\"uncoltable\"><div class=\"uncell no-block-padding\" ><div class=\"uncont\" ><div class=\"animate_when_almost_visible bottom-t-top icon-box icon-box-top\" ><div class=\"icon-box-icon fa-container\" ><a role=\"button\" href=\"https:\/\/www.oxygenworldwide.com\/es\/contacto\/consultas\/\" target=\"_blank\" class=\"text-accent-color custom-link\"><i class=\"fa fa-world fa-4x fa-fw\"><\/i><\/a><\/div><div class=\"icon-box-content\"><div class=\"icon-box-heading icon-box-fa-4x\"><h3 class=\"h2\"><a role=\"button\" href=\"https:\/\/www.oxygenworldwide.com\/es\/contacto\/consultas\/\" target=\"_blank\">OX\u00cdGENO para mis vacaciones<\/a><\/h3><\/div><p>Puede solicitar un presupuesto sin compromiso para servicios de ox\u00edgeno en el extranjero.<\/p>\n<\/div><\/div><\/div><\/div><\/div><\/div><\/div><div class=\"wpb_column pos-top pos-center align_left column_parent col-lg-4 single-internal-gutter\"><div class=\"uncol style-light\"  ><div class=\"uncoltable\"><div class=\"uncell no-block-padding\" ><div class=\"uncont\" ><div class=\"animate_when_almost_visible bottom-t-top icon-box icon-box-top\" ><div class=\"icon-box-icon fa-container\" ><a role=\"button\" href=\"https:\/\/www.oxygenworldwide.com\/es\/e111e112-espana\/\" class=\"text-accent-color custom-link\"><i class=\"fa fa-medkit fa-4x fa-fw\"><\/i><\/a><\/div><div class=\"icon-box-content\"><div class=\"icon-box-heading icon-box-fa-4x\"><h3 class=\"h2\"><a role=\"button\" href=\"https:\/\/www.oxygenworldwide.com\/es\/e111e112-espana\/\">E111-E112<\/a><\/h3><\/div><p>Hemos puesto en marcha un servicio especial para la puesta en marcha inicial del ox\u00edgeno medicinal en su destino para su tranquilidad.<\/p>\n<\/div><\/div><\/div><\/div><\/div><\/div><\/div><div class=\"wpb_column pos-top pos-center align_left column_parent col-lg-4 single-internal-gutter\"><div class=\"uncol style-light animate_when_almost_visible bottom-t-top\"  ><div class=\"uncoltable\"><div class=\"uncell no-block-padding\" ><div class=\"uncont\" ><div class=\"icon-box icon-box-top\" ><div class=\"icon-box-icon fa-container\" ><a role=\"button\" href=\"https:\/\/www.oxygenworldwide.com\/es\/blog\/\" class=\"text-accent-color custom-link\"><i class=\"fa fa-bubble fa-4x fa-fw\"><\/i><\/a><\/div><div class=\"icon-box-content\"><div class=\"icon-box-heading icon-box-fa-4x\"><h3 class=\"h2\"><a role=\"button\" href=\"https:\/\/www.oxygenworldwide.com\/es\/blog\/\">Lea nuestro blog<\/a><\/h3><\/div><p>Descubra todas las novedades y actualizaciones sobre viajar con ox\u00edgeno.<\/p>\n<\/div><\/div><\/div><\/div><\/div><\/div><\/div><script id=\"script-row-unique-5\" data-row=\"script-row-unique-5\" type=\"text\/javascript\" class=\"vc_controls\">UNCODE.initRow(document.getElementById(\"row-unique-5\"));<\/script><\/div><\/div><\/div>\n<\/div>","protected":false},"excerpt":{"rendered":"Urgent DeliveriesEn los casos en los que se necesite ox\u00edgeno m\u00e9dico con urgencia, puede llamar a nuestro n\u00famero de emergencia [...]","protected":false},"author":6,"featured_media":4776,"parent":4105,"menu_order":0,"comment_status":"closed","ping_status":"closed","template":"","meta":{"iawp_total_views":989,"footnotes":""},"class_list":["post-4344","page","type-page","status-publish","has-post-thumbnail","hentry","page_category-services"],"_links":{"self":[{"href":"https:\/\/www.oxygenworldwide.com\/es\/wp-json\/wp\/v2\/pages\/4344","targetHints":{"allow":["GET"]}}],"collection":[{"href":"https:\/\/www.oxygenworldwide.com\/es\/wp-json\/wp\/v2\/pages"}],"about":[{"href":"https:\/\/www.oxygenworldwide.com\/es\/wp-json\/wp\/v2\/types\/page"}],"author":[{"embeddable":true,"href":"https:\/\/www.oxygenworldwide.com\/es\/wp-json\/wp\/v2\/users\/6"}],"replies":[{"embeddable":true,"href":"https:\/\/www.oxygenworldwide.com\/es\/wp-json\/wp\/v2\/comments?post=4344"}],"version-history":[{"count":15,"href":"https:\/\/www.oxygenworldwide.com\/es\/wp-json\/wp\/v2\/pages\/4344\/revisions"}],"predecessor-version":[{"id":5677,"href":"https:\/\/www.oxygenworldwide.com\/es\/wp-json\/wp\/v2\/pages\/4344\/revisions\/5677"}],"up":[{"embeddable":true,"href":"https:\/\/www.oxygenworldwide.com\/es\/wp-json\/wp\/v2\/pages\/4105"}],"wp:featuredmedia":[{"embeddable":true,"href":"https:\/\/www.oxygenworldwide.com\/es\/wp-json\/wp\/v2\/media\/4776"}],"wp:attachment":[{"href":"https:\/\/www.oxygenworldwide.com\/es\/wp-json\/wp\/v2\/media?parent=4344"}],"curies":[{"name":"wp","href":"https:\/\/api.w.org\/{rel}","templated":true}]}}