{"id":4354,"date":"2022-11-15T11:39:01","date_gmt":"2022-11-15T11:39:01","guid":{"rendered":"https:\/\/www.oxygenworldwide.com\/?page_id=4354"},"modified":"2025-11-07T11:26:15","modified_gmt":"2025-11-07T11:26:15","slug":"servicio-24-horas","status":"publish","type":"page","link":"https:\/\/www.oxygenworldwide.com\/es\/services\/24-hour-travel-oxygen-service\/","title":{"rendered":"Servicio 24 Horas"},"content":{"rendered":"<div class=\"wpb-content-wrapper\"><div data-parent=\"true\" class=\"vc_row has-bg need-focus style-color-lxmt-bg row-container\" id=\"row-unique-0\"><div class=\"row one-top-padding single-bottom-padding single-h-padding limit-width row-parent\"><div class=\"wpb_row row-inner\"><div class=\"wpb_column pos-top pos-center align_center column_parent col-lg-12 single-internal-gutter\"><div class=\"uncol style-light animate_when_almost_visible zoom-in\"  ><div class=\"uncoltable\"><div class=\"uncell no-block-padding\" ><div class=\"uncont\" ><div class=\"vc_custom_heading_wrap\"><div class=\"heading-text el-text\" ><h1 class=\"h1 text-accent-color\" ><span>Servicio 24 Horas<\/span><\/h1><\/div><div class=\"clear\"><\/div><\/div><\/div><\/div><\/div><\/div><\/div><script id=\"script-row-unique-0\" data-row=\"script-row-unique-0\" type=\"text\/javascript\" class=\"vc_controls\">UNCODE.initRow(document.getElementById(\"row-unique-0\"));<\/script><\/div><\/div><\/div><div data-parent=\"true\" class=\"vc_row row-container tablet-hidden mobile-hidden\" id=\"row-unique-1\"><div class=\"row single-top-padding single-bottom-padding single-h-padding limit-width row-parent\"><div class=\"wpb_row row-inner\"><div class=\"wpb_column pos-top pos-center align_left column_parent col-lg-12 single-internal-gutter\"><div class=\"uncol style-light animate_when_almost_visible top-t-bottom\"  ><div class=\"uncoltable\"><div class=\"uncell no-block-padding\" ><div class=\"uncont\" ><div class=\"uncode-single-media  text-center\"><div class=\"single-wrapper\" style=\"max-width: 35%;\"><div class=\"tmb tmb-light  img-circle tmb-media-first tmb-media-last tmb-content-overlay tmb-no-bg\"><div class=\"t-inside\"><div class=\"t-entry-visual\"><div class=\"t-entry-visual-tc\"><div class=\"uncode-single-media-wrapper img-circle\"><img decoding=\"async\" class=\"wp-image-4777\" src=\"https:\/\/www.oxygenworldwide.com\/wp-content\/uploads\/2023\/03\/24hours.jpg\" width=\"333\" height=\"333\" alt=\"Servicio 24 Horas\" srcset=\"https:\/\/www.oxygenworldwide.com\/wp-content\/uploads\/2023\/03\/24hours.jpg 333w, https:\/\/www.oxygenworldwide.com\/wp-content\/uploads\/2023\/03\/24hours-300x300.jpg 300w, https:\/\/www.oxygenworldwide.com\/wp-content\/uploads\/2023\/03\/24hours-150x150.jpg 150w, https:\/\/www.oxygenworldwide.com\/wp-content\/uploads\/2023\/03\/24hours-12x12.jpg 12w, https:\/\/www.oxygenworldwide.com\/wp-content\/uploads\/2023\/03\/24hours-60x60.jpg 60w\" sizes=\"(max-width: 333px) 100vw, 333px\" \/><\/div>\n\t\t\t\t\t<\/div>\n\t\t\t\t<\/div><\/div><\/div><\/div><\/div><\/div><\/div><\/div><\/div><\/div><script id=\"script-row-unique-1\" data-row=\"script-row-unique-1\" type=\"text\/javascript\" class=\"vc_controls\">UNCODE.initRow(document.getElementById(\"row-unique-1\"));<\/script><\/div><\/div><\/div><div data-parent=\"true\" class=\"vc_row row-container desktop-hidden mobile-hidden\" id=\"row-unique-2\"><div class=\"row single-top-padding single-bottom-padding single-h-padding limit-width row-parent\"><div class=\"wpb_row row-inner\"><div class=\"wpb_column pos-top pos-center align_left column_parent col-lg-12 single-internal-gutter\"><div class=\"uncol style-light animate_when_almost_visible top-t-bottom\"  ><div class=\"uncoltable\"><div class=\"uncell no-block-padding\" ><div class=\"uncont\" ><div class=\"uncode-single-media  text-center\"><div class=\"single-wrapper\" style=\"max-width: 60%;\"><div class=\"tmb tmb-light  img-circle tmb-media-first tmb-media-last tmb-content-overlay tmb-no-bg\"><div class=\"t-inside\"><div class=\"t-entry-visual\"><div class=\"t-entry-visual-tc\"><div class=\"uncode-single-media-wrapper img-circle\"><img decoding=\"async\" class=\"wp-image-4777\" src=\"https:\/\/www.oxygenworldwide.com\/wp-content\/uploads\/2023\/03\/24hours.jpg\" width=\"333\" height=\"333\" alt=\"Servicio 24 Horas\" srcset=\"https:\/\/www.oxygenworldwide.com\/wp-content\/uploads\/2023\/03\/24hours.jpg 333w, https:\/\/www.oxygenworldwide.com\/wp-content\/uploads\/2023\/03\/24hours-300x300.jpg 300w, https:\/\/www.oxygenworldwide.com\/wp-content\/uploads\/2023\/03\/24hours-150x150.jpg 150w, https:\/\/www.oxygenworldwide.com\/wp-content\/uploads\/2023\/03\/24hours-12x12.jpg 12w, https:\/\/www.oxygenworldwide.com\/wp-content\/uploads\/2023\/03\/24hours-60x60.jpg 60w\" sizes=\"(max-width: 333px) 100vw, 333px\" \/><\/div>\n\t\t\t\t\t<\/div>\n\t\t\t\t<\/div><\/div><\/div><\/div><\/div><\/div><\/div><\/div><\/div><\/div><script id=\"script-row-unique-2\" data-row=\"script-row-unique-2\" type=\"text\/javascript\" class=\"vc_controls\">UNCODE.initRow(document.getElementById(\"row-unique-2\"));<\/script><\/div><\/div><\/div><div data-parent=\"true\" class=\"vc_row row-container desktop-hidden tablet-hidden\" id=\"row-unique-3\"><div class=\"row single-top-padding single-bottom-padding single-h-padding limit-width row-parent\"><div class=\"wpb_row row-inner\"><div class=\"wpb_column pos-top pos-center align_left column_parent col-lg-12 single-internal-gutter\"><div class=\"uncol style-light animate_when_almost_visible top-t-bottom\"  ><div class=\"uncoltable\"><div class=\"uncell no-block-padding\" ><div class=\"uncont\" ><div class=\"uncode-single-media  text-center\"><div class=\"single-wrapper\" style=\"max-width: 85%;\"><div class=\"tmb tmb-light  img-circle tmb-media-first tmb-media-last tmb-content-overlay tmb-no-bg\"><div class=\"t-inside\"><div class=\"t-entry-visual\"><div class=\"t-entry-visual-tc\"><div class=\"uncode-single-media-wrapper img-circle\"><img decoding=\"async\" class=\"wp-image-4777\" src=\"https:\/\/www.oxygenworldwide.com\/wp-content\/uploads\/2023\/03\/24hours.jpg\" width=\"333\" height=\"333\" alt=\"Servicio 24 Horas\" srcset=\"https:\/\/www.oxygenworldwide.com\/wp-content\/uploads\/2023\/03\/24hours.jpg 333w, https:\/\/www.oxygenworldwide.com\/wp-content\/uploads\/2023\/03\/24hours-300x300.jpg 300w, https:\/\/www.oxygenworldwide.com\/wp-content\/uploads\/2023\/03\/24hours-150x150.jpg 150w, https:\/\/www.oxygenworldwide.com\/wp-content\/uploads\/2023\/03\/24hours-12x12.jpg 12w, https:\/\/www.oxygenworldwide.com\/wp-content\/uploads\/2023\/03\/24hours-60x60.jpg 60w\" sizes=\"(max-width: 333px) 100vw, 333px\" \/><\/div>\n\t\t\t\t\t<\/div>\n\t\t\t\t<\/div><\/div><\/div><\/div><\/div><\/div><\/div><\/div><\/div><\/div><script id=\"script-row-unique-3\" data-row=\"script-row-unique-3\" type=\"text\/javascript\" class=\"vc_controls\">UNCODE.initRow(document.getElementById(\"row-unique-3\"));<\/script><\/div><\/div><\/div><div data-parent=\"true\" class=\"vc_row row-container\" id=\"row-unique-4\"><div class=\"row double-top-padding double-bottom-padding single-h-padding limit-width row-parent\"><div class=\"wpb_row row-inner\"><div class=\"wpb_column pos-top pos-center align_left column_parent col-lg-12 single-internal-gutter\"><div class=\"uncol style-light sticky-element sticky-sidebar animate_when_almost_visible left-t-right\"  ><div class=\"uncoltable\"><div class=\"uncell no-block-padding\" ><div class=\"uncont\" ><div class=\"vc_row row-internal row-container\"><div class=\"row row-child\"><div class=\"wpb_row row-inner\"><div class=\"wpb_column pos-top pos-center align_center column_child col-lg-12 half-internal-gutter\"><div class=\"uncol style-light\" ><div class=\"uncoltable\"><div class=\"uncell no-block-padding\" ><div class=\"uncont\" ><div class=\"vc_custom_heading_wrap\"><div class=\"heading-text el-text\" ><h2 class=\"h4\" ><span>Para pedidos y consultas, puede contactar con nosotros en horas de oficina en los siguientes n\u00fameros<\/span><\/h2><\/div><div class=\"clear\"><\/div><\/div><div class=\"vc_custom_heading_wrap\"><div class=\"heading-text el-text\" ><h2 class=\"h1 text-color-133983-color\" ><span>+34 96 688 28 73<\/span><\/h2><\/div><div class=\"clear\"><\/div><\/div><div class=\"vc_custom_heading_wrap\"><div class=\"heading-text el-text\" ><h2 class=\"h5\" ><span>Nuestras horas de oficina son de 9am a 7pm CET (GMT+1), de Lunes a Viernes<\/span><\/h2><\/div><div class=\"clear\"><\/div><\/div><div class=\"empty-space empty-single\" ><span class=\"empty-space-inner\"><\/span><\/div>\n<\/div><\/div><\/div><\/div><\/div><\/div><\/div><\/div><div class=\"uncode_text_column\" ><p>Si desea ahorrarse el coste de la llamada, puede darle al operador de <strong>OxygenWorldwide<\/strong> que le atienda su n\u00famero fijo de tel\u00e9fono y <strong>OxygenWorldwide<\/strong> le devolver\u00e1 la llamada.<\/p>\n<\/div><div class=\"animate_when_almost_visible left-t-right icon-box icon-box-top\" ><div class=\"icon-box-icon fa-container\" ><span class=\"text-color-213556-color btn-disable-hover\"><i class=\"fa fa-world fa-4x fa-fw\"><\/i><\/span><\/div><div class=\"icon-box-content\"><div class=\"icon-box-heading icon-box-fa-4x\"><h3 class=\"h3\">Servicio telef\u00f3nico 24 horas<\/h3><\/div><p class=\"text-top-reduced\">En caso de emergencia, por favor llame a nuestro n\u00famero de urgencias <strong><a href=\"tel:0034609657727\">+34 609 657 727<\/a><\/strong> de asistencia 24\/7 en Ingl\u00e9s, Espa\u00f1ol, Alem\u00e1n, Franc\u00e9s y Holand\u00e9s.<\/p>\n<\/div><\/div><div class=\"vc_row row-internal row-container\"><div class=\"row row-child\"><div class=\"wpb_row row-inner\"><div class=\"wpb_column pos-top pos-center align_left column_parent col-lg-12 single-internal-gutter\"><div class=\"uncol style-light\"  ><div class=\"uncoltable\"><div class=\"uncell no-block-padding\" ><div class=\"uncont\" ><span class=\"btn-container btn-block\" ><a role=\"button\"  href=\"https:\/\/www.oxygenworldwide.com\/es\/contacto\/consultas\/\" class=\"custom-link btn btn-lg border-width-0 btn-color-133983 btn-block btn-no-scale btn-icon-left\">Env\u00ede su solicitud sin compromiso aqu\u00ed<\/a><\/span><\/div><\/div><\/div><\/div><\/div><\/div><\/div><\/div><\/div><\/div><\/div><\/div><\/div><script id=\"script-row-unique-4\" data-row=\"script-row-unique-4\" type=\"text\/javascript\" class=\"vc_controls\">UNCODE.initRow(document.getElementById(\"row-unique-4\"));<\/script><\/div><\/div><\/div><div data-parent=\"true\" class=\"vc_row has-bg need-focus style-color-108971-bg row-container\" id=\"row-unique-8\"><div class=\"row double-top-padding double-bottom-padding single-h-padding limit-width row-parent\"><div class=\"wpb_row row-inner\"><div class=\"wpb_column pos-top pos-center align_left column_parent col-lg-4 half-internal-gutter\"><div class=\"uncol style-light\"  ><div class=\"uncoltable\"><div class=\"uncell no-block-padding\" ><div class=\"uncont\" ><div class=\"animate_when_almost_visible bottom-t-top icon-box icon-box-top\" ><div class=\"icon-box-icon fa-container\" ><a role=\"button\" href=\"https:\/\/www.oxygenworldwide.com\/es\/contacto\/consultas\/\" target=\"_blank\" class=\"text-accent-color custom-link\"><i class=\"fa fa-world fa-4x fa-fw\"><\/i><\/a><\/div><div class=\"icon-box-content\"><div class=\"icon-box-heading icon-box-fa-4x\"><h3 class=\"h2\"><a role=\"button\" href=\"https:\/\/www.oxygenworldwide.com\/es\/contacto\/consultas\/\" target=\"_blank\">OX\u00cdGENO para mis vacaciones<\/a><\/h3><\/div><p>Puede solicitar un presupuesto sin compromiso para servicios de ox\u00edgeno en el extranjero.<\/p>\n<\/div><\/div><\/div><\/div><\/div><\/div><\/div><div class=\"wpb_column pos-top pos-center align_left column_parent col-lg-4 single-internal-gutter\"><div class=\"uncol style-light\"  ><div class=\"uncoltable\"><div class=\"uncell no-block-padding\" ><div class=\"uncont\" ><div class=\"animate_when_almost_visible bottom-t-top icon-box icon-box-top\" ><div class=\"icon-box-icon fa-container\" ><a role=\"button\" href=\"https:\/\/www.oxygenworldwide.com\/es\/e111e112-espana\/\" class=\"text-accent-color custom-link\"><i class=\"fa fa-medkit fa-4x fa-fw\"><\/i><\/a><\/div><div class=\"icon-box-content\"><div class=\"icon-box-heading icon-box-fa-4x\"><h3 class=\"h2\"><a role=\"button\" href=\"https:\/\/www.oxygenworldwide.com\/es\/e111e112-espana\/\">E111-E112<\/a><\/h3><\/div><p>Hemos puesto en marcha un servicio especial para la puesta en marcha inicial del ox\u00edgeno medicinal en su destino para su tranquilidad.<\/p>\n<\/div><\/div><\/div><\/div><\/div><\/div><\/div><div class=\"wpb_column pos-top pos-center align_left column_parent col-lg-4 single-internal-gutter\"><div class=\"uncol style-light animate_when_almost_visible bottom-t-top\"  ><div class=\"uncoltable\"><div class=\"uncell no-block-padding\" ><div class=\"uncont\" ><div class=\"icon-box icon-box-top\" ><div class=\"icon-box-icon fa-container\" ><a role=\"button\" href=\"https:\/\/www.oxygenworldwide.com\/es\/blog\/\" class=\"text-accent-color custom-link\"><i class=\"fa fa-bubble fa-4x fa-fw\"><\/i><\/a><\/div><div class=\"icon-box-content\"><div class=\"icon-box-heading icon-box-fa-4x\"><h3 class=\"h2\"><a role=\"button\" href=\"https:\/\/www.oxygenworldwide.com\/es\/blog\/\">Lea nuestro blog<\/a><\/h3><\/div><p>Descubra todas las novedades y actualizaciones sobre viajar con ox\u00edgeno.<\/p>\n<\/div><\/div><\/div><\/div><\/div><\/div><\/div><script id=\"script-row-unique-8\" data-row=\"script-row-unique-8\" type=\"text\/javascript\" class=\"vc_controls\">UNCODE.initRow(document.getElementById(\"row-unique-8\"));<\/script><\/div><\/div><\/div>\n<\/div>","protected":false},"excerpt":{"rendered":"24 Hour Travel Oxygen Service Para pedidos y consultas, puede contactar con nosotros en horas de oficina en los siguientes [...]","protected":false},"author":6,"featured_media":4777,"parent":4105,"menu_order":0,"comment_status":"closed","ping_status":"closed","template":"","meta":{"iawp_total_views":785,"footnotes":""},"class_list":["post-4354","page","type-page","status-publish","has-post-thumbnail","hentry","page_category-services"],"_links":{"self":[{"href":"https:\/\/www.oxygenworldwide.com\/es\/wp-json\/wp\/v2\/pages\/4354","targetHints":{"allow":["GET"]}}],"collection":[{"href":"https:\/\/www.oxygenworldwide.com\/es\/wp-json\/wp\/v2\/pages"}],"about":[{"href":"https:\/\/www.oxygenworldwide.com\/es\/wp-json\/wp\/v2\/types\/page"}],"author":[{"embeddable":true,"href":"https:\/\/www.oxygenworldwide.com\/es\/wp-json\/wp\/v2\/users\/6"}],"replies":[{"embeddable":true,"href":"https:\/\/www.oxygenworldwide.com\/es\/wp-json\/wp\/v2\/comments?post=4354"}],"version-history":[{"count":21,"href":"https:\/\/www.oxygenworldwide.com\/es\/wp-json\/wp\/v2\/pages\/4354\/revisions"}],"predecessor-version":[{"id":7828,"href":"https:\/\/www.oxygenworldwide.com\/es\/wp-json\/wp\/v2\/pages\/4354\/revisions\/7828"}],"up":[{"embeddable":true,"href":"https:\/\/www.oxygenworldwide.com\/es\/wp-json\/wp\/v2\/pages\/4105"}],"wp:featuredmedia":[{"embeddable":true,"href":"https:\/\/www.oxygenworldwide.com\/es\/wp-json\/wp\/v2\/media\/4777"}],"wp:attachment":[{"href":"https:\/\/www.oxygenworldwide.com\/es\/wp-json\/wp\/v2\/media?parent=4354"}],"curies":[{"name":"wp","href":"https:\/\/api.w.org\/{rel}","templated":true}]}}