{"id":4483,"date":"2022-11-21T09:47:26","date_gmt":"2022-11-21T09:47:26","guid":{"rendered":"https:\/\/www.oxygenworldwide.com\/?page_id=4483"},"modified":"2025-11-07T11:25:09","modified_gmt":"2025-11-07T11:25:09","slug":"faq","status":"publish","type":"page","link":"https:\/\/www.oxygenworldwide.com\/es\/help\/faq\/","title":{"rendered":"FAQ"},"content":{"rendered":"<div class=\"wpb-content-wrapper\"><div data-parent=\"true\" class=\"vc_row has-bg need-focus style-color-lxmt-bg row-container\" id=\"row-unique-0\"><div class=\"row one-top-padding single-bottom-padding single-h-padding limit-width row-parent\"><div class=\"wpb_row row-inner\"><div class=\"wpb_column pos-top pos-center align_center column_parent col-lg-12 single-internal-gutter\"><div class=\"uncol style-light animate_when_almost_visible zoom-in\"  ><div class=\"uncoltable\"><div class=\"uncell no-block-padding\" ><div class=\"uncont\" ><div class=\"vc_custom_heading_wrap\"><div class=\"heading-text el-text\" ><h1 class=\"h1 text-accent-color\" ><span>FAQ<\/span><\/h1><\/div><div class=\"clear\"><\/div><\/div><\/div><\/div><\/div><\/div><\/div><script id=\"script-row-unique-0\" data-row=\"script-row-unique-0\" type=\"text\/javascript\" class=\"vc_controls\">UNCODE.initRow(document.getElementById(\"row-unique-0\"));<\/script><\/div><\/div><\/div><div data-parent=\"true\" class=\"vc_row inverted-device-order row-container\" id=\"row-unique-1\"><div class=\"row single-top-padding double-bottom-padding single-h-padding limit-width row-parent\"><div class=\"wpb_row row-inner\"><div class=\"wpb_column pos-top pos-center align_left column_parent col-lg-8 single-internal-gutter\"><div class=\"uncol style-light sticky-element sticky-sidebar animate_when_almost_visible left-t-right\"  ><div class=\"uncoltable\"><div class=\"uncell no-block-padding\" ><div class=\"uncont\" ><div class=\"uncode-accordion wpb_accordion wpb_content_element  sign-size-rg default-typography w-border\" data-collapsible=\"no\" data-target=\"\" data-active-tab=\"0\" >\n\t\t<div class=\"panel-group wpb_wrapper wpb_accordion_wrapper\" id=\"accordion_182047615\" data-no-toggle=\"\">\n\n<div class=\"panel panel-default wpb_accordion_section group  no-block-padding\"><div class=\"panel-heading wpb_accordion_header ui-accordion-header\"><p class=\"panel-title font-weight- text-   icon-size-rg\"><a data-toggle=\"collapse\" data-parent=\"#accordion_182047615\" href=\"#1669023947-1-65\"><span>\u00bfD\u00f3nde pueden suministrar ox\u00edgeno?<\/span><\/a><\/p><\/div><div id=\"1669023947-1-65\" class=\"panel-collapse collapse\"><div class=\"panel-body wpb_accordion_content ui-accordion-content half-internal-gutter single-block-padding\">\n\t\t\t\t\t\t<div class=\"uncode_text_column\" ><p>En principio, podemos suministrar ox\u00edgeno m\u00e9dico en cualquier parte del mundo, pero teniendo en cuenta la variaci\u00f3n en cuanto a normativa de seguridad, le rogamos nos consulte antes de hacer sus planes de vacaciones. As\u00ed podremos confirmarle, antes de que Usted realice ninguna contrataci\u00f3n, de la posibilidad de entrega de ox\u00edgeno m\u00e9dico en el destino elegido.<\/p>\n<\/div><\/div><\/div><\/div><div class=\"panel panel-default wpb_accordion_section group  no-block-padding\"><div class=\"panel-heading wpb_accordion_header ui-accordion-header\"><p class=\"panel-title font-weight- text-   icon-size-rg\"><a data-toggle=\"collapse\" data-parent=\"#accordion_182047615\" href=\"#1669023947-2-52\"><span>\u00bfCu\u00e1nto cuesta?<\/span><\/a><\/p><\/div><div id=\"1669023947-2-52\" class=\"panel-collapse collapse\"><div class=\"panel-body wpb_accordion_content ui-accordion-content half-internal-gutter single-block-padding\">\n\t\t\t\t\t\t<div class=\"uncode_text_column\" ><p>Usted contar\u00e1 con un presupuesto personalizado dependiendo de su destino, tipo de ox\u00edgeno m\u00e9dico que requiere y otros servicios que desee contratar. Por favor, env\u00edenos por fax o email todos los detalles para poder darle un coste basado en sus necesidades.<\/p>\n<\/div><\/div><\/div><\/div><div class=\"panel panel-default wpb_accordion_section group  no-block-padding\"><div class=\"panel-heading wpb_accordion_header ui-accordion-header\"><p class=\"panel-title font-weight- text-   icon-size-rg\"><a data-toggle=\"collapse\" data-parent=\"#accordion_182047615\" href=\"#1669024137214-2-0\"><span>\u00bfQu\u00e9 detalles necesito darles para mi presupuesto?<\/span><\/a><\/p><\/div><div id=\"1669024137214-2-0\" class=\"panel-collapse collapse\"><div class=\"panel-body wpb_accordion_content ui-accordion-content half-internal-gutter single-block-padding\">\n\t\t\t\t\t\t<div class=\"uncode_text_column\" ><p>Para que le enviemos un presupuesto sin ninguna obligaci\u00f3n, por favor rellene el formulario que encontr\u00e1r\u00e1 en (&#8216;<a href=\"https:\/\/www.oxygenworldwide.com\/es\/contacto\/consultas\">Consultas<\/a>&#8216;). En caso de querer realizar su contrataci\u00f3n, solicitaremos toda la informaci\u00f3n adicional necesaria.<\/p>\n<\/div><\/div><\/div><\/div><div class=\"panel panel-default wpb_accordion_section group  no-block-padding\"><div class=\"panel-heading wpb_accordion_header ui-accordion-header\"><p class=\"panel-title font-weight- text-   icon-size-rg\"><a data-toggle=\"collapse\" data-parent=\"#accordion_182047615\" href=\"#1669024288642-3-0\"><span>\u00bfPuedo llevarme mis cilindros de ox\u00edgeno m\u00e9dico y pedir a OxygenWorldwide que los rellene en mi destino?<\/span><\/a><\/p><\/div><div id=\"1669024288642-3-0\" class=\"panel-collapse collapse\"><div class=\"panel-body wpb_accordion_content ui-accordion-content half-internal-gutter single-block-padding\">\n\t\t\t\t\t\t<div class=\"uncode_text_column\" ><p>No es posible llenar cilindros o contenedores de terceros en ning\u00fan lugar.\u2028<\/p>\n<\/div><\/div><\/div><\/div><div class=\"panel panel-default wpb_accordion_section group  no-block-padding\"><div class=\"panel-heading wpb_accordion_header ui-accordion-header\"><p class=\"panel-title font-weight- text-   icon-size-rg\"><a data-toggle=\"collapse\" data-parent=\"#accordion_182047615\" href=\"#1669024323204-4-4\"><span>\u00bfQu\u00e9 ocurre si cambio las fechas de viaje, respecto a las que en principio hab\u00eda planeado?<\/span><\/a><\/p><\/div><div id=\"1669024323204-4-4\" class=\"panel-collapse collapse\"><div class=\"panel-body wpb_accordion_content ui-accordion-content half-internal-gutter single-block-padding\">\n\t\t\t\t\t\t<div class=\"uncode_text_column\" ><p>En este caso, debe informarnos lo antes posible de las fechas reales de salida para nosotros poder hacer llegar esta informaci\u00f3n a su empresa de seguros y\/o proveedor de ox\u00edgeno m\u00e9dico.<\/p>\n<\/div><\/div><\/div><\/div><div class=\"panel panel-default wpb_accordion_section group  no-block-padding\"><div class=\"panel-heading wpb_accordion_header ui-accordion-header\"><p class=\"panel-title font-weight- text-   icon-size-rg\"><a data-toggle=\"collapse\" data-parent=\"#accordion_182047615\" href=\"#1669024352565-5-3\"><span>Sufro de Neuralgia de Horton y necesito m\u00e1s ox\u00edgeno m\u00e9dico de lo habitual (7-15 ltr.\/min.) \u00bfPueden organizarlo?<\/span><\/a><\/p><\/div><div id=\"1669024352565-5-3\" class=\"panel-collapse collapse\"><div class=\"panel-body wpb_accordion_content ui-accordion-content half-internal-gutter single-block-padding\">\n\t\t\t\t\t\t<div class=\"uncode_text_column\" ><p>No ser\u00e1 ning\u00fan problema, siempre que Usted lo especifique al rellenar su solicitud.<\/p>\n<\/div><\/div><\/div><\/div><div class=\"panel panel-default wpb_accordion_section group  no-block-padding\"><div class=\"panel-heading wpb_accordion_header ui-accordion-header\"><p class=\"panel-title font-weight- text-   icon-size-rg\"><a data-toggle=\"collapse\" data-parent=\"#accordion_182047615\" href=\"#1669024382278-6-7\"><span>\u00bfC\u00f3mo les encontrar\u00e9 en el aeropuerto?<\/span><\/a><\/p><\/div><div id=\"1669024382278-6-7\" class=\"panel-collapse collapse\"><div class=\"panel-body wpb_accordion_content ui-accordion-content half-internal-gutter single-block-padding\">\n\t\t\t\t\t\t<div class=\"uncode_text_column\" ><p>No necesitar\u00e1 encontrarnos. Le estaremos esperando en la puerta de su avi\u00f3n.<\/p>\n<\/div><\/div><\/div><\/div><div class=\"panel panel-default wpb_accordion_section group  no-block-padding\"><div class=\"panel-heading wpb_accordion_header ui-accordion-header\"><p class=\"panel-title font-weight- text-   icon-size-rg\"><a data-toggle=\"collapse\" data-parent=\"#accordion_182047615\" href=\"#1669024477022-9-2\"><span>Me han dicho que Espa\u00f1a sufre de cortes de electricidad de forma habitual. Utilizo un equipo de ox\u00edgeno m\u00e9dico con concentrador (un aparato el\u00e9ctrico que extracta o condensa el ox\u00edgeno del aire.) \u00bfQu\u00e9 soluci\u00f3n hay durante un corte el\u00e9ctrico?<\/span><\/a><\/p><\/div><div id=\"1669024477022-9-2\" class=\"panel-collapse collapse\"><div class=\"panel-body wpb_accordion_content ui-accordion-content half-internal-gutter single-block-padding\">\n\t\t\t\t\t\t<div class=\"uncode_text_column\" ><p>Adem\u00e1s del concentrador, se le har\u00e1 entrega de un cilindro de emergencia, igual que se hace cuando el cliente utiliza ox\u00edgeno m\u00e9dico l\u00edquido.<\/p>\n<\/div><\/div><\/div><\/div><div class=\"panel panel-default wpb_accordion_section group  no-block-padding\"><div class=\"panel-heading wpb_accordion_header ui-accordion-header\"><p class=\"panel-title font-weight- text-   icon-size-rg\"><a data-toggle=\"collapse\" data-parent=\"#accordion_182047615\" href=\"#1669024508031-10-0\"><span>\u00bfCuenta OxygenWorldwide con un n\u00famero de emergencias al que pueda llamar mientras est\u00e9 de vacaciones?<\/span><\/a><\/p><\/div><div id=\"1669024508031-10-0\" class=\"panel-collapse collapse\"><div class=\"panel-body wpb_accordion_content ui-accordion-content half-internal-gutter single-block-padding\">\n\t\t\t\t\t\t<div class=\"uncode_text_column\" ><p>Por supuesto. Contamos con un n\u00famero de urgencias que le proporcionaremos antes de comenzar su viaje. Estamos disponibles en este n\u00famero 24 horas al d\u00eda, 7 d\u00edas de la semana.<\/p>\n<\/div><\/div><\/div><\/div>\n\t\t<\/div><\/div><div class=\"vc_row row-internal row-container\"><div class=\"row row-child\"><div class=\"wpb_row row-inner\"><div class=\"wpb_column pos-top pos-center align_left column_parent col-lg-12 single-internal-gutter\"><div class=\"uncol style-light\"  ><div class=\"uncoltable\"><div class=\"uncell no-block-padding\" ><div class=\"uncont\" ><span class=\"btn-container btn-block\" ><a role=\"button\"  href=\"https:\/\/www.oxygenworldwide.com\/es\/contacto\/consultas\/\" class=\"custom-link btn btn-lg border-width-0 btn-color-133983 btn-block btn-no-scale btn-icon-left\">Env\u00ede su solicitud sin compromiso aqu\u00ed<\/a><\/span><\/div><\/div><\/div><\/div><\/div><\/div><\/div><\/div><\/div><\/div><\/div><\/div><\/div><div class=\"wpb_column pos-top pos-center align_left column_parent col-lg-4 single-internal-gutter\"><div class=\"uncol style-light sticky-element sticky-sidebar animate_when_almost_visible right-t-left\"  ><div class=\"uncoltable\"><div class=\"uncell no-block-padding\" ><div class=\"uncont\" ><div class=\"vc_row row-internal row-container tablet-hidden mobile-hidden\"><div class=\"row row-child\"><div class=\"wpb_row row-inner\"><div class=\"wpb_column pos-top pos-center align_left column_child col-lg-12 single-internal-gutter\"><div class=\"uncol style-light\" ><div class=\"uncoltable\"><div class=\"uncell no-block-padding\" ><div class=\"uncont\" ><div class=\"uncode-single-media  text-left\"><div class=\"single-wrapper\" style=\"max-width: 100%;\"><div class=\"tmb tmb-light  img-circle tmb-media-first tmb-media-last tmb-content-overlay tmb-no-bg\"><div class=\"t-inside\"><div class=\"t-entry-visual\"><div class=\"t-entry-visual-tc\"><div class=\"uncode-single-media-wrapper img-circle\"><img decoding=\"async\" class=\"wp-image-4808\" src=\"https:\/\/www.oxygenworldwide.com\/wp-content\/uploads\/2023\/03\/faq.jpg\" width=\"667\" height=\"667\" alt=\"\" srcset=\"https:\/\/www.oxygenworldwide.com\/wp-content\/uploads\/2023\/03\/faq.jpg 667w, https:\/\/www.oxygenworldwide.com\/wp-content\/uploads\/2023\/03\/faq-300x300.jpg 300w, https:\/\/www.oxygenworldwide.com\/wp-content\/uploads\/2023\/03\/faq-150x150.jpg 150w, https:\/\/www.oxygenworldwide.com\/wp-content\/uploads\/2023\/03\/faq-12x12.jpg 12w, https:\/\/www.oxygenworldwide.com\/wp-content\/uploads\/2023\/03\/faq-60x60.jpg 60w, https:\/\/www.oxygenworldwide.com\/wp-content\/uploads\/2023\/03\/faq-350x350.jpg 350w, https:\/\/www.oxygenworldwide.com\/wp-content\/uploads\/2023\/03\/faq-348x348.jpg 348w\" sizes=\"(max-width: 667px) 100vw, 667px\" \/><\/div>\n\t\t\t\t\t<\/div>\n\t\t\t\t<\/div><\/div><\/div><\/div><\/div><\/div><\/div><\/div><\/div><\/div><\/div><\/div><\/div><div class=\"vc_row inverted-device-order vc_custom_1670241764634 row-internal row-container desktop-hidden mobile-hidden\" style=\"margin-top: -20px ;\"><div class=\"row row-child\"><div class=\"wpb_row row-inner\"><div class=\"wpb_column pos-top pos-center align_center column_child col-lg-12 single-internal-gutter\"><div class=\"uncol style-light\" ><div class=\"uncoltable\"><div class=\"uncell no-block-padding\" ><div class=\"uncont\" ><div class=\"uncode-single-media  text-center\"><div class=\"single-wrapper\" style=\"max-width: 57%;\"><div class=\"tmb tmb-light  img-circle tmb-media-first tmb-media-last tmb-content-overlay tmb-no-bg\"><div class=\"t-inside\"><div class=\"t-entry-visual\"><div class=\"t-entry-visual-tc\"><div class=\"uncode-single-media-wrapper img-circle\"><img decoding=\"async\" class=\"wp-image-4808\" src=\"https:\/\/www.oxygenworldwide.com\/wp-content\/uploads\/2023\/03\/faq.jpg\" width=\"667\" height=\"667\" alt=\"\" srcset=\"https:\/\/www.oxygenworldwide.com\/wp-content\/uploads\/2023\/03\/faq.jpg 667w, https:\/\/www.oxygenworldwide.com\/wp-content\/uploads\/2023\/03\/faq-300x300.jpg 300w, https:\/\/www.oxygenworldwide.com\/wp-content\/uploads\/2023\/03\/faq-150x150.jpg 150w, https:\/\/www.oxygenworldwide.com\/wp-content\/uploads\/2023\/03\/faq-12x12.jpg 12w, https:\/\/www.oxygenworldwide.com\/wp-content\/uploads\/2023\/03\/faq-60x60.jpg 60w, https:\/\/www.oxygenworldwide.com\/wp-content\/uploads\/2023\/03\/faq-350x350.jpg 350w, https:\/\/www.oxygenworldwide.com\/wp-content\/uploads\/2023\/03\/faq-348x348.jpg 348w\" sizes=\"(max-width: 667px) 100vw, 667px\" \/><\/div>\n\t\t\t\t\t<\/div>\n\t\t\t\t<\/div><\/div><\/div><\/div><\/div><\/div><\/div><\/div><\/div><\/div><\/div><\/div><\/div><div class=\"vc_row vc_custom_1670241417802 row-internal row-container desktop-hidden tablet-hidden\" style=\"margin-top: -15px ;\"><div class=\"row row-child\"><div class=\"wpb_row row-inner\"><div class=\"wpb_column pos-top pos-center align_left column_child col-lg-12 single-internal-gutter\"><div class=\"uncol style-light\" ><div class=\"uncoltable\"><div class=\"uncell no-block-padding\" ><div class=\"uncont\" ><div class=\"uncode-single-media  text-left\"><div class=\"single-wrapper\" style=\"max-width: 100%;\"><div class=\"tmb tmb-light  img-circle tmb-media-first tmb-media-last tmb-content-overlay tmb-no-bg\"><div class=\"t-inside\"><div class=\"t-entry-visual\"><div class=\"t-entry-visual-tc\"><div class=\"uncode-single-media-wrapper img-circle\"><img decoding=\"async\" class=\"wp-image-4808\" src=\"https:\/\/www.oxygenworldwide.com\/wp-content\/uploads\/2023\/03\/faq.jpg\" width=\"667\" height=\"667\" alt=\"\" srcset=\"https:\/\/www.oxygenworldwide.com\/wp-content\/uploads\/2023\/03\/faq.jpg 667w, https:\/\/www.oxygenworldwide.com\/wp-content\/uploads\/2023\/03\/faq-300x300.jpg 300w, https:\/\/www.oxygenworldwide.com\/wp-content\/uploads\/2023\/03\/faq-150x150.jpg 150w, https:\/\/www.oxygenworldwide.com\/wp-content\/uploads\/2023\/03\/faq-12x12.jpg 12w, https:\/\/www.oxygenworldwide.com\/wp-content\/uploads\/2023\/03\/faq-60x60.jpg 60w, https:\/\/www.oxygenworldwide.com\/wp-content\/uploads\/2023\/03\/faq-350x350.jpg 350w, https:\/\/www.oxygenworldwide.com\/wp-content\/uploads\/2023\/03\/faq-348x348.jpg 348w\" sizes=\"(max-width: 667px) 100vw, 667px\" \/><\/div>\n\t\t\t\t\t<\/div>\n\t\t\t\t<\/div><\/div><\/div><\/div><\/div><\/div><\/div><\/div><\/div><\/div><\/div><\/div><\/div><\/div><\/div><\/div><\/div><\/div><script id=\"script-row-unique-1\" data-row=\"script-row-unique-1\" type=\"text\/javascript\" class=\"vc_controls\">UNCODE.initRow(document.getElementById(\"row-unique-1\"));<\/script><\/div><\/div><\/div><div data-parent=\"true\" class=\"vc_row has-bg need-focus style-color-108971-bg row-container\" id=\"row-unique-5\"><div class=\"row double-top-padding double-bottom-padding single-h-padding limit-width row-parent\"><div class=\"wpb_row row-inner\"><div class=\"wpb_column pos-top pos-center align_left column_parent col-lg-4 half-internal-gutter\"><div class=\"uncol style-light\"  ><div class=\"uncoltable\"><div class=\"uncell no-block-padding\" ><div class=\"uncont\" ><div class=\"animate_when_almost_visible bottom-t-top icon-box icon-box-top\" ><div class=\"icon-box-icon fa-container\" ><a role=\"button\" href=\"https:\/\/www.oxygenworldwide.com\/es\/contacto\/consultas\/\" target=\"_blank\" class=\"text-accent-color custom-link\"><i class=\"fa fa-world fa-4x fa-fw\"><\/i><\/a><\/div><div class=\"icon-box-content\"><div class=\"icon-box-heading icon-box-fa-4x\"><h3 class=\"h2\"><a role=\"button\" href=\"https:\/\/www.oxygenworldwide.com\/es\/contacto\/consultas\/\" target=\"_blank\">OX\u00cdGENO para mis vacaciones<\/a><\/h3><\/div><p>Puede solicitar un presupuesto sin compromiso para servicios de ox\u00edgeno en el extranjero.<\/p>\n<\/div><\/div><\/div><\/div><\/div><\/div><\/div><div class=\"wpb_column pos-top pos-center align_left column_parent col-lg-4 single-internal-gutter\"><div class=\"uncol style-light\"  ><div class=\"uncoltable\"><div class=\"uncell no-block-padding\" ><div class=\"uncont\" ><div class=\"animate_when_almost_visible bottom-t-top icon-box icon-box-top\" ><div class=\"icon-box-icon fa-container\" ><a role=\"button\" href=\"https:\/\/www.oxygenworldwide.com\/es\/e111e112-espana\/\" class=\"text-accent-color custom-link\"><i class=\"fa fa-medkit fa-4x fa-fw\"><\/i><\/a><\/div><div class=\"icon-box-content\"><div class=\"icon-box-heading icon-box-fa-4x\"><h3 class=\"h2\"><a role=\"button\" href=\"https:\/\/www.oxygenworldwide.com\/es\/e111e112-espana\/\">E111-E112<\/a><\/h3><\/div><p>Hemos puesto en marcha un servicio especial para la puesta en marcha inicial del ox\u00edgeno medicinal en su destino para su tranquilidad.<\/p>\n<\/div><\/div><\/div><\/div><\/div><\/div><\/div><div class=\"wpb_column pos-top pos-center align_left column_parent col-lg-4 single-internal-gutter\"><div class=\"uncol style-light animate_when_almost_visible bottom-t-top\"  ><div class=\"uncoltable\"><div class=\"uncell no-block-padding\" ><div class=\"uncont\" ><div class=\"icon-box icon-box-top\" ><div class=\"icon-box-icon fa-container\" ><a role=\"button\" href=\"https:\/\/www.oxygenworldwide.com\/es\/blog\/\" class=\"text-accent-color custom-link\"><i class=\"fa fa-bubble fa-4x fa-fw\"><\/i><\/a><\/div><div class=\"icon-box-content\"><div class=\"icon-box-heading icon-box-fa-4x\"><h3 class=\"h2\"><a role=\"button\" href=\"https:\/\/www.oxygenworldwide.com\/es\/blog\/\">Lea nuestro blog<\/a><\/h3><\/div><p>Descubra todas las novedades y actualizaciones sobre viajar con ox\u00edgeno.<\/p>\n<\/div><\/div><\/div><\/div><\/div><\/div><\/div><script id=\"script-row-unique-5\" data-row=\"script-row-unique-5\" type=\"text\/javascript\" class=\"vc_controls\">UNCODE.initRow(document.getElementById(\"row-unique-5\"));<\/script><\/div><\/div><\/div>\n<\/div>","protected":false},"excerpt":{"rendered":"FAQ \u00bfD\u00f3nde pueden suministrar ox\u00edgeno? En principio, podemos suministrar ox\u00edgeno m\u00e9dico en cualquier parte del mundo, pero teniendo en cuenta [...]","protected":false},"author":6,"featured_media":4808,"parent":4111,"menu_order":0,"comment_status":"closed","ping_status":"closed","template":"","meta":{"iawp_total_views":345,"footnotes":""},"class_list":["post-4483","page","type-page","status-publish","has-post-thumbnail","hentry","page_category-help"],"_links":{"self":[{"href":"https:\/\/www.oxygenworldwide.com\/es\/wp-json\/wp\/v2\/pages\/4483","targetHints":{"allow":["GET"]}}],"collection":[{"href":"https:\/\/www.oxygenworldwide.com\/es\/wp-json\/wp\/v2\/pages"}],"about":[{"href":"https:\/\/www.oxygenworldwide.com\/es\/wp-json\/wp\/v2\/types\/page"}],"author":[{"embeddable":true,"href":"https:\/\/www.oxygenworldwide.com\/es\/wp-json\/wp\/v2\/users\/6"}],"replies":[{"embeddable":true,"href":"https:\/\/www.oxygenworldwide.com\/es\/wp-json\/wp\/v2\/comments?post=4483"}],"version-history":[{"count":15,"href":"https:\/\/www.oxygenworldwide.com\/es\/wp-json\/wp\/v2\/pages\/4483\/revisions"}],"predecessor-version":[{"id":5690,"href":"https:\/\/www.oxygenworldwide.com\/es\/wp-json\/wp\/v2\/pages\/4483\/revisions\/5690"}],"up":[{"embeddable":true,"href":"https:\/\/www.oxygenworldwide.com\/es\/wp-json\/wp\/v2\/pages\/4111"}],"wp:featuredmedia":[{"embeddable":true,"href":"https:\/\/www.oxygenworldwide.com\/es\/wp-json\/wp\/v2\/media\/4808"}],"wp:attachment":[{"href":"https:\/\/www.oxygenworldwide.com\/es\/wp-json\/wp\/v2\/media?parent=4483"}],"curies":[{"name":"wp","href":"https:\/\/api.w.org\/{rel}","templated":true}]}}