{"id":6355,"date":"2024-03-07T08:34:58","date_gmt":"2024-03-07T08:34:58","guid":{"rendered":"https:\/\/www.oxygenworldwide.com\/?page_id=6355"},"modified":"2024-03-07T08:34:58","modified_gmt":"2024-03-07T08:34:58","slug":"online-payment-portal-terms-conditions","status":"publish","type":"page","link":"https:\/\/www.oxygenworldwide.com\/es\/online-payment-portal-terms-conditions\/","title":{"rendered":"Online payment portal Terms &#038; Conditions"},"content":{"rendered":"<div class=\"wpb-content-wrapper\"><div data-parent=\"true\" class=\"vc_row has-bg need-focus style-color-lxmt-bg row-container\" id=\"row-unique-0\"><div class=\"row one-top-padding single-bottom-padding single-h-padding limit-width row-parent\"><div class=\"wpb_row row-inner\"><div class=\"wpb_column pos-top pos-center align_center column_parent col-lg-12 single-internal-gutter\"><div class=\"uncol style-light animate_when_almost_visible zoom-in\"  ><div class=\"uncoltable\"><div class=\"uncell no-block-padding\" ><div class=\"uncont\" ><div class=\"vc_custom_heading_wrap \"><div class=\"heading-text el-text\" ><h1 class=\"h1 text-accent-color\" ><span>T\u00e9rminos y condiciones del portal de pagos en l\u00ednea<\/span><\/h1><\/div><div class=\"clear\"><\/div><\/div><\/div><\/div><\/div><\/div><\/div><script id=\"script-row-unique-0\" data-row=\"script-row-unique-0\" type=\"text\/javascript\" class=\"vc_controls\">UNCODE.initRow(document.getElementById(\"row-unique-0\"));<\/script><\/div><\/div><\/div><div data-parent=\"true\" class=\"vc_row inverted-device-order row-container\" id=\"row-unique-1\"><div class=\"row single-top-padding double-bottom-padding single-h-padding limit-width row-parent\"><div class=\"wpb_row row-inner\"><div class=\"wpb_column pos-top pos-center align_left column_parent col-lg-8 single-internal-gutter\"><div class=\"uncol style-light sticky-element sticky-sidebar animate_when_almost_visible left-t-right\"  ><div class=\"uncoltable\"><div class=\"uncell no-block-padding\" ><div class=\"uncont\" ><div class=\"uncode_text_column\" ><p><span style=\"font-weight: 400;\">Estos t\u00e9rminos y condiciones de pago en l\u00ednea (\u201cT\u00e9rminos\u201d) se aplican a su uso del servicio de transacciones de pago en l\u00ednea (el \u201cServicio\u201d) puesto a disposici\u00f3n por\u00a0 OxygenWorldwide s.l. Por favor l\u00e9alos atentamente. Podemos modificar o agregar estos T\u00e9rminos en cualquier momento con o sin previo aviso. [Al marcar la casilla donde se indica cada vez que utiliza el Servicio], acepta estar sujeto a las disposiciones de estos T\u00e9rminos.<\/span><\/p>\n<h3><b>1. T\u00e9rminos<\/b><\/h3>\n<p><span style=\"font-weight: 400;\">1.1. Estos T\u00e9rminos forman parte de los t\u00e9rminos y condiciones de uso del sitio web de OxygenWorldwide <\/span><a href=\"https:\/\/www.oxygenworldwide.com\/es\/privacy-policy\/\"><span style=\"font-weight: 400;\">disponibles aqu\u00ed<\/span><\/a><span style=\"font-weight: 400;\">, que rigen su acceso y uso del sitio web de OxygenWorldwide.<\/span><\/p>\n<h3><b>2. Concesi\u00f3n de Derechos<\/b><\/h3>\n<p><span style=\"font-weight: 400;\">2.1. Puede utilizar el Servicio con el fin de realizar pagos a OxygenWorldwide mediante transacciones con tarjeta de cr\u00e9dito en l\u00ednea, siempre que:<\/span><\/p>\n<p><span style=\"font-weight: 400;\">2.1.1. Usted no da\u00f1a ni interrumpe de ninguna manera el Servicio y\/o el funcionamiento del Servicio;<\/span><\/p>\n<p><span style=\"font-weight: 400;\">2.1.2. No utiliza el Servicio para ning\u00fan prop\u00f3sito no autorizado o ilegal.<\/span><\/p>\n<p><span style=\"font-weight: 400;\">2.2. Los pagos se realizan utilizando el Servicio para las facturas generadas por nosotros.<\/span><\/p>\n<p><span style=\"font-weight: 400;\">2.3. No utiliza el Servicio para realizar pagos en nombre de un tercero.<\/span><\/p>\n<p><span style=\"font-weight: 400;\">2.4. Nos reservamos el derecho de suspender, modificar o cancelar el Servicio en cualquier momento, ya sea de forma temporal o permanente.<\/span><\/p>\n<h3><b>3. Pago<\/b><\/h3>\n<p><span style=\"font-weight: 400;\">3.1. Los pagos mediante el Servicio podr\u00e1n realizarse \u00fanicamente utilizando tarjetas de cr\u00e9dito Visa o MasterCard.<\/span><\/p>\n<p><span style=\"font-weight: 400;\">3.2. No participamos directamente en el pago en l\u00ednea, sino a trav\u00e9s de un proveedor de servicios externo.<\/span><\/p>\n<p><span style=\"font-weight: 400;\">3.3. Todos los pagos deben realizarse en euros (EUR).<\/span><\/p>\n<p><span style=\"font-weight: 400;\">3.4. Aceptamos pagos parciales de cuentas de clientes s\u00f3lo cuando el pago total de la cuenta se realiza antes de la fecha de vencimiento estipulada en la cotizaci\u00f3n. Todos los dem\u00e1s pagos deben realizarse en su totalidad y a m\u00e1s tardar en la fecha final de pago establecida en la cotizaci\u00f3n.<\/span><\/p>\n<p><span style=\"font-weight: 400;\">3.5. Al completar una transacci\u00f3n utilizando el Servicio, se le presentar\u00e1 una pantalla de confirmaci\u00f3n que verifica los detalles de la transacci\u00f3n que desea procesar. Es su responsabilidad verificar que toda la informaci\u00f3n de la transacci\u00f3n y otros detalles sean correctos.<\/span><\/p>\n<p><span style=\"font-weight: 400;\">3.6. No tenemos ninguna responsabilidad por transacciones que sean incorrectas como resultado de una entrada de datos inexacta durante el uso del Servicio o por la p\u00e9rdida de datos o informaci\u00f3n causada por factores fuera de nuestro control.<\/span><\/p>\n<p><span style=\"font-weight: 400;\">3.7. Recibir\u00e1 un correo electr\u00f3nico de confirmaci\u00f3n una vez que hayamos recibido el pago.<\/span><\/p>\n<p><span style=\"font-weight: 400;\">3.8. Una vez realizado un pago no se puede cancelar. No aceptamos ninguna responsabilidad por el rechazo o anulaci\u00f3n de pagos, lo cual ser\u00e1 un asunto entre usted y el emisor de su tarjeta de cr\u00e9dito.<\/span><\/p>\n<h3><b>4. Tarifas<\/b><\/h3>\n<p><span style=\"font-weight: 400;\">4.1. Los pagos realizados con tarjeta de cr\u00e9dito generan una tarifa de servicio comercial que depende del monto de la transacci\u00f3n y de la moneda.<\/span><\/p>\n<p><span style=\"font-weight: 400;\">4.2. Los titulares de tarjetas internacionales que utilicen el Servicio pueden incurrir en las tarifas de servicio internacional de su propio banco, adem\u00e1s de la tarifa de servicio comercial.<\/span><\/p>\n<p><span style=\"font-weight: 400;\">4.3. Podremos reembolsarle su pago o parte de su pago de acuerdo con la cl\u00e1usula 5.<\/span><\/p>\n<h3><b>5. Reembolsos<\/b><\/h3>\n<p><span style=\"font-weight: 400;\">5.1. Las solicitudes de reembolso deben realizarse por escrito junto con una prueba de que ha pagado m\u00e1s que el monto pendiente adeudado en la cuenta. Las solicitudes de reembolso deben enviarse a accounts@oxygenworldwide.com.<\/span><\/p>\n<h3><b>6. Garant\u00edas y exenciones de responsabilidad<\/b><\/h3>\n<p><span style=\"font-weight: 400;\">6.1. Usted garantiza que:<\/span><\/p>\n<p><span style=\"font-weight: 400;\">6.1.1. Tiene 18 a\u00f1os o m\u00e1s;<\/span><\/p>\n<p><span style=\"font-weight: 400;\">6.1.2. Usted tiene la autoridad adecuada para aceptar v\u00e1lidamente los T\u00e9rminos y puede cumplir y cumplir\u00e1 con sus obligaciones en relaci\u00f3n con los T\u00e9rminos.<\/span><\/p>\n<p><span style=\"font-weight: 400;\">6.1.3. La tarjeta de cr\u00e9dito utilizada en relaci\u00f3n con el Servicio se emite a su nombre.<\/span><\/p>\n<p><span style=\"font-weight: 400;\">6.1.4. Pagar\u00e1 al emisor de la tarjeta de cr\u00e9dito todos los cargos incurridos por el uso del Servicio.<\/span><\/p>\n<p><span style=\"font-weight: 400;\">6.1.5. La informaci\u00f3n proporcionada por usted es verdadera y correcta.<\/span><\/p>\n<p><span style=\"font-weight: 400;\">6.2. En la medida permitida por la ley, no aceptamos responsabilidad por ning\u00fan da\u00f1o, p\u00e9rdida, costos (incluidos los costos legales), gastos, p\u00e9rdidas indirectas o da\u00f1os consecuentes de cualquier tipo que usted pueda sufrir o incurrir por el uso del Servicio.<\/span><\/p>\n<p><span style=\"font-weight: 400;\">6.3. No garantizamos que el Servicio y\/o su uso del Servicio estar\u00e1n libres de errores, estar\u00e1n disponibles de forma inmediata y\/o continua o que la informaci\u00f3n proporcionada a trav\u00e9s del Servicio ser\u00e1 completa, precisa y\/o actualizada.<\/span><\/p>\n<h3><b>7. Indemnizaci\u00f3n<\/b><\/h3>\n<p><span style=\"font-weight: 400;\">7.1. Usted acepta indemnizarnos por cualquier p\u00e9rdida, costo o gasto sufrido o incurrido por usted como resultado de:<\/span><\/p>\n<p><span style=\"font-weight: 400;\">7.1.1. Su incumplimiento de sus obligaciones seg\u00fan los T\u00e9rminos;<\/span><\/p>\n<p><span style=\"font-weight: 400;\">7.1.2. Mal uso intencional del Servicio;<\/span><\/p>\n<p><span style=\"font-weight: 400;\">7.1.3. Sus actos u omisiones negligentes al utilizar el Servicio;<\/span><\/p>\n<p><span style=\"font-weight: 400;\">7.1.4. Cualquier reclamo presentado contra nosotros por un tercero en relaci\u00f3n con su uso del Servicio.<\/span><\/p>\n<h3><b>8. Privacidad y uso de la informaci\u00f3n<\/b><\/h3>\n<p><span style=\"font-weight: 400;\">8.1. Su informaci\u00f3n se almacena de acuerdo con nuestra Pol\u00edtica de Privacidad, que se puede <\/span><a href=\"https:\/\/www.oxygenworldwide.com\/es\/privacy-policy\/\"><span style=\"font-weight: 400;\">encontrar aqu\u00ed en la secci\u00f3n C<\/span><\/a><span style=\"font-weight: 400;\">.<\/span><\/p>\n<p><span style=\"font-weight: 400;\">8.2. Podemos conservar cualquier informaci\u00f3n personal proporcionada por usted hasta el momento en que usted solicite que se elimine la informaci\u00f3n.<\/span><\/p>\n<p><span style=\"font-weight: 400;\">8.3. Usaremos cualquier informaci\u00f3n que usted nos proporcione y que lo identifique solo para el prop\u00f3sito para el cual nos la proporciona, incluido contactarlo para verificar la informaci\u00f3n de su tarjeta de cr\u00e9dito, y no la usaremos para ning\u00fan otro prop\u00f3sito ni se la proporcionaremos a ning\u00fan tercero. excepto seg\u00fan lo exija la ley, lo autorice usted o se establezca en estos T\u00e9rminos.<\/span><\/p>\n<p><span style=\"font-weight: 400;\">8.4. Usted reconoce que la informaci\u00f3n de la tarjeta de cr\u00e9dito proporcionada por usted en relaci\u00f3n con el uso del Servicio se procesa a trav\u00e9s del sistema de pago 3D-secure Ogone. Todos los datos de la tarjeta de cr\u00e9dito almacenados para pagos recurrentes se realizan en el sistema Ogone. No se almacena ni guarda informaci\u00f3n de tarjetas de cr\u00e9dito en nuestros servidores.<\/span><\/p>\n<p><span style=\"font-weight: 400;\">8.5. Los pagos mediante el Servicio se realizan a trav\u00e9s de un sitio web seguro de terceros. Haremos todos los esfuerzos razonables para evitar el acceso no autorizado a su informaci\u00f3n personal. Sin embargo, no seremos responsables de ning\u00fan da\u00f1o o p\u00e9rdida directa o indirecta de ning\u00fan tipo por cualquier interceptaci\u00f3n u otro acceso no autorizado a la informaci\u00f3n proporcionada por usted con el fin de utilizar el Servicio.<\/span><\/p>\n<h3><b>9. Ley aplicable<\/b><\/h3>\n<p><span style=\"font-weight: 400;\">9.1. Este sitio web se rige por la legislaci\u00f3n aplicable exclusivamente en Espa\u00f1a y en el \u00e1mbito de la Uni\u00f3n Europea, quedando sujetos a la misma tanto los sujetos nacionales como los extranjeros que utilicen este Sitio Web.<\/span><\/p>\n<\/div><div class=\"vc_row row-internal row-container\"><div class=\"row row-child\"><div class=\"wpb_row row-inner\"><div class=\"wpb_column pos-top pos-center align_left column_parent col-lg-12 single-internal-gutter\"><div class=\"uncol style-light\"  ><div class=\"uncoltable\"><div class=\"uncell no-block-padding\" ><div class=\"uncont\" ><span class=\"btn-container btn-block\" ><a role=\"button\"  href=\"https:\/\/www.oxygenworldwide.com\/es\/contacto\/consultas\/\" class=\"custom-link btn btn-lg border-width-0 btn-color-133983 btn-block btn-no-scale btn-icon-left\">Env\u00ede su solicitud sin compromiso aqu\u00ed<\/a><\/span><\/div><\/div><\/div><\/div><\/div><\/div><\/div><\/div><\/div><\/div><\/div><\/div><\/div><div class=\"wpb_column pos-top pos-center align_left column_parent col-lg-4 single-internal-gutter\"><div class=\"uncol style-light sticky-element sticky-sidebar animate_when_almost_visible right-t-left\"  ><div class=\"uncoltable\"><div class=\"uncell no-block-padding\" ><div class=\"uncont\" ><div class=\"vc_row row-internal row-container tablet-hidden mobile-hidden\"><div class=\"row row-child\"><div class=\"wpb_row row-inner\"><div class=\"wpb_column pos-top pos-center align_left column_child col-lg-12 single-internal-gutter\"><div class=\"uncol style-light\" ><div class=\"uncoltable\"><div class=\"uncell no-block-padding\" ><div class=\"uncont\" ><div class=\"uncode-single-media  text-left\"><div class=\"single-wrapper\" style=\"max-width: 100%;\"><div class=\"tmb tmb-light  img-circle tmb-media-first tmb-media-last tmb-content-overlay tmb-no-bg\"><div class=\"t-inside\"><div class=\"t-entry-visual\"><div class=\"t-entry-visual-tc\"><div class=\"uncode-single-media-wrapper img-circle\"><img decoding=\"async\" class=\"wp-image-4857\" src=\"https:\/\/www.oxygenworldwide.com\/wp-content\/uploads\/2023\/03\/privacy-copia-2.jpg\" width=\"500\" height=\"500\" alt=\"\" srcset=\"https:\/\/www.oxygenworldwide.com\/wp-content\/uploads\/2023\/03\/privacy-copia-2.jpg 500w, https:\/\/www.oxygenworldwide.com\/wp-content\/uploads\/2023\/03\/privacy-copia-2-300x300.jpg 300w, https:\/\/www.oxygenworldwide.com\/wp-content\/uploads\/2023\/03\/privacy-copia-2-150x150.jpg 150w, https:\/\/www.oxygenworldwide.com\/wp-content\/uploads\/2023\/03\/privacy-copia-2-12x12.jpg 12w, https:\/\/www.oxygenworldwide.com\/wp-content\/uploads\/2023\/03\/privacy-copia-2-60x60.jpg 60w, https:\/\/www.oxygenworldwide.com\/wp-content\/uploads\/2023\/03\/privacy-copia-2-350x350.jpg 350w, https:\/\/www.oxygenworldwide.com\/wp-content\/uploads\/2023\/03\/privacy-copia-2-348x348.jpg 348w\" sizes=\"(max-width: 500px) 100vw, 500px\" \/><\/div>\n\t\t\t\t\t<\/div>\n\t\t\t\t<\/div><\/div><\/div><\/div><\/div><\/div><\/div><\/div><\/div><\/div><\/div><\/div><\/div><div class=\"vc_row inverted-device-order vc_custom_1670241764634 row-internal row-container desktop-hidden mobile-hidden\" style=\"margin-top: -20px ;\"><div class=\"row row-child\"><div class=\"wpb_row row-inner\"><div class=\"wpb_column pos-top pos-center align_center column_child col-lg-12 single-internal-gutter\"><div class=\"uncol style-light\" ><div class=\"uncoltable\"><div class=\"uncell no-block-padding\" ><div class=\"uncont\" ><div class=\"uncode-single-media  text-center\"><div class=\"single-wrapper\" style=\"max-width: 57%;\"><div class=\"tmb tmb-light  img-circle tmb-media-first tmb-media-last tmb-content-overlay tmb-no-bg\"><div class=\"t-inside\"><div class=\"t-entry-visual\"><div class=\"t-entry-visual-tc\"><div class=\"uncode-single-media-wrapper img-circle\"><img decoding=\"async\" class=\"wp-image-4857\" src=\"https:\/\/www.oxygenworldwide.com\/wp-content\/uploads\/2023\/03\/privacy-copia-2.jpg\" width=\"500\" height=\"500\" alt=\"\" srcset=\"https:\/\/www.oxygenworldwide.com\/wp-content\/uploads\/2023\/03\/privacy-copia-2.jpg 500w, https:\/\/www.oxygenworldwide.com\/wp-content\/uploads\/2023\/03\/privacy-copia-2-300x300.jpg 300w, https:\/\/www.oxygenworldwide.com\/wp-content\/uploads\/2023\/03\/privacy-copia-2-150x150.jpg 150w, https:\/\/www.oxygenworldwide.com\/wp-content\/uploads\/2023\/03\/privacy-copia-2-12x12.jpg 12w, https:\/\/www.oxygenworldwide.com\/wp-content\/uploads\/2023\/03\/privacy-copia-2-60x60.jpg 60w, https:\/\/www.oxygenworldwide.com\/wp-content\/uploads\/2023\/03\/privacy-copia-2-350x350.jpg 350w, https:\/\/www.oxygenworldwide.com\/wp-content\/uploads\/2023\/03\/privacy-copia-2-348x348.jpg 348w\" sizes=\"(max-width: 500px) 100vw, 500px\" \/><\/div>\n\t\t\t\t\t<\/div>\n\t\t\t\t<\/div><\/div><\/div><\/div><\/div><\/div><\/div><\/div><\/div><\/div><\/div><\/div><\/div><div class=\"vc_row vc_custom_1670241417802 row-internal row-container desktop-hidden tablet-hidden\" style=\"margin-top: -15px ;\"><div class=\"row row-child\"><div class=\"wpb_row row-inner\"><div class=\"wpb_column pos-top pos-center align_left column_child col-lg-12 single-internal-gutter\"><div class=\"uncol style-light\" ><div class=\"uncoltable\"><div class=\"uncell no-block-padding\" ><div class=\"uncont\" ><div class=\"uncode-single-media  text-left\"><div class=\"single-wrapper\" style=\"max-width: 100%;\"><div class=\"tmb tmb-light  img-circle tmb-media-first tmb-media-last tmb-content-overlay tmb-no-bg\"><div class=\"t-inside\"><div class=\"t-entry-visual\"><div class=\"t-entry-visual-tc\"><div class=\"uncode-single-media-wrapper img-circle\"><img decoding=\"async\" class=\"wp-image-4857\" src=\"https:\/\/www.oxygenworldwide.com\/wp-content\/uploads\/2023\/03\/privacy-copia-2.jpg\" width=\"500\" height=\"500\" alt=\"\" srcset=\"https:\/\/www.oxygenworldwide.com\/wp-content\/uploads\/2023\/03\/privacy-copia-2.jpg 500w, https:\/\/www.oxygenworldwide.com\/wp-content\/uploads\/2023\/03\/privacy-copia-2-300x300.jpg 300w, https:\/\/www.oxygenworldwide.com\/wp-content\/uploads\/2023\/03\/privacy-copia-2-150x150.jpg 150w, https:\/\/www.oxygenworldwide.com\/wp-content\/uploads\/2023\/03\/privacy-copia-2-12x12.jpg 12w, https:\/\/www.oxygenworldwide.com\/wp-content\/uploads\/2023\/03\/privacy-copia-2-60x60.jpg 60w, https:\/\/www.oxygenworldwide.com\/wp-content\/uploads\/2023\/03\/privacy-copia-2-350x350.jpg 350w, https:\/\/www.oxygenworldwide.com\/wp-content\/uploads\/2023\/03\/privacy-copia-2-348x348.jpg 348w\" sizes=\"(max-width: 500px) 100vw, 500px\" \/><\/div>\n\t\t\t\t\t<\/div>\n\t\t\t\t<\/div><\/div><\/div><\/div><\/div><\/div><\/div><\/div><\/div><\/div><\/div><\/div><\/div><\/div><\/div><\/div><\/div><\/div><script id=\"script-row-unique-1\" data-row=\"script-row-unique-1\" type=\"text\/javascript\" class=\"vc_controls\">UNCODE.initRow(document.getElementById(\"row-unique-1\"));<\/script><\/div><\/div><\/div><div data-parent=\"true\" class=\"vc_row has-bg need-focus style-color-108971-bg row-container\" id=\"row-unique-5\"><div class=\"row double-top-padding double-bottom-padding single-h-padding limit-width row-parent\"><div class=\"wpb_row row-inner\"><div class=\"wpb_column pos-top pos-center align_left column_parent col-lg-4 half-internal-gutter\"><div class=\"uncol style-light\"  ><div class=\"uncoltable\"><div class=\"uncell no-block-padding\" ><div class=\"uncont\" ><div class=\"animate_when_almost_visible bottom-t-top icon-box icon-box-top\" ><div class=\"icon-box-icon fa-container\" ><a role=\"button\" href=\"https:\/\/www.oxygenworldwide.com\/es\/contacto\/consultas\/\" target=\"_blank\" class=\"text-accent-color custom-link\"><i class=\"fa fa-world fa-4x fa-fw\"><\/i><\/a><\/div><div class=\"icon-box-content\"><div class=\"icon-box-heading icon-box-fa-4x\"><h3 class=\"h2\"><a role=\"button\" href=\"https:\/\/www.oxygenworldwide.com\/es\/contacto\/consultas\/\" target=\"_blank\">OX\u00cdGENO para mis vacaciones<\/a><\/h3><\/div><p>Puede solicitar un presupuesto sin compromiso para servicios de ox\u00edgeno en el extranjero.<\/p>\n<\/div><\/div><\/div><\/div><\/div><\/div><\/div><div class=\"wpb_column pos-top pos-center align_left column_parent col-lg-4 single-internal-gutter\"><div class=\"uncol style-light\"  ><div class=\"uncoltable\"><div class=\"uncell no-block-padding\" ><div class=\"uncont\" ><div class=\"animate_when_almost_visible bottom-t-top icon-box icon-box-top\" ><div class=\"icon-box-icon fa-container\" ><a role=\"button\" href=\"https:\/\/www.oxygenworldwide.com\/es\/e111e112-espana\/\" class=\"text-accent-color custom-link\"><i class=\"fa fa-medkit fa-4x fa-fw\"><\/i><\/a><\/div><div class=\"icon-box-content\"><div class=\"icon-box-heading icon-box-fa-4x\"><h3 class=\"h2\"><a role=\"button\" href=\"https:\/\/www.oxygenworldwide.com\/es\/e111e112-espana\/\">E111-E112<\/a><\/h3><\/div><p>Hemos puesto en marcha un servicio especial para la puesta en marcha inicial del ox\u00edgeno medicinal en su destino para su tranquilidad.<\/p>\n<\/div><\/div><\/div><\/div><\/div><\/div><\/div><div class=\"wpb_column pos-top pos-center align_left column_parent col-lg-4 single-internal-gutter\"><div class=\"uncol style-light animate_when_almost_visible bottom-t-top\"  ><div class=\"uncoltable\"><div class=\"uncell no-block-padding\" ><div class=\"uncont\" ><div class=\"icon-box icon-box-top\" ><div class=\"icon-box-icon fa-container\" ><a role=\"button\" href=\"https:\/\/www.oxygenworldwide.com\/es\/blog\/\" class=\"text-accent-color custom-link\"><i class=\"fa fa-bubble fa-4x fa-fw\"><\/i><\/a><\/div><div class=\"icon-box-content\"><div class=\"icon-box-heading icon-box-fa-4x\"><h3 class=\"h2\"><a role=\"button\" href=\"https:\/\/www.oxygenworldwide.com\/es\/blog\/\">Lea nuestro blog<\/a><\/h3><\/div><p>Descubra todas las novedades y actualizaciones sobre viajar con ox\u00edgeno.<\/p>\n<\/div><\/div><\/div><\/div><\/div><\/div><\/div><script id=\"script-row-unique-5\" data-row=\"script-row-unique-5\" type=\"text\/javascript\" class=\"vc_controls\">UNCODE.initRow(document.getElementById(\"row-unique-5\"));<\/script><\/div><\/div><\/div>\n<\/div>","protected":false},"excerpt":{"rendered":"T\u00e9rminos y condiciones del portal de pagos en l\u00edneaEstos t\u00e9rminos y condiciones de pago en l\u00ednea (\u201cT\u00e9rminos\u201d) se aplican a [...]","protected":false},"author":1,"featured_media":4857,"parent":0,"menu_order":0,"comment_status":"closed","ping_status":"closed","template":"","meta":{"iawp_total_views":52,"footnotes":""},"class_list":["post-6355","page","type-page","status-publish","has-post-thumbnail","hentry"],"_links":{"self":[{"href":"https:\/\/www.oxygenworldwide.com\/es\/wp-json\/wp\/v2\/pages\/6355","targetHints":{"allow":["GET"]}}],"collection":[{"href":"https:\/\/www.oxygenworldwide.com\/es\/wp-json\/wp\/v2\/pages"}],"about":[{"href":"https:\/\/www.oxygenworldwide.com\/es\/wp-json\/wp\/v2\/types\/page"}],"author":[{"embeddable":true,"href":"https:\/\/www.oxygenworldwide.com\/es\/wp-json\/wp\/v2\/users\/1"}],"replies":[{"embeddable":true,"href":"https:\/\/www.oxygenworldwide.com\/es\/wp-json\/wp\/v2\/comments?post=6355"}],"version-history":[{"count":3,"href":"https:\/\/www.oxygenworldwide.com\/es\/wp-json\/wp\/v2\/pages\/6355\/revisions"}],"predecessor-version":[{"id":6358,"href":"https:\/\/www.oxygenworldwide.com\/es\/wp-json\/wp\/v2\/pages\/6355\/revisions\/6358"}],"wp:featuredmedia":[{"embeddable":true,"href":"https:\/\/www.oxygenworldwide.com\/es\/wp-json\/wp\/v2\/media\/4857"}],"wp:attachment":[{"href":"https:\/\/www.oxygenworldwide.com\/es\/wp-json\/wp\/v2\/media?parent=6355"}],"curies":[{"name":"wp","href":"https:\/\/api.w.org\/{rel}","templated":true}]}}