{"id":8546,"date":"2026-04-17T08:18:59","date_gmt":"2026-04-17T08:18:59","guid":{"rendered":"https:\/\/www.oxygenworldwide.com\/?page_id=8546"},"modified":"2026-04-17T08:18:59","modified_gmt":"2026-04-17T08:18:59","slug":"enq-djd9nfnb","status":"publish","type":"page","link":"https:\/\/www.oxygenworldwide.com\/es\/contact\/enq-djd9nfnb\/","title":{"rendered":"Oxygen Request Form for Travellers #2"},"content":{"rendered":"<div class=\"wpb-content-wrapper\"><div data-parent=\"true\" class=\"vc_row has-bg need-focus style-color-lxmt-bg row-container\" id=\"row-unique-0\"><div class=\"row one-top-padding single-bottom-padding single-h-padding limit-width row-parent\"><div class=\"wpb_row row-inner\"><div class=\"wpb_column pos-top pos-center align_center column_parent col-lg-12 single-internal-gutter\"><div class=\"uncol style-light animate_when_almost_visible zoom-in\"  ><div class=\"uncoltable\"><div class=\"uncell no-block-padding\" ><div class=\"uncont\" ><div class=\"vc_custom_heading_wrap\"><div class=\"heading-text el-text\" ><h1 class=\"h1 text-accent-color\" ><span>Formulario de Solicitud de Ox\u00edgeno para Viajeros<\/span><\/h1><\/div><div class=\"clear\"><\/div><\/div><\/div><\/div><\/div><\/div><\/div><script id=\"script-row-unique-0\" data-row=\"script-row-unique-0\" type=\"text\/javascript\" class=\"vc_controls\">UNCODE.initRow(document.getElementById(\"row-unique-0\"));<\/script><\/div><\/div><\/div><div data-parent=\"true\" class=\"vc_row inverted-device-order row-container\" id=\"row-unique-1\"><div class=\"row single-top-padding double-bottom-padding single-h-padding limit-width row-parent\"><div class=\"wpb_row row-inner\"><div class=\"wpb_column pos-top pos-center align_left column_parent col-lg-8 single-internal-gutter\"><div class=\"uncol style-light sticky-element sticky-sidebar animate_when_almost_visible left-t-right\"  ><div class=\"uncoltable\"><div class=\"uncell no-block-padding\" ><div class=\"uncont\" ><div class=\"uncode_text_column\" ><p><strong>Aqu\u00ed pueden pedir un presupuesto sin compromiso para suministro de ox\u00edgeno al extranjero.<\/strong><\/p>\n<p>Por favor, facilite cuanto m\u00e1s detalles posible \u2013 los campos marcados con (*) son obligatorios.<\/p>\n<p>Para enviar comentarios sobre servicios recibidos, por favor utilice nuestro\u00a0<a href=\"https:\/\/www.oxygenworldwide.com\/es\/contacto\/sus-comentarios\">formulario de comentarios<\/a>.<\/p>\n<p>Para consultas generales, por favor utilice nuestro\u00a0<a href=\"https:\/\/www.oxygenworldwide.com\/es\/contacto\/consulta-general\">formulario de contacto<\/a>.<\/p>\n<\/div>\n<div class=\"wpcf7 no-js\" id=\"wpcf7-f4763-o3\" lang=\"en-US\" dir=\"ltr\" data-wpcf7-id=\"4763\">\n<div class=\"screen-reader-response\"><p role=\"status\" aria-live=\"polite\" aria-atomic=\"true\"><\/p> <ul><\/ul><\/div>\n<form action=\"\/es\/wp-json\/wp\/v2\/pages\/8546#wpcf7-f4763-o3\" method=\"post\" class=\"wpcf7-form init wpcf7-acceptance-as-validation cf7mls-no-scroll cf7mls-no-moving-animation\" aria-label=\"Contact form\" novalidate=\"novalidate\" data-status=\"init\" data-trp-original-action=\"\/es\/wp-json\/wp\/v2\/pages\/8546#wpcf7-f4763-o3\">\n<fieldset class=\"hidden-fields-container\"><input type=\"hidden\" name=\"_wpcf7\" value=\"4763\" \/><input type=\"hidden\" name=\"_wpcf7_version\" value=\"6.1.5\" \/><input type=\"hidden\" name=\"_wpcf7_locale\" value=\"en_US\" \/><input type=\"hidden\" name=\"_wpcf7_unit_tag\" value=\"wpcf7-f4763-o3\" \/><input type=\"hidden\" name=\"_wpcf7_container_post\" value=\"0\" \/><input type=\"hidden\" name=\"_wpcf7_posted_data_hash\" value=\"\" \/><input type=\"hidden\" name=\"_wpcf7_recaptcha_response\" value=\"\" \/>\n<\/fieldset>\n<h3 style=\"color:#50accf;\">Sus datos de contacto\n<\/h3>\n<p><span class=\"wpcf7-form-control-wrap\" data-name=\"person-filling\"><input size=\"40\" maxlength=\"400\" class=\"wpcf7-form-control wpcf7-text wpcf7-validates-as-required form-fluid\" aria-required=\"true\" aria-invalid=\"false\" placeholder=\"Nombre de la persona rellenando este formulario (*)\" value=\"\" type=\"text\" name=\"person-filling\" \/><\/span>\n<\/p>\n<p><span class=\"wpcf7-form-control-wrap\" data-name=\"your-fullname\"><input size=\"40\" maxlength=\"400\" class=\"wpcf7-form-control wpcf7-text wpcf7-validates-as-required form-fluid\" aria-required=\"true\" aria-invalid=\"false\" placeholder=\"Nombre y apellido del usuario de ox\u00edgeno (*)\" value=\"\" type=\"text\" name=\"your-fullname\" \/><\/span>\n<\/p>\n<p><span class=\"wpcf7-form-control-wrap\" data-name=\"nationality\"><input size=\"40\" maxlength=\"400\" class=\"wpcf7-form-control wpcf7-text form-fluid\" aria-invalid=\"false\" placeholder=\"Nacionalidad del usuario de ox\u00edgeno\" value=\"\" type=\"text\" name=\"nationality\" \/><\/span>\n<\/p>\n<p><span class=\"wpcf7-form-control-wrap\" data-name=\"date-birth\"><input size=\"40\" maxlength=\"400\" class=\"wpcf7-form-control wpcf7-text form-fluid\" aria-invalid=\"false\" placeholder=\"Fecha de nacimiento del usuario de ox\u00edgeno (dd-mm-aa)\" value=\"\" type=\"text\" name=\"date-birth\" \/><\/span>\n<\/p>\n<p><span class=\"wpcf7-form-control-wrap\" data-name=\"home-number\"><input size=\"40\" maxlength=\"400\" class=\"wpcf7-form-control wpcf7-text wpcf7-validates-as-required form-fluid\" aria-required=\"true\" aria-invalid=\"false\" placeholder=\"Tel\u00e9fono fijo del domicilio (incluye el prefijo internacional) (*)\" value=\"\" type=\"text\" name=\"home-number\" \/><\/span>\n<\/p>\n<p><span class=\"wpcf7-form-control-wrap\" data-name=\"mobile-number\"><input size=\"40\" maxlength=\"400\" class=\"wpcf7-form-control wpcf7-text form-fluid\" aria-invalid=\"false\" placeholder=\"Tel\u00e9fono m\u00f3vil durante el viaje\" value=\"\" type=\"text\" name=\"mobile-number\" \/><\/span>\n<\/p>\n<div class=\"wpcf7-inline-wrapper\">\n\t<p class=\"wpcf7-inline-field\"><span class=\"wpcf7-form-control-wrap\" data-name=\"your-email\"><input size=\"40\" maxlength=\"400\" class=\"wpcf7-form-control wpcf7-email wpcf7-validates-as-required wpcf7-text wpcf7-validates-as-email\" aria-required=\"true\" aria-invalid=\"false\" placeholder=\"Su direcci\u00f3n de correo electr\u00f3nico (*)\" value=\"\" type=\"email\" name=\"your-email\" \/><\/span>\n\t<\/p>\n\t<p class=\"wpcf7-inline-field\"><span class=\"wpcf7-form-control-wrap\" data-name=\"your-email2\"><input size=\"40\" maxlength=\"400\" class=\"wpcf7-form-control wpcf7-email wpcf7-validates-as-required wpcf7-text wpcf7-validates-as-email form-fluid\" aria-required=\"true\" aria-invalid=\"false\" placeholder=\"Confirme su direcci\u00f3n de email (*)\" value=\"\" type=\"email\" name=\"your-email2\" \/><\/span>\n\t<\/p>\n<\/div>\n<h3 style=\"color:#50accf;\">Informaci\u00f3n sobre el viaje\n<\/h3>\n<p><span class=\"wpcf7-form-control-wrap\" data-name=\"travel-start\"><input size=\"40\" maxlength=\"400\" class=\"wpcf7-form-control wpcf7-text wpcf7-validates-as-required form-fluid\" aria-required=\"true\" aria-invalid=\"false\" placeholder=\"Fecha de inicio del viaje (dd-mm-aa) (*)\" value=\"\" type=\"text\" name=\"travel-start\" \/><\/span>\n<\/p>\n<p><span class=\"wpcf7-form-control-wrap\" data-name=\"travel-end\"><input size=\"40\" maxlength=\"400\" class=\"wpcf7-form-control wpcf7-text wpcf7-validates-as-required form-fluid\" aria-required=\"true\" aria-invalid=\"false\" placeholder=\"Fecha de fin del viaje (dd-mm-aa) (*)\" value=\"\" type=\"text\" name=\"travel-end\" \/><\/span>\n<\/p>\n<p style=\"color:red;font-weight:400;\"><small><u>En los siguientes pa\u00edses se requiere una prescripci\u00f3n m\u00e9dica:<\/u><br \/>\n- Francia + C\u00f3rcega + M\u00f3naco<br \/>\n- Irlanda + Reino Unido<br \/>\n- EE.UU. y Canad\u00e1<br \/>\n- Indonesia<br \/>\n- Malta<br \/>\n- Portugal<br \/>\n- Ibiza<br \/>\n- Cruceros en Espa\u00f1a<br \/>\n- Noruega<br \/>\n- Chipre<br \/>\nLa lista de pa\u00edses est\u00e1 sujeta a cambios sin previo aviso.<br \/>\n<span style=\"font-weight:600\">\"El equipo solicitado debe coincidir con su oxigenoterapia prescrita. En caso de que el equipo no este disponible en su destino, OxygenWorldwide propondr\u00e1 un equipo alternativo adecuado para su oxigenoterapia.\"<\/span><br \/>\n<\/small>\n<\/p>\n<p><span class=\"wpcf7-form-control-wrap\" data-name=\"destination-country\"><input size=\"40\" maxlength=\"400\" class=\"wpcf7-form-control wpcf7-text wpcf7-validates-as-required form-fluid\" autocomplete=\"off\" aria-required=\"true\" aria-invalid=\"false\" placeholder=\"Pa\u00eds de destino (*)\" value=\"\" type=\"text\" name=\"destination-country\" \/><\/span>\n<\/p>\n<p><span class=\"wpcf7-form-control-wrap\" data-name=\"destination-city\"><input size=\"40\" maxlength=\"400\" class=\"wpcf7-form-control wpcf7-text wpcf7-validates-as-required form-fluid\" autocomplete=\"off\" aria-required=\"true\" aria-invalid=\"false\" placeholder=\"Ciudad de destino (*)\" value=\"\" type=\"text\" name=\"destination-city\" \/><\/span>\n<\/p>\n<p><span class=\"wpcf7-form-control-wrap\" data-name=\"postal-code\"><input size=\"40\" maxlength=\"400\" class=\"wpcf7-form-control wpcf7-text wpcf7-validates-as-required form-fluid\" autocomplete=\"off\" aria-required=\"true\" aria-invalid=\"false\" placeholder=\"C\u00f3digo postal (*)\" value=\"\" type=\"text\" name=\"postal-code\" \/><\/span>\n<\/p>\n<p><span class=\"wpcf7-form-control-wrap\" data-name=\"street\"><input size=\"40\" maxlength=\"400\" class=\"wpcf7-form-control wpcf7-text form-fluid\" autocomplete=\"off\" aria-invalid=\"false\" placeholder=\"Calle y n\u00famero\" value=\"\" type=\"text\" name=\"street\" \/><\/span>\n<\/p>\n<p style=\"color:red;font-weight:400;\"><small><span style=\"font-weight:600\">IMPORTANTE: (persona de contacto local\/reservas de airbnb, etc.)<\/span><br \/>\nOxygenWorldwide organiza el suministro de ox\u00edgeno antes de su llegada y lo retira despu\u00e9s de su salida. Por lo tanto, para acceder a su alojamiento, siempre habr\u00e1 una persona de contacto local verificable necesario. En el caso de que no conozca a una persona de contacto porque, por ejemplo, realiz\u00f3 una reserva a trav\u00e9s de Airbnb y tiene que acceder con una llave o con un c\u00f3digo, podemos en algunos casos\/depues de consultar realizar una entrega el mismo d\u00eda de su llegada o el d\u00eda siguiente. El equipo se recoger\u00e1 antes su salida.<br \/>\n<span style=\"font-weight:600\">Importante: esta \u00faltima opci\u00f3n no est\u00e1 disponible en todos los pa\u00edses.<\/span><br \/>\n<\/small>\n<\/p>\n<p><span class=\"wpcf7-form-control-wrap\" data-name=\"local-contact\"><input size=\"40\" maxlength=\"400\" class=\"wpcf7-form-control wpcf7-text form-fluid\" aria-invalid=\"false\" placeholder=\"Persona de contacto en el lugar del destino\" value=\"\" type=\"text\" name=\"local-contact\" \/><\/span>\n<\/p>\n<p><span class=\"wpcf7-form-control-wrap\" data-name=\"local-phone\"><input size=\"40\" maxlength=\"400\" class=\"wpcf7-form-control wpcf7-text form-fluid\" aria-invalid=\"false\" placeholder=\"Tel\u00e9fono de contacto en el lugar del destino\" value=\"\" type=\"text\" name=\"local-phone\" \/><\/span>\n<\/p>\n<p><span class=\"wpcf7-form-control-wrap\" data-name=\"reservation\"><input size=\"40\" maxlength=\"400\" class=\"wpcf7-form-control wpcf7-text form-fluid\" aria-invalid=\"false\" placeholder=\"Nombre y\/o n\u00famero de reserva\" value=\"\" type=\"text\" name=\"reservation\" \/><\/span>\n<\/p>\n<p><b>Si va a viajar en varias ciudades, por favor ind\u00edquelo en \u201cSus comentarios\u201d a continuaci\u00f3n.<\/b>\n<\/p>\n<h3 style=\"color:#50accf;\">Cual es su uso m\u00e1ximo de ox\u00edgeno en litros por minuto y horas al d\u00eda? (*)\n<\/h3>\n<div class=\"wpcf7-inline-wrapper\">\n\t<p class=\"wpcf7-inline-field\">Litros por minuto: <span class=\"wpcf7-form-control-wrap\" data-name=\"menu-600\"><select class=\"wpcf7-form-control wpcf7-select\" aria-invalid=\"false\" name=\"menu-600\"><option value=\"Seleccione\">Seleccione<\/option><option value=\"&lt;0.5\">&lt;0.5<\/option><option value=\"0.5\">0.5<\/option><option value=\"1\">1<\/option><option value=\"2\">2<\/option><option value=\"3\">3<\/option><option value=\"4\">4<\/option><option value=\"5\">5<\/option><option value=\"6\">6<\/option><option value=\"7\">7<\/option><option value=\"8\">8<\/option><option value=\"9\">9<\/option><option value=\"10\">10<\/option><option value=\"11\">11<\/option><option value=\"12\">12<\/option><option value=\"13\">13<\/option><option value=\"14\">14<\/option><option value=\"15\">15<\/option><option value=\"&gt;15\">&gt;15<\/option><\/select><\/span>\n\t<\/p>\n\t<p class=\"wpcf7-inline-field\">Horas al d\u00eda: <span class=\"wpcf7-form-control-wrap\" data-name=\"menu-601\"><select class=\"wpcf7-form-control wpcf7-select\" aria-invalid=\"false\" name=\"menu-601\"><option value=\"Seleccione\">Seleccione<\/option><option value=\"1\">1<\/option><option value=\"2\">2<\/option><option value=\"3\">3<\/option><option value=\"4\">4<\/option><option value=\"5\">5<\/option><option value=\"6\">6<\/option><option value=\"7\">7<\/option><option value=\"8\">8<\/option><option value=\"9\">9<\/option><option value=\"10\">10<\/option><option value=\"11\">11<\/option><option value=\"12\">12<\/option><option value=\"13\">13<\/option><option value=\"14\">14<\/option><option value=\"15\">15<\/option><option value=\"16\">16<\/option><option value=\"17\">17<\/option><option value=\"18\">18<\/option><option value=\"19\">19<\/option><option value=\"20\">20<\/option><option value=\"21\">21<\/option><option value=\"22\">22<\/option><option value=\"23\">23<\/option><option value=\"24\">24<\/option><\/select><\/span>\n\t<\/p>\n<\/div>\n<p><b>Si tiene un terapia variable o especial por favor ind\u00edquelo en \u201cSus comentarios\u201d a continuaci\u00f3n.<\/b>\n<\/p>\n<h3 style=\"color:#50accf;\">Tipo de equipamiento de ox\u00edgeno requerido (*)\n<\/h3>\n<p><span class=\"wpcf7-form-control-wrap\" data-name=\"checkbox-588\"><span class=\"wpcf7-form-control wpcf7-checkbox\"><span class=\"wpcf7-list-item first last\"><label><input type=\"checkbox\" name=\"checkbox-588[]\" value=\"Ox\u00edgeno l\u00edquido con mochila\" \/><span class=\"wpcf7-list-item-label\">Ox\u00edgeno l\u00edquido con mochila<\/span><\/label><\/span><\/span><\/span><br \/>\n<span class=\"wpcf7-form-control-wrap\" data-name=\"checkbox-589\"><span class=\"wpcf7-form-control wpcf7-checkbox\"><span class=\"wpcf7-list-item first last\"><label><input type=\"checkbox\" name=\"checkbox-589[]\" value=\"Concentrador est\u00e1tico\" \/><span class=\"wpcf7-list-item-label\">Concentrador est\u00e1tico<\/span><\/label><\/span><\/span><\/span><br \/>\n<span class=\"wpcf7-form-control-wrap\" data-name=\"checkbox-590\"><span class=\"wpcf7-form-control wpcf7-checkbox\"><span class=\"wpcf7-list-item first last\"><label><input type=\"checkbox\" name=\"checkbox-590[]\" value=\"Cilindro est\u00e1tico\" \/><span class=\"wpcf7-list-item-label\">Cilindro est\u00e1tico<\/span><\/label><\/span><\/span><\/span><br \/>\n<span class=\"wpcf7-form-control-wrap\" data-name=\"checkbox-591\"><span class=\"wpcf7-form-control wpcf7-checkbox\"><span class=\"wpcf7-list-item first last\"><label><input type=\"checkbox\" name=\"checkbox-591[]\" value=\"Cilindro port\u00e1til\" \/><span class=\"wpcf7-list-item-label\">Cilindro port\u00e1til<\/span><\/label><\/span><\/span><\/span><br \/>\n<span class=\"wpcf7-form-control-wrap\" data-name=\"checkbox-592\"><span class=\"wpcf7-form-control wpcf7-checkbox\"><span class=\"wpcf7-list-item first last\"><label><input type=\"checkbox\" name=\"checkbox-592[]\" value=\"Concentrador port\u00e1til\" \/><span class=\"wpcf7-list-item-label\">Concentrador port\u00e1til<\/span><\/label><\/span><\/span><\/span>\n<\/p>\n<p><b>Flujo:<\/b><br \/>\n<span class=\"wpcf7-form-control-wrap\" data-name=\"radio-384\"><span class=\"wpcf7-form-control wpcf7-radio\"><span class=\"wpcf7-list-item first\"><label><input type=\"radio\" name=\"radio-384\" value=\"Pulso (on demand)\" \/><span class=\"wpcf7-list-item-label\">Pulso (on demand)<\/span><\/label><\/span><span class=\"wpcf7-list-item last\"><label><input type=\"radio\" name=\"radio-384\" value=\"Cont\u00ednuo\" \/><span class=\"wpcf7-list-item-label\">Cont\u00ednuo<\/span><\/label><\/span><\/span><\/span>\n<\/p>\n<p><b>Si tiene alg\u00fan requisito especial de ox\u00edgeno, por favor ind\u00edquelo en \u201cSus comentarios\u201d a continuaci\u00f3n.<\/b>\n<\/p>\n<h3 style=\"color:#50accf;\">Sus comentarios\/Requisitos especiales:\n<\/h3>\n<p><span class=\"wpcf7-form-control-wrap\" data-name=\"your-message\"><textarea cols=\"40\" rows=\"4\" maxlength=\"2000\" class=\"wpcf7-form-control wpcf7-textarea\" aria-invalid=\"false\" placeholder=\"Message\" name=\"your-message\"><\/textarea><\/span>\n<\/p>\n<p><span class=\"wpcf7-form-control-wrap\" data-name=\"acceptance-8\"><span class=\"wpcf7-form-control wpcf7-acceptance\"><span class=\"wpcf7-list-item\"><label><input type=\"checkbox\" name=\"acceptance-8\" value=\"1\" aria-invalid=\"false\" \/><span class=\"wpcf7-list-item-label\"><a href=\"https:\/\/www.oxygenworldwide.com\/es\/general\/politica-de-confidencialidad\/\" target=\"_blank\">He le\u00eddo y acepto su pol\u00edtica de privacidad<\/a><\/span><\/label><\/span><\/span><\/span><br \/>\n<input class=\"wpcf7-form-control wpcf7-submit has-spinner btn btn-accent\" type=\"submit\" value=\"Enviar\" \/>\n<\/p><div class=\"wpcf7-response-output\" aria-hidden=\"true\"><\/div>\n<input type=\"hidden\" name=\"trp-form-language\" value=\"es\"\/><\/form>\n<\/div>\n<\/div><\/div><\/div><\/div><\/div><div class=\"wpb_column pos-top pos-center align_left column_parent col-lg-4 single-internal-gutter\"><div class=\"uncol style-light sticky-element sticky-sidebar animate_when_almost_visible right-t-left\"  ><div class=\"uncoltable\"><div class=\"uncell single-block-padding style-color-382999-bg has-bg  unradius-std\" ><div class=\"uncont\" ><div class=\"uncode_text_column\" ><p><strong>Direcci\u00f3n<\/strong><br \/>\nApartado de Correos 421<br \/>\n03590 Altea<br \/>\nAlicante, Espa\u00f1a<\/p>\n<p><strong>Tel\u00e9fono<\/strong><\/p>\n<h4 style=\"margin-top: 5px !important;\"><a href=\"tel:0034966882873\">+34 96 688 28 73<\/a><\/h4>\n<p>+34 609 657 727<br \/>\n(s\u00f3lo en caso de urgencia)<\/p>\n<p><strong>Informaci\u00f3n<\/strong><br \/>\n<a href=\"mailto:info@oxygenworldwide.com\">info@oxygenworldwide.com<\/a><\/p>\n<\/div><\/div><\/div><\/div><\/div><\/div><script id=\"script-row-unique-1\" data-row=\"script-row-unique-1\" type=\"text\/javascript\" class=\"vc_controls\">UNCODE.initRow(document.getElementById(\"row-unique-1\"));<\/script><\/div><\/div><\/div><div data-parent=\"true\" class=\"vc_row has-bg need-focus style-color-108971-bg row-container\" id=\"row-unique-5\"><div class=\"row double-top-padding double-bottom-padding single-h-padding limit-width row-parent\"><div class=\"wpb_row row-inner\"><div class=\"wpb_column pos-top pos-center align_left column_parent col-lg-4 half-internal-gutter\"><div class=\"uncol style-light\"  ><div class=\"uncoltable\"><div class=\"uncell no-block-padding\" ><div class=\"uncont\" ><div class=\"animate_when_almost_visible bottom-t-top icon-box icon-box-top\" ><div class=\"icon-box-icon fa-container\" ><a role=\"button\" href=\"https:\/\/www.oxygenworldwide.com\/es\/contacto\/consultas\/\" target=\"_blank\" class=\"text-accent-color custom-link\"><i class=\"fa fa-world fa-4x fa-fw\"><\/i><\/a><\/div><div class=\"icon-box-content\"><div class=\"icon-box-heading icon-box-fa-4x\"><h3 class=\"h2\"><a role=\"button\" href=\"https:\/\/www.oxygenworldwide.com\/es\/contacto\/consultas\/\" target=\"_blank\">OX\u00cdGENO para mis vacaciones<\/a><\/h3><\/div><p>Puede solicitar un presupuesto sin compromiso para servicios de ox\u00edgeno en el extranjero.<\/p>\n<\/div><\/div><\/div><\/div><\/div><\/div><\/div><div class=\"wpb_column pos-top pos-center align_left column_parent col-lg-4 single-internal-gutter\"><div class=\"uncol style-light\"  ><div class=\"uncoltable\"><div class=\"uncell no-block-padding\" ><div class=\"uncont\" ><div class=\"animate_when_almost_visible bottom-t-top icon-box icon-box-top\" ><div class=\"icon-box-icon fa-container\" ><a role=\"button\" href=\"https:\/\/www.oxygenworldwide.com\/es\/e111e112-espana\/\" class=\"text-accent-color custom-link\"><i class=\"fa fa-medkit fa-4x fa-fw\"><\/i><\/a><\/div><div class=\"icon-box-content\"><div class=\"icon-box-heading icon-box-fa-4x\"><h3 class=\"h2\"><a role=\"button\" href=\"https:\/\/www.oxygenworldwide.com\/es\/e111e112-espana\/\">E111-E112<\/a><\/h3><\/div><p>Hemos puesto en marcha un servicio especial para la puesta en marcha inicial del ox\u00edgeno medicinal en su destino para su tranquilidad.<\/p>\n<\/div><\/div><\/div><\/div><\/div><\/div><\/div><div class=\"wpb_column pos-top pos-center align_left column_parent col-lg-4 single-internal-gutter\"><div class=\"uncol style-light animate_when_almost_visible bottom-t-top\"  ><div class=\"uncoltable\"><div class=\"uncell no-block-padding\" ><div class=\"uncont\" ><div class=\"icon-box icon-box-top\" ><div class=\"icon-box-icon fa-container\" ><a role=\"button\" href=\"https:\/\/www.oxygenworldwide.com\/es\/blog\/\" class=\"text-accent-color custom-link\"><i class=\"fa fa-bubble fa-4x fa-fw\"><\/i><\/a><\/div><div class=\"icon-box-content\"><div class=\"icon-box-heading icon-box-fa-4x\"><h3 class=\"h2\"><a role=\"button\" href=\"https:\/\/www.oxygenworldwide.com\/es\/blog\/\">Lea nuestro blog<\/a><\/h3><\/div><p>Descubra todas las novedades y actualizaciones sobre viajar con ox\u00edgeno.<\/p>\n<\/div><\/div><\/div><\/div><\/div><\/div><\/div><script id=\"script-row-unique-5\" data-row=\"script-row-unique-5\" type=\"text\/javascript\" class=\"vc_controls\">UNCODE.initRow(document.getElementById(\"row-unique-5\"));<\/script><\/div><\/div><\/div>\n<\/div>","protected":false},"excerpt":{"rendered":"Oxygen Request Form for TravellersAqu\u00ed pueden pedir un presupuesto sin compromiso para suministro de ox\u00edgeno al extranjero. Por favor, facilite [...]","protected":false},"author":6,"featured_media":4961,"parent":4119,"menu_order":0,"comment_status":"closed","ping_status":"closed","template":"","meta":{"iawp_total_views":7,"footnotes":""},"class_list":["post-8546","page","type-page","status-publish","has-post-thumbnail","hentry","page_category-contact"],"_links":{"self":[{"href":"https:\/\/www.oxygenworldwide.com\/es\/wp-json\/wp\/v2\/pages\/8546","targetHints":{"allow":["GET"]}}],"collection":[{"href":"https:\/\/www.oxygenworldwide.com\/es\/wp-json\/wp\/v2\/pages"}],"about":[{"href":"https:\/\/www.oxygenworldwide.com\/es\/wp-json\/wp\/v2\/types\/page"}],"author":[{"embeddable":true,"href":"https:\/\/www.oxygenworldwide.com\/es\/wp-json\/wp\/v2\/users\/6"}],"replies":[{"embeddable":true,"href":"https:\/\/www.oxygenworldwide.com\/es\/wp-json\/wp\/v2\/comments?post=8546"}],"version-history":[{"count":2,"href":"https:\/\/www.oxygenworldwide.com\/es\/wp-json\/wp\/v2\/pages\/8546\/revisions"}],"predecessor-version":[{"id":8548,"href":"https:\/\/www.oxygenworldwide.com\/es\/wp-json\/wp\/v2\/pages\/8546\/revisions\/8548"}],"up":[{"embeddable":true,"href":"https:\/\/www.oxygenworldwide.com\/es\/wp-json\/wp\/v2\/pages\/4119"}],"wp:featuredmedia":[{"embeddable":true,"href":"https:\/\/www.oxygenworldwide.com\/es\/wp-json\/wp\/v2\/media\/4961"}],"wp:attachment":[{"href":"https:\/\/www.oxygenworldwide.com\/es\/wp-json\/wp\/v2\/media?parent=8546"}],"curies":[{"name":"wp","href":"https:\/\/api.w.org\/{rel}","templated":true}]}}