{"id":4103,"date":"2022-10-27T12:40:46","date_gmt":"2022-10-27T12:40:46","guid":{"rendered":"https:\/\/www.oxygenworldwide.com\/?page_id=4103"},"modified":"2024-12-09T17:10:36","modified_gmt":"2024-12-09T17:10:36","slug":"welcome-to-oxygenworldwide","status":"publish","type":"page","link":"https:\/\/www.oxygenworldwide.com\/fr\/","title":{"rendered":"Welcome to OxygenWorldwide"},"content":{"rendered":"<div class=\"wpb-content-wrapper\"><div data-parent=\"true\" class=\"vc_row row-container mobile-hidden\" id=\"row-unique-0\"><div class=\"row-background background-element\">\n\t\t\t\t\t\t\t\t\t\t\t<div class=\"background-wrapper\">\n\t\t\t\t\t\t\t\t\t\t\t\t<div class=\"background-inner self-video uncode-video-container\" style=\"background-repeat: no-repeat;background-position: center bottom;background-attachment: scroll;background-size: cover;\"><div style=\"width: 640px;\" class=\"wp-video\"><video onloadeddata=\"this.play();\" loop playsinline muted aria-hidden=\"true\" role=\"presentation\" data-keepplaying class =\"background-video-shortcode\" data-ratio=\"1.7777777777778\" id=\"video-4103-1\" width=\"640\" height=\"360\" preload=\"metadata\" ><source type=\"video\/mp4\" src=\"https:\/\/www.oxygenworldwide.com\/wp-content\/uploads\/2023\/07\/Ani.-2OWW.mp4?_=1\" \/><\/video><\/div><\/div>\n\t\t\t\t\t\t\t\t\t\t\t\t<div class=\"block-bg-overlay style-color-vyce-bg\" style=\"opacity: 0.3;\"><\/div>\n\t\t\t\t\t\t\t\t\t\t\t<\/div>\n\t\t\t\t\t\t\t\t\t\t<\/div><div class=\"row full-width row-parent\" data-height-ratio=\"75\"><div class=\"wpb_row row-inner\"><div class=\"wpb_column pos-middle pos-center align_center column_parent col-lg-12 half-internal-gutter\"><div class=\"uncol style-light\"  ><div class=\"uncoltable\"><div class=\"uncell no-block-padding\" ><div class=\"uncont\" ><div class=\"vc_custom_heading_wrap\"><div class=\"heading-text el-text\" ><h1 class=\"fontsize-696914 text-color-xsdn-color\" ><span>Oxygen Worldwide<\/span><\/h1><\/div><div class=\"clear\"><\/div><\/div><div class=\"vc_custom_heading_wrap\"><div class=\"heading-text el-text\" ><h2 class=\"fontsize-111796 text-color-xsdn-color\" ><span><span class=\"split-word uncode-rotating-span uncode-rotating-text-start\" data-text=\"nous vous aidons \u00e0 voyager avec de l'oxyg\u00e8ne|prix sur mesure|avec nous, vous \u00eates entre de bonnes mains\" data-fx=\"zoom\" data-wait=\"4000\">&nbsp;<\/span><span class=\"split-word word1\"><span class=\"split-word-flow\"><span class=\"split-word-inner\"><span class=\"split-char char92\">a<\/span><span class=\"split-char char93\">v<\/span><span class=\"split-char char94\">e<\/span><span class=\"split-char char95\">c<\/span><\/span><\/span><\/span><span class=\"split-word word2\"><span class=\"split-word-flow\"><span class=\"split-word-inner split-empty-inner\"><span class=\"split-word-empty\">&nbsp;<\/span><span class=\"split-char char270\">n<\/span><span class=\"split-char char271\">o<\/span><span class=\"split-char char272\">u<\/span><span class=\"split-char char273\">s<\/span><span class=\"split-char char274\">,<\/span><\/span><\/span><\/span><span class=\"split-word word3\"><span class=\"split-word-flow\"><span class=\"split-word-inner split-empty-inner\"><span class=\"split-word-empty\">&nbsp;<\/span><span class=\"split-char char449\">v<\/span><span class=\"split-char char450\">o<\/span><span class=\"split-char char451\">u<\/span><span class=\"split-char char452\">s<\/span><\/span><\/span><\/span><span class=\"split-word word4\"><span class=\"split-word-flow\"><span class=\"split-word-inner split-empty-inner\"><span class=\"split-word-empty\">&nbsp;<\/span><span class=\"split-char char627\">\u00ea<\/span><span class=\"split-char char628\">t<\/span><span class=\"split-char char629\">e<\/span><span class=\"split-char char630\">s<\/span><\/span><\/span><\/span><span class=\"split-word word5\"><span class=\"split-word-flow\"><span class=\"split-word-inner split-empty-inner\"><span class=\"split-word-empty\">&nbsp;<\/span><span class=\"split-char char805\">e<\/span><span class=\"split-char char806\">n<\/span><span class=\"split-char char807\">t<\/span><span class=\"split-char char808\">r<\/span><span class=\"split-char char809\">e<\/span><\/span><\/span><\/span><span class=\"split-word word6\"><span class=\"split-word-flow\"><span class=\"split-word-inner split-empty-inner\"><span class=\"split-word-empty\">&nbsp;<\/span><span class=\"split-char char984\">d<\/span><span class=\"split-char char985\">e<\/span><\/span><\/span><\/span><span class=\"split-word word7\"><span class=\"split-word-flow\"><span class=\"split-word-inner split-empty-inner\"><span class=\"split-word-empty\">&nbsp;<\/span><span class=\"split-char char1160\">b<\/span><span class=\"split-char char1161\">o<\/span><span class=\"split-char char1162\">n<\/span><span class=\"split-char char1163\">n<\/span><span class=\"split-char char1164\">e<\/span><span class=\"split-char char1165\">s<\/span><\/span><\/span><\/span><span class=\"split-word word8\"><span class=\"split-word-flow\"><span class=\"split-word-inner split-empty-inner\"><span class=\"split-word-empty\">&nbsp;<\/span><span class=\"split-char char1340\">m<\/span><span class=\"split-char char1341\">a<\/span><span class=\"split-char char1342\">i<\/span><span class=\"split-char char1343\">n<\/span><span class=\"split-char char1344\">s<\/span><\/span><\/span><\/span><span class=\"split-word uncode-rotating-span uncode-rotating-text-end\">&nbsp;<\/span><\/span><\/h2><\/div><div class=\"clear\"><\/div><\/div><div class=\"empty-space empty-single\" ><span class=\"empty-space-inner\"><\/span><\/div>\n<span class=\"btn-container\" ><a role=\"button\"  href=\"https:\/\/www.oxygenworldwide.com\/fr\/contacter\/questions\/\" class=\"custom-link btn btn-xl btn-custom-typo font-555555 font-weight-600 text-uppercase no-letterspace border-width-0 btn-color-133983 btn-icon-left btn-ripple-in btn-border-animated\" title=\"Oxygen for holidays\" target=\"_blank\"><i class=\"fa fa-world\"><\/i>J&#8217;AI BESOIN D&#8217;OXYG\u00c8NE POUR MES VACANCES<\/a><\/span><\/div><\/div><\/div><\/div><\/div><script id=\"script-row-unique-0\" data-row=\"script-row-unique-0\" type=\"text\/javascript\" class=\"vc_controls\">UNCODE.initRow(document.getElementById(\"row-unique-0\"));<\/script><\/div><\/div><\/div><div data-parent=\"true\" class=\"vc_row row-container desktop-hidden tablet-hidden\" id=\"row-unique-1\"><div class=\"row-background background-element\">\n\t\t\t\t\t\t\t\t\t\t\t<div class=\"background-wrapper\">\n\t\t\t\t\t\t\t\t\t\t\t\t<div class=\"background-inner self-video uncode-video-container\" style=\"background-repeat: no-repeat;background-position: center bottom;background-attachment: scroll;background-size: cover;\"><div style=\"width: 640px;\" class=\"wp-video\"><video onloadeddata=\"this.play();\" loop playsinline muted aria-hidden=\"true\" role=\"presentation\" data-keepplaying class =\"background-video-shortcode\" data-ratio=\"1.7777777777778\" id=\"video-4103-2\" width=\"640\" height=\"360\" preload=\"metadata\" ><source type=\"video\/mp4\" src=\"https:\/\/www.oxygenworldwide.com\/wp-content\/uploads\/2023\/07\/Ani.-2OWW.mp4?_=2\" \/><\/video><\/div><\/div>\n\t\t\t\t\t\t\t\t\t\t\t\t<div class=\"block-bg-overlay style-color-vyce-bg\" style=\"opacity: 0.3;\"><\/div>\n\t\t\t\t\t\t\t\t\t\t\t<\/div>\n\t\t\t\t\t\t\t\t\t\t<\/div><div class=\"row full-width row-parent\" data-height-ratio=\"75\"><div class=\"wpb_row row-inner\"><div class=\"wpb_column pos-middle pos-center align_center column_parent col-lg-12 half-internal-gutter\"><div class=\"uncol style-light\"  ><div class=\"uncoltable\"><div class=\"uncell no-block-padding\" ><div class=\"uncont\" ><div class=\"vc_custom_heading_wrap\"><div class=\"heading-text el-text\" ><h1 class=\"fontsize-696914 text-color-xsdn-color\" ><span>Oxygen Worldwide<\/span><\/h1><\/div><div class=\"clear\"><\/div><\/div><div class=\"vc_custom_heading_wrap\"><div class=\"heading-text el-text\" ><h2 class=\"fontsize-111796 text-color-xsdn-color\" ><span>nous vous aidons \u00e0 voyager avec de l&#8217;oxyg\u00e8ne<\/span><\/h2><\/div><div class=\"clear\"><\/div><\/div><div class=\"empty-space empty-single\" ><span class=\"empty-space-inner\"><\/span><\/div>\n<span class=\"btn-container\" ><a role=\"button\"  href=\"https:\/\/www.oxygenworldwide.com\/fr\/contacter\/questions\/\" class=\"custom-link btn btn-lg btn-custom-typo font-555555 font-weight-600 text-uppercase no-letterspace border-width-0 btn-color-133983 btn-icon-left btn-ripple-in btn-border-animated\" title=\"Oxygen for holidays\" target=\"_blank\"><i class=\"fa fa-world\"><\/i>J&#8217;AI BESOIN D&#8217;OXYG\u00c8NE POUR MES VACANCES<\/a><\/span><\/div><\/div><\/div><\/div><\/div><script id=\"script-row-unique-1\" data-row=\"script-row-unique-1\" type=\"text\/javascript\" class=\"vc_controls\">UNCODE.initRow(document.getElementById(\"row-unique-1\"));<\/script><\/div><\/div><\/div><div data-parent=\"true\" class=\"vc_row has-bg need-focus style-color-382999-bg row-container\" id=\"row-unique-2\"><div class=\"row quad-top-padding quad-bottom-padding single-h-padding limit-width row-parent\" data-height-ratio=\"50\"><div class=\"wpb_row row-inner\"><div class=\"wpb_column pos-middle pos-center align_center column_parent col-lg-12 single-internal-gutter\"><div class=\"uncol style-light\"  ><div class=\"uncoltable\"><div class=\"uncell no-block-padding\" ><div class=\"uncont\" ><div class=\"un-media-gallery owl-carousel-wrapper textual-carousel\">\n\t\t\n\t\n\t<div class=\"owl-carousel-container owl-carousel-loading no-gutter\" >\n\t\t\t\t\t\t\t\t\t<div id=\"gallery-518005619\" class=\"owl-carousel owl-element owl-height-auto owl-dots-outside owl-dots-single-block-padding owl-dots-align-center\" data-fade=\"true\" data-loop=\"true\" data-dots=\"true\" data-navmobile=\"false\" data-navspeed=\"200\" data-autoplay=\"true\" data-timeout=\"5000\" data-autoheight=\"true\" data-stagepadding=\"0\" data-lg=\"1\" data-md=\"1\" data-sm=\"1\">\n<div class=\"tmb tmb-carousel tmb-iso-h4 tmb-dark tmb-overlay-middle tmb-overlay-text-center tmb-id-5742  tmb-media-first tmb-media-last tmb-content-overlay tmb-no-bg tmb-lightbox\" ><div class=\"t-inside animate_when_almost_visible zoom-in\" data-delay=\"200\"><div class=\"t-entry-visual\"><div class=\"t-entry-visual-tc\"><div class=\"t-entry-visual-cont\"><div class=\"t-entry-visual-overlay\"><div class=\"t-entry-visual-overlay-in style-light-bg\" style=\"opacity: 0.5;\"><\/div><\/div><div class=\"h4 title-scale regular-text object-size fluid-object\" style=\"padding-top: 100%\"><blockquote class=\"pullquote\"><figure class=\"gravatar\"><img decoding=\"async\" width=\"150\" height=\"150\" src=\"https:\/\/www.oxygenworldwide.com\/wp-content\/uploads\/2023\/03\/what-we-do-150x150.jpg\" class=\"avatar\" alt=\"OxygenWorldwide (Ce que nous faisons)\" srcset=\"https:\/\/www.oxygenworldwide.com\/wp-content\/uploads\/2023\/03\/what-we-do-150x150.jpg 150w, https:\/\/www.oxygenworldwide.com\/wp-content\/uploads\/2023\/03\/what-we-do-300x300.jpg 300w, https:\/\/www.oxygenworldwide.com\/wp-content\/uploads\/2023\/03\/what-we-do-12x12.jpg 12w, https:\/\/www.oxygenworldwide.com\/wp-content\/uploads\/2023\/03\/what-we-do-60x60.jpg 60w, https:\/\/www.oxygenworldwide.com\/wp-content\/uploads\/2023\/03\/what-we-do-350x350.jpg 350w, https:\/\/www.oxygenworldwide.com\/wp-content\/uploads\/2023\/03\/what-we-do-348x348.jpg 348w, https:\/\/www.oxygenworldwide.com\/wp-content\/uploads\/2023\/03\/what-we-do.jpg 500w\" sizes=\"(max-width: 150px) 100vw, 150px\" \/><\/figure><span class=\"pullquote__content\">Der Service ist schnell und sehr zuverl\u00e4ssig!! Gute Betreuung<\/span><span><small>Mai 2024<\/small><\/span><\/blockquote><\/div><\/div>\n\t\t\t\t\t<\/div>\n\t\t\t\t<\/div><\/div><\/div><div class=\"tmb tmb-carousel tmb-iso-h4 tmb-dark tmb-overlay-middle tmb-overlay-text-center tmb-id-5743  tmb-media-first tmb-media-last tmb-content-overlay tmb-no-bg tmb-lightbox\" ><div class=\"t-inside animate_when_almost_visible zoom-in\" data-delay=\"200\"><div class=\"t-entry-visual\"><div class=\"t-entry-visual-tc\"><div class=\"t-entry-visual-cont\"><div class=\"t-entry-visual-overlay\"><div class=\"t-entry-visual-overlay-in style-light-bg\" style=\"opacity: 0.5;\"><\/div><\/div><div class=\"h4 title-scale regular-text object-size fluid-object\" style=\"padding-top: 100%\"><blockquote class=\"pullquote\"><figure class=\"gravatar\"><img decoding=\"async\" width=\"150\" height=\"150\" src=\"https:\/\/www.oxygenworldwide.com\/wp-content\/uploads\/2023\/03\/why-oww-150x150.jpg\" class=\"avatar\" alt=\"Pourquoi OxygenWorldwide\" srcset=\"https:\/\/www.oxygenworldwide.com\/wp-content\/uploads\/2023\/03\/why-oww-150x150.jpg 150w, https:\/\/www.oxygenworldwide.com\/wp-content\/uploads\/2023\/03\/why-oww-300x300.jpg 300w, https:\/\/www.oxygenworldwide.com\/wp-content\/uploads\/2023\/03\/why-oww-768x768.jpg 768w, https:\/\/www.oxygenworldwide.com\/wp-content\/uploads\/2023\/03\/why-oww-12x12.jpg 12w, https:\/\/www.oxygenworldwide.com\/wp-content\/uploads\/2023\/03\/why-oww-60x60.jpg 60w, https:\/\/www.oxygenworldwide.com\/wp-content\/uploads\/2023\/03\/why-oww-350x350.jpg 350w, https:\/\/www.oxygenworldwide.com\/wp-content\/uploads\/2023\/03\/why-oww-348x348.jpg 348w, https:\/\/www.oxygenworldwide.com\/wp-content\/uploads\/2023\/03\/why-oww.jpg 1000w\" sizes=\"(max-width: 150px) 100vw, 150px\" \/><\/figure><span class=\"pullquote__content\">Que ce soit dans nos \u00e9changes par mail ou l&#039;organisation pour la livraison de la machine tout \u00e9tait parfait,  vous avez \u00e9t\u00e9 tr\u00e8s r\u00e9actif<\/span><span><small>May 2024<\/small><\/span><\/blockquote><\/div><\/div>\n\t\t\t\t\t<\/div>\n\t\t\t\t<\/div><\/div><\/div><div class=\"tmb tmb-carousel tmb-iso-h4 tmb-dark tmb-overlay-middle tmb-overlay-text-center tmb-id-5741  tmb-media-first tmb-media-last tmb-content-overlay tmb-no-bg tmb-lightbox\" ><div class=\"t-inside animate_when_almost_visible zoom-in\" data-delay=\"200\"><div class=\"t-entry-visual\"><div class=\"t-entry-visual-tc\"><div class=\"t-entry-visual-cont\"><div class=\"t-entry-visual-overlay\"><div class=\"t-entry-visual-overlay-in style-light-bg\" style=\"opacity: 0.5;\"><\/div><\/div><div class=\"h4 title-scale regular-text object-size fluid-object\" style=\"padding-top: 100%\"><blockquote class=\"pullquote\"><figure class=\"gravatar\"><img decoding=\"async\" width=\"150\" height=\"150\" src=\"https:\/\/www.oxygenworldwide.com\/wp-content\/uploads\/2023\/03\/why-oww-150x150.jpg\" class=\"avatar\" alt=\"Pourquoi OxygenWorldwide\" srcset=\"https:\/\/www.oxygenworldwide.com\/wp-content\/uploads\/2023\/03\/why-oww-150x150.jpg 150w, https:\/\/www.oxygenworldwide.com\/wp-content\/uploads\/2023\/03\/why-oww-300x300.jpg 300w, https:\/\/www.oxygenworldwide.com\/wp-content\/uploads\/2023\/03\/why-oww-768x768.jpg 768w, https:\/\/www.oxygenworldwide.com\/wp-content\/uploads\/2023\/03\/why-oww-12x12.jpg 12w, https:\/\/www.oxygenworldwide.com\/wp-content\/uploads\/2023\/03\/why-oww-60x60.jpg 60w, https:\/\/www.oxygenworldwide.com\/wp-content\/uploads\/2023\/03\/why-oww-350x350.jpg 350w, https:\/\/www.oxygenworldwide.com\/wp-content\/uploads\/2023\/03\/why-oww-348x348.jpg 348w, https:\/\/www.oxygenworldwide.com\/wp-content\/uploads\/2023\/03\/why-oww.jpg 1000w\" sizes=\"(max-width: 150px) 100vw, 150px\" \/><\/figure><span class=\"pullquote__content\">Excellent service. L&#039;\u00e9quipement \u00e9tait sup\u00e9rieur \u00e0 notre \u00e9quipement domestique<\/span><span><small>Mars 2022<\/small><\/span><\/blockquote><\/div><\/div>\n\t\t\t\t\t<\/div>\n\t\t\t\t<\/div><\/div><\/div><div class=\"tmb tmb-carousel tmb-iso-h4 tmb-dark tmb-overlay-middle tmb-overlay-text-center tmb-id-5740  tmb-media-first tmb-media-last tmb-content-overlay tmb-no-bg tmb-lightbox\" ><div class=\"t-inside animate_when_almost_visible zoom-in\" data-delay=\"200\"><div class=\"t-entry-visual\"><div class=\"t-entry-visual-tc\"><div class=\"t-entry-visual-cont\"><div class=\"t-entry-visual-overlay\"><div class=\"t-entry-visual-overlay-in style-light-bg\" style=\"opacity: 0.5;\"><\/div><\/div><div class=\"h4 title-scale regular-text object-size fluid-object\" style=\"padding-top: 100%\"><blockquote class=\"pullquote\"><figure class=\"gravatar\"><img decoding=\"async\" width=\"150\" height=\"150\" src=\"https:\/\/www.oxygenworldwide.com\/wp-content\/uploads\/2023\/03\/what-we-do-150x150.jpg\" class=\"avatar\" alt=\"OxygenWorldwide (Ce que nous faisons)\" srcset=\"https:\/\/www.oxygenworldwide.com\/wp-content\/uploads\/2023\/03\/what-we-do-150x150.jpg 150w, https:\/\/www.oxygenworldwide.com\/wp-content\/uploads\/2023\/03\/what-we-do-300x300.jpg 300w, https:\/\/www.oxygenworldwide.com\/wp-content\/uploads\/2023\/03\/what-we-do-12x12.jpg 12w, https:\/\/www.oxygenworldwide.com\/wp-content\/uploads\/2023\/03\/what-we-do-60x60.jpg 60w, https:\/\/www.oxygenworldwide.com\/wp-content\/uploads\/2023\/03\/what-we-do-350x350.jpg 350w, https:\/\/www.oxygenworldwide.com\/wp-content\/uploads\/2023\/03\/what-we-do-348x348.jpg 348w, https:\/\/www.oxygenworldwide.com\/wp-content\/uploads\/2023\/03\/what-we-do.jpg 500w\" sizes=\"(max-width: 150px) 100vw, 150px\" \/><\/figure><span class=\"pullquote__content\">J&#039;utilise OxygenWorldwide depuis quelques ann\u00e9es maintenant et vous n&#039;avez jamais rendu un mauvais service<\/span><span><small>F\u00e9vrier 2022<\/small><\/span><\/blockquote><\/div><\/div>\n\t\t\t\t\t<\/div>\n\t\t\t\t<\/div><\/div><\/div><div class=\"tmb tmb-carousel tmb-iso-h4 tmb-dark tmb-overlay-middle tmb-overlay-text-center tmb-id-5739  tmb-media-first tmb-media-last tmb-content-overlay tmb-no-bg tmb-lightbox\" ><div class=\"t-inside animate_when_almost_visible zoom-in\" data-delay=\"200\"><div class=\"t-entry-visual\"><div class=\"t-entry-visual-tc\"><div class=\"t-entry-visual-cont\"><div class=\"t-entry-visual-overlay\"><div class=\"t-entry-visual-overlay-in style-light-bg\" style=\"opacity: 0.5;\"><\/div><\/div><div class=\"h4 title-scale regular-text object-size fluid-object\" style=\"padding-top: 100%\"><blockquote class=\"pullquote\"><figure class=\"gravatar\"><img decoding=\"async\" width=\"150\" height=\"150\" src=\"https:\/\/www.oxygenworldwide.com\/wp-content\/uploads\/2023\/03\/why-oww-150x150.jpg\" class=\"avatar\" alt=\"Pourquoi OxygenWorldwide\" srcset=\"https:\/\/www.oxygenworldwide.com\/wp-content\/uploads\/2023\/03\/why-oww-150x150.jpg 150w, https:\/\/www.oxygenworldwide.com\/wp-content\/uploads\/2023\/03\/why-oww-300x300.jpg 300w, https:\/\/www.oxygenworldwide.com\/wp-content\/uploads\/2023\/03\/why-oww-768x768.jpg 768w, https:\/\/www.oxygenworldwide.com\/wp-content\/uploads\/2023\/03\/why-oww-12x12.jpg 12w, https:\/\/www.oxygenworldwide.com\/wp-content\/uploads\/2023\/03\/why-oww-60x60.jpg 60w, https:\/\/www.oxygenworldwide.com\/wp-content\/uploads\/2023\/03\/why-oww-350x350.jpg 350w, https:\/\/www.oxygenworldwide.com\/wp-content\/uploads\/2023\/03\/why-oww-348x348.jpg 348w, https:\/\/www.oxygenworldwide.com\/wp-content\/uploads\/2023\/03\/why-oww.jpg 1000w\" sizes=\"(max-width: 150px) 100vw, 150px\" \/><\/figure><span class=\"pullquote__content\">Oui, je recommanderais vos services. J&#039;ai d\u00fb r\u00e9server le service d&#039;urgence pour pouvoir sortir de l&#039;h\u00f4pital. La r\u00e9servation a \u00e9t\u00e9 facile et la machine a \u00e9t\u00e9 livr\u00e9e \u00e0 la chambre d&#039;h\u00f4tel pr\u00eate pour ma sortie<\/span><span><small>D\u00e9cembre 2021<\/small><\/span><\/blockquote><\/div><\/div>\n\t\t\t\t\t<\/div>\n\t\t\t\t<\/div><\/div><\/div>\t\t\t<\/div>\n\t\t\t\t\t<\/div>\n\n\t\n\t\n\t\n<\/div>\n\n<\/div><\/div><\/div><\/div><\/div><script id=\"script-row-unique-2\" data-row=\"script-row-unique-2\" type=\"text\/javascript\" class=\"vc_controls\">UNCODE.initRow(document.getElementById(\"row-unique-2\"));<\/script><\/div><\/div><\/div>\n<\/div>","protected":false},"excerpt":{"rendered":"Oxygen Worldwide&nbsp;avec&nbsp;nous,&nbsp;vous&nbsp;\u00eates&nbsp;entre&nbsp;de&nbsp;bonnes&nbsp;mains&nbsp; J'AI BESOIN D'OXYG\u00c8NE POUR MES VACANCES Oxygen Worldwidenous vous aidons \u00e0 voyager avec de l'oxyg\u00e8ne J'AI BESOIN D'OXYG\u00c8NE [...]","protected":false},"author":6,"featured_media":4961,"parent":0,"menu_order":0,"comment_status":"closed","ping_status":"closed","template":"","meta":{"iawp_total_views":31631,"footnotes":""},"class_list":["post-4103","page","type-page","status-publish","has-post-thumbnail","hentry"],"_links":{"self":[{"href":"https:\/\/www.oxygenworldwide.com\/fr\/wp-json\/wp\/v2\/pages\/4103","targetHints":{"allow":["GET"]}}],"collection":[{"href":"https:\/\/www.oxygenworldwide.com\/fr\/wp-json\/wp\/v2\/pages"}],"about":[{"href":"https:\/\/www.oxygenworldwide.com\/fr\/wp-json\/wp\/v2\/types\/page"}],"author":[{"embeddable":true,"href":"https:\/\/www.oxygenworldwide.com\/fr\/wp-json\/wp\/v2\/users\/6"}],"replies":[{"embeddable":true,"href":"https:\/\/www.oxygenworldwide.com\/fr\/wp-json\/wp\/v2\/comments?post=4103"}],"version-history":[{"count":80,"href":"https:\/\/www.oxygenworldwide.com\/fr\/wp-json\/wp\/v2\/pages\/4103\/revisions"}],"predecessor-version":[{"id":6677,"href":"https:\/\/www.oxygenworldwide.com\/fr\/wp-json\/wp\/v2\/pages\/4103\/revisions\/6677"}],"wp:featuredmedia":[{"embeddable":true,"href":"https:\/\/www.oxygenworldwide.com\/fr\/wp-json\/wp\/v2\/media\/4961"}],"wp:attachment":[{"href":"https:\/\/www.oxygenworldwide.com\/fr\/wp-json\/wp\/v2\/media?parent=4103"}],"curies":[{"name":"wp","href":"https:\/\/api.w.org\/{rel}","templated":true}]}}