{"id":4107,"date":"2022-10-27T12:43:02","date_gmt":"2022-10-27T12:43:02","guid":{"rendered":"https:\/\/www.oxygenworldwide.com\/?page_id=4107"},"modified":"2025-11-07T11:22:14","modified_gmt":"2025-11-07T11:22:14","slug":"ehic","status":"publish","type":"page","link":"https:\/\/www.oxygenworldwide.com\/fr\/ehic\/","title":{"rendered":"EHIC"},"content":{"rendered":"<div class=\"wpb-content-wrapper\"><div data-parent=\"true\" class=\"vc_row has-bg need-focus style-color-lxmt-bg row-container\" id=\"row-unique-0\"><div class=\"row one-top-padding single-bottom-padding single-h-padding limit-width row-parent\"><div class=\"wpb_row row-inner\"><div class=\"wpb_column pos-top pos-center align_center column_parent col-lg-12 single-internal-gutter\"><div class=\"uncol style-light animate_when_almost_visible zoom-in\"  ><div class=\"uncoltable\"><div class=\"uncell no-block-padding\" ><div class=\"uncont\" ><div class=\"vc_custom_heading_wrap\"><div class=\"heading-text el-text\" ><h1 class=\"h1 text-accent-color\" ><span>EHIC (Carte europ\u00e9enne d&#8217;assurance sant\u00e9)<\/span><\/h1><\/div><div class=\"clear\"><\/div><\/div><\/div><\/div><\/div><\/div><\/div><script id=\"script-row-unique-0\" data-row=\"script-row-unique-0\" type=\"text\/javascript\" class=\"vc_controls\">UNCODE.initRow(document.getElementById(\"row-unique-0\"));<\/script><\/div><\/div><\/div><div data-parent=\"true\" class=\"vc_row inverted-device-order row-container\" id=\"row-unique-1\"><div class=\"row single-top-padding double-bottom-padding single-h-padding limit-width row-parent\"><div class=\"wpb_row row-inner\"><div class=\"wpb_column pos-top pos-center align_left column_parent col-lg-8 single-internal-gutter\"><div class=\"uncol style-light sticky-element sticky-sidebar animate_when_almost_visible left-t-right\"  ><div class=\"uncoltable\"><div class=\"uncell no-block-padding\" ><div class=\"uncont\" ><div class=\"vc_row hide row-internal row-container\"><div class=\"row row-child\"><div class=\"wpb_row row-inner\"><div class=\"wpb_column pos-top pos-center align_center column_child col-lg-12 single-internal-gutter\"><div class=\"uncol style-light\" ><div class=\"uncoltable\"><div class=\"uncell single-block-padding style-back_color-140240-bg  unradius-lg\" ><div class=\"uncont\" ><div class=\"vc_custom_heading_wrap hide\"><div class=\"heading-text el-text\" ><h2 class=\"h4 text-color-xsdn-color\" ><span>Actuellement, nous sommes en train de revoir les informations suivantes.<br \/><\/span><span>S.v.p. contactez-nous pour les informations plus r\u00e9centes.<\/span><\/h2><\/div><div class=\"clear\"><\/div><\/div><\/div><\/div><\/div><\/div><\/div><\/div><\/div><\/div><div class=\"uncode_text_column\" ><p><b>Veuillez noter:<\/b>\u00a0Pays dans l&#8217;UE plus la Norv\u00e8ge, Islande, Liechtenstein, Suisse, Mac\u00e9doine et L&#8217; Australie avec une EHIC vous avez, en principe, droit \u00e0 l&#8217;aide m\u00e9dicale, gratuitement, pendant un s\u00e9jour temporaire pour la maladie urgente et certaines maladies croniques.<\/p>\n<p>L&#8217;oxyg\u00e8ne dans le monde peut organiser en revanche pas de l&#8217;oxyg\u00e8ne th\u00e9rapeutique dans le cadre de ce r\u00e9gime de EHIC. Mais jusqu&#8217;\u00e0 jusqu&#8217;\u00e0 aujourd&#8217;hui nous sommes appel\u00e9s \u00e0 l&#8217;aide lorsque les vacanciers arrivent \u00e0 leur destination de vacances o\u00f9 il s&#8217;av\u00e8re que l&#8217;oxyg\u00e8ne n&#8217;\u00e9tait pas fourni comme promis.<\/p>\n<p>\u00c0 cet effet, nous avons commenc\u00e9 un service sp\u00e9cial pour la mise en place initiale de l&#8217;oxyg\u00e8ne th\u00e9rapeutique \u00e0 votre destination afin de vous donner la tranquillit\u00e9 d&#8217;esprit (Veuillez noter qu&#8217;il y a un honoraires \u00e0 payer).<\/p>\n<\/div><div class=\"vc_row row-internal row-container\"><div class=\"row row-child\"><div class=\"wpb_row row-inner\"><div class=\"wpb_column pos-top pos-center align_center column_child col-lg-12 single-internal-gutter\"><div class=\"uncol style-light\" ><div class=\"uncoltable\"><div class=\"uncell one-block-padding style-color-183698-bg  unradius-lg\" ><div class=\"uncont\" >\n\t<div class=\"wpb_raw_code wpb_raw_html\" >\n\t\t<div class=\"wpb_wrapper\">\n\t\t\t<div style=\"margin-top:10px;padding-top:10px;margin-bottom:7px;font-size:22px;color:white;font-weight:700;\">Sc\u00e9nario A<\/div>\n\t\t<\/div>\n\t<\/div>\n<\/div><\/div><\/div><\/div><\/div><\/div><\/div><\/div><div class=\"uncode_text_column\" ><p>M\u00eame si la livraison \u00e0 votre destination de vacances est g\u00e9r\u00e9 par votre fournisseur \u00e0 la maison, assureur ou votre centre d&#8217;urgence parfois les clients ne peuvent avoir d&#8217;oxyg\u00e8ne livr\u00e9 \u00e0 leur destination de vacances apr\u00e8s avoir visit\u00e9 un m\u00e9decin local et par la suite un sp\u00e9cialiste. C&#8217;est la raison de lois locales et celles varient selon le pays. Cela peut signifier que vous deviez attendre plusieurs jours, voire semaines, avant de recevoir votre oxyg\u00e8ne. <strong>OxygenWorldwide<\/strong> (L&#8217;oxyg\u00e8ne dans le monde) peut emporter cette inqui\u00e9tude et aider \u00e0 organiser l&#8217;oxyg\u00e8ne avant votre arriv\u00e9e. \u00c0 cet effet vous devrez remplir une enqu\u00eate sur notre site Web ou tout simplement nous envoyer un courriel \u00e0:\u00a0<a href=\"mailto:info@oxygenworldwide.com\">info@oxygenworldwide.com<\/a><\/p>\n<p>A l&#8217;acceptation de notre devis, vous devrez faire le paiement par virement bancaire et nous nous occuperons de la livraison un jour avant votre arriv\u00e9e. Apr\u00e8s la visite de votre m\u00e9decin\/sp\u00e9cialiste \u00e0 votre destination, veuillez scanner et envoyer par e-mail l&#8217;ordonnance obtenue pour la livraison d&#8217;oxyg\u00e8ne \u00e0 <strong>OxygenWorldwide<\/strong>.<\/p>\n<p>\u00c0 partir de la date de cette approbation, <strong>OxygenWorldwide<\/strong> passera la livraison et l&#8217;\u00e9tablissement de la facture \u00e0 un fournisseur d&#8217;oxyg\u00e8ne local. Dans la plupart des cas, vous garderez le mat\u00e9riel que vous avez utilis\u00e9.<\/p>\n<p>\u00c0 ce moment <strong>OxygenWorldwide<\/strong> vous remboursera une partie du paiement (total moins les honoraires et le nombre de jours non rembours\u00e9s, si c&#8217;est le cas.)<\/p>\n<\/div><div class=\"vc_row row-internal row-container\"><div class=\"row row-child\"><div class=\"wpb_row row-inner\"><div class=\"wpb_column pos-top pos-center align_center column_child col-lg-12 single-internal-gutter\"><div class=\"uncol style-light\" ><div class=\"uncoltable\"><div class=\"uncell one-block-padding style-color-183698-bg  unradius-lg\" ><div class=\"uncont\" >\n\t<div class=\"wpb_raw_code wpb_raw_html\" >\n\t\t<div class=\"wpb_wrapper\">\n\t\t\t<div style=\"margin-top:10px;padding-top:10px;margin-bottom:7px;font-size:22px;color:white;font-weight:700;\">Sc\u00e9nario B<\/div>\n\t\t<\/div>\n\t<\/div>\n<\/div><\/div><\/div><\/div><\/div><\/div><\/div><\/div><div class=\"uncode_text_column\" ><p>Une autre raison pourquoi l&#8217;oxyg\u00e8ne qui a \u00e9t\u00e9 promis n&#8217;est peut-\u00eatre pas \u00e0 votre destination de vacances lorsque vous arrivez, pourait \u00eatre les probl\u00e8mes de communication en raison de diff\u00e9rentes langues entre les gens de votre pays d&#8217;origine et de la population dans le pays de votre destination. Nous, \u00e0 <strong>OxygenWorldwide<\/strong>, parlons cinq langues pour vous aider 24 heures par jour, 7 jours par semaine. Contactez-nous et obtenez votre oxyg\u00e8ne arrang\u00e9. Nous d\u00e9biterons votre carte de cr\u00e9dit. Dans ce cas il n&#8217;y a pas de remboursement, nous vous ferons parvenir une facture et vous pouvez essayer de r\u00e9clamer l&#8217;approvisionnement avec votre compagnie d&#8217;assurance, fournisseur d&#8217;oxyg\u00e8ne etc. quand vous avez retourn\u00e9 \u00e0 la maison.<\/p>\n<p>Si vous nous appelez \u00e0 votre destination de vacances, nous pouvons vous appeler (sur demande) pour vous faire \u00e9conomiser les frais de t\u00e9l\u00e9phone. Dans un certain nombre de pays <strong>OxygenWorldwide<\/strong> est capable de fournir un Service de l&#8217;a\u00e9roport en vous donnant \u00e0 vos mains l&#8217;oxyg\u00e8ne au moment o\u00f9 vous arrivez (\u00e0 la porte d&#8217;avion!), dans le cas o\u00f9 vous voulez savoir si ce service est disponible \u00e0 l&#8217;a\u00e9roport de votre destination, veuillez cocher la case &#8220;Service a\u00e9roport&#8221; sur le formulaire de demande (&#8216;<a href=\"https:\/\/www.oxygenworldwide.com\/fr\/contacter\/questions\">Renseignements<\/a>&#8216;).<\/p>\n<\/div><div class=\"vc_row row-internal row-container\"><div class=\"row row-child\"><div class=\"wpb_row row-inner\"><div class=\"wpb_column pos-top pos-center align_left column_parent col-lg-12 single-internal-gutter\"><div class=\"uncol style-light\"  ><div class=\"uncoltable\"><div class=\"uncell no-block-padding\" ><div class=\"uncont\" ><span class=\"btn-container btn-block\" ><a role=\"button\"  href=\"https:\/\/www.oxygenworldwide.com\/fr\/contacter\/questions\/\" class=\"custom-link btn btn-lg border-width-0 btn-color-133983 btn-block btn-no-scale btn-icon-left\">Soumettez ici votre demande sans engagement<\/a><\/span><\/div><\/div><\/div><\/div><\/div><\/div><\/div><\/div><\/div><\/div><\/div><\/div><\/div><div class=\"wpb_column pos-top pos-center align_left column_parent col-lg-4 single-internal-gutter\"><div class=\"uncol style-light sticky-element sticky-sidebar animate_when_almost_visible right-t-left\"  ><div class=\"uncoltable\"><div class=\"uncell no-block-padding\" ><div class=\"uncont\" ><div class=\"vc_row row-internal row-container tablet-hidden mobile-hidden\"><div class=\"row row-child\"><div class=\"wpb_row row-inner\"><div class=\"wpb_column pos-top pos-center align_left column_child col-lg-12 single-internal-gutter\"><div class=\"uncol style-light\" ><div class=\"uncoltable\"><div class=\"uncell no-block-padding\" ><div class=\"uncont\" ><div class=\"uncode-single-media  text-left\"><div class=\"single-wrapper\" style=\"max-width: 100%;\"><div class=\"tmb tmb-light  img-circle tmb-media-first tmb-media-last tmb-content-overlay tmb-no-bg\"><div class=\"t-inside\"><div class=\"t-entry-visual\"><div class=\"t-entry-visual-tc\"><div class=\"uncode-single-media-wrapper img-circle\"><img decoding=\"async\" class=\"wp-image-4786\" src=\"https:\/\/www.oxygenworldwide.com\/wp-content\/uploads\/2023\/03\/ehic.jpg\" width=\"500\" height=\"500\" alt=\"EHIC - Oxygen Worldwide\" srcset=\"https:\/\/www.oxygenworldwide.com\/wp-content\/uploads\/2023\/03\/ehic.jpg 500w, https:\/\/www.oxygenworldwide.com\/wp-content\/uploads\/2023\/03\/ehic-300x300.jpg 300w, https:\/\/www.oxygenworldwide.com\/wp-content\/uploads\/2023\/03\/ehic-150x150.jpg 150w, https:\/\/www.oxygenworldwide.com\/wp-content\/uploads\/2023\/03\/ehic-12x12.jpg 12w, https:\/\/www.oxygenworldwide.com\/wp-content\/uploads\/2023\/03\/ehic-60x60.jpg 60w, https:\/\/www.oxygenworldwide.com\/wp-content\/uploads\/2023\/03\/ehic-350x350.jpg 350w, https:\/\/www.oxygenworldwide.com\/wp-content\/uploads\/2023\/03\/ehic-348x348.jpg 348w\" sizes=\"(max-width: 500px) 100vw, 500px\" \/><\/div>\n\t\t\t\t\t<\/div>\n\t\t\t\t<\/div><\/div><\/div><\/div><\/div><\/div><\/div><\/div><\/div><\/div><\/div><\/div><\/div><div class=\"vc_row inverted-device-order vc_custom_1670241764634 row-internal row-container desktop-hidden mobile-hidden\" style=\"margin-top: -20px ;\"><div class=\"row row-child\"><div class=\"wpb_row row-inner\"><div class=\"wpb_column pos-top pos-center align_center column_child col-lg-12 single-internal-gutter\"><div class=\"uncol style-light\" ><div class=\"uncoltable\"><div class=\"uncell no-block-padding\" ><div class=\"uncont\" ><div class=\"uncode-single-media  text-center\"><div class=\"single-wrapper\" style=\"max-width: 57%;\"><div class=\"tmb tmb-light  img-circle tmb-media-first tmb-media-last tmb-content-overlay tmb-no-bg\"><div class=\"t-inside\"><div class=\"t-entry-visual\"><div class=\"t-entry-visual-tc\"><div class=\"uncode-single-media-wrapper img-circle\"><img decoding=\"async\" class=\"wp-image-4786\" src=\"https:\/\/www.oxygenworldwide.com\/wp-content\/uploads\/2023\/03\/ehic.jpg\" width=\"500\" height=\"500\" alt=\"EHIC - Oxygen Worldwide\" srcset=\"https:\/\/www.oxygenworldwide.com\/wp-content\/uploads\/2023\/03\/ehic.jpg 500w, https:\/\/www.oxygenworldwide.com\/wp-content\/uploads\/2023\/03\/ehic-300x300.jpg 300w, https:\/\/www.oxygenworldwide.com\/wp-content\/uploads\/2023\/03\/ehic-150x150.jpg 150w, https:\/\/www.oxygenworldwide.com\/wp-content\/uploads\/2023\/03\/ehic-12x12.jpg 12w, https:\/\/www.oxygenworldwide.com\/wp-content\/uploads\/2023\/03\/ehic-60x60.jpg 60w, https:\/\/www.oxygenworldwide.com\/wp-content\/uploads\/2023\/03\/ehic-350x350.jpg 350w, https:\/\/www.oxygenworldwide.com\/wp-content\/uploads\/2023\/03\/ehic-348x348.jpg 348w\" sizes=\"(max-width: 500px) 100vw, 500px\" \/><\/div>\n\t\t\t\t\t<\/div>\n\t\t\t\t<\/div><\/div><\/div><\/div><\/div><\/div><\/div><\/div><\/div><\/div><\/div><\/div><\/div><div class=\"vc_row vc_custom_1670241417802 row-internal row-container desktop-hidden tablet-hidden\" style=\"margin-top: -15px ;\"><div class=\"row row-child\"><div class=\"wpb_row row-inner\"><div class=\"wpb_column pos-top pos-center align_left column_child col-lg-12 single-internal-gutter\"><div class=\"uncol style-light\" ><div class=\"uncoltable\"><div class=\"uncell no-block-padding\" ><div class=\"uncont\" ><div class=\"uncode-single-media  text-left\"><div class=\"single-wrapper\" style=\"max-width: 100%;\"><div class=\"tmb tmb-light  img-circle tmb-media-first tmb-media-last tmb-content-overlay tmb-no-bg\"><div class=\"t-inside\"><div class=\"t-entry-visual\"><div class=\"t-entry-visual-tc\"><div class=\"uncode-single-media-wrapper img-circle\"><img decoding=\"async\" class=\"wp-image-4786\" src=\"https:\/\/www.oxygenworldwide.com\/wp-content\/uploads\/2023\/03\/ehic.jpg\" width=\"500\" height=\"500\" alt=\"EHIC - Oxygen Worldwide\" srcset=\"https:\/\/www.oxygenworldwide.com\/wp-content\/uploads\/2023\/03\/ehic.jpg 500w, https:\/\/www.oxygenworldwide.com\/wp-content\/uploads\/2023\/03\/ehic-300x300.jpg 300w, https:\/\/www.oxygenworldwide.com\/wp-content\/uploads\/2023\/03\/ehic-150x150.jpg 150w, https:\/\/www.oxygenworldwide.com\/wp-content\/uploads\/2023\/03\/ehic-12x12.jpg 12w, https:\/\/www.oxygenworldwide.com\/wp-content\/uploads\/2023\/03\/ehic-60x60.jpg 60w, https:\/\/www.oxygenworldwide.com\/wp-content\/uploads\/2023\/03\/ehic-350x350.jpg 350w, https:\/\/www.oxygenworldwide.com\/wp-content\/uploads\/2023\/03\/ehic-348x348.jpg 348w\" sizes=\"(max-width: 500px) 100vw, 500px\" \/><\/div>\n\t\t\t\t\t<\/div>\n\t\t\t\t<\/div><\/div><\/div><\/div><\/div><\/div><\/div><\/div><\/div><\/div><\/div><\/div><\/div><\/div><\/div><\/div><\/div><\/div><script id=\"script-row-unique-1\" data-row=\"script-row-unique-1\" type=\"text\/javascript\" class=\"vc_controls\">UNCODE.initRow(document.getElementById(\"row-unique-1\"));<\/script><\/div><\/div><\/div><div data-parent=\"true\" class=\"vc_row has-bg need-focus style-color-108971-bg row-container\" id=\"row-unique-4\"><div class=\"row double-top-padding double-bottom-padding single-h-padding limit-width row-parent\"><div class=\"wpb_row row-inner\"><div class=\"wpb_column pos-top pos-center align_left column_parent col-lg-4 half-internal-gutter\"><div class=\"uncol style-light\"  ><div class=\"uncoltable\"><div class=\"uncell no-block-padding\" ><div class=\"uncont\" ><div class=\"animate_when_almost_visible bottom-t-top icon-box icon-box-top\" ><div class=\"icon-box-icon fa-container\" ><a role=\"button\" href=\"https:\/\/www.oxygenworldwide.com\/fr\/contacter\/questions\/\" target=\"_blank\" class=\"text-accent-color custom-link\"><i class=\"fa fa-world fa-4x fa-fw\"><\/i><\/a><\/div><div class=\"icon-box-content\"><div class=\"icon-box-heading icon-box-fa-4x\"><h3 class=\"h2\"><a role=\"button\" href=\"https:\/\/www.oxygenworldwide.com\/fr\/contacter\/questions\/\" target=\"_blank\">OXYG\u00c8NE pour mes vacances<\/a><\/h3><\/div><p>Vous pouvez demander un devis sans engagement pour des services d'oxyg\u00e8ne \u00e0 l'\u00e9tranger.<\/p>\n<\/div><\/div><\/div><\/div><\/div><\/div><\/div><div class=\"wpb_column pos-top pos-center align_left column_parent col-lg-4 single-internal-gutter\"><div class=\"uncol style-light\"  ><div class=\"uncoltable\"><div class=\"uncell no-block-padding\" ><div class=\"uncont\" ><div class=\"animate_when_almost_visible bottom-t-top icon-box icon-box-top\" ><div class=\"icon-box-icon fa-container\" ><a role=\"button\" href=\"https:\/\/www.oxygenworldwide.com\/fr\/ehic\/\" class=\"text-accent-color custom-link\"><i class=\"fa fa-medkit fa-4x fa-fw\"><\/i><\/a><\/div><div class=\"icon-box-content\"><div class=\"icon-box-heading icon-box-fa-4x\"><h3 class=\"h2\"><a role=\"button\" href=\"https:\/\/www.oxygenworldwide.com\/fr\/ehic\/\">EHIC<\/a><\/h3><\/div><p>Nous avons mis en place un service sp\u00e9cial pour la mise en place initiale de l'oxyg\u00e8ne m\u00e9dical \u00e0 votre destination afin de vous assurer une tranquillit\u00e9 d'esprit.<\/p>\n<\/div><\/div><\/div><\/div><\/div><\/div><\/div><div class=\"wpb_column pos-top pos-center align_left column_parent col-lg-4 single-internal-gutter\"><div class=\"uncol style-light animate_when_almost_visible bottom-t-top\"  ><div class=\"uncoltable\"><div class=\"uncell no-block-padding\" ><div class=\"uncont\" ><div class=\"icon-box icon-box-top\" ><div class=\"icon-box-icon fa-container\" ><a role=\"button\" href=\"https:\/\/www.oxygenworldwide.com\/fr\/blog\/\" class=\"text-accent-color custom-link\"><i class=\"fa fa-bubble fa-4x fa-fw\"><\/i><\/a><\/div><div class=\"icon-box-content\"><div class=\"icon-box-heading icon-box-fa-4x\"><h3 class=\"h2\"><a role=\"button\" href=\"https:\/\/www.oxygenworldwide.com\/fr\/blog\/\">Lire notre blog<\/a><\/h3><\/div><p>D\u00e9couvrez toutes les nouvelles et les mises \u00e0 jour concernant les voyages avec de l'oxyg\u00e8ne.<\/p>\n<\/div><\/div><\/div><\/div><\/div><\/div><\/div><script id=\"script-row-unique-4\" data-row=\"script-row-unique-4\" type=\"text\/javascript\" class=\"vc_controls\">UNCODE.initRow(document.getElementById(\"row-unique-4\"));<\/script><\/div><\/div><\/div>\n<\/div>","protected":false},"excerpt":{"rendered":"EHIC (Carte europ\u00e9enne d'assurance sant\u00e9)Actuellement, nous sommes en train de revoir les informations suivantes.S.v.p. contactez-nous pour les informations plus r\u00e9centes.Veuillez [...]","protected":false},"author":6,"featured_media":4786,"parent":0,"menu_order":0,"comment_status":"closed","ping_status":"closed","template":"","meta":{"iawp_total_views":4428,"footnotes":""},"class_list":["post-4107","page","type-page","status-publish","has-post-thumbnail","hentry"],"_links":{"self":[{"href":"https:\/\/www.oxygenworldwide.com\/fr\/wp-json\/wp\/v2\/pages\/4107","targetHints":{"allow":["GET"]}}],"collection":[{"href":"https:\/\/www.oxygenworldwide.com\/fr\/wp-json\/wp\/v2\/pages"}],"about":[{"href":"https:\/\/www.oxygenworldwide.com\/fr\/wp-json\/wp\/v2\/types\/page"}],"author":[{"embeddable":true,"href":"https:\/\/www.oxygenworldwide.com\/fr\/wp-json\/wp\/v2\/users\/6"}],"replies":[{"embeddable":true,"href":"https:\/\/www.oxygenworldwide.com\/fr\/wp-json\/wp\/v2\/comments?post=4107"}],"version-history":[{"count":40,"href":"https:\/\/www.oxygenworldwide.com\/fr\/wp-json\/wp\/v2\/pages\/4107\/revisions"}],"predecessor-version":[{"id":5699,"href":"https:\/\/www.oxygenworldwide.com\/fr\/wp-json\/wp\/v2\/pages\/4107\/revisions\/5699"}],"wp:featuredmedia":[{"embeddable":true,"href":"https:\/\/www.oxygenworldwide.com\/fr\/wp-json\/wp\/v2\/media\/4786"}],"wp:attachment":[{"href":"https:\/\/www.oxygenworldwide.com\/fr\/wp-json\/wp\/v2\/media?parent=4107"}],"curies":[{"name":"wp","href":"https:\/\/api.w.org\/{rel}","templated":true}]}}