{"id":4483,"date":"2022-11-21T09:47:26","date_gmt":"2022-11-21T09:47:26","guid":{"rendered":"https:\/\/www.oxygenworldwide.com\/?page_id=4483"},"modified":"2025-11-07T11:25:09","modified_gmt":"2025-11-07T11:25:09","slug":"faq","status":"publish","type":"page","link":"https:\/\/www.oxygenworldwide.com\/fr\/help\/faq\/","title":{"rendered":"FAQ"},"content":{"rendered":"<div class=\"wpb-content-wrapper\"><div data-parent=\"true\" class=\"vc_row has-bg need-focus style-color-lxmt-bg row-container\" id=\"row-unique-0\"><div class=\"row one-top-padding single-bottom-padding single-h-padding limit-width row-parent\"><div class=\"wpb_row row-inner\"><div class=\"wpb_column pos-top pos-center align_center column_parent col-lg-12 single-internal-gutter\"><div class=\"uncol style-light animate_when_almost_visible zoom-in\"  ><div class=\"uncoltable\"><div class=\"uncell no-block-padding\" ><div class=\"uncont\" ><div class=\"vc_custom_heading_wrap\"><div class=\"heading-text el-text\" ><h1 class=\"h1 text-accent-color\" ><span>FAQ<\/span><\/h1><\/div><div class=\"clear\"><\/div><\/div><\/div><\/div><\/div><\/div><\/div><script id=\"script-row-unique-0\" data-row=\"script-row-unique-0\" type=\"text\/javascript\" class=\"vc_controls\">UNCODE.initRow(document.getElementById(\"row-unique-0\"));<\/script><\/div><\/div><\/div><div data-parent=\"true\" class=\"vc_row inverted-device-order row-container\" id=\"row-unique-1\"><div class=\"row single-top-padding double-bottom-padding single-h-padding limit-width row-parent\"><div class=\"wpb_row row-inner\"><div class=\"wpb_column pos-top pos-center align_left column_parent col-lg-8 single-internal-gutter\"><div class=\"uncol style-light sticky-element sticky-sidebar animate_when_almost_visible left-t-right\"  ><div class=\"uncoltable\"><div class=\"uncell no-block-padding\" ><div class=\"uncont\" ><div class=\"uncode-accordion wpb_accordion wpb_content_element  sign-size-rg default-typography w-border\" data-collapsible=\"no\" data-target=\"\" data-active-tab=\"0\" >\n\t\t<div class=\"panel-group wpb_wrapper wpb_accordion_wrapper\" id=\"accordion_2139384259\" data-no-toggle=\"\">\n\n<div class=\"panel panel-default wpb_accordion_section group  no-block-padding\"><div class=\"panel-heading wpb_accordion_header ui-accordion-header\"><p class=\"panel-title font-weight- text-   icon-size-rg\"><a data-toggle=\"collapse\" data-parent=\"#accordion_2139384259\" href=\"#1669023947-1-65\"><span>O\u00f9 pouvez-vous livrer de l\u2019oxyg\u00e8ne ?<\/span><\/a><\/p><\/div><div id=\"1669023947-1-65\" class=\"panel-collapse collapse\"><div class=\"panel-body wpb_accordion_content ui-accordion-content half-internal-gutter single-block-padding\">\n\t\t\t\t\t\t<div class=\"uncode_text_column\" ><p>En principe, nous livrons de l\u2019oxyg\u00e8ne dans le monde entier, mais \u00e9tant donn\u00e9 la diversit\u00e9 des normes de s\u00e9curit\u00e9, nous vous incitons \u00e0 nous contacter avant de pr\u00e9parer ou de r\u00e9server votre voyage, pour veiller \u00e0 ce que de l\u2019oxyg\u00e8ne soit bien livr\u00e9 \u00e0 votre destination souhait\u00e9e.<\/p>\n<\/div><\/div><\/div><\/div><div class=\"panel panel-default wpb_accordion_section group  no-block-padding\"><div class=\"panel-heading wpb_accordion_header ui-accordion-header\"><p class=\"panel-title font-weight- text-   icon-size-rg\"><a data-toggle=\"collapse\" data-parent=\"#accordion_2139384259\" href=\"#1669023947-2-52\"><span>Quels sont les co\u00fbts ?<\/span><\/a><\/p><\/div><div id=\"1669023947-2-52\" class=\"panel-collapse collapse\"><div class=\"panel-body wpb_accordion_content ui-accordion-content half-internal-gutter single-block-padding\">\n\t\t\t\t\t\t<div class=\"uncode_text_column\" ><p>Vous recevrez un devis \u00e0 un prix personnalis\u00e9 selon votre destination, le type d\u2019oxyg\u00e8ne et les autres services dont vous avez besoin. Envoyez-nous par fax ou email les informations requises afin que nous vous envoyions un prix bas\u00e9 sur vos besoins sp\u00e9cifiques.<\/p>\n<\/div><\/div><\/div><\/div><div class=\"panel panel-default wpb_accordion_section group  no-block-padding\"><div class=\"panel-heading wpb_accordion_header ui-accordion-header\"><p class=\"panel-title font-weight- text-   icon-size-rg\"><a data-toggle=\"collapse\" data-parent=\"#accordion_2139384259\" href=\"#1669024137214-2-0\"><span>De quelles informations avez-vous besoin pour me donner un devis ?<\/span><\/a><\/p><\/div><div id=\"1669024137214-2-0\" class=\"panel-collapse collapse\"><div class=\"panel-body wpb_accordion_content ui-accordion-content half-internal-gutter single-block-padding\">\n\t\t\t\t\t\t<div class=\"uncode_text_column\" ><p>Pour recevoir un devis sans engagement, il vous suffit de remplir le formulaire qui figure sur ce site Internet (&#8216;<a href=\"https:\/\/www.oxygenworldwide.com\/fr\/contacter\/questions\">Questions<\/a>&#8216;). Si vous d\u00e9cidez ensuite de passer une commande, nous vous contacterons pour vous demander des informations suppl\u00e9mentaires.<\/p>\n<\/div><\/div><\/div><\/div><div class=\"panel panel-default wpb_accordion_section group  no-block-padding\"><div class=\"panel-heading wpb_accordion_header ui-accordion-header\"><p class=\"panel-title font-weight- text-   icon-size-rg\"><a data-toggle=\"collapse\" data-parent=\"#accordion_2139384259\" href=\"#1669024288642-3-0\"><span>Puis-je emporter mes petites bouteilles d\u2019oxyg\u00e8ne en voyage et demander \u00e0 OxygenWorldwide.com de les remplir \u00e0 ma destination ?<\/span><\/a><\/p><\/div><div id=\"1669024288642-3-0\" class=\"panel-collapse collapse\"><div class=\"panel-body wpb_accordion_content ui-accordion-content half-internal-gutter single-block-padding\">\n\t\t\t\t\t\t<div class=\"uncode_text_column\" ><p>Il n&#8217;est pas possible de faire remplir des bouteilles ou des conteneurs tiers n&#8217;importe o\u00f9.<\/p>\n<\/div><\/div><\/div><\/div><div class=\"panel panel-default wpb_accordion_section group  no-block-padding\"><div class=\"panel-heading wpb_accordion_header ui-accordion-header\"><p class=\"panel-title font-weight- text-   icon-size-rg\"><a data-toggle=\"collapse\" data-parent=\"#accordion_2139384259\" href=\"#1669024323204-4-4\"><span>Et si je d\u00e9cide de partir plus t\u00f4t ou de rester plus longtemps que pr\u00e9vu ?<\/span><\/a><\/p><\/div><div id=\"1669024323204-4-4\" class=\"panel-collapse collapse\"><div class=\"panel-body wpb_accordion_content ui-accordion-content half-internal-gutter single-block-padding\">\n\t\t\t\t\t\t<div class=\"uncode_text_column\" ><p>Si vous le d\u00e9cidez, contactez-nous d\u00e8s que vous connaissez votre nouvelle date de d\u00e9part, pour que nous puissions en informer votre assureur et\/ou votre fournisseur en oxyg\u00e8ne.<\/p>\n<\/div><\/div><\/div><\/div><div class=\"panel panel-default wpb_accordion_section group  no-block-padding\"><div class=\"panel-heading wpb_accordion_header ui-accordion-header\"><p class=\"panel-title font-weight- text-   icon-size-rg\"><a data-toggle=\"collapse\" data-parent=\"#accordion_2139384259\" href=\"#1669024352565-5-3\"><span>Je souffre de c\u00e9phal\u00e9e de Horton et j\u2019ai besoin de plus d\u2019oxyg\u00e8ne que la normale (7-15 l\/min). Pouvez-vous m\u2019aider ?<\/span><\/a><\/p><\/div><div id=\"1669024352565-5-3\" class=\"panel-collapse collapse\"><div class=\"panel-body wpb_accordion_content ui-accordion-content half-internal-gutter single-block-padding\">\n\t\t\t\t\t\t<div class=\"uncode_text_column\" ><p>Si vous le pr\u00e9cisez en faisant votre demande, nous nous en chargerons.<\/p>\n<\/div><\/div><\/div><\/div><div class=\"panel panel-default wpb_accordion_section group  no-block-padding\"><div class=\"panel-heading wpb_accordion_header ui-accordion-header\"><p class=\"panel-title font-weight- text-   icon-size-rg\"><a data-toggle=\"collapse\" data-parent=\"#accordion_2139384259\" href=\"#1669024382278-6-7\"><span>Comment faire pour vous trouver \u00e0 l\u2019a\u00e9roport ?<\/span><\/a><\/p><\/div><div id=\"1669024382278-6-7\" class=\"panel-collapse collapse\"><div class=\"panel-body wpb_accordion_content ui-accordion-content half-internal-gutter single-block-padding\">\n\t\t\t\t\t\t<div class=\"uncode_text_column\" ><p>Vous n&#8217;avez pas besoin de nous chercher. Nous vous attendrons \u00e0 la sortie de l\u2019avion.<\/p>\n<\/div><\/div><\/div><\/div><div class=\"panel panel-default wpb_accordion_section group  no-block-padding\"><div class=\"panel-heading wpb_accordion_header ui-accordion-header\"><p class=\"panel-title font-weight- text-   icon-size-rg\"><a data-toggle=\"collapse\" data-parent=\"#accordion_2139384259\" href=\"#1669024412303-7-7\"><span>Est-il vrai qu\u2019un bidon d\u2019oxyg\u00e8ne liquide se vide \u00ab tout seul \u00bb au bout de quelque temps, alors que ce ne serait pas le cas des bouteilles ?<\/span><\/a><\/p><\/div><div id=\"1669024412303-7-7\" class=\"panel-collapse collapse\"><div class=\"panel-body wpb_accordion_content ui-accordion-content half-internal-gutter single-block-padding\">\n\t\t\t\t\t\t<div class=\"uncode_text_column\" ><p>Les bidons d\u2019oxyg\u00e8ne liquide sont \u00e9quip\u00e9s d\u2019une soupape de surpression. Les mouvements, les changements de temp\u00e9rature, etc., transforment l\u2019oxyg\u00e8ne liquide en gaz (O2) qui peut s\u2019\u00e9chapper du bidon par la soupape de surpression. Ce n\u2019est pas le cas des bouteilles.<\/p>\n<\/div><\/div><\/div><\/div><div class=\"panel panel-default wpb_accordion_section group  no-block-padding\"><div class=\"panel-heading wpb_accordion_header ui-accordion-header\"><p class=\"panel-title font-weight- text-   icon-size-rg\"><a data-toggle=\"collapse\" data-parent=\"#accordion_2139384259\" href=\"#1669024446295-8-0\"><span>Chez moi, j\u2019utilise un appareil de chargement par le haut : un r\u00e9servoir d\u2019oxyg\u00e8ne liquide \u00e0 partir duquel l\u2019appareil portable peut \u00eatre rempli. Je voudrais aller en Espagne en car et emporter mon appareil portable \u00e0 oxyg\u00e8ne. Pourrai-je remplir cet appareil en Espagne avant de retourner chez moi ?<\/span><\/a><\/p><\/div><div id=\"1669024446295-8-0\" class=\"panel-collapse collapse\"><div class=\"panel-body wpb_accordion_content ui-accordion-content half-internal-gutter single-block-padding\">\n\t\t\t\t\t\t<div class=\"uncode_text_column\" ><p>En principe, c\u2019est possible, mais cela d\u00e9pend du fournisseur et de la r\u00e9gion o\u00f9 vous vous rendez.<\/p>\n<\/div><\/div><\/div><\/div><div class=\"panel panel-default wpb_accordion_section group  no-block-padding\"><div class=\"panel-heading wpb_accordion_header ui-accordion-header\"><p class=\"panel-title font-weight- text-   icon-size-rg\"><a data-toggle=\"collapse\" data-parent=\"#accordion_2139384259\" href=\"#1669024477022-9-2\"><span>On m\u2019a dit qu\u2019il y a des pannes d\u2019\u00e9lectricit\u00e9 fr\u00e9quentes en Espagne. J\u2019utilise un \u00e9quipement pourvu d\u2019un concentrateur (appareil \u00e9lectrique qui extrait ou concentre l\u2019oxyg\u00e8ne de l\u2019air). Quelle solution proposez-vous en cas de panne d\u2019\u00e9lectricit\u00e9 ?<\/span><\/a><\/p><\/div><div id=\"1669024477022-9-2\" class=\"panel-collapse collapse\"><div class=\"panel-body wpb_accordion_content ui-accordion-content half-internal-gutter single-block-padding\">\n\t\t\t\t\t\t<div class=\"uncode_text_column\" ><p>Outre le concentrateur, une bouteille d\u2019urgence sera fournie, comme dans le cas de l\u2019oxyg\u00e8ne liquide.<\/p>\n<\/div><\/div><\/div><\/div><div class=\"panel panel-default wpb_accordion_section group  no-block-padding\"><div class=\"panel-heading wpb_accordion_header ui-accordion-header\"><p class=\"panel-title font-weight- text-   icon-size-rg\"><a data-toggle=\"collapse\" data-parent=\"#accordion_2139384259\" href=\"#1669024508031-10-0\"><span>OxygenWorldwide propose-t-il un num\u00e9ro de t\u00e9l\u00e9phone que je peux appeler en cas d\u2019urgence pendant mon s\u00e9jour \u00e0 l\u2019\u00e9tranger ?<\/span><\/a><\/p><\/div><div id=\"1669024508031-10-0\" class=\"panel-collapse collapse\"><div class=\"panel-body wpb_accordion_content ui-accordion-content half-internal-gutter single-block-padding\">\n\t\t\t\t\t\t<div class=\"uncode_text_column\" ><p>Absolument. Nous avons un num\u00e9ro d\u2019urgence que nous vous donnerons avant que vous ne partiez en voyage. Nous sommes disponibles \u00e0 ce num\u00e9ro 24 heures sur 24,7 jours sur sept.<\/p>\n<\/div><\/div><\/div><\/div>\n\t\t<\/div><\/div><div class=\"vc_row row-internal row-container\"><div class=\"row row-child\"><div class=\"wpb_row row-inner\"><div class=\"wpb_column pos-top pos-center align_left column_parent col-lg-12 single-internal-gutter\"><div class=\"uncol style-light\"  ><div class=\"uncoltable\"><div class=\"uncell no-block-padding\" ><div class=\"uncont\" ><span class=\"btn-container btn-block\" ><a role=\"button\"  href=\"https:\/\/www.oxygenworldwide.com\/fr\/contacter\/questions\/\" class=\"custom-link btn btn-lg border-width-0 btn-color-133983 btn-block btn-no-scale btn-icon-left\">Soumettez ici votre demande sans engagement<\/a><\/span><\/div><\/div><\/div><\/div><\/div><\/div><\/div><\/div><\/div><\/div><\/div><\/div><\/div><div class=\"wpb_column pos-top pos-center align_left column_parent col-lg-4 single-internal-gutter\"><div class=\"uncol style-light sticky-element sticky-sidebar animate_when_almost_visible right-t-left\"  ><div class=\"uncoltable\"><div class=\"uncell no-block-padding\" ><div class=\"uncont\" ><div class=\"vc_row row-internal row-container tablet-hidden mobile-hidden\"><div class=\"row row-child\"><div class=\"wpb_row row-inner\"><div class=\"wpb_column pos-top pos-center align_left column_child col-lg-12 single-internal-gutter\"><div class=\"uncol style-light\" ><div class=\"uncoltable\"><div class=\"uncell no-block-padding\" ><div class=\"uncont\" ><div class=\"uncode-single-media  text-left\"><div class=\"single-wrapper\" style=\"max-width: 100%;\"><div class=\"tmb tmb-light  img-circle tmb-media-first tmb-media-last tmb-content-overlay tmb-no-bg\"><div class=\"t-inside\"><div class=\"t-entry-visual\"><div class=\"t-entry-visual-tc\"><div class=\"uncode-single-media-wrapper img-circle\"><img decoding=\"async\" class=\"wp-image-4808\" src=\"https:\/\/www.oxygenworldwide.com\/wp-content\/uploads\/2023\/03\/faq.jpg\" width=\"667\" height=\"667\" alt=\"\" srcset=\"https:\/\/www.oxygenworldwide.com\/wp-content\/uploads\/2023\/03\/faq.jpg 667w, https:\/\/www.oxygenworldwide.com\/wp-content\/uploads\/2023\/03\/faq-300x300.jpg 300w, https:\/\/www.oxygenworldwide.com\/wp-content\/uploads\/2023\/03\/faq-150x150.jpg 150w, https:\/\/www.oxygenworldwide.com\/wp-content\/uploads\/2023\/03\/faq-12x12.jpg 12w, https:\/\/www.oxygenworldwide.com\/wp-content\/uploads\/2023\/03\/faq-60x60.jpg 60w, https:\/\/www.oxygenworldwide.com\/wp-content\/uploads\/2023\/03\/faq-350x350.jpg 350w, https:\/\/www.oxygenworldwide.com\/wp-content\/uploads\/2023\/03\/faq-348x348.jpg 348w\" sizes=\"(max-width: 667px) 100vw, 667px\" \/><\/div>\n\t\t\t\t\t<\/div>\n\t\t\t\t<\/div><\/div><\/div><\/div><\/div><\/div><\/div><\/div><\/div><\/div><\/div><\/div><\/div><div class=\"vc_row inverted-device-order vc_custom_1670241764634 row-internal row-container desktop-hidden mobile-hidden\" style=\"margin-top: -20px ;\"><div class=\"row row-child\"><div class=\"wpb_row row-inner\"><div class=\"wpb_column pos-top pos-center align_center column_child col-lg-12 single-internal-gutter\"><div class=\"uncol style-light\" ><div class=\"uncoltable\"><div class=\"uncell no-block-padding\" ><div class=\"uncont\" ><div class=\"uncode-single-media  text-center\"><div class=\"single-wrapper\" style=\"max-width: 57%;\"><div class=\"tmb tmb-light  img-circle tmb-media-first tmb-media-last tmb-content-overlay tmb-no-bg\"><div class=\"t-inside\"><div class=\"t-entry-visual\"><div class=\"t-entry-visual-tc\"><div class=\"uncode-single-media-wrapper img-circle\"><img decoding=\"async\" class=\"wp-image-4808\" src=\"https:\/\/www.oxygenworldwide.com\/wp-content\/uploads\/2023\/03\/faq.jpg\" width=\"667\" height=\"667\" alt=\"\" srcset=\"https:\/\/www.oxygenworldwide.com\/wp-content\/uploads\/2023\/03\/faq.jpg 667w, https:\/\/www.oxygenworldwide.com\/wp-content\/uploads\/2023\/03\/faq-300x300.jpg 300w, https:\/\/www.oxygenworldwide.com\/wp-content\/uploads\/2023\/03\/faq-150x150.jpg 150w, https:\/\/www.oxygenworldwide.com\/wp-content\/uploads\/2023\/03\/faq-12x12.jpg 12w, https:\/\/www.oxygenworldwide.com\/wp-content\/uploads\/2023\/03\/faq-60x60.jpg 60w, https:\/\/www.oxygenworldwide.com\/wp-content\/uploads\/2023\/03\/faq-350x350.jpg 350w, https:\/\/www.oxygenworldwide.com\/wp-content\/uploads\/2023\/03\/faq-348x348.jpg 348w\" sizes=\"(max-width: 667px) 100vw, 667px\" \/><\/div>\n\t\t\t\t\t<\/div>\n\t\t\t\t<\/div><\/div><\/div><\/div><\/div><\/div><\/div><\/div><\/div><\/div><\/div><\/div><\/div><div class=\"vc_row vc_custom_1670241417802 row-internal row-container desktop-hidden tablet-hidden\" style=\"margin-top: -15px ;\"><div class=\"row row-child\"><div class=\"wpb_row row-inner\"><div class=\"wpb_column pos-top pos-center align_left column_child col-lg-12 single-internal-gutter\"><div class=\"uncol style-light\" ><div class=\"uncoltable\"><div class=\"uncell no-block-padding\" ><div class=\"uncont\" ><div class=\"uncode-single-media  text-left\"><div class=\"single-wrapper\" style=\"max-width: 100%;\"><div class=\"tmb tmb-light  img-circle tmb-media-first tmb-media-last tmb-content-overlay tmb-no-bg\"><div class=\"t-inside\"><div class=\"t-entry-visual\"><div class=\"t-entry-visual-tc\"><div class=\"uncode-single-media-wrapper img-circle\"><img decoding=\"async\" class=\"wp-image-4808\" src=\"https:\/\/www.oxygenworldwide.com\/wp-content\/uploads\/2023\/03\/faq.jpg\" width=\"667\" height=\"667\" alt=\"\" srcset=\"https:\/\/www.oxygenworldwide.com\/wp-content\/uploads\/2023\/03\/faq.jpg 667w, https:\/\/www.oxygenworldwide.com\/wp-content\/uploads\/2023\/03\/faq-300x300.jpg 300w, https:\/\/www.oxygenworldwide.com\/wp-content\/uploads\/2023\/03\/faq-150x150.jpg 150w, https:\/\/www.oxygenworldwide.com\/wp-content\/uploads\/2023\/03\/faq-12x12.jpg 12w, https:\/\/www.oxygenworldwide.com\/wp-content\/uploads\/2023\/03\/faq-60x60.jpg 60w, https:\/\/www.oxygenworldwide.com\/wp-content\/uploads\/2023\/03\/faq-350x350.jpg 350w, https:\/\/www.oxygenworldwide.com\/wp-content\/uploads\/2023\/03\/faq-348x348.jpg 348w\" sizes=\"(max-width: 667px) 100vw, 667px\" \/><\/div>\n\t\t\t\t\t<\/div>\n\t\t\t\t<\/div><\/div><\/div><\/div><\/div><\/div><\/div><\/div><\/div><\/div><\/div><\/div><\/div><\/div><\/div><\/div><\/div><\/div><script id=\"script-row-unique-1\" data-row=\"script-row-unique-1\" type=\"text\/javascript\" class=\"vc_controls\">UNCODE.initRow(document.getElementById(\"row-unique-1\"));<\/script><\/div><\/div><\/div><div data-parent=\"true\" class=\"vc_row has-bg need-focus style-color-108971-bg row-container\" id=\"row-unique-4\"><div class=\"row double-top-padding double-bottom-padding single-h-padding limit-width row-parent\"><div class=\"wpb_row row-inner\"><div class=\"wpb_column pos-top pos-center align_left column_parent col-lg-4 half-internal-gutter\"><div class=\"uncol style-light\"  ><div class=\"uncoltable\"><div class=\"uncell no-block-padding\" ><div class=\"uncont\" ><div class=\"animate_when_almost_visible bottom-t-top icon-box icon-box-top\" ><div class=\"icon-box-icon fa-container\" ><a role=\"button\" href=\"https:\/\/www.oxygenworldwide.com\/fr\/contacter\/questions\/\" target=\"_blank\" class=\"text-accent-color custom-link\"><i class=\"fa fa-world fa-4x fa-fw\"><\/i><\/a><\/div><div class=\"icon-box-content\"><div class=\"icon-box-heading icon-box-fa-4x\"><h3 class=\"h2\"><a role=\"button\" href=\"https:\/\/www.oxygenworldwide.com\/fr\/contacter\/questions\/\" target=\"_blank\">OXYG\u00c8NE pour mes vacances<\/a><\/h3><\/div><p>Vous pouvez demander un devis sans engagement pour des services d'oxyg\u00e8ne \u00e0 l'\u00e9tranger.<\/p>\n<\/div><\/div><\/div><\/div><\/div><\/div><\/div><div class=\"wpb_column pos-top pos-center align_left column_parent col-lg-4 single-internal-gutter\"><div class=\"uncol style-light\"  ><div class=\"uncoltable\"><div class=\"uncell no-block-padding\" ><div class=\"uncont\" ><div class=\"animate_when_almost_visible bottom-t-top icon-box icon-box-top\" ><div class=\"icon-box-icon fa-container\" ><a role=\"button\" href=\"https:\/\/www.oxygenworldwide.com\/fr\/ehic\/\" class=\"text-accent-color custom-link\"><i class=\"fa fa-medkit fa-4x fa-fw\"><\/i><\/a><\/div><div class=\"icon-box-content\"><div class=\"icon-box-heading icon-box-fa-4x\"><h3 class=\"h2\"><a role=\"button\" href=\"https:\/\/www.oxygenworldwide.com\/fr\/ehic\/\">EHIC<\/a><\/h3><\/div><p>Nous avons mis en place un service sp\u00e9cial pour la mise en place initiale de l'oxyg\u00e8ne m\u00e9dical \u00e0 votre destination afin de vous assurer une tranquillit\u00e9 d'esprit.<\/p>\n<\/div><\/div><\/div><\/div><\/div><\/div><\/div><div class=\"wpb_column pos-top pos-center align_left column_parent col-lg-4 single-internal-gutter\"><div class=\"uncol style-light animate_when_almost_visible bottom-t-top\"  ><div class=\"uncoltable\"><div class=\"uncell no-block-padding\" ><div class=\"uncont\" ><div class=\"icon-box icon-box-top\" ><div class=\"icon-box-icon fa-container\" ><a role=\"button\" href=\"https:\/\/www.oxygenworldwide.com\/fr\/blog\/\" class=\"text-accent-color custom-link\"><i class=\"fa fa-bubble fa-4x fa-fw\"><\/i><\/a><\/div><div class=\"icon-box-content\"><div class=\"icon-box-heading icon-box-fa-4x\"><h3 class=\"h2\"><a role=\"button\" href=\"https:\/\/www.oxygenworldwide.com\/fr\/blog\/\">Lire notre blog<\/a><\/h3><\/div><p>D\u00e9couvrez toutes les nouvelles et les mises \u00e0 jour concernant les voyages avec de l'oxyg\u00e8ne.<\/p>\n<\/div><\/div><\/div><\/div><\/div><\/div><\/div><script id=\"script-row-unique-4\" data-row=\"script-row-unique-4\" type=\"text\/javascript\" class=\"vc_controls\">UNCODE.initRow(document.getElementById(\"row-unique-4\"));<\/script><\/div><\/div><\/div>\n<\/div>","protected":false},"excerpt":{"rendered":"FAQ O\u00f9 pouvez-vous livrer de l\u2019oxyg\u00e8ne ? En principe, nous livrons de l\u2019oxyg\u00e8ne dans le monde entier, mais \u00e9tant donn\u00e9 [...]","protected":false},"author":6,"featured_media":4808,"parent":4111,"menu_order":0,"comment_status":"closed","ping_status":"closed","template":"","meta":{"iawp_total_views":345,"footnotes":""},"class_list":["post-4483","page","type-page","status-publish","has-post-thumbnail","hentry","page_category-help"],"_links":{"self":[{"href":"https:\/\/www.oxygenworldwide.com\/fr\/wp-json\/wp\/v2\/pages\/4483","targetHints":{"allow":["GET"]}}],"collection":[{"href":"https:\/\/www.oxygenworldwide.com\/fr\/wp-json\/wp\/v2\/pages"}],"about":[{"href":"https:\/\/www.oxygenworldwide.com\/fr\/wp-json\/wp\/v2\/types\/page"}],"author":[{"embeddable":true,"href":"https:\/\/www.oxygenworldwide.com\/fr\/wp-json\/wp\/v2\/users\/6"}],"replies":[{"embeddable":true,"href":"https:\/\/www.oxygenworldwide.com\/fr\/wp-json\/wp\/v2\/comments?post=4483"}],"version-history":[{"count":15,"href":"https:\/\/www.oxygenworldwide.com\/fr\/wp-json\/wp\/v2\/pages\/4483\/revisions"}],"predecessor-version":[{"id":5690,"href":"https:\/\/www.oxygenworldwide.com\/fr\/wp-json\/wp\/v2\/pages\/4483\/revisions\/5690"}],"up":[{"embeddable":true,"href":"https:\/\/www.oxygenworldwide.com\/fr\/wp-json\/wp\/v2\/pages\/4111"}],"wp:featuredmedia":[{"embeddable":true,"href":"https:\/\/www.oxygenworldwide.com\/fr\/wp-json\/wp\/v2\/media\/4808"}],"wp:attachment":[{"href":"https:\/\/www.oxygenworldwide.com\/fr\/wp-json\/wp\/v2\/media?parent=4483"}],"curies":[{"name":"wp","href":"https:\/\/api.w.org\/{rel}","templated":true}]}}