{"id":6355,"date":"2024-03-07T08:34:58","date_gmt":"2024-03-07T08:34:58","guid":{"rendered":"https:\/\/www.oxygenworldwide.com\/?page_id=6355"},"modified":"2024-03-07T08:34:58","modified_gmt":"2024-03-07T08:34:58","slug":"online-payment-portal-terms-conditions","status":"publish","type":"page","link":"https:\/\/www.oxygenworldwide.com\/fr\/online-payment-portal-terms-conditions\/","title":{"rendered":"Online payment portal Terms &#038; Conditions"},"content":{"rendered":"<div class=\"wpb-content-wrapper\"><div data-parent=\"true\" class=\"vc_row has-bg need-focus style-color-lxmt-bg row-container\" id=\"row-unique-0\"><div class=\"row one-top-padding single-bottom-padding single-h-padding limit-width row-parent\"><div class=\"wpb_row row-inner\"><div class=\"wpb_column pos-top pos-center align_center column_parent col-lg-12 single-internal-gutter\"><div class=\"uncol style-light animate_when_almost_visible zoom-in\"  ><div class=\"uncoltable\"><div class=\"uncell no-block-padding\" ><div class=\"uncont\" ><div class=\"vc_custom_heading_wrap \"><div class=\"heading-text el-text\" ><h1 class=\"h1 text-accent-color\" ><span>Conditions g\u00e9n\u00e9rales du portail de paiement en ligne<\/span><\/h1><\/div><div class=\"clear\"><\/div><\/div><\/div><\/div><\/div><\/div><\/div><script id=\"script-row-unique-0\" data-row=\"script-row-unique-0\" type=\"text\/javascript\" class=\"vc_controls\">UNCODE.initRow(document.getElementById(\"row-unique-0\"));<\/script><\/div><\/div><\/div><div data-parent=\"true\" class=\"vc_row inverted-device-order row-container\" id=\"row-unique-1\"><div class=\"row single-top-padding double-bottom-padding single-h-padding limit-width row-parent\"><div class=\"wpb_row row-inner\"><div class=\"wpb_column pos-top pos-center align_left column_parent col-lg-8 single-internal-gutter\"><div class=\"uncol style-light sticky-element sticky-sidebar animate_when_almost_visible left-t-right\"  ><div class=\"uncoltable\"><div class=\"uncell no-block-padding\" ><div class=\"uncont\" ><div class=\"uncode_text_column\" ><p><span style=\"font-weight: 400;\">Les pr\u00e9sentes conditions g\u00e9n\u00e9rales de paiement en ligne (\u00ab Conditions \u00bb) s&#8217;appliquent \u00e0 votre utilisation du service de transaction de paiement en ligne (le \u00ab Service \u00bb) mis \u00e0 disposition par OxygenWorldwide s.l. Veuillez les lire attentivement. Ces conditions peuvent \u00eatre modifi\u00e9es ou ajout\u00e9es par nous \u00e0 tout moment avec ou sans pr\u00e9avis. [En cochant la case indiqu\u00e9e \u00e0 chaque fois que vous utilisez le Service], vous acceptez d&#8217;\u00eatre li\u00e9 par les dispositions des pr\u00e9sentes Conditions.\u00a0<\/span><\/p>\n<h3><b>1. Conditions<\/b><\/h3>\n<p><span style=\"font-weight: 400;\">1.1. Ces conditions font partie des conditions g\u00e9n\u00e9rales d\u2019utilisation du site Web OxygenWorldwide <\/span><a href=\"https:\/\/www.oxygenworldwide.com\/fr\/privacy-policy\/\"><span style=\"font-weight: 400;\">disponibles ici<\/span><\/a><span style=\"font-weight: 400;\">, qui r\u00e9gissent votre acc\u00e8s et votre utilisation du site Web OxygenWorldwide.<\/span><\/p>\n<h3><b>2. Octroi de droits<\/b><\/h3>\n<p><span style=\"font-weight: 400;\">2.1. Vous pouvez utiliser le Service dans le but d&#8217;effectuer des paiements \u00e0 OxygenWorldwide via une transaction par carte de cr\u00e9dit en ligne, \u00e0 condition que\u00a0:<\/span><\/p>\n<p><span style=\"font-weight: 400;\">2.1.1. Vous n\u2019endommagez ou ne perturbez en aucun cas le Service et\/ou le fonctionnement du Service\u00a0;<\/span><\/p>\n<p><span style=\"font-weight: 400;\">2.1.2. Vous n&#8217;utilisez pas le Service \u00e0 des fins non autoris\u00e9es ou ill\u00e9gales.<\/span><\/p>\n<p><span style=\"font-weight: 400;\">2.2. Les paiements sont effectu\u00e9s \u00e0 l&#8217;aide du Service pour les factures g\u00e9n\u00e9r\u00e9es par nos soins.<\/span><\/p>\n<p><span style=\"font-weight: 400;\">2.3. Vous n&#8217;utilisez pas le Service pour effectuer des paiements au nom d&#8217;un tiers.<\/span><\/p>\n<p><span style=\"font-weight: 400;\">2.4. Nous nous r\u00e9servons le droit de suspendre, modifier ou annuler le Service \u00e0 tout moment, temporairement ou d\u00e9finitivement.<\/span><\/p>\n<h3><b>3. Paiement<\/b><\/h3>\n<p><span style=\"font-weight: 400;\">3.1. Les paiements utilisant le Service ne peuvent \u00eatre effectu\u00e9s qu&#8217;en utilisant uniquement des cartes de cr\u00e9dit Visa ou MasterCard.<\/span><\/p>\n<p><span style=\"font-weight: 400;\">3.2. Nous ne sommes pas directement impliqu\u00e9s dans le paiement en ligne mais via un prestataire de services tiers.<\/span><\/p>\n<p><span style=\"font-weight: 400;\">3.3. Tous les paiements doivent \u00eatre effectu\u00e9s en euros (EUR).<\/span><\/p>\n<p><span style=\"font-weight: 400;\">3.4. Nous acceptons le paiement partiel des comptes clients uniquement lorsque le paiement int\u00e9gral du compte est effectu\u00e9 \u00e0 la date d&#8217;\u00e9ch\u00e9ance stipul\u00e9e dans le devis. Tous les autres paiements doivent \u00eatre pay\u00e9s en totalit\u00e9 et au plus tard \u00e0 la date limite de paiement indiqu\u00e9e dans le devis.<\/span><\/p>\n<p><span style=\"font-weight: 400;\">3.5. Apr\u00e8s avoir effectu\u00e9 une transaction en utilisant le Service, un \u00e9cran de confirmation vous sera pr\u00e9sent\u00e9 v\u00e9rifiant les d\u00e9tails de la transaction que vous souhaitez traiter. Il est de votre responsabilit\u00e9 de v\u00e9rifier que toutes les informations de transaction et autres d\u00e9tails sont corrects.<\/span><\/p>\n<p><span style=\"font-weight: 400;\">3.6. Nous d\u00e9clinons toute responsabilit\u00e9 pour les transactions incorrectes en raison d&#8217;une saisie de donn\u00e9es inexactes au cours de l&#8217;utilisation du Service ou pour la perte de donn\u00e9es ou d&#8217;informations caus\u00e9e par des facteurs ind\u00e9pendants de notre volont\u00e9.<\/span><\/p>\n<p><span style=\"font-weight: 400;\">3.7. Vous recevrez un e-mail de confirmation une fois le paiement re\u00e7u par nous.<\/span><\/p>\n<p><span style=\"font-weight: 400;\">3.8. Une fois qu&#8217;un paiement a \u00e9t\u00e9 effectu\u00e9, il ne peut \u00eatre annul\u00e9. Nous n&#8217;acceptons aucune responsabilit\u00e9 en cas de refus ou d&#8217;annulation de paiement, qui rel\u00e8vera de vous et de l&#8217;\u00e9metteur de votre carte de cr\u00e9dit.<\/span><\/p>\n<h3><b>4. Frais<\/b><\/h3>\n<p><span style=\"font-weight: 400;\">4.1. Les paiements effectu\u00e9s par carte de cr\u00e9dit g\u00e9n\u00e8rent des frais de service marchand qui d\u00e9pendent du montant de la transaction et de la devise.<\/span><\/p>\n<p><span style=\"font-weight: 400;\">4.2. Les titulaires de cartes internationales utilisant le Service peuvent devoir payer les frais de service international de leur propre banque, en plus des frais de service marchand.<\/span><\/p>\n<p><span style=\"font-weight: 400;\">4.3. Nous pouvons rembourser votre paiement ou une partie de votre paiement conform\u00e9ment \u00e0 la clause 5.<\/span><\/p>\n<h3><b>5. Remboursements<\/b><\/h3>\n<p><span style=\"font-weight: 400;\">5.1. Les demandes de remboursement doivent \u00eatre faites par \u00e9crit et accompagn\u00e9es d&#8217;une preuve que vous avez pay\u00e9 plus que le montant restant d\u00fb sur le compte. Les demandes de remboursement doivent \u00eatre envoy\u00e9es \u00e0 accouns@oxygenworldwide.com.<\/span><\/p>\n<h3><b>6. Garanties et clauses de non-responsabilit\u00e9<\/b><\/h3>\n<p><span style=\"font-weight: 400;\">6.1. Vous garantissez que\u00a0:<\/span><\/p>\n<p><span style=\"font-weight: 400;\">6.1.1. Vous \u00eates \u00e2g\u00e9 de 18 ans ou plus\u00a0;<\/span><\/p>\n<p><span style=\"font-weight: 400;\">6.1.2. Vous disposez de l\u2019autorit\u00e9 appropri\u00e9e pour accepter valablement les Conditions et \u00eates en mesure de remplir et respecterez vos obligations en relation avec les Conditions.<\/span><\/p>\n<p><span style=\"font-weight: 400;\">6.1.3. La carte de cr\u00e9dit utilis\u00e9e dans le cadre du Service est \u00e9mise \u00e0 votre nom.<\/span><\/p>\n<p><span style=\"font-weight: 400;\">6.1.4. Vous paierez \u00e0 l&#8217;\u00e9metteur de la carte de cr\u00e9dit tous les frais encourus lors de l&#8217;utilisation du Service.<\/span><\/p>\n<p><span style=\"font-weight: 400;\">6.1.5. Les informations fournies par vous sont vraies et correctes.<\/span><\/p>\n<p><span style=\"font-weight: 400;\">6.2. Dans la mesure permise par la loi, nous d\u00e9clinons toute responsabilit\u00e9 pour tout dommage, perte, co\u00fbt (y compris les frais juridiques), d\u00e9penses, pertes indirectes ou dommages cons\u00e9cutifs de toute nature que vous pourriez subir ou encourir du fait de l&#8217;utilisation du Service.<\/span><\/p>\n<p><span style=\"font-weight: 400;\">6.3. Nous ne garantissons pas que le Service et\/ou votre utilisation du Service seront sans erreur, imm\u00e9diats et\/ou disponibles en permanence ou que les informations fournies via le Service seront compl\u00e8tes, exactes et\/ou \u00e0 jour.\u00a0<\/span><\/p>\n<h3><b>7. Indemnisation<\/b><\/h3>\n<p><span style=\"font-weight: 400;\">7.1. Vous acceptez de nous indemniser pour toute perte, co\u00fbt ou d\u00e9pense subi ou engag\u00e9 par vous \u00e0 la suite de\u00a0:<\/span><\/p>\n<p><span style=\"font-weight: 400;\">7.1.1. Votre violation de vos obligations en vertu des Conditions\u00a0;<\/span><\/p>\n<p><span style=\"font-weight: 400;\">7.1.2. Utilisation abusive intentionnelle du Service\u00a0;<\/span><\/p>\n<p><span style=\"font-weight: 400;\">7.1.3. Vos actes ou omissions n\u00e9gligents lors de l\u2019utilisation du Service\u00a0;<\/span><\/p>\n<p><span style=\"font-weight: 400;\">7.1.4. Toute r\u00e9clamation intent\u00e9e contre nous par un tiers en relation avec votre utilisation du Service.<\/span><\/p>\n<h3><b>8. Confidentialit\u00e9 et utilisation des informations<\/b><\/h3>\n<p><span style=\"font-weight: 400;\">8.1. Vos informations sont stock\u00e9es conform\u00e9ment \u00e0 notre politique de confidentialit\u00e9 qui se trouve <\/span><a href=\"https:\/\/www.oxygenworldwide.com\/fr\/privacy-policy\/\"><span style=\"font-weight: 400;\">ici dans la section C<\/span><\/a><span style=\"font-weight: 400;\">.<\/span><\/p>\n<p><span style=\"font-weight: 400;\">8.2. Toutes les informations personnelles fournies par vous peuvent \u00eatre conserv\u00e9es par nous jusqu&#8217;au moment o\u00f9 vous demandez leur suppression.<\/span><\/p>\n<p><span style=\"font-weight: 400;\">8.3. Nous utiliserons toutes les informations que vous nous fournissez et qui vous identifient uniquement dans le but pour lequel elles nous sont fournies, y compris pour vous contacter pour v\u00e9rifier les informations de votre carte de cr\u00e9dit, et ne les utiliserons pas \u00e0 d&#8217;autres fins ni ne les fournirons \u00e0 des tiers. sauf dans la mesure requise par la loi, autoris\u00e9e par vous ou \u00e9nonc\u00e9e dans les pr\u00e9sentes Conditions.<\/span><\/p>\n<p><span style=\"font-weight: 400;\">8.4. Vous reconnaissez que les informations de carte de cr\u00e9dit que vous avez fournies dans le cadre de l&#8217;utilisation du Service sont trait\u00e9es via le syst\u00e8me de paiement 3D-secure Ogone. Toutes les informations de carte de cr\u00e9dit stock\u00e9es pour les paiements r\u00e9currents le sont sur le syst\u00e8me Ogone. Aucune information de carte de cr\u00e9dit n&#8217;est stock\u00e9e ou conserv\u00e9e sur nos serveurs.<\/span><\/p>\n<p><span style=\"font-weight: 400;\">8.5. Les paiements utilisant le Service sont effectu\u00e9s via un site Web tiers s\u00e9curis\u00e9. Nous ferons tous les efforts raisonnables pour emp\u00eacher tout acc\u00e8s non autoris\u00e9 \u00e0 vos informations personnelles. Cependant, nous ne serons pas responsables de tout dommage ou perte direct ou indirect, quel qu&#8217;il soit, r\u00e9sultant de toute interception ou autre acc\u00e8s non autoris\u00e9 aux informations fournies par vous dans le cadre de l&#8217;utilisation du Service.<\/span><\/p>\n<h3><b>9. Loi applicable<\/b><\/h3>\n<p><span style=\"font-weight: 400;\">9.1. Ce site Web est r\u00e9gi par la l\u00e9gislation exclusivement applicable en Espagne et dans une zone comprenant l&#8217;Union europ\u00e9enne, \u00e0 laquelle sont soumis les sujets nationaux et \u00e9trangers qui utilisent ce site Web.<\/span><\/p>\n<\/div><div class=\"vc_row row-internal row-container\"><div class=\"row row-child\"><div class=\"wpb_row row-inner\"><div class=\"wpb_column pos-top pos-center align_left column_parent col-lg-12 single-internal-gutter\"><div class=\"uncol style-light\"  ><div class=\"uncoltable\"><div class=\"uncell no-block-padding\" ><div class=\"uncont\" ><span class=\"btn-container btn-block\" ><a role=\"button\"  href=\"https:\/\/www.oxygenworldwide.com\/fr\/contacter\/questions\/\" class=\"custom-link btn btn-lg border-width-0 btn-color-133983 btn-block btn-no-scale btn-icon-left\">Soumettez ici votre demande sans engagement<\/a><\/span><\/div><\/div><\/div><\/div><\/div><\/div><\/div><\/div><\/div><\/div><\/div><\/div><\/div><div class=\"wpb_column pos-top pos-center align_left column_parent col-lg-4 single-internal-gutter\"><div class=\"uncol style-light sticky-element sticky-sidebar animate_when_almost_visible right-t-left\"  ><div class=\"uncoltable\"><div class=\"uncell no-block-padding\" ><div class=\"uncont\" ><div class=\"vc_row row-internal row-container tablet-hidden mobile-hidden\"><div class=\"row row-child\"><div class=\"wpb_row row-inner\"><div class=\"wpb_column pos-top pos-center align_left column_child col-lg-12 single-internal-gutter\"><div class=\"uncol style-light\" ><div class=\"uncoltable\"><div class=\"uncell no-block-padding\" ><div class=\"uncont\" ><div class=\"uncode-single-media  text-left\"><div class=\"single-wrapper\" style=\"max-width: 100%;\"><div class=\"tmb tmb-light  img-circle tmb-media-first tmb-media-last tmb-content-overlay tmb-no-bg\"><div class=\"t-inside\"><div class=\"t-entry-visual\"><div class=\"t-entry-visual-tc\"><div class=\"uncode-single-media-wrapper img-circle\"><img decoding=\"async\" class=\"wp-image-4857\" src=\"https:\/\/www.oxygenworldwide.com\/wp-content\/uploads\/2023\/03\/privacy-copia-2.jpg\" width=\"500\" height=\"500\" alt=\"\" srcset=\"https:\/\/www.oxygenworldwide.com\/wp-content\/uploads\/2023\/03\/privacy-copia-2.jpg 500w, https:\/\/www.oxygenworldwide.com\/wp-content\/uploads\/2023\/03\/privacy-copia-2-300x300.jpg 300w, https:\/\/www.oxygenworldwide.com\/wp-content\/uploads\/2023\/03\/privacy-copia-2-150x150.jpg 150w, https:\/\/www.oxygenworldwide.com\/wp-content\/uploads\/2023\/03\/privacy-copia-2-12x12.jpg 12w, https:\/\/www.oxygenworldwide.com\/wp-content\/uploads\/2023\/03\/privacy-copia-2-60x60.jpg 60w, https:\/\/www.oxygenworldwide.com\/wp-content\/uploads\/2023\/03\/privacy-copia-2-350x350.jpg 350w, https:\/\/www.oxygenworldwide.com\/wp-content\/uploads\/2023\/03\/privacy-copia-2-348x348.jpg 348w\" sizes=\"(max-width: 500px) 100vw, 500px\" \/><\/div>\n\t\t\t\t\t<\/div>\n\t\t\t\t<\/div><\/div><\/div><\/div><\/div><\/div><\/div><\/div><\/div><\/div><\/div><\/div><\/div><div class=\"vc_row inverted-device-order vc_custom_1670241764634 row-internal row-container desktop-hidden mobile-hidden\" style=\"margin-top: -20px ;\"><div class=\"row row-child\"><div class=\"wpb_row row-inner\"><div class=\"wpb_column pos-top pos-center align_center column_child col-lg-12 single-internal-gutter\"><div class=\"uncol style-light\" ><div class=\"uncoltable\"><div class=\"uncell no-block-padding\" ><div class=\"uncont\" ><div class=\"uncode-single-media  text-center\"><div class=\"single-wrapper\" style=\"max-width: 57%;\"><div class=\"tmb tmb-light  img-circle tmb-media-first tmb-media-last tmb-content-overlay tmb-no-bg\"><div class=\"t-inside\"><div class=\"t-entry-visual\"><div class=\"t-entry-visual-tc\"><div class=\"uncode-single-media-wrapper img-circle\"><img decoding=\"async\" class=\"wp-image-4857\" src=\"https:\/\/www.oxygenworldwide.com\/wp-content\/uploads\/2023\/03\/privacy-copia-2.jpg\" width=\"500\" height=\"500\" alt=\"\" srcset=\"https:\/\/www.oxygenworldwide.com\/wp-content\/uploads\/2023\/03\/privacy-copia-2.jpg 500w, https:\/\/www.oxygenworldwide.com\/wp-content\/uploads\/2023\/03\/privacy-copia-2-300x300.jpg 300w, https:\/\/www.oxygenworldwide.com\/wp-content\/uploads\/2023\/03\/privacy-copia-2-150x150.jpg 150w, https:\/\/www.oxygenworldwide.com\/wp-content\/uploads\/2023\/03\/privacy-copia-2-12x12.jpg 12w, https:\/\/www.oxygenworldwide.com\/wp-content\/uploads\/2023\/03\/privacy-copia-2-60x60.jpg 60w, https:\/\/www.oxygenworldwide.com\/wp-content\/uploads\/2023\/03\/privacy-copia-2-350x350.jpg 350w, https:\/\/www.oxygenworldwide.com\/wp-content\/uploads\/2023\/03\/privacy-copia-2-348x348.jpg 348w\" sizes=\"(max-width: 500px) 100vw, 500px\" \/><\/div>\n\t\t\t\t\t<\/div>\n\t\t\t\t<\/div><\/div><\/div><\/div><\/div><\/div><\/div><\/div><\/div><\/div><\/div><\/div><\/div><div class=\"vc_row vc_custom_1670241417802 row-internal row-container desktop-hidden tablet-hidden\" style=\"margin-top: -15px ;\"><div class=\"row row-child\"><div class=\"wpb_row row-inner\"><div class=\"wpb_column pos-top pos-center align_left column_child col-lg-12 single-internal-gutter\"><div class=\"uncol style-light\" ><div class=\"uncoltable\"><div class=\"uncell no-block-padding\" ><div class=\"uncont\" ><div class=\"uncode-single-media  text-left\"><div class=\"single-wrapper\" style=\"max-width: 100%;\"><div class=\"tmb tmb-light  img-circle tmb-media-first tmb-media-last tmb-content-overlay tmb-no-bg\"><div class=\"t-inside\"><div class=\"t-entry-visual\"><div class=\"t-entry-visual-tc\"><div class=\"uncode-single-media-wrapper img-circle\"><img decoding=\"async\" class=\"wp-image-4857\" src=\"https:\/\/www.oxygenworldwide.com\/wp-content\/uploads\/2023\/03\/privacy-copia-2.jpg\" width=\"500\" height=\"500\" alt=\"\" srcset=\"https:\/\/www.oxygenworldwide.com\/wp-content\/uploads\/2023\/03\/privacy-copia-2.jpg 500w, https:\/\/www.oxygenworldwide.com\/wp-content\/uploads\/2023\/03\/privacy-copia-2-300x300.jpg 300w, https:\/\/www.oxygenworldwide.com\/wp-content\/uploads\/2023\/03\/privacy-copia-2-150x150.jpg 150w, https:\/\/www.oxygenworldwide.com\/wp-content\/uploads\/2023\/03\/privacy-copia-2-12x12.jpg 12w, https:\/\/www.oxygenworldwide.com\/wp-content\/uploads\/2023\/03\/privacy-copia-2-60x60.jpg 60w, https:\/\/www.oxygenworldwide.com\/wp-content\/uploads\/2023\/03\/privacy-copia-2-350x350.jpg 350w, https:\/\/www.oxygenworldwide.com\/wp-content\/uploads\/2023\/03\/privacy-copia-2-348x348.jpg 348w\" sizes=\"(max-width: 500px) 100vw, 500px\" \/><\/div>\n\t\t\t\t\t<\/div>\n\t\t\t\t<\/div><\/div><\/div><\/div><\/div><\/div><\/div><\/div><\/div><\/div><\/div><\/div><\/div><\/div><\/div><\/div><\/div><\/div><script id=\"script-row-unique-1\" data-row=\"script-row-unique-1\" type=\"text\/javascript\" class=\"vc_controls\">UNCODE.initRow(document.getElementById(\"row-unique-1\"));<\/script><\/div><\/div><\/div><div data-parent=\"true\" class=\"vc_row has-bg need-focus style-color-108971-bg row-container\" id=\"row-unique-4\"><div class=\"row double-top-padding double-bottom-padding single-h-padding limit-width row-parent\"><div class=\"wpb_row row-inner\"><div class=\"wpb_column pos-top pos-center align_left column_parent col-lg-4 half-internal-gutter\"><div class=\"uncol style-light\"  ><div class=\"uncoltable\"><div class=\"uncell no-block-padding\" ><div class=\"uncont\" ><div class=\"animate_when_almost_visible bottom-t-top icon-box icon-box-top\" ><div class=\"icon-box-icon fa-container\" ><a role=\"button\" href=\"https:\/\/www.oxygenworldwide.com\/fr\/contacter\/questions\/\" target=\"_blank\" class=\"text-accent-color custom-link\"><i class=\"fa fa-world fa-4x fa-fw\"><\/i><\/a><\/div><div class=\"icon-box-content\"><div class=\"icon-box-heading icon-box-fa-4x\"><h3 class=\"h2\"><a role=\"button\" href=\"https:\/\/www.oxygenworldwide.com\/fr\/contacter\/questions\/\" target=\"_blank\">OXYG\u00c8NE pour mes vacances<\/a><\/h3><\/div><p>Vous pouvez demander un devis sans engagement pour des services d'oxyg\u00e8ne \u00e0 l'\u00e9tranger.<\/p>\n<\/div><\/div><\/div><\/div><\/div><\/div><\/div><div class=\"wpb_column pos-top pos-center align_left column_parent col-lg-4 single-internal-gutter\"><div class=\"uncol style-light\"  ><div class=\"uncoltable\"><div class=\"uncell no-block-padding\" ><div class=\"uncont\" ><div class=\"animate_when_almost_visible bottom-t-top icon-box icon-box-top\" ><div class=\"icon-box-icon fa-container\" ><a role=\"button\" href=\"https:\/\/www.oxygenworldwide.com\/fr\/ehic\/\" class=\"text-accent-color custom-link\"><i class=\"fa fa-medkit fa-4x fa-fw\"><\/i><\/a><\/div><div class=\"icon-box-content\"><div class=\"icon-box-heading icon-box-fa-4x\"><h3 class=\"h2\"><a role=\"button\" href=\"https:\/\/www.oxygenworldwide.com\/fr\/ehic\/\">EHIC<\/a><\/h3><\/div><p>Nous avons mis en place un service sp\u00e9cial pour la mise en place initiale de l'oxyg\u00e8ne m\u00e9dical \u00e0 votre destination afin de vous assurer une tranquillit\u00e9 d'esprit.<\/p>\n<\/div><\/div><\/div><\/div><\/div><\/div><\/div><div class=\"wpb_column pos-top pos-center align_left column_parent col-lg-4 single-internal-gutter\"><div class=\"uncol style-light animate_when_almost_visible bottom-t-top\"  ><div class=\"uncoltable\"><div class=\"uncell no-block-padding\" ><div class=\"uncont\" ><div class=\"icon-box icon-box-top\" ><div class=\"icon-box-icon fa-container\" ><a role=\"button\" href=\"https:\/\/www.oxygenworldwide.com\/fr\/blog\/\" class=\"text-accent-color custom-link\"><i class=\"fa fa-bubble fa-4x fa-fw\"><\/i><\/a><\/div><div class=\"icon-box-content\"><div class=\"icon-box-heading icon-box-fa-4x\"><h3 class=\"h2\"><a role=\"button\" href=\"https:\/\/www.oxygenworldwide.com\/fr\/blog\/\">Lire notre blog<\/a><\/h3><\/div><p>D\u00e9couvrez toutes les nouvelles et les mises \u00e0 jour concernant les voyages avec de l'oxyg\u00e8ne.<\/p>\n<\/div><\/div><\/div><\/div><\/div><\/div><\/div><script id=\"script-row-unique-4\" data-row=\"script-row-unique-4\" type=\"text\/javascript\" class=\"vc_controls\">UNCODE.initRow(document.getElementById(\"row-unique-4\"));<\/script><\/div><\/div><\/div>\n<\/div>","protected":false},"excerpt":{"rendered":"Conditions g\u00e9n\u00e9rales du portail de paiement en ligneLes pr\u00e9sentes conditions g\u00e9n\u00e9rales de paiement en ligne (\u00ab Conditions \u00bb) s&#8217;appliquent \u00e0 [...]","protected":false},"author":1,"featured_media":4857,"parent":0,"menu_order":0,"comment_status":"closed","ping_status":"closed","template":"","meta":{"iawp_total_views":52,"footnotes":""},"class_list":["post-6355","page","type-page","status-publish","has-post-thumbnail","hentry"],"_links":{"self":[{"href":"https:\/\/www.oxygenworldwide.com\/fr\/wp-json\/wp\/v2\/pages\/6355","targetHints":{"allow":["GET"]}}],"collection":[{"href":"https:\/\/www.oxygenworldwide.com\/fr\/wp-json\/wp\/v2\/pages"}],"about":[{"href":"https:\/\/www.oxygenworldwide.com\/fr\/wp-json\/wp\/v2\/types\/page"}],"author":[{"embeddable":true,"href":"https:\/\/www.oxygenworldwide.com\/fr\/wp-json\/wp\/v2\/users\/1"}],"replies":[{"embeddable":true,"href":"https:\/\/www.oxygenworldwide.com\/fr\/wp-json\/wp\/v2\/comments?post=6355"}],"version-history":[{"count":3,"href":"https:\/\/www.oxygenworldwide.com\/fr\/wp-json\/wp\/v2\/pages\/6355\/revisions"}],"predecessor-version":[{"id":6358,"href":"https:\/\/www.oxygenworldwide.com\/fr\/wp-json\/wp\/v2\/pages\/6355\/revisions\/6358"}],"wp:featuredmedia":[{"embeddable":true,"href":"https:\/\/www.oxygenworldwide.com\/fr\/wp-json\/wp\/v2\/media\/4857"}],"wp:attachment":[{"href":"https:\/\/www.oxygenworldwide.com\/fr\/wp-json\/wp\/v2\/media?parent=6355"}],"curies":[{"name":"wp","href":"https:\/\/api.w.org\/{rel}","templated":true}]}}