{"id":8546,"date":"2026-04-17T08:18:59","date_gmt":"2026-04-17T08:18:59","guid":{"rendered":"https:\/\/www.oxygenworldwide.com\/?page_id=8546"},"modified":"2026-04-17T08:18:59","modified_gmt":"2026-04-17T08:18:59","slug":"enq-djd9nfnb","status":"publish","type":"page","link":"https:\/\/www.oxygenworldwide.com\/fr\/contact\/enq-djd9nfnb\/","title":{"rendered":"Oxygen Request Form for Travellers #2"},"content":{"rendered":"<div class=\"wpb-content-wrapper\"><div data-parent=\"true\" class=\"vc_row has-bg need-focus style-color-lxmt-bg row-container\" id=\"row-unique-0\"><div class=\"row one-top-padding single-bottom-padding single-h-padding limit-width row-parent\"><div class=\"wpb_row row-inner\"><div class=\"wpb_column pos-top pos-center align_center column_parent col-lg-12 single-internal-gutter\"><div class=\"uncol style-light animate_when_almost_visible zoom-in\"  ><div class=\"uncoltable\"><div class=\"uncell no-block-padding\" ><div class=\"uncont\" ><div class=\"vc_custom_heading_wrap\"><div class=\"heading-text el-text\" ><h1 class=\"h1 text-accent-color\" ><span>Formulaire de Demande d'Oxyg\u00e8ne pour Voyageurs<\/span><\/h1><\/div><div class=\"clear\"><\/div><\/div><\/div><\/div><\/div><\/div><\/div><script id=\"script-row-unique-0\" data-row=\"script-row-unique-0\" type=\"text\/javascript\" class=\"vc_controls\">UNCODE.initRow(document.getElementById(\"row-unique-0\"));<\/script><\/div><\/div><\/div><div data-parent=\"true\" class=\"vc_row inverted-device-order row-container\" id=\"row-unique-1\"><div class=\"row single-top-padding double-bottom-padding single-h-padding limit-width row-parent\"><div class=\"wpb_row row-inner\"><div class=\"wpb_column pos-top pos-center align_left column_parent col-lg-8 single-internal-gutter\"><div class=\"uncol style-light sticky-element sticky-sidebar animate_when_almost_visible left-t-right\"  ><div class=\"uncoltable\"><div class=\"uncell no-block-padding\" ><div class=\"uncont\" ><div class=\"uncode_text_column\" ><p><strong>Sur cette page, vous pourrez demander un devis sans engagement pour la livraison d&#8217;oxyge\u0300ne a\u0300 l&#8217;e\u0301tranger.<\/strong><\/p>\n<p>Veuillez s&#8217;il vous plai\u0302t nous fournir un maximum de de\u0301tails \u2013 les champs marque\u0301s d&#8217;une (*) sont obligatoires.<\/p>\n<p>Pour nous envoyer vos remarques sur un service rendu, veuillez utiliser notre\u00a0<a href=\"https:\/\/www.oxygenworldwide.com\/fr\/contacter\/vos-commentaires\">formulaire de commentaires<\/a>.<\/p>\n<p>Pour des questions ge\u0301ne\u0301rales, veuillez utiliser notre\u00a0<a href=\"https:\/\/www.oxygenworldwide.com\/fr\/contacter\/demande-generale\">formulaire de contact<\/a>.<\/p>\n<\/div>\n<div class=\"wpcf7 no-js\" id=\"wpcf7-f4760-o2\" lang=\"en-US\" dir=\"ltr\" data-wpcf7-id=\"4760\">\n<div class=\"screen-reader-response\"><p role=\"status\" aria-live=\"polite\" aria-atomic=\"true\"><\/p> <ul><\/ul><\/div>\n<form action=\"\/fr\/wp-json\/wp\/v2\/pages\/8546#wpcf7-f4760-o2\" method=\"post\" class=\"wpcf7-form init wpcf7-acceptance-as-validation cf7mls-no-scroll cf7mls-no-moving-animation\" aria-label=\"Contact form\" novalidate=\"novalidate\" data-status=\"init\" data-trp-original-action=\"\/fr\/wp-json\/wp\/v2\/pages\/8546#wpcf7-f4760-o2\">\n<fieldset class=\"hidden-fields-container\"><input type=\"hidden\" name=\"_wpcf7\" value=\"4760\" \/><input type=\"hidden\" name=\"_wpcf7_version\" value=\"6.1.5\" \/><input type=\"hidden\" name=\"_wpcf7_locale\" value=\"en_US\" \/><input type=\"hidden\" name=\"_wpcf7_unit_tag\" value=\"wpcf7-f4760-o2\" \/><input type=\"hidden\" name=\"_wpcf7_container_post\" value=\"0\" \/><input type=\"hidden\" name=\"_wpcf7_posted_data_hash\" value=\"\" \/><input type=\"hidden\" name=\"_wpcf7_recaptcha_response\" value=\"\" \/>\n<\/fieldset>\n<h3 style=\"color:#50accf;\">Vos donne\u0301es de contact\n<\/h3>\n<p><span class=\"wpcf7-form-control-wrap\" data-name=\"person-filling\"><input size=\"40\" maxlength=\"400\" class=\"wpcf7-form-control wpcf7-text wpcf7-validates-as-required form-fluid\" aria-required=\"true\" aria-invalid=\"false\" placeholder=\"Nom de la personne qui remplit ce formulaire (*)\" value=\"\" type=\"text\" name=\"person-filling\" \/><\/span>\n<\/p>\n<p><span class=\"wpcf7-form-control-wrap\" data-name=\"your-fullname\"><input size=\"40\" maxlength=\"400\" class=\"wpcf7-form-control wpcf7-text wpcf7-validates-as-required form-fluid\" aria-required=\"true\" aria-invalid=\"false\" placeholder=\"Nom et pre\u0301nom de l\u00b4utilisateur d\u00b4oxyge\u0300ne (*)\" value=\"\" type=\"text\" name=\"your-fullname\" \/><\/span>\n<\/p>\n<p><span class=\"wpcf7-form-control-wrap\" data-name=\"nationality\"><input size=\"40\" maxlength=\"400\" class=\"wpcf7-form-control wpcf7-text form-fluid\" aria-invalid=\"false\" placeholder=\"Nationalite\u0301 de l\u00b4utilisateur d\u00b4oxyge\u0300ne\" value=\"\" type=\"text\" name=\"nationality\" \/><\/span>\n<\/p>\n<p><span class=\"wpcf7-form-control-wrap\" data-name=\"date-birth\"><input size=\"40\" maxlength=\"400\" class=\"wpcf7-form-control wpcf7-text form-fluid\" aria-invalid=\"false\" placeholder=\"Date de naissance de l\u00b4utilisateur d\u00b4oxyge\u0300ne (jj-mm-aa)\" value=\"\" type=\"text\" name=\"date-birth\" \/><\/span>\n<\/p>\n<p><span class=\"wpcf7-form-control-wrap\" data-name=\"home-number\"><input size=\"40\" maxlength=\"400\" class=\"wpcf7-form-control wpcf7-text wpcf7-validates-as-required form-fluid\" aria-required=\"true\" aria-invalid=\"false\" placeholder=\"Te\u0301le\u0301phone fixe du domicile (veuillez inclure le pre\u0301fixe international) (*)\" value=\"\" type=\"text\" name=\"home-number\" \/><\/span>\n<\/p>\n<p><span class=\"wpcf7-form-control-wrap\" data-name=\"mobile-number\"><input size=\"40\" maxlength=\"400\" class=\"wpcf7-form-control wpcf7-text form-fluid\" aria-invalid=\"false\" placeholder=\"Te\u0301le\u0301phone portable pendant le se\u0301jour\" value=\"\" type=\"text\" name=\"mobile-number\" \/><\/span>\n<\/p>\n<div class=\"wpcf7-inline-wrapper\">\n\t<p class=\"wpcf7-inline-field\"><span class=\"wpcf7-form-control-wrap\" data-name=\"your-email\"><input size=\"40\" maxlength=\"400\" class=\"wpcf7-form-control wpcf7-email wpcf7-validates-as-required wpcf7-text wpcf7-validates-as-email\" aria-required=\"true\" aria-invalid=\"false\" placeholder=\"Votre email (*)\" value=\"\" type=\"email\" name=\"your-email\" \/><\/span>\n\t<\/p>\n\t<p class=\"wpcf7-inline-field\"><span class=\"wpcf7-form-control-wrap\" data-name=\"your-email2\"><input size=\"40\" maxlength=\"400\" class=\"wpcf7-form-control wpcf7-email wpcf7-validates-as-required wpcf7-text wpcf7-validates-as-email form-fluid\" aria-required=\"true\" aria-invalid=\"false\" placeholder=\"Confirmer email (*)\" value=\"\" type=\"email\" name=\"your-email2\" \/><\/span>\n\t<\/p>\n<\/div>\n<h3 style=\"color:#50accf;\">Information sur le se\u0301jour\n<\/h3>\n<p><span class=\"wpcf7-form-control-wrap\" data-name=\"travel-start\"><input size=\"40\" maxlength=\"400\" class=\"wpcf7-form-control wpcf7-text wpcf7-validates-as-required form-fluid\" aria-required=\"true\" aria-invalid=\"false\" placeholder=\"Date de de\u0301but du se\u0301joiur (jj-mm-aa) (*)\" value=\"\" type=\"text\" name=\"travel-start\" \/><\/span>\n<\/p>\n<p><span class=\"wpcf7-form-control-wrap\" data-name=\"travel-end\"><input size=\"40\" maxlength=\"400\" class=\"wpcf7-form-control wpcf7-text wpcf7-validates-as-required form-fluid\" aria-required=\"true\" aria-invalid=\"false\" placeholder=\"Date de fin du se\u0301jour (jj-mm-aa) (*)\" value=\"\" type=\"text\" name=\"travel-end\" \/><\/span>\n<\/p>\n<p style=\"color:red;font-weight:400;\"><small><u>Dans les pays suivants, une prescription m\u00e9dicale est n\u00e9cessaire:<\/u><br \/>\n- France + Corse + Monaco<br \/>\n- Irlande + Royaume-Uni<br \/>\n- \u00c9tats-Unis et Canada<br \/>\n- Indon\u00e9sie<br \/>\n- Malte<br \/>\n- Portugal<br \/>\n- Ibiza<br \/>\n- Croisi\u00e8res en Espagne<br \/>\n- Norv\u00e8ge<br \/>\n- Chypre<br \/>\nLa liste des pays est susceptible d'\u00eatre modifi\u00e9e sans pr\u00e9avis.<br \/>\n<span style=\"font-weight:600\">\"Le mat\u00e9riel demand\u00e9 doit correspondre \u00e0 votre oxyg\u00e9noth\u00e9rapie prescrite. Dans le cas o\u00f9 il ne serait pas disponible sur votre destination, OxygenWorldwide vous proposera du mat\u00e9riel alternatif adapt\u00e9 \u00e0 votre oxyg\u00e9noth\u00e9rapie.\"<\/span><br \/>\n<\/small>\n<\/p>\n<p><span class=\"wpcf7-form-control-wrap\" data-name=\"destination-country\"><input size=\"40\" maxlength=\"400\" class=\"wpcf7-form-control wpcf7-text wpcf7-validates-as-required form-fluid\" autocomplete=\"off\" aria-required=\"true\" aria-invalid=\"false\" placeholder=\"Pays de destination (*)\" value=\"\" type=\"text\" name=\"destination-country\" \/><\/span>\n<\/p>\n<p><span class=\"wpcf7-form-control-wrap\" data-name=\"destination-city\"><input size=\"40\" maxlength=\"400\" class=\"wpcf7-form-control wpcf7-text wpcf7-validates-as-required form-fluid\" autocomplete=\"off\" aria-required=\"true\" aria-invalid=\"false\" placeholder=\"Ville de destination (*)\" value=\"\" type=\"text\" name=\"destination-city\" \/><\/span>\n<\/p>\n<p><span class=\"wpcf7-form-control-wrap\" data-name=\"postal-code\"><input size=\"40\" maxlength=\"400\" class=\"wpcf7-form-control wpcf7-text wpcf7-validates-as-required form-fluid\" autocomplete=\"off\" aria-required=\"true\" aria-invalid=\"false\" placeholder=\"Code postal (*)\" value=\"\" type=\"text\" name=\"postal-code\" \/><\/span>\n<\/p>\n<p><span class=\"wpcf7-form-control-wrap\" data-name=\"street\"><input size=\"40\" maxlength=\"400\" class=\"wpcf7-form-control wpcf7-text form-fluid\" autocomplete=\"off\" aria-invalid=\"false\" placeholder=\"Rue et nume\u0301ro\" value=\"\" type=\"text\" name=\"street\" \/><\/span>\n<\/p>\n<p style=\"color:red;font-weight:400;\"><small><span style=\"font-weight:600\">IMPORTANT : (personne de contact\/r\u00e9servations Airbnb etc.)<\/span><br \/>\nOxygenWorldwide assure la livraison de votre \u00e9quipement d'oxyg\u00e8ne avant votre arriv\u00e9e et collecte apr\u00e8s votre d\u00e9part.Pour pouvoir avoir acc\u00e8s \u00e0 votre logement, il nous faudra toujours une personne de contact sur place. Dans le cas o\u00fa vous ne pouvez pas trouver de personne de contact parce qu'il s'agit par exemple d'une location Airbnb et que vous avez acc\u00e9s vous m\u00eame avec une cl\u00e9 ou un code, nous pouvons alors dans certains cas organiser la livraison le jour de votre arriv\u00e9e ou le jour suivant apr\u00e8s concertation par rapport \u00e0 votre heure d'arriv\u00e9e.<br \/>\nNous reprendrons alors le mat\u00e9riel avant votre d\u00e9part.<br \/>\n<span style=\"font-weight:600\">Attention : cette derni\u00e8re option n'est pas possible dans tous les pays.<\/span><br \/>\n<\/small>\n<\/p>\n<p><span class=\"wpcf7-form-control-wrap\" data-name=\"local-contact\"><input size=\"40\" maxlength=\"400\" class=\"wpcf7-form-control wpcf7-text form-fluid\" aria-invalid=\"false\" placeholder=\"Personne de contact sur le lieu de destination\" value=\"\" type=\"text\" name=\"local-contact\" \/><\/span>\n<\/p>\n<p><span class=\"wpcf7-form-control-wrap\" data-name=\"local-phone\"><input size=\"40\" maxlength=\"400\" class=\"wpcf7-form-control wpcf7-text form-fluid\" aria-invalid=\"false\" placeholder=\"Te\u0301le\u0301phone de contact sur le lieu de destination\" value=\"\" type=\"text\" name=\"local-phone\" \/><\/span>\n<\/p>\n<p><span class=\"wpcf7-form-control-wrap\" data-name=\"reservation\"><input size=\"40\" maxlength=\"400\" class=\"wpcf7-form-control wpcf7-text form-fluid\" aria-invalid=\"false\" placeholder=\"Nom\/nume\u0301ro de la re\u0301servation\" value=\"\" type=\"text\" name=\"reservation\" \/><\/span>\n<\/p>\n<p><b>Si vous allez voyager dans plusieurs villes, veuillez le signaler dans \u201cVos commentaires\u201d ci-apre\u0300s.<\/b>\n<\/p>\n<h3 style=\"color:#50accf;\">Quel est votre usage d'oxyge\u0300ne maximum en litres par minutes et heures par jour ? (*)\n<\/h3>\n<div class=\"wpcf7-inline-wrapper\">\n\t<p class=\"wpcf7-inline-field\">Litres par minute: <span class=\"wpcf7-form-control-wrap\" data-name=\"menu-600\"><select class=\"wpcf7-form-control wpcf7-select\" aria-invalid=\"false\" name=\"menu-600\"><option value=\"S\u00e9lectionnez\">S\u00e9lectionnez<\/option><option value=\"&lt;0.5\">&lt;0.5<\/option><option value=\"0.5\">0.5<\/option><option value=\"1\">1<\/option><option value=\"2\">2<\/option><option value=\"3\">3<\/option><option value=\"4\">4<\/option><option value=\"5\">5<\/option><option value=\"6\">6<\/option><option value=\"7\">7<\/option><option value=\"8\">8<\/option><option value=\"9\">9<\/option><option value=\"10\">10<\/option><option value=\"11\">11<\/option><option value=\"12\">12<\/option><option value=\"13\">13<\/option><option value=\"14\">14<\/option><option value=\"15\">15<\/option><option value=\"&gt;15\">&gt;15<\/option><\/select><\/span>\n\t<\/p>\n\t<p class=\"wpcf7-inline-field\">Heures par jour: <span class=\"wpcf7-form-control-wrap\" data-name=\"menu-601\"><select class=\"wpcf7-form-control wpcf7-select\" aria-invalid=\"false\" name=\"menu-601\"><option value=\"S\u00e9lectionnez\">S\u00e9lectionnez<\/option><option value=\"1\">1<\/option><option value=\"2\">2<\/option><option value=\"3\">3<\/option><option value=\"4\">4<\/option><option value=\"5\">5<\/option><option value=\"6\">6<\/option><option value=\"7\">7<\/option><option value=\"8\">8<\/option><option value=\"9\">9<\/option><option value=\"10\">10<\/option><option value=\"11\">11<\/option><option value=\"12\">12<\/option><option value=\"13\">13<\/option><option value=\"14\">14<\/option><option value=\"15\">15<\/option><option value=\"16\">16<\/option><option value=\"17\">17<\/option><option value=\"18\">18<\/option><option value=\"19\">19<\/option><option value=\"20\">20<\/option><option value=\"21\">21<\/option><option value=\"22\">22<\/option><option value=\"23\">23<\/option><option value=\"24\">24<\/option><\/select><\/span>\n\t<\/p>\n<\/div>\n<p><b>Si vous avez une the\u0301rapie spe\u0301ciale ou variable veuillez nous le pre\u0301ciser dans \u201cVos commentaires\u201d ci-apre\u0300s.<\/b>\n<\/p>\n<h3 style=\"color:#50accf;\">Type d'e\u0301quipement d'oxyge\u0300ne requis (*)\n<\/h3>\n<p><span class=\"wpcf7-form-control-wrap\" data-name=\"checkbox-588\"><span class=\"wpcf7-form-control wpcf7-checkbox\"><span class=\"wpcf7-list-item first last\"><label><input type=\"checkbox\" name=\"checkbox-588[]\" value=\"Oxyge\u0300ne liquide avec unite\u0301 portable\" \/><span class=\"wpcf7-list-item-label\">Oxyge\u0300ne liquide avec unite\u0301 portable<\/span><\/label><\/span><\/span><\/span><br \/>\n<span class=\"wpcf7-form-control-wrap\" data-name=\"checkbox-589\"><span class=\"wpcf7-form-control wpcf7-checkbox\"><span class=\"wpcf7-list-item first last\"><label><input type=\"checkbox\" name=\"checkbox-589[]\" value=\"Concentrateur fixe\" \/><span class=\"wpcf7-list-item-label\">Concentrateur fixe<\/span><\/label><\/span><\/span><\/span><br \/>\n<span class=\"wpcf7-form-control-wrap\" data-name=\"checkbox-590\"><span class=\"wpcf7-form-control wpcf7-checkbox\"><span class=\"wpcf7-list-item first last\"><label><input type=\"checkbox\" name=\"checkbox-590[]\" value=\"Cylindre fixe\" \/><span class=\"wpcf7-list-item-label\">Cylindre fixe<\/span><\/label><\/span><\/span><\/span><br \/>\n<span class=\"wpcf7-form-control-wrap\" data-name=\"checkbox-591\"><span class=\"wpcf7-form-control wpcf7-checkbox\"><span class=\"wpcf7-list-item first last\"><label><input type=\"checkbox\" name=\"checkbox-591[]\" value=\"Cylindre portable\" \/><span class=\"wpcf7-list-item-label\">Cylindre portable<\/span><\/label><\/span><\/span><\/span><br \/>\n<span class=\"wpcf7-form-control-wrap\" data-name=\"checkbox-592\"><span class=\"wpcf7-form-control wpcf7-checkbox\"><span class=\"wpcf7-list-item first last\"><label><input type=\"checkbox\" name=\"checkbox-592[]\" value=\"Concentrateur portable\" \/><span class=\"wpcf7-list-item-label\">Concentrateur portable<\/span><\/label><\/span><\/span><\/span>\n<\/p>\n<p><b>D\u00e9bit:<\/b><br \/>\n<span class=\"wpcf7-form-control-wrap\" data-name=\"radio-384\"><span class=\"wpcf7-form-control wpcf7-radio\"><span class=\"wpcf7-list-item first\"><label><input type=\"radio\" name=\"radio-384\" value=\"Puls\u00e9 on demand\" \/><span class=\"wpcf7-list-item-label\">Puls\u00e9 on demand<\/span><\/label><\/span><span class=\"wpcf7-list-item last\"><label><input type=\"radio\" name=\"radio-384\" value=\"Continu\" \/><span class=\"wpcf7-list-item-label\">Continu<\/span><\/label><\/span><\/span><\/span>\n<\/p>\n<p><b>Si vous avez des besoins particuliers, veuillez nous l'indiquer dans \u201cVos commentaires ci-apre\u0300s.<\/b>\n<\/p>\n<h3 style=\"color:#50accf;\">Vos commentaires\/Besoins particuliers:\n<\/h3>\n<p><span class=\"wpcf7-form-control-wrap\" data-name=\"your-message\"><textarea cols=\"40\" rows=\"4\" maxlength=\"2000\" class=\"wpcf7-form-control wpcf7-textarea\" aria-invalid=\"false\" placeholder=\"Message\" name=\"your-message\"><\/textarea><\/span>\n<\/p>\n<h3 style=\"color:#50accf;\">Comment avez-vous trouv\u00e9 notre site Web?\n<\/h3>\n<p><span class=\"wpcf7-form-control-wrap\" data-name=\"select-126\"><select class=\"wpcf7-form-control wpcf7-select\" aria-invalid=\"false\" name=\"select-126\"><option value=\"\">Veuillez choisir<\/option><option value=\"Moteur de recherche (par exemple Google)\">Moteur de recherche (par exemple Google)<\/option><option value=\"Publicit\u00e9 en ligne\">Publicit\u00e9 en ligne<\/option><option value=\"Magazine ou brochure\">Magazine ou brochure<\/option><option value=\"Votre fournisseur d&#039;oxyg\u00e8ne \u00e0 domicile\">Votre fournisseur d&#039;oxyg\u00e8ne \u00e0 domicile<\/option><option value=\"Compagnie d&#039;assurance\">Compagnie d&#039;assurance<\/option><option value=\"Ami ou parent\">Ami ou parent<\/option><option value=\"Autre\">Autre<\/option><\/select><\/span>\n<\/p>\n<p><span class=\"wpcf7-form-control-wrap\" data-name=\"acceptance-8\"><span class=\"wpcf7-form-control wpcf7-acceptance\"><span class=\"wpcf7-list-item\"><label><input type=\"checkbox\" name=\"acceptance-8\" value=\"1\" aria-invalid=\"false\" \/><span class=\"wpcf7-list-item-label\"><a href=\"https:\/\/www.oxygenworldwide.com\/fr\/generalites\/charte-de-confidentialite\/\" target=\"_blank\">Je l'ai lu et accepte votre politique de confidentialit\u00e9*<\/a><\/span><\/label><\/span><\/span><\/span><br \/>\n<input class=\"wpcf7-form-control wpcf7-submit has-spinner btn btn-accent\" type=\"submit\" value=\"Envoyer\" \/>\n<\/p><div class=\"wpcf7-response-output\" aria-hidden=\"true\"><\/div>\n<input type=\"hidden\" name=\"trp-form-language\" value=\"fr\"\/><\/form>\n<\/div>\n<\/div><\/div><\/div><\/div><\/div><div class=\"wpb_column pos-top pos-center align_left column_parent col-lg-4 single-internal-gutter\"><div class=\"uncol style-light sticky-element sticky-sidebar animate_when_almost_visible right-t-left\"  ><div class=\"uncoltable\"><div class=\"uncell single-block-padding style-color-382999-bg has-bg  unradius-std\" ><div class=\"uncont\" ><div class=\"uncode_text_column\" ><p><strong>Adresse <\/strong><br \/>\nApartado de Correos 421<br \/>\n03590 Altea<br \/>\nAlicante, Espagne<\/p>\n<p><strong>T\u00e9l\u00e9phone<\/strong><\/p>\n<h4 style=\"margin-top: 5px !important;\"><a href=\"tel:0034966882873\">+34 96 688 28 73<\/a><\/h4>\n<p>+34 609 657 727<br \/>\n(seulement en cas d\u2019urgence)<\/p>\n<p><strong>Informations<\/strong><br \/>\n<a href=\"mailto:info@oxygenworldwide.com\">info@oxygenworldwide.com<\/a><\/p>\n<\/div><\/div><\/div><\/div><\/div><\/div><script id=\"script-row-unique-1\" data-row=\"script-row-unique-1\" type=\"text\/javascript\" class=\"vc_controls\">UNCODE.initRow(document.getElementById(\"row-unique-1\"));<\/script><\/div><\/div><\/div><div data-parent=\"true\" class=\"vc_row has-bg need-focus style-color-108971-bg row-container\" id=\"row-unique-4\"><div class=\"row double-top-padding double-bottom-padding single-h-padding limit-width row-parent\"><div class=\"wpb_row row-inner\"><div class=\"wpb_column pos-top pos-center align_left column_parent col-lg-4 half-internal-gutter\"><div class=\"uncol style-light\"  ><div class=\"uncoltable\"><div class=\"uncell no-block-padding\" ><div class=\"uncont\" ><div class=\"animate_when_almost_visible bottom-t-top icon-box icon-box-top\" ><div class=\"icon-box-icon fa-container\" ><a role=\"button\" href=\"https:\/\/www.oxygenworldwide.com\/fr\/contacter\/questions\/\" target=\"_blank\" class=\"text-accent-color custom-link\"><i class=\"fa fa-world fa-4x fa-fw\"><\/i><\/a><\/div><div class=\"icon-box-content\"><div class=\"icon-box-heading icon-box-fa-4x\"><h3 class=\"h2\"><a role=\"button\" href=\"https:\/\/www.oxygenworldwide.com\/fr\/contacter\/questions\/\" target=\"_blank\">OXYG\u00c8NE pour mes vacances<\/a><\/h3><\/div><p>Vous pouvez demander un devis sans engagement pour des services d'oxyg\u00e8ne \u00e0 l'\u00e9tranger.<\/p>\n<\/div><\/div><\/div><\/div><\/div><\/div><\/div><div class=\"wpb_column pos-top pos-center align_left column_parent col-lg-4 single-internal-gutter\"><div class=\"uncol style-light\"  ><div class=\"uncoltable\"><div class=\"uncell no-block-padding\" ><div class=\"uncont\" ><div class=\"animate_when_almost_visible bottom-t-top icon-box icon-box-top\" ><div class=\"icon-box-icon fa-container\" ><a role=\"button\" href=\"https:\/\/www.oxygenworldwide.com\/fr\/ehic\/\" class=\"text-accent-color custom-link\"><i class=\"fa fa-medkit fa-4x fa-fw\"><\/i><\/a><\/div><div class=\"icon-box-content\"><div class=\"icon-box-heading icon-box-fa-4x\"><h3 class=\"h2\"><a role=\"button\" href=\"https:\/\/www.oxygenworldwide.com\/fr\/ehic\/\">EHIC<\/a><\/h3><\/div><p>Nous avons mis en place un service sp\u00e9cial pour la mise en place initiale de l'oxyg\u00e8ne m\u00e9dical \u00e0 votre destination afin de vous assurer une tranquillit\u00e9 d'esprit.<\/p>\n<\/div><\/div><\/div><\/div><\/div><\/div><\/div><div class=\"wpb_column pos-top pos-center align_left column_parent col-lg-4 single-internal-gutter\"><div class=\"uncol style-light animate_when_almost_visible bottom-t-top\"  ><div class=\"uncoltable\"><div class=\"uncell no-block-padding\" ><div class=\"uncont\" ><div class=\"icon-box icon-box-top\" ><div class=\"icon-box-icon fa-container\" ><a role=\"button\" href=\"https:\/\/www.oxygenworldwide.com\/fr\/blog\/\" class=\"text-accent-color custom-link\"><i class=\"fa fa-bubble fa-4x fa-fw\"><\/i><\/a><\/div><div class=\"icon-box-content\"><div class=\"icon-box-heading icon-box-fa-4x\"><h3 class=\"h2\"><a role=\"button\" href=\"https:\/\/www.oxygenworldwide.com\/fr\/blog\/\">Lire notre blog<\/a><\/h3><\/div><p>D\u00e9couvrez toutes les nouvelles et les mises \u00e0 jour concernant les voyages avec de l'oxyg\u00e8ne.<\/p>\n<\/div><\/div><\/div><\/div><\/div><\/div><\/div><script id=\"script-row-unique-4\" data-row=\"script-row-unique-4\" type=\"text\/javascript\" class=\"vc_controls\">UNCODE.initRow(document.getElementById(\"row-unique-4\"));<\/script><\/div><\/div><\/div>\n<\/div>","protected":false},"excerpt":{"rendered":"Oxygen Request Form for TravellersSur cette page, vous pourrez demander un devis sans engagement pour la livraison d&#8217;oxyge\u0300ne a\u0300 l&#8217;e\u0301tranger. [...]","protected":false},"author":6,"featured_media":4961,"parent":4119,"menu_order":0,"comment_status":"closed","ping_status":"closed","template":"","meta":{"iawp_total_views":7,"footnotes":""},"class_list":["post-8546","page","type-page","status-publish","has-post-thumbnail","hentry","page_category-contact"],"_links":{"self":[{"href":"https:\/\/www.oxygenworldwide.com\/fr\/wp-json\/wp\/v2\/pages\/8546","targetHints":{"allow":["GET"]}}],"collection":[{"href":"https:\/\/www.oxygenworldwide.com\/fr\/wp-json\/wp\/v2\/pages"}],"about":[{"href":"https:\/\/www.oxygenworldwide.com\/fr\/wp-json\/wp\/v2\/types\/page"}],"author":[{"embeddable":true,"href":"https:\/\/www.oxygenworldwide.com\/fr\/wp-json\/wp\/v2\/users\/6"}],"replies":[{"embeddable":true,"href":"https:\/\/www.oxygenworldwide.com\/fr\/wp-json\/wp\/v2\/comments?post=8546"}],"version-history":[{"count":2,"href":"https:\/\/www.oxygenworldwide.com\/fr\/wp-json\/wp\/v2\/pages\/8546\/revisions"}],"predecessor-version":[{"id":8548,"href":"https:\/\/www.oxygenworldwide.com\/fr\/wp-json\/wp\/v2\/pages\/8546\/revisions\/8548"}],"up":[{"embeddable":true,"href":"https:\/\/www.oxygenworldwide.com\/fr\/wp-json\/wp\/v2\/pages\/4119"}],"wp:featuredmedia":[{"embeddable":true,"href":"https:\/\/www.oxygenworldwide.com\/fr\/wp-json\/wp\/v2\/media\/4961"}],"wp:attachment":[{"href":"https:\/\/www.oxygenworldwide.com\/fr\/wp-json\/wp\/v2\/media?parent=8546"}],"curies":[{"name":"wp","href":"https:\/\/api.w.org\/{rel}","templated":true}]}}